{"id":17855,"date":"2019-11-07T15:18:17","date_gmt":"2019-11-07T14:18:17","guid":{"rendered":"https:\/\/www.psycho-bio-acupressure.com\/home\/"},"modified":"2020-05-27T13:45:07","modified_gmt":"2020-05-27T11:45:07","slug":"home","status":"publish","type":"page","link":"https:\/\/www.psycho-bio-acupressure.com\/de\/","title":{"rendered":"Home"},"content":{"rendered":"<div class=\"wpb-content-wrapper\"><p>[vc_row][vc_column][vc_column_text]<\/p>\n<h2 style=\"text-align: center;\">Willkommen auf der Website des Institut Delatte<br \/>\nder Psycho-Bio-Akupressur (PBA)<\/h2>\n<p>[\/vc_column_text]\n\t\t\t<!-- START Slider 1 REVOLUTION SLIDER 6.7.38 --><p class=\"rs-p-wp-fix\"><\/p>\n\t\t\t<rs-module-wrap id=\"rev_slider_1_1_wrapper\" data-source=\"gallery\" style=\"visibility:hidden;background:transparent;padding:0;margin:0px auto;margin-top:0;margin-bottom:0;\">\n\t\t\t\t<rs-module id=\"rev_slider_1_1\" style=\"\" data-version=\"6.7.38\">\n\t\t\t\t\t<rs-slides style=\"overflow: hidden; position: absolute;\">\n\t\t\t\t\t\t<rs-slide style=\"position: absolute;\" data-key=\"rs-1\" data-title=\"Slide\" data-anim=\"ms:1000;r:0;\" data-in=\"o:0;\" data-out=\"a:false;\">\n\t\t\t\t\t\t\t<img decoding=\"async\" src=\"\/\/www.psycho-bio-acupressure.com\/wp-content\/plugins\/revslider\/sr6\/assets\/assets\/dummy.png\" alt=\"\" title=\"43e6f5fbf6d890305579f7b8f433a889\" width=\"450\" height=\"300\" class=\"rev-slidebg tp-rs-img rs-lazyload\" data-lazyload=\"\/\/www.psycho-bio-acupressure.com\/wp-content\/uploads\/2018\/08\/43e6f5fbf6d890305579f7b8f433a889.jpg\" data-bg=\"f:auto;\" data-no-retina>\n<!---->\t\t\t\t\t<\/rs-slide>\n\t\t\t\t\t\t<rs-slide style=\"position: absolute;\" data-key=\"rs-2\" data-title=\"Slide\" data-anim=\"ms:1000;r:0;\" data-in=\"o:0;\" data-out=\"a:false;\">\n\t\t\t\t\t\t\t<img decoding=\"async\" src=\"\/\/www.psycho-bio-acupressure.com\/wp-content\/plugins\/revslider\/sr6\/assets\/assets\/dummy.png\" alt=\"\" title=\"6b8e81700f4884456c5e8c5e442eb2db\" width=\"450\" height=\"300\" class=\"rev-slidebg tp-rs-img rs-lazyload\" data-lazyload=\"\/\/www.psycho-bio-acupressure.com\/wp-content\/uploads\/2018\/08\/6b8e81700f4884456c5e8c5e442eb2db.jpg\" data-bg=\"f:auto;\" data-no-retina>\n<!---->\t\t\t\t\t<\/rs-slide>\n\t\t\t\t\t\t<rs-slide style=\"position: absolute;\" data-key=\"rs-3\" data-title=\"Slide\" data-anim=\"ms:1000;r:0;\" data-in=\"o:0;\" data-out=\"a:false;\">\n\t\t\t\t\t\t\t<img decoding=\"async\" src=\"\/\/www.psycho-bio-acupressure.com\/wp-content\/plugins\/revslider\/sr6\/assets\/assets\/dummy.png\" alt=\"\" title=\"89f46b7b9ff2ffe4822624b019b2db9a\" width=\"450\" height=\"300\" class=\"rev-slidebg tp-rs-img rs-lazyload\" data-lazyload=\"\/\/www.psycho-bio-acupressure.com\/wp-content\/uploads\/2018\/08\/89f46b7b9ff2ffe4822624b019b2db9a.jpg\" data-bg=\"f:auto;\" data-no-retina>\n<!---->\t\t\t\t\t<\/rs-slide>\n\t\t\t\t\t\t<rs-slide style=\"position: absolute;\" data-key=\"rs-4\" data-title=\"Slide\" data-anim=\"ms:1000;r:0;\" data-in=\"o:0;\" data-out=\"a:false;\">\n\t\t\t\t\t\t\t<img decoding=\"async\" src=\"\/\/www.psycho-bio-acupressure.com\/wp-content\/plugins\/revslider\/sr6\/assets\/assets\/dummy.png\" alt=\"\" title=\"91dc9a6209d7c748c0f97f43837b3961\" width=\"450\" height=\"300\" class=\"rev-slidebg tp-rs-img rs-lazyload\" data-lazyload=\"\/\/www.psycho-bio-acupressure.com\/wp-content\/uploads\/2018\/08\/91dc9a6209d7c748c0f97f43837b3961.jpg\" data-bg=\"f:auto;\" data-no-retina>\n<!---->\t\t\t\t\t<\/rs-slide>\n\t\t\t\t\t\t<rs-slide style=\"position: absolute;\" data-key=\"rs-5\" data-title=\"Slide\" data-anim=\"ms:1000;r:0;\" data-in=\"o:0;\" data-out=\"a:false;\">\n\t\t\t\t\t\t\t<img decoding=\"async\" src=\"\/\/www.psycho-bio-acupressure.com\/wp-content\/plugins\/revslider\/sr6\/assets\/assets\/dummy.png\" alt=\"\" title=\"719a75d7844242f71a939ccab21ddc7c\" width=\"300\" height=\"450\" class=\"rev-slidebg tp-rs-img rs-lazyload\" data-lazyload=\"\/\/www.psycho-bio-acupressure.com\/wp-content\/uploads\/2018\/08\/719a75d7844242f71a939ccab21ddc7c.jpg\" data-bg=\"f:auto;\" data-no-retina>\n<!---->\t\t\t\t\t<\/rs-slide>\n\t\t\t\t\t\t<rs-slide style=\"position: absolute;\" data-key=\"rs-6\" data-title=\"Slide\" data-anim=\"ms:1000;r:0;\" data-in=\"o:0;\" data-out=\"a:false;\">\n\t\t\t\t\t\t\t<img decoding=\"async\" src=\"\/\/www.psycho-bio-acupressure.com\/wp-content\/plugins\/revslider\/sr6\/assets\/assets\/dummy.png\" alt=\"\" title=\"3304faec7e29ffc1f791c676295f4013\" width=\"300\" height=\"450\" class=\"rev-slidebg tp-rs-img rs-lazyload\" data-lazyload=\"\/\/www.psycho-bio-acupressure.com\/wp-content\/uploads\/2018\/08\/3304faec7e29ffc1f791c676295f4013.jpg\" data-bg=\"f:auto;\" data-no-retina>\n<!---->\t\t\t\t\t<\/rs-slide>\n\t\t\t\t\t\t<rs-slide style=\"position: absolute;\" data-key=\"rs-7\" data-title=\"Slide\" data-anim=\"ms:1000;r:0;\" data-in=\"o:0;\" data-out=\"a:false;\">\n\t\t\t\t\t\t\t<img decoding=\"async\" src=\"\/\/www.psycho-bio-acupressure.com\/wp-content\/plugins\/revslider\/sr6\/assets\/assets\/dummy.png\" alt=\"\" title=\"61064ee97a25fd47a598a60e2bcfa480\" width=\"450\" height=\"300\" class=\"rev-slidebg tp-rs-img rs-lazyload\" data-lazyload=\"\/\/www.psycho-bio-acupressure.com\/wp-content\/uploads\/2018\/08\/61064ee97a25fd47a598a60e2bcfa480.jpg\" data-bg=\"f:auto;\" data-no-retina>\n<!---->\t\t\t\t\t<\/rs-slide>\n\t\t\t\t\t\t<rs-slide style=\"position: absolute;\" data-key=\"rs-8\" data-title=\"Slide\" data-anim=\"ms:1000;r:0;\" data-in=\"o:0;\" data-out=\"a:false;\">\n\t\t\t\t\t\t\t<img decoding=\"async\" src=\"\/\/www.psycho-bio-acupressure.com\/wp-content\/plugins\/revslider\/sr6\/assets\/assets\/dummy.png\" alt=\"\" title=\"a7e66c8d8bab2173f844381a1ddaaafb\" width=\"450\" height=\"300\" class=\"rev-slidebg tp-rs-img rs-lazyload\" data-lazyload=\"\/\/www.psycho-bio-acupressure.com\/wp-content\/uploads\/2018\/08\/a7e66c8d8bab2173f844381a1ddaaafb.jpg\" data-bg=\"f:auto;\" data-no-retina>\n<!---->\t\t\t\t\t<\/rs-slide>\n\t\t\t\t\t\t<rs-slide style=\"position: absolute;\" data-key=\"rs-9\" data-title=\"Slide\" data-anim=\"ms:1000;r:0;\" data-in=\"o:0;\" data-out=\"a:false;\">\n\t\t\t\t\t\t\t<img decoding=\"async\" src=\"\/\/www.psycho-bio-acupressure.com\/wp-content\/plugins\/revslider\/sr6\/assets\/assets\/dummy.png\" alt=\"\" title=\"e76e601cd71d2f60038666747273a563\" width=\"450\" height=\"310\" class=\"rev-slidebg tp-rs-img rs-lazyload\" data-lazyload=\"\/\/www.psycho-bio-acupressure.com\/wp-content\/uploads\/2018\/08\/e76e601cd71d2f60038666747273a563.jpg\" data-bg=\"f:auto;\" data-no-retina>\n<!---->\t\t\t\t\t<\/rs-slide>\n\t\t\t\t\t\t<rs-slide style=\"position: absolute;\" data-key=\"rs-10\" data-title=\"Slide\" data-anim=\"ms:1000;r:0;\" data-in=\"o:0;\" data-out=\"a:false;\">\n\t\t\t\t\t\t\t<img decoding=\"async\" src=\"\/\/www.psycho-bio-acupressure.com\/wp-content\/plugins\/revslider\/sr6\/assets\/assets\/dummy.png\" alt=\"\" title=\"fd23eeb56b0f1c3d08816f6b1a0e1efa\" width=\"450\" height=\"300\" class=\"rev-slidebg tp-rs-img rs-lazyload\" data-lazyload=\"\/\/www.psycho-bio-acupressure.com\/wp-content\/uploads\/2018\/08\/fd23eeb56b0f1c3d08816f6b1a0e1efa.jpg\" data-bg=\"f:auto;\" data-no-retina>\n<!---->\t\t\t\t\t<\/rs-slide>\n\t\t\t\t\t<\/rs-slides>\n\t\t\t\t<\/rs-module>\n\t\t\t\t<script>\n\t\t\t\t\tsetREVStartSize({c: 'rev_slider_1_1',rl:[1240,1024,778,480],el:[400],gw:[1240],gh:[400],type:'standard',justify:'',layout:'fullwidth',mh:\"0\"});if (window.RS_MODULES!==undefined && window.RS_MODULES.modules!==undefined && window.RS_MODULES.modules[\"revslider11\"]!==undefined) {window.RS_MODULES.modules[\"revslider11\"].once = false;window.revapi1 = undefined;if (window.RS_MODULES.checkMinimal!==undefined) window.RS_MODULES.checkMinimal()}\n\t\t\t\t<\/script>\n\t\t\t<\/rs-module-wrap>\n\t\t\t<!-- END REVOLUTION SLIDER -->\n[vc_column_text]Das Institut Delatte der Psycho-Bio-Akupressur ist das einzige Ausbildungsinstitut der Psycho-Bio-Akupressur. Das Institut wurde vom Erfinder dieser Technik, Dr. Pierre No\u00ebl Delatte ins Leben gerufen. Das Ziel ist es diese Methode zu verewigen und weiterzuentwickeln.<\/p>\n<p>Die PBA ist eine einfache, schnelle und leicht zug\u00e4ngliche Methode. Eine Sitzung besteht aus zwei Teilen:<\/p>\n<ul>\n<li>Der erste Teil besteht darin, dass man durch einen leichten Druck sukzessive f\u00fcnf Punkte der Akupressur auf dem K\u00f6rper (aber auch im Gehirn, da jeder Akupressur Punkt seine Entsprechung auf der Ebene der Gehirnbereiche hat) in bestimmter Reihenfolge (Sequenz) stimuliert.<br \/>\nEs gibt 22 Sequenzen, die jeweils einer st\u00f6renden Energie entsprechen und in der Lage sind, eine Person neu auszubalancieren und ihm sein volles Potenzial zu geben.<\/li>\n<li>In einem zweiten Teil wird der Therapeut gefundene emotionale Blockaden l\u00f6sen. Die Hypothese besteht darin, dass Emotionen lokale Informationen sind, die das Gehirn im Ged\u00e4chtnis speichert, ohne das es uns bewusst ist. Die Arbeit der PBA ist es, diese lokalen Informationen zu behandeln.<br \/>\nDies geschieht durch ein Signal das der Therapeut gelernt hat zu f\u00fchlen und f\u00fcr das er kalibriert ist. (wie Dr. DELATTE in seinem Buch erkl\u00e4rt: \u201eBefreien Sie sich von Ihren Blockaden\u201c).<br \/>\nEs ist eine Methode, die nach 20 Jahren Forschung an mehr als 40.000 Patienten entwickelt wurde.<br \/>\nTats\u00e4chlich hindern uns die emotionalen Blockaden, die unwissentlich meistens w\u00e4hrend unserer Kindheit sich in unserem Gehirn festsetzen, daran, in \u00dcbereinstimmung mit unserer wahren Identit\u00e4t zu funktionieren.<br \/>\nDer Mangel an Selbstvertrauen, das jeder an einem bestimmten Punkt in seinem Leben gesp\u00fcrt hat oder das Gef\u00fchl, dass man bestimmte Dinge in seinem Leben nicht erreichen kann oder auch sich die ganze Zeit in der gleichen Situation zu befinden, obwohl man wei\u00df, dass sie f\u00fcr einen unzureichend ist, sind alles Beispiele f\u00fcr emotionale Blockaden!<\/li>\n<\/ul>\n<p>Die Aufgabe des Institut Delatte PBA ist es, diese Technik in \u00dcbereinstimmung mit den Werten ihres Erfinders Dr. Pierre No\u00ebl Delatte zu f\u00f6rdern, es ist der einzige Garant f\u00fcr die Entwicklung der PBA und ihrer Lehre.<\/p>\n<p>Die Ausbildung beinhaltet einen kompletten Zyklus, der sich mit der Arbeit an sich selbst befasst, die notwendig ist, um zur Hilfe bereit zu sein, Kommunikationsmittel (ebenso wichtig), eine p\u00e4dagogische Unterst\u00fctzung und eine kontinuierliche Begleitung w\u00e4hrend des gesamten Kurses.<\/p>\n<p>\u201eMan kann nur in einem Land leiten, das man kennt\u201c<\/p>\n<p>Das 1. Niveau erlaubt den ersten Teil der PBA auszu\u00fcben. Auf diesem Niveau ist der Auszubildende autonom, die 22 Sequenzen, die die Harmonisierung des Energiesystems und die Selbstverteidigung erlauben, an sich selbst oder seinen N\u00e4chsten durchzuf\u00fchren.<\/p>\n<p>Ab dem 2. Niveau ist der Zweck f\u00fcr den Auszubildenden Therapeut zu werden.[\/vc_column_text]<div class=\"ult-content-box-container \" >\t\t<div class=\"ult-content-box\" style=\"background-color:rgba(84,141,191,0.57);box-shadow: px px px px none;padding-top:20px;padding-right:20px;padding-bottom:10px;padding-left:20px;-webkit-transition: all 700ms ease;-moz-transition: all 700ms ease;-ms-transition: all 700ms ease;-o-transition: all 700ms ease;transition: all 700ms ease;\"  data-hover_box_shadow=\"none\"     data-bg=\"rgba(84,141,191,0.57)\" >[vc_column_text]<span style=\"color: #ffffff;\">Die Psycho-Bio-Akupressur, eine nichtmedizinische Disziplin, ist in keiner Weise ein Ersatz f\u00fcr medizinische Vorsorge, noch ist es ein Ersatz f\u00fcr eine Behandlung, die von einem Arzt verschrieben wird. Nur der Arzt, der eine Behandlung verordnet hat, hat die Befugnis, sie zu \u00e4ndern.<\/span><\/p>\n<p><span style=\"color: #ffffff;\">Unser Institut unterst\u00fctzt in keinem Fall die Haltung eines Therapeuten oder Praktikanten der PBA, der eine solche Stellung einnimmt, die keinesfalls in Einklang mit unserem Berufsethos steht.<\/span>[\/vc_column_text]\t\t<\/div><\/div>[vc_empty_space][vc_column_text]Die PBA ist eine Methode, die das Ziel hat mit st\u00f6renden emotionalen Zust\u00e4nden umzugehen und emotionale (energetische) Blockaden zu l\u00f6sen. Sie ist sehr sanft und effektiv und hilft vielen Menschen. Damit m\u00f6glichst viele Menschen davon profitieren k\u00f6nnen, hat der Gr\u00fcnder Dr. Delatte eine strenge und anspruchsvolle 5-Stufen-Schulung entwickelt, er war sehr daran interessiert, dass die Methode respektiert und angewendet werden kann, wie sie am Institut Delatte der PBA gelehrt wird.<br \/>\nDeshalb wollte Dr. Delatte exzellente Praktiker ausbilden. Die Schulung beinhaltet 3 Examen und endet mit dem Erhalt des Diploms. Zwischen dem 4. Und 5. Niveau muss mindestens ein Jahr liegen.<br \/>\nEin allj\u00e4hriger Auffrischungskurs ist f\u00fcr jeden Therapeuten verpflichtend.<\/p>\n<p>Dieser hohe Anspruch garantiert denjenigen, die von einer PBA-Sitzung profitieren m\u00f6chten, die Ernsthaftigkeit und die F\u00e4higkeiten der Therapeuten. Und so werden nur diejenigen, die im Verzeichnis der Therapeuten aufgef\u00fchrt sind, vom Institut akzeptiert. Daher wird kein Praktikant oder Therapeut, der nicht in diesen Rahmen passt, als berechtigt angesehen, Sitzungen durchzuf\u00fchren.<br \/>\nJede Zuwiderhandlung kann juristische Folgen haben, um die Methode, alle PBA-Berater und den Berufsstand zu sch\u00fctzen.<\/p>\n<p>In diesem Sinn behandelt die Familie Delatte die PBA-Ausbildung:<br \/>\n\u201eNur das Institut Delatte der PBA ist befugt, die Grunds\u00e4tze der PBA zu f\u00f6rdern und zu garantieren, diese Grunds\u00e4tze zu pflegen oder Personen in der PBA auszubilden. Ausbilder, die behaupten, PBA-Kurse anzubieten, da sie von dem PBA-Institut unterrichtet worden w\u00e4ren, deren Namen aber nicht auf der offiziellen PBA-Website stehen, haben weder die Befugnis noch die Kompetenz, solche Kurse durchzuf\u00fchren und sind vom PBA-Institut nicht zugelassen.<br \/>\nWir bitten Sie daher dringend, \u00e4u\u00dferste Vorsicht walten zu lassen, um jeden zu sch\u00fctzen, der seine Technik erlernen m\u00f6chte, und um die Authentizit\u00e4t der von Dr. Pierre No\u00ebl Delatte entwickelten PBA-Methode zu gew\u00e4hrleisten.<br \/>\nWir z\u00e4hlen auf Ihre Wachsamkeit und danken Ihnen im Voraus. \u00bb<br \/>\nBrigitte Delatte und ihre Kinder[\/vc_column_text][\/vc_column][\/vc_row]<\/p>\n<\/div>","protected":false},"excerpt":{"rendered":"<p>[vc_row][vc_column][vc_column_text] Willkommen auf der Website des Institut Delatte der Psycho-Bio-Akupressur (PBA) [\/vc_column_text][vc_column_text]Das Institut Delatte der Psycho-Bio-Akupressur ist das einzige Ausbildungsinstitut der Psycho-Bio-Akupressur. Das Institut wurde vom Erfinder dieser Technik, Dr. Pierre No\u00ebl Delatte ins Leben gerufen. Das Ziel ist es diese Methode zu verewigen und weiterzuentwickeln. Die PBA ist eine einfache, schnelle und leicht zug\u00e4ngliche&hellip;<\/p>\n","protected":false},"author":1,"featured_media":0,"parent":0,"menu_order":0,"comment_status":"closed","ping_status":"open","template":"","meta":{"_cbd_carousel_blocks":"[]","footnotes":""},"class_list":["post-17855","page","type-page","status-publish","hentry","description-off"],"yoast_head":"<!-- This site is optimized with the Yoast SEO plugin v27.5 - https:\/\/yoast.com\/product\/yoast-seo-wordpress\/ -->\n<title>Home - La PBA<\/title>\n<meta name=\"description\" content=\"Die Psycho-Bio-Akupressur (PBA), ist die von Dr. Delatte geschaffene Methode, die darauf abzielt, st\u00f6rende emotionale Zust\u00e4nde zu bew\u00e4ltigen und emotionale Blockaden zu l\u00f6sen\" \/>\n<meta name=\"robots\" content=\"index, follow, max-snippet:-1, max-image-preview:large, max-video-preview:-1\" \/>\n<link rel=\"canonical\" href=\"https:\/\/www.psycho-bio-acupressure.com\/de\/\" \/>\n<meta property=\"og:locale\" content=\"de_DE\" \/>\n<meta property=\"og:type\" content=\"article\" \/>\n<meta property=\"og:title\" content=\"Home - La PBA\" \/>\n<meta property=\"og:description\" content=\"Die Psycho-Bio-Akupressur (PBA), ist die von Dr. Delatte geschaffene Methode, die darauf abzielt, st\u00f6rende emotionale Zust\u00e4nde zu bew\u00e4ltigen und emotionale Blockaden zu l\u00f6sen\" \/>\n<meta property=\"og:url\" content=\"https:\/\/www.psycho-bio-acupressure.com\/de\/\" \/>\n<meta property=\"og:site_name\" content=\"La PBA\" \/>\n<meta property=\"article:publisher\" content=\"https:\/\/www.facebook.com\/InstitutDelatteDePsychoBioAcupressure\" \/>\n<meta property=\"article:modified_time\" content=\"2020-05-27T11:45:07+00:00\" \/>\n<meta name=\"twitter:card\" content=\"summary_large_image\" \/>\n<meta name=\"twitter:label1\" content=\"Gesch\u00e4tzte Lesezeit\" \/>\n\t<meta name=\"twitter:data1\" content=\"5\u00a0Minuten\" \/>\n<script type=\"application\/ld+json\" class=\"yoast-schema-graph\">{\"@context\":\"https:\\\/\\\/schema.org\",\"@graph\":[{\"@type\":\"WebPage\",\"@id\":\"https:\\\/\\\/www.psycho-bio-acupressure.com\\\/de\\\/\",\"url\":\"https:\\\/\\\/www.psycho-bio-acupressure.com\\\/de\\\/\",\"name\":\"Home - La PBA\",\"isPartOf\":{\"@id\":\"https:\\\/\\\/www.psycho-bio-acupressure.com\\\/de\\\/#website\"},\"datePublished\":\"2019-11-07T14:18:17+00:00\",\"dateModified\":\"2020-05-27T11:45:07+00:00\",\"description\":\"Die Psycho-Bio-Akupressur (PBA), ist die von Dr. Delatte geschaffene Methode, die darauf abzielt, st\u00f6rende emotionale Zust\u00e4nde zu bew\u00e4ltigen und emotionale Blockaden zu l\u00f6sen\",\"breadcrumb\":{\"@id\":\"https:\\\/\\\/www.psycho-bio-acupressure.com\\\/de\\\/#breadcrumb\"},\"inLanguage\":\"de\",\"potentialAction\":[{\"@type\":\"ReadAction\",\"target\":[\"https:\\\/\\\/www.psycho-bio-acupressure.com\\\/de\\\/\"]}]},{\"@type\":\"BreadcrumbList\",\"@id\":\"https:\\\/\\\/www.psycho-bio-acupressure.com\\\/de\\\/#breadcrumb\",\"itemListElement\":[{\"@type\":\"ListItem\",\"position\":1,\"name\":\"Accueil\",\"item\":\"https:\\\/\\\/www.psycho-bio-acupressure.com\\\/de\\\/\"},{\"@type\":\"ListItem\",\"position\":2,\"name\":\"Home\"}]},{\"@type\":\"WebSite\",\"@id\":\"https:\\\/\\\/www.psycho-bio-acupressure.com\\\/de\\\/#website\",\"url\":\"https:\\\/\\\/www.psycho-bio-acupressure.com\\\/de\\\/\",\"name\":\"La PBA\",\"description\":\"Institut DELATTE de Psycho-Bio-Acupressure\",\"publisher\":{\"@id\":\"https:\\\/\\\/www.psycho-bio-acupressure.com\\\/de\\\/#organization\"},\"potentialAction\":[{\"@type\":\"SearchAction\",\"target\":{\"@type\":\"EntryPoint\",\"urlTemplate\":\"https:\\\/\\\/www.psycho-bio-acupressure.com\\\/de\\\/?s={search_term_string}\"},\"query-input\":{\"@type\":\"PropertyValueSpecification\",\"valueRequired\":true,\"valueName\":\"search_term_string\"}}],\"inLanguage\":\"de\"},{\"@type\":\"Organization\",\"@id\":\"https:\\\/\\\/www.psycho-bio-acupressure.com\\\/de\\\/#organization\",\"name\":\"Institut Delatte de la Psycho-Bio-Acupressure\",\"url\":\"https:\\\/\\\/www.psycho-bio-acupressure.com\\\/de\\\/\",\"logo\":{\"@type\":\"ImageObject\",\"inLanguage\":\"de\",\"@id\":\"https:\\\/\\\/www.psycho-bio-acupressure.com\\\/de\\\/#\\\/schema\\\/logo\\\/image\\\/\",\"url\":\"https:\\\/\\\/www.psycho-bio-acupressure.com\\\/wp-content\\\/uploads\\\/2019\\\/04\\\/pba-logo.png\",\"contentUrl\":\"https:\\\/\\\/www.psycho-bio-acupressure.com\\\/wp-content\\\/uploads\\\/2019\\\/04\\\/pba-logo.png\",\"width\":1553,\"height\":1553,\"caption\":\"Institut Delatte de la Psycho-Bio-Acupressure\"},\"image\":{\"@id\":\"https:\\\/\\\/www.psycho-bio-acupressure.com\\\/de\\\/#\\\/schema\\\/logo\\\/image\\\/\"},\"sameAs\":[\"https:\\\/\\\/www.facebook.com\\\/InstitutDelatteDePsychoBioAcupressure\",\"https:\\\/\\\/www.instagram.com\\\/institutdocteurdelatteofficiel\\\/\"]}]}<\/script>\n<!-- \/ Yoast SEO plugin. -->","yoast_head_json":{"title":"Home - La PBA","description":"Die Psycho-Bio-Akupressur (PBA), ist die von Dr. Delatte geschaffene Methode, die darauf abzielt, st\u00f6rende emotionale Zust\u00e4nde zu bew\u00e4ltigen und emotionale Blockaden zu l\u00f6sen","robots":{"index":"index","follow":"follow","max-snippet":"max-snippet:-1","max-image-preview":"max-image-preview:large","max-video-preview":"max-video-preview:-1"},"canonical":"https:\/\/www.psycho-bio-acupressure.com\/de\/","og_locale":"de_DE","og_type":"article","og_title":"Home - La PBA","og_description":"Die Psycho-Bio-Akupressur (PBA), ist die von Dr. Delatte geschaffene Methode, die darauf abzielt, st\u00f6rende emotionale Zust\u00e4nde zu bew\u00e4ltigen und emotionale Blockaden zu l\u00f6sen","og_url":"https:\/\/www.psycho-bio-acupressure.com\/de\/","og_site_name":"La PBA","article_publisher":"https:\/\/www.facebook.com\/InstitutDelatteDePsychoBioAcupressure","article_modified_time":"2020-05-27T11:45:07+00:00","twitter_card":"summary_large_image","twitter_misc":{"Gesch\u00e4tzte Lesezeit":"5\u00a0Minuten"},"schema":{"@context":"https:\/\/schema.org","@graph":[{"@type":"WebPage","@id":"https:\/\/www.psycho-bio-acupressure.com\/de\/","url":"https:\/\/www.psycho-bio-acupressure.com\/de\/","name":"Home - La PBA","isPartOf":{"@id":"https:\/\/www.psycho-bio-acupressure.com\/de\/#website"},"datePublished":"2019-11-07T14:18:17+00:00","dateModified":"2020-05-27T11:45:07+00:00","description":"Die Psycho-Bio-Akupressur (PBA), ist die von Dr. Delatte geschaffene Methode, die darauf abzielt, st\u00f6rende emotionale Zust\u00e4nde zu bew\u00e4ltigen und emotionale Blockaden zu l\u00f6sen","breadcrumb":{"@id":"https:\/\/www.psycho-bio-acupressure.com\/de\/#breadcrumb"},"inLanguage":"de","potentialAction":[{"@type":"ReadAction","target":["https:\/\/www.psycho-bio-acupressure.com\/de\/"]}]},{"@type":"BreadcrumbList","@id":"https:\/\/www.psycho-bio-acupressure.com\/de\/#breadcrumb","itemListElement":[{"@type":"ListItem","position":1,"name":"Accueil","item":"https:\/\/www.psycho-bio-acupressure.com\/de\/"},{"@type":"ListItem","position":2,"name":"Home"}]},{"@type":"WebSite","@id":"https:\/\/www.psycho-bio-acupressure.com\/de\/#website","url":"https:\/\/www.psycho-bio-acupressure.com\/de\/","name":"La PBA","description":"Institut DELATTE de Psycho-Bio-Acupressure","publisher":{"@id":"https:\/\/www.psycho-bio-acupressure.com\/de\/#organization"},"potentialAction":[{"@type":"SearchAction","target":{"@type":"EntryPoint","urlTemplate":"https:\/\/www.psycho-bio-acupressure.com\/de\/?s={search_term_string}"},"query-input":{"@type":"PropertyValueSpecification","valueRequired":true,"valueName":"search_term_string"}}],"inLanguage":"de"},{"@type":"Organization","@id":"https:\/\/www.psycho-bio-acupressure.com\/de\/#organization","name":"Institut Delatte de la Psycho-Bio-Acupressure","url":"https:\/\/www.psycho-bio-acupressure.com\/de\/","logo":{"@type":"ImageObject","inLanguage":"de","@id":"https:\/\/www.psycho-bio-acupressure.com\/de\/#\/schema\/logo\/image\/","url":"https:\/\/www.psycho-bio-acupressure.com\/wp-content\/uploads\/2019\/04\/pba-logo.png","contentUrl":"https:\/\/www.psycho-bio-acupressure.com\/wp-content\/uploads\/2019\/04\/pba-logo.png","width":1553,"height":1553,"caption":"Institut Delatte de la Psycho-Bio-Acupressure"},"image":{"@id":"https:\/\/www.psycho-bio-acupressure.com\/de\/#\/schema\/logo\/image\/"},"sameAs":["https:\/\/www.facebook.com\/InstitutDelatteDePsychoBioAcupressure","https:\/\/www.instagram.com\/institutdocteurdelatteofficiel\/"]}]}},"_links":{"self":[{"href":"https:\/\/www.psycho-bio-acupressure.com\/de\/wp-json\/wp\/v2\/pages\/17855","targetHints":{"allow":["GET"]}}],"collection":[{"href":"https:\/\/www.psycho-bio-acupressure.com\/de\/wp-json\/wp\/v2\/pages"}],"about":[{"href":"https:\/\/www.psycho-bio-acupressure.com\/de\/wp-json\/wp\/v2\/types\/page"}],"author":[{"embeddable":true,"href":"https:\/\/www.psycho-bio-acupressure.com\/de\/wp-json\/wp\/v2\/users\/1"}],"replies":[{"embeddable":true,"href":"https:\/\/www.psycho-bio-acupressure.com\/de\/wp-json\/wp\/v2\/comments?post=17855"}],"version-history":[{"count":6,"href":"https:\/\/www.psycho-bio-acupressure.com\/de\/wp-json\/wp\/v2\/pages\/17855\/revisions"}],"predecessor-version":[{"id":20088,"href":"https:\/\/www.psycho-bio-acupressure.com\/de\/wp-json\/wp\/v2\/pages\/17855\/revisions\/20088"}],"wp:attachment":[{"href":"https:\/\/www.psycho-bio-acupressure.com\/de\/wp-json\/wp\/v2\/media?parent=17855"}],"curies":[{"name":"wp","href":"https:\/\/api.w.org\/{rel}","templated":true}]}}