{"id":17895,"date":"2019-11-07T15:41:41","date_gmt":"2019-11-07T14:41:41","guid":{"rendered":"https:\/\/www.psycho-bio-acupressure.com\/trainingsplan\/"},"modified":"2025-04-08T12:18:24","modified_gmt":"2025-04-08T10:18:24","slug":"trainingsplan","status":"publish","type":"page","link":"https:\/\/www.psycho-bio-acupressure.com\/de\/trainingsplan\/","title":{"rendered":"Ausbildungskalender"},"content":{"rendered":"<div class=\"custom\">\n<p>Das Institut DELATTE, das von Pierre-No\u00ebl Delatte gegr\u00fcndet wurde, bem\u00fcht sich, Ihre Erwartungen, die Sie an die Ausbildung haben zu erf\u00fcllen.<br \/>\nNachfolgend finden Sie eine Liste der aktuellen Kurse.<\/p>\n<h3><strong>Wie geht die Anmeldung?<\/strong><\/h3>\n<p><strong>Sie k\u00f6nnen sich direkt auf dieser Website anmelden.<\/strong><\/p>\n<p>F\u00fcr die Details der einzelnen Kurse, die Daten der einzelnen Niveaus, den Lage-Plan usw. <strong>bitte auf den Namen des Kurses klicken.<\/strong><\/p>\n<p>Wenn Sie gerne weitere Informationen haben m\u00f6chten, bitte wenden Sie sich an das Sekretariat:<br \/>\n<a href=\"mailto:contact@institut-delatte.org\">contact[at]institut-delatte.org<\/a><\/p>\n<h4><span style=\"color: #ff6600;\"><strong>WARNUNG: Wenn Sie sich f\u00fcr die Kompetenzpr\u00fcfung (Niveau 3, 4 oder 5) anmelden, m\u00fcssen Sie die Zahlungsfrist auf Ihrer Rechnung einhalten, sonst riskieren Sie die Stornierung Ihre Registrierung.<\/strong><\/span><\/h4>\n<\/div>\n<div class=\"rs_rss\">\t<div class=\"em em-location-map-container\"  style='position:relative; width:100%; height: 300px;'>\r\n\t\t<div class='em-locations-map' id='em-locations-map-1020980636' style=\"width:100%; height:100%\">\r\n\t\t\t<div class=\"em-loading-maps\">\r\n\t\t\t\t<span>Lade Karte ...<\/span>\r\n\t\t\t\t<svg xmlns=\"http:\/\/www.w3.org\/2000\/svg\" xmlns:xlink=\"http:\/\/www.w3.org\/1999\/xlink\" style=\"margin: auto; background: none; display: block; shape-rendering: auto;\" width=\"200px\" height=\"200px\" viewBox=\"0 0 100 100\" preserveAspectRatio=\"xMidYMid\">\r\n\t\t\t\t\t<rect x=\"19.5\" y=\"26\" width=\"11\" height=\"48\" fill=\"#85a2b6\">\r\n\t\t\t\t\t\t<animate attributeName=\"y\" repeatCount=\"indefinite\" dur=\"1s\" calcMode=\"spline\" keyTimes=\"0;0.5;1\" values=\"2;26;26\" keySplines=\"0 0.5 0.5 1;0 0.5 0.5 1\" begin=\"-0.2s\"><\/animate>\r\n\t\t\t\t\t\t<animate attributeName=\"height\" repeatCount=\"indefinite\" dur=\"1s\" calcMode=\"spline\" keyTimes=\"0;0.5;1\" values=\"96;48;48\" keySplines=\"0 0.5 0.5 1;0 0.5 0.5 1\" begin=\"-0.2s\"><\/animate>\r\n\t\t\t\t\t<\/rect>\r\n\t\t\t\t\t<rect x=\"44.5\" y=\"26\" width=\"11\" height=\"48\" fill=\"#bbcedd\">\r\n\t\t\t\t\t\t<animate attributeName=\"y\" repeatCount=\"indefinite\" dur=\"1s\" calcMode=\"spline\" keyTimes=\"0;0.5;1\" values=\"8;26;26\" keySplines=\"0 0.5 0.5 1;0 0.5 0.5 1\" begin=\"-0.1s\"><\/animate>\r\n\t\t\t\t\t\t<animate attributeName=\"height\" repeatCount=\"indefinite\" dur=\"1s\" calcMode=\"spline\" keyTimes=\"0;0.5;1\" values=\"84;48;48\" keySplines=\"0 0.5 0.5 1;0 0.5 0.5 1\" begin=\"-0.1s\"><\/animate>\r\n\t\t\t\t\t<\/rect>\r\n\t\t\t\t\t<rect x=\"69.5\" y=\"26\" width=\"11\" height=\"48\" fill=\"#dce4eb\">\r\n\t\t\t\t\t\t<animate attributeName=\"y\" repeatCount=\"indefinite\" dur=\"1s\" calcMode=\"spline\" keyTimes=\"0;0.5;1\" values=\"8;26;26\" keySplines=\"0 0.5 0.5 1;0 0.5 0.5 1\"><\/animate>\r\n\t\t\t\t\t\t<animate attributeName=\"height\" repeatCount=\"indefinite\" dur=\"1s\" calcMode=\"spline\" keyTimes=\"0;0.5;1\" values=\"84;48;48\" keySplines=\"0 0.5 0.5 1;0 0.5 0.5 1\"><\/animate>\r\n\t\t\t\t\t<\/rect>\r\n\t\t\t\t<\/svg>\r\n\t\t\t<\/div>\r\n\t\t<\/div>\r\n\t\t<script type=\"application\/json\" class='em-locations-map-coords' id='em-locations-map-coords-1020980636' style=\"display:none; visibility:hidden;\">{\"ajax\":true,\"format\":\"\",\"width\":\"100%\",\"height\":\"300px\",\"id\":1020980636,\"view\":\"map\",\"limit\":\"10\",\"em_ajax\":true,\"query\":\"GlobalMapData\"}<\/script>\r\n\t\t\t<\/div>\r\n\t<\/div>\n<p>CONTENTS<\/p>\n","protected":false},"excerpt":{"rendered":"<p>Das Institut DELATTE, das von Pierre-No\u00ebl Delatte gegr\u00fcndet wurde, bem\u00fcht sich, Ihre Erwartungen, die Sie an die Ausbildung haben zu erf\u00fcllen. Nachfolgend finden Sie eine Liste der aktuellen Kurse. Wie geht die Anmeldung? Sie k\u00f6nnen sich direkt auf dieser Website anmelden. F\u00fcr die Details der einzelnen Kurse, die Daten der einzelnen Niveaus, den Lage-Plan usw.&hellip;<\/p>\n","protected":false},"author":1,"featured_media":0,"parent":0,"menu_order":0,"comment_status":"closed","ping_status":"closed","template":"","meta":{"_cbd_carousel_blocks":"[]","footnotes":""},"class_list":["post-17895","page","type-page","status-publish","hentry","description-off"],"yoast_head":"<!-- This site is optimized with the Yoast SEO plugin v27.5 - https:\/\/yoast.com\/product\/yoast-seo-wordpress\/ -->\n<title>Ausbildungskalender - La PBA<\/title>\n<meta name=\"robots\" content=\"index, follow, max-snippet:-1, max-image-preview:large, max-video-preview:-1\" \/>\n<link rel=\"canonical\" href=\"https:\/\/www.psycho-bio-acupressure.com\/de\/trainingsplan\/\" \/>\n<meta property=\"og:locale\" content=\"de_DE\" \/>\n<meta property=\"og:type\" content=\"article\" \/>\n<meta property=\"og:title\" content=\"Ausbildungskalender - La PBA\" \/>\n<meta property=\"og:description\" content=\"Das Institut DELATTE, das von Pierre-No\u00ebl Delatte gegr\u00fcndet wurde, bem\u00fcht sich, Ihre Erwartungen, die Sie an die Ausbildung haben zu erf\u00fcllen. Nachfolgend finden Sie eine Liste der aktuellen Kurse. Wie geht die Anmeldung? Sie k\u00f6nnen sich direkt auf dieser Website anmelden. F\u00fcr die Details der einzelnen Kurse, die Daten der einzelnen Niveaus, den Lage-Plan usw.&hellip;\" \/>\n<meta property=\"og:url\" content=\"https:\/\/www.psycho-bio-acupressure.com\/de\/trainingsplan\/\" \/>\n<meta property=\"og:site_name\" content=\"La PBA\" \/>\n<meta property=\"article:publisher\" content=\"https:\/\/www.facebook.com\/InstitutDelatteDePsychoBioAcupressure\" \/>\n<meta property=\"article:modified_time\" content=\"2025-04-08T10:18:24+00:00\" \/>\n<meta name=\"twitter:card\" content=\"summary_large_image\" \/>\n<meta name=\"twitter:label1\" content=\"Gesch\u00e4tzte Lesezeit\" \/>\n\t<meta name=\"twitter:data1\" content=\"1\u00a0Minute\" \/>\n<script type=\"application\/ld+json\" class=\"yoast-schema-graph\">{\"@context\":\"https:\\\/\\\/schema.org\",\"@graph\":[{\"@type\":\"WebPage\",\"@id\":\"https:\\\/\\\/www.psycho-bio-acupressure.com\\\/de\\\/trainingsplan\\\/\",\"url\":\"https:\\\/\\\/www.psycho-bio-acupressure.com\\\/de\\\/trainingsplan\\\/\",\"name\":\"Ausbildungskalender - La PBA\",\"isPartOf\":{\"@id\":\"https:\\\/\\\/www.psycho-bio-acupressure.com\\\/de\\\/#website\"},\"datePublished\":\"2019-11-07T14:41:41+00:00\",\"dateModified\":\"2025-04-08T10:18:24+00:00\",\"breadcrumb\":{\"@id\":\"https:\\\/\\\/www.psycho-bio-acupressure.com\\\/de\\\/trainingsplan\\\/#breadcrumb\"},\"inLanguage\":\"de\",\"potentialAction\":[{\"@type\":\"ReadAction\",\"target\":[\"https:\\\/\\\/www.psycho-bio-acupressure.com\\\/de\\\/trainingsplan\\\/\"]}]},{\"@type\":\"BreadcrumbList\",\"@id\":\"https:\\\/\\\/www.psycho-bio-acupressure.com\\\/de\\\/trainingsplan\\\/#breadcrumb\",\"itemListElement\":[{\"@type\":\"ListItem\",\"position\":1,\"name\":\"Accueil\",\"item\":\"https:\\\/\\\/www.psycho-bio-acupressure.com\\\/de\\\/\"},{\"@type\":\"ListItem\",\"position\":2,\"name\":\"Ausbildungskalender\"}]},{\"@type\":\"WebSite\",\"@id\":\"https:\\\/\\\/www.psycho-bio-acupressure.com\\\/de\\\/#website\",\"url\":\"https:\\\/\\\/www.psycho-bio-acupressure.com\\\/de\\\/\",\"name\":\"La PBA\",\"description\":\"Institut DELATTE de Psycho-Bio-Acupressure\",\"publisher\":{\"@id\":\"https:\\\/\\\/www.psycho-bio-acupressure.com\\\/de\\\/#organization\"},\"potentialAction\":[{\"@type\":\"SearchAction\",\"target\":{\"@type\":\"EntryPoint\",\"urlTemplate\":\"https:\\\/\\\/www.psycho-bio-acupressure.com\\\/de\\\/?s={search_term_string}\"},\"query-input\":{\"@type\":\"PropertyValueSpecification\",\"valueRequired\":true,\"valueName\":\"search_term_string\"}}],\"inLanguage\":\"de\"},{\"@type\":\"Organization\",\"@id\":\"https:\\\/\\\/www.psycho-bio-acupressure.com\\\/de\\\/#organization\",\"name\":\"Institut Delatte de la Psycho-Bio-Acupressure\",\"url\":\"https:\\\/\\\/www.psycho-bio-acupressure.com\\\/de\\\/\",\"logo\":{\"@type\":\"ImageObject\",\"inLanguage\":\"de\",\"@id\":\"https:\\\/\\\/www.psycho-bio-acupressure.com\\\/de\\\/#\\\/schema\\\/logo\\\/image\\\/\",\"url\":\"https:\\\/\\\/www.psycho-bio-acupressure.com\\\/wp-content\\\/uploads\\\/2019\\\/04\\\/pba-logo.png\",\"contentUrl\":\"https:\\\/\\\/www.psycho-bio-acupressure.com\\\/wp-content\\\/uploads\\\/2019\\\/04\\\/pba-logo.png\",\"width\":1553,\"height\":1553,\"caption\":\"Institut Delatte de la Psycho-Bio-Acupressure\"},\"image\":{\"@id\":\"https:\\\/\\\/www.psycho-bio-acupressure.com\\\/de\\\/#\\\/schema\\\/logo\\\/image\\\/\"},\"sameAs\":[\"https:\\\/\\\/www.facebook.com\\\/InstitutDelatteDePsychoBioAcupressure\",\"https:\\\/\\\/www.instagram.com\\\/institutdocteurdelatteofficiel\\\/\"]}]}<\/script>\n<!-- \/ Yoast SEO plugin. -->","yoast_head_json":{"title":"Ausbildungskalender - La PBA","robots":{"index":"index","follow":"follow","max-snippet":"max-snippet:-1","max-image-preview":"max-image-preview:large","max-video-preview":"max-video-preview:-1"},"canonical":"https:\/\/www.psycho-bio-acupressure.com\/de\/trainingsplan\/","og_locale":"de_DE","og_type":"article","og_title":"Ausbildungskalender - La PBA","og_description":"Das Institut DELATTE, das von Pierre-No\u00ebl Delatte gegr\u00fcndet wurde, bem\u00fcht sich, Ihre Erwartungen, die Sie an die Ausbildung haben zu erf\u00fcllen. Nachfolgend finden Sie eine Liste der aktuellen Kurse. Wie geht die Anmeldung? Sie k\u00f6nnen sich direkt auf dieser Website anmelden. F\u00fcr die Details der einzelnen Kurse, die Daten der einzelnen Niveaus, den Lage-Plan usw.&hellip;","og_url":"https:\/\/www.psycho-bio-acupressure.com\/de\/trainingsplan\/","og_site_name":"La PBA","article_publisher":"https:\/\/www.facebook.com\/InstitutDelatteDePsychoBioAcupressure","article_modified_time":"2025-04-08T10:18:24+00:00","twitter_card":"summary_large_image","twitter_misc":{"Gesch\u00e4tzte Lesezeit":"1\u00a0Minute"},"schema":{"@context":"https:\/\/schema.org","@graph":[{"@type":"WebPage","@id":"https:\/\/www.psycho-bio-acupressure.com\/de\/trainingsplan\/","url":"https:\/\/www.psycho-bio-acupressure.com\/de\/trainingsplan\/","name":"Ausbildungskalender - La PBA","isPartOf":{"@id":"https:\/\/www.psycho-bio-acupressure.com\/de\/#website"},"datePublished":"2019-11-07T14:41:41+00:00","dateModified":"2025-04-08T10:18:24+00:00","breadcrumb":{"@id":"https:\/\/www.psycho-bio-acupressure.com\/de\/trainingsplan\/#breadcrumb"},"inLanguage":"de","potentialAction":[{"@type":"ReadAction","target":["https:\/\/www.psycho-bio-acupressure.com\/de\/trainingsplan\/"]}]},{"@type":"BreadcrumbList","@id":"https:\/\/www.psycho-bio-acupressure.com\/de\/trainingsplan\/#breadcrumb","itemListElement":[{"@type":"ListItem","position":1,"name":"Accueil","item":"https:\/\/www.psycho-bio-acupressure.com\/de\/"},{"@type":"ListItem","position":2,"name":"Ausbildungskalender"}]},{"@type":"WebSite","@id":"https:\/\/www.psycho-bio-acupressure.com\/de\/#website","url":"https:\/\/www.psycho-bio-acupressure.com\/de\/","name":"La PBA","description":"Institut DELATTE de Psycho-Bio-Acupressure","publisher":{"@id":"https:\/\/www.psycho-bio-acupressure.com\/de\/#organization"},"potentialAction":[{"@type":"SearchAction","target":{"@type":"EntryPoint","urlTemplate":"https:\/\/www.psycho-bio-acupressure.com\/de\/?s={search_term_string}"},"query-input":{"@type":"PropertyValueSpecification","valueRequired":true,"valueName":"search_term_string"}}],"inLanguage":"de"},{"@type":"Organization","@id":"https:\/\/www.psycho-bio-acupressure.com\/de\/#organization","name":"Institut Delatte de la Psycho-Bio-Acupressure","url":"https:\/\/www.psycho-bio-acupressure.com\/de\/","logo":{"@type":"ImageObject","inLanguage":"de","@id":"https:\/\/www.psycho-bio-acupressure.com\/de\/#\/schema\/logo\/image\/","url":"https:\/\/www.psycho-bio-acupressure.com\/wp-content\/uploads\/2019\/04\/pba-logo.png","contentUrl":"https:\/\/www.psycho-bio-acupressure.com\/wp-content\/uploads\/2019\/04\/pba-logo.png","width":1553,"height":1553,"caption":"Institut Delatte de la Psycho-Bio-Acupressure"},"image":{"@id":"https:\/\/www.psycho-bio-acupressure.com\/de\/#\/schema\/logo\/image\/"},"sameAs":["https:\/\/www.facebook.com\/InstitutDelatteDePsychoBioAcupressure","https:\/\/www.instagram.com\/institutdocteurdelatteofficiel\/"]}]}},"_links":{"self":[{"href":"https:\/\/www.psycho-bio-acupressure.com\/de\/wp-json\/wp\/v2\/pages\/17895","targetHints":{"allow":["GET"]}}],"collection":[{"href":"https:\/\/www.psycho-bio-acupressure.com\/de\/wp-json\/wp\/v2\/pages"}],"about":[{"href":"https:\/\/www.psycho-bio-acupressure.com\/de\/wp-json\/wp\/v2\/types\/page"}],"author":[{"embeddable":true,"href":"https:\/\/www.psycho-bio-acupressure.com\/de\/wp-json\/wp\/v2\/users\/1"}],"replies":[{"embeddable":true,"href":"https:\/\/www.psycho-bio-acupressure.com\/de\/wp-json\/wp\/v2\/comments?post=17895"}],"version-history":[{"count":3,"href":"https:\/\/www.psycho-bio-acupressure.com\/de\/wp-json\/wp\/v2\/pages\/17895\/revisions"}],"predecessor-version":[{"id":84341,"href":"https:\/\/www.psycho-bio-acupressure.com\/de\/wp-json\/wp\/v2\/pages\/17895\/revisions\/84341"}],"wp:attachment":[{"href":"https:\/\/www.psycho-bio-acupressure.com\/de\/wp-json\/wp\/v2\/media?parent=17895"}],"curies":[{"name":"wp","href":"https:\/\/api.w.org\/{rel}","templated":true}]}}