{"id":18235,"date":"2019-11-20T12:24:13","date_gmt":"2019-11-20T11:24:13","guid":{"rendered":"https:\/\/www.psycho-bio-acupressure.com\/ausbildung\/1-die-pba-fuer-alle\/"},"modified":"2020-02-28T14:54:40","modified_gmt":"2020-02-28T13:54:40","slug":"1-die-pba-fuer-alle","status":"publish","type":"page","link":"https:\/\/www.psycho-bio-acupressure.com\/de\/ausbildung\/1-die-pba-fuer-alle\/","title":{"rendered":"1 &#8211; Die PBA f\u00fcr alle"},"content":{"rendered":"<div class=\"wpb-content-wrapper\"><p>[vc_row][vc_column][vc_column_text]<\/p>\n<h2>Das erste Niveau: \u201eDie PBA f\u00fcr alle\u201d<\/h2>\n<p>[\/vc_column_text][\/vc_column][\/vc_row][vc_row][vc_column width=&#8220;1\/2&#8243;][vc_column_text]<strong>Die Zeit von 9 Stunden besteht aus:<\/strong><\/p>\n<ul>\n<li>Grundkenntnisse der Energie<\/li>\n<li>Studie der verschiedenen Kreisl\u00e4ufe der 5 Punkte der PBA<\/li>\n<li>Technik zum Anlegen verschiedener Kreisl\u00e4ufe<\/li>\n<li>Praktische \u00dcbungen<\/li>\n<li>Studie der verschiedenen Protokolle<\/li>\n<li>Anwendung der von Dr. Delatte entwickelten \u201e5 Goldenen Regeln\u201d<\/li>\n<\/ul>\n<p>[\/vc_column_text][\/vc_column][vc_column width=&#8220;1\/2&#8243;][vc_single_image image=&#8220;18236&#8243; img_size=&#8220;full&#8220; alignment=&#8220;center&#8220;][\/vc_column][\/vc_row]<\/p>\n<\/div>","protected":false},"excerpt":{"rendered":"<p>[vc_row][vc_column][vc_column_text] Das erste Niveau: \u201eDie PBA f\u00fcr alle\u201d [\/vc_column_text][\/vc_column][\/vc_row][vc_row][vc_column width=&#8220;1\/2&#8243;][vc_column_text]Die Zeit von 9 Stunden besteht aus: Grundkenntnisse der Energie Studie der verschiedenen Kreisl\u00e4ufe der 5 Punkte der PBA Technik zum Anlegen verschiedener Kreisl\u00e4ufe Praktische \u00dcbungen Studie der verschiedenen Protokolle Anwendung der von Dr. Delatte entwickelten \u201e5 Goldenen Regeln\u201d [\/vc_column_text][\/vc_column][vc_column width=&#8220;1\/2&#8243;][vc_single_image image=&#8220;18236&#8243; img_size=&#8220;full&#8220; alignment=&#8220;center&#8220;][\/vc_column][\/vc_row]<\/p>\n","protected":false},"author":1,"featured_media":0,"parent":17945,"menu_order":0,"comment_status":"closed","ping_status":"closed","template":"","meta":{"_cbd_carousel_blocks":"[]","footnotes":""},"class_list":["post-18235","page","type-page","status-publish","hentry","description-off"],"yoast_head":"<!-- This site is optimized with the Yoast SEO plugin v27.5 - https:\/\/yoast.com\/product\/yoast-seo-wordpress\/ -->\n<title>1 - Die PBA f\u00fcr alle - La PBA<\/title>\n<meta name=\"robots\" content=\"index, follow, max-snippet:-1, max-image-preview:large, max-video-preview:-1\" \/>\n<link rel=\"canonical\" href=\"https:\/\/www.psycho-bio-acupressure.com\/de\/ausbildung\/1-die-pba-fuer-alle\/\" \/>\n<meta property=\"og:locale\" content=\"de_DE\" \/>\n<meta property=\"og:type\" content=\"article\" \/>\n<meta property=\"og:title\" content=\"1 - Die PBA f\u00fcr alle - La PBA\" \/>\n<meta property=\"og:description\" content=\"[vc_row][vc_column][vc_column_text] Das erste Niveau: \u201eDie PBA f\u00fcr alle\u201d [\/vc_column_text][\/vc_column][\/vc_row][vc_row][vc_column width=&#8220;1\/2&#8243;][vc_column_text]Die Zeit von 9 Stunden besteht aus: Grundkenntnisse der Energie Studie der verschiedenen Kreisl\u00e4ufe der 5 Punkte der PBA Technik zum Anlegen verschiedener Kreisl\u00e4ufe Praktische \u00dcbungen Studie der verschiedenen Protokolle Anwendung der von Dr. Delatte entwickelten \u201e5 Goldenen Regeln\u201d [\/vc_column_text][\/vc_column][vc_column width=&#8220;1\/2&#8243;][vc_single_image image=&#8220;18236&#8243; img_size=&#8220;full&#8220; alignment=&#8220;center&#8220;][\/vc_column][\/vc_row]\" \/>\n<meta property=\"og:url\" content=\"https:\/\/www.psycho-bio-acupressure.com\/de\/ausbildung\/1-die-pba-fuer-alle\/\" \/>\n<meta property=\"og:site_name\" content=\"La PBA\" \/>\n<meta property=\"article:publisher\" content=\"https:\/\/www.facebook.com\/InstitutDelatteDePsychoBioAcupressure\" \/>\n<meta property=\"article:modified_time\" content=\"2020-02-28T13:54:40+00:00\" \/>\n<meta name=\"twitter:card\" content=\"summary_large_image\" \/>\n<script type=\"application\/ld+json\" class=\"yoast-schema-graph\">{\"@context\":\"https:\\\/\\\/schema.org\",\"@graph\":[{\"@type\":\"WebPage\",\"@id\":\"https:\\\/\\\/www.psycho-bio-acupressure.com\\\/de\\\/ausbildung\\\/1-die-pba-fuer-alle\\\/\",\"url\":\"https:\\\/\\\/www.psycho-bio-acupressure.com\\\/de\\\/ausbildung\\\/1-die-pba-fuer-alle\\\/\",\"name\":\"1 - Die PBA f\u00fcr alle - La PBA\",\"isPartOf\":{\"@id\":\"https:\\\/\\\/www.psycho-bio-acupressure.com\\\/de\\\/#website\"},\"datePublished\":\"2019-11-20T11:24:13+00:00\",\"dateModified\":\"2020-02-28T13:54:40+00:00\",\"breadcrumb\":{\"@id\":\"https:\\\/\\\/www.psycho-bio-acupressure.com\\\/de\\\/ausbildung\\\/1-die-pba-fuer-alle\\\/#breadcrumb\"},\"inLanguage\":\"de\",\"potentialAction\":[{\"@type\":\"ReadAction\",\"target\":[\"https:\\\/\\\/www.psycho-bio-acupressure.com\\\/de\\\/ausbildung\\\/1-die-pba-fuer-alle\\\/\"]}]},{\"@type\":\"BreadcrumbList\",\"@id\":\"https:\\\/\\\/www.psycho-bio-acupressure.com\\\/de\\\/ausbildung\\\/1-die-pba-fuer-alle\\\/#breadcrumb\",\"itemListElement\":[{\"@type\":\"ListItem\",\"position\":1,\"name\":\"Accueil\",\"item\":\"https:\\\/\\\/www.psycho-bio-acupressure.com\\\/de\\\/\"},{\"@type\":\"ListItem\",\"position\":2,\"name\":\"Ausbildung\",\"item\":\"https:\\\/\\\/www.psycho-bio-acupressure.com\\\/de\\\/ausbildung\\\/\"},{\"@type\":\"ListItem\",\"position\":3,\"name\":\"1 &#8211; Die PBA f\u00fcr alle\"}]},{\"@type\":\"WebSite\",\"@id\":\"https:\\\/\\\/www.psycho-bio-acupressure.com\\\/de\\\/#website\",\"url\":\"https:\\\/\\\/www.psycho-bio-acupressure.com\\\/de\\\/\",\"name\":\"La PBA\",\"description\":\"Institut DELATTE de Psycho-Bio-Acupressure\",\"publisher\":{\"@id\":\"https:\\\/\\\/www.psycho-bio-acupressure.com\\\/de\\\/#organization\"},\"potentialAction\":[{\"@type\":\"SearchAction\",\"target\":{\"@type\":\"EntryPoint\",\"urlTemplate\":\"https:\\\/\\\/www.psycho-bio-acupressure.com\\\/de\\\/?s={search_term_string}\"},\"query-input\":{\"@type\":\"PropertyValueSpecification\",\"valueRequired\":true,\"valueName\":\"search_term_string\"}}],\"inLanguage\":\"de\"},{\"@type\":\"Organization\",\"@id\":\"https:\\\/\\\/www.psycho-bio-acupressure.com\\\/de\\\/#organization\",\"name\":\"Institut Delatte de la Psycho-Bio-Acupressure\",\"url\":\"https:\\\/\\\/www.psycho-bio-acupressure.com\\\/de\\\/\",\"logo\":{\"@type\":\"ImageObject\",\"inLanguage\":\"de\",\"@id\":\"https:\\\/\\\/www.psycho-bio-acupressure.com\\\/de\\\/#\\\/schema\\\/logo\\\/image\\\/\",\"url\":\"https:\\\/\\\/www.psycho-bio-acupressure.com\\\/wp-content\\\/uploads\\\/2019\\\/04\\\/pba-logo.png\",\"contentUrl\":\"https:\\\/\\\/www.psycho-bio-acupressure.com\\\/wp-content\\\/uploads\\\/2019\\\/04\\\/pba-logo.png\",\"width\":1553,\"height\":1553,\"caption\":\"Institut Delatte de la Psycho-Bio-Acupressure\"},\"image\":{\"@id\":\"https:\\\/\\\/www.psycho-bio-acupressure.com\\\/de\\\/#\\\/schema\\\/logo\\\/image\\\/\"},\"sameAs\":[\"https:\\\/\\\/www.facebook.com\\\/InstitutDelatteDePsychoBioAcupressure\",\"https:\\\/\\\/www.instagram.com\\\/institutdocteurdelatteofficiel\\\/\"]}]}<\/script>\n<!-- \/ Yoast SEO plugin. -->","yoast_head_json":{"title":"1 - Die PBA f\u00fcr alle - La PBA","robots":{"index":"index","follow":"follow","max-snippet":"max-snippet:-1","max-image-preview":"max-image-preview:large","max-video-preview":"max-video-preview:-1"},"canonical":"https:\/\/www.psycho-bio-acupressure.com\/de\/ausbildung\/1-die-pba-fuer-alle\/","og_locale":"de_DE","og_type":"article","og_title":"1 - Die PBA f\u00fcr alle - La PBA","og_description":"[vc_row][vc_column][vc_column_text] Das erste Niveau: \u201eDie PBA f\u00fcr alle\u201d [\/vc_column_text][\/vc_column][\/vc_row][vc_row][vc_column width=&#8220;1\/2&#8243;][vc_column_text]Die Zeit von 9 Stunden besteht aus: Grundkenntnisse der Energie Studie der verschiedenen Kreisl\u00e4ufe der 5 Punkte der PBA Technik zum Anlegen verschiedener Kreisl\u00e4ufe Praktische \u00dcbungen Studie der verschiedenen Protokolle Anwendung der von Dr. Delatte entwickelten \u201e5 Goldenen Regeln\u201d [\/vc_column_text][\/vc_column][vc_column width=&#8220;1\/2&#8243;][vc_single_image image=&#8220;18236&#8243; img_size=&#8220;full&#8220; alignment=&#8220;center&#8220;][\/vc_column][\/vc_row]","og_url":"https:\/\/www.psycho-bio-acupressure.com\/de\/ausbildung\/1-die-pba-fuer-alle\/","og_site_name":"La PBA","article_publisher":"https:\/\/www.facebook.com\/InstitutDelatteDePsychoBioAcupressure","article_modified_time":"2020-02-28T13:54:40+00:00","twitter_card":"summary_large_image","schema":{"@context":"https:\/\/schema.org","@graph":[{"@type":"WebPage","@id":"https:\/\/www.psycho-bio-acupressure.com\/de\/ausbildung\/1-die-pba-fuer-alle\/","url":"https:\/\/www.psycho-bio-acupressure.com\/de\/ausbildung\/1-die-pba-fuer-alle\/","name":"1 - Die PBA f\u00fcr alle - La PBA","isPartOf":{"@id":"https:\/\/www.psycho-bio-acupressure.com\/de\/#website"},"datePublished":"2019-11-20T11:24:13+00:00","dateModified":"2020-02-28T13:54:40+00:00","breadcrumb":{"@id":"https:\/\/www.psycho-bio-acupressure.com\/de\/ausbildung\/1-die-pba-fuer-alle\/#breadcrumb"},"inLanguage":"de","potentialAction":[{"@type":"ReadAction","target":["https:\/\/www.psycho-bio-acupressure.com\/de\/ausbildung\/1-die-pba-fuer-alle\/"]}]},{"@type":"BreadcrumbList","@id":"https:\/\/www.psycho-bio-acupressure.com\/de\/ausbildung\/1-die-pba-fuer-alle\/#breadcrumb","itemListElement":[{"@type":"ListItem","position":1,"name":"Accueil","item":"https:\/\/www.psycho-bio-acupressure.com\/de\/"},{"@type":"ListItem","position":2,"name":"Ausbildung","item":"https:\/\/www.psycho-bio-acupressure.com\/de\/ausbildung\/"},{"@type":"ListItem","position":3,"name":"1 &#8211; Die PBA f\u00fcr alle"}]},{"@type":"WebSite","@id":"https:\/\/www.psycho-bio-acupressure.com\/de\/#website","url":"https:\/\/www.psycho-bio-acupressure.com\/de\/","name":"La PBA","description":"Institut DELATTE de Psycho-Bio-Acupressure","publisher":{"@id":"https:\/\/www.psycho-bio-acupressure.com\/de\/#organization"},"potentialAction":[{"@type":"SearchAction","target":{"@type":"EntryPoint","urlTemplate":"https:\/\/www.psycho-bio-acupressure.com\/de\/?s={search_term_string}"},"query-input":{"@type":"PropertyValueSpecification","valueRequired":true,"valueName":"search_term_string"}}],"inLanguage":"de"},{"@type":"Organization","@id":"https:\/\/www.psycho-bio-acupressure.com\/de\/#organization","name":"Institut Delatte de la Psycho-Bio-Acupressure","url":"https:\/\/www.psycho-bio-acupressure.com\/de\/","logo":{"@type":"ImageObject","inLanguage":"de","@id":"https:\/\/www.psycho-bio-acupressure.com\/de\/#\/schema\/logo\/image\/","url":"https:\/\/www.psycho-bio-acupressure.com\/wp-content\/uploads\/2019\/04\/pba-logo.png","contentUrl":"https:\/\/www.psycho-bio-acupressure.com\/wp-content\/uploads\/2019\/04\/pba-logo.png","width":1553,"height":1553,"caption":"Institut Delatte de la Psycho-Bio-Acupressure"},"image":{"@id":"https:\/\/www.psycho-bio-acupressure.com\/de\/#\/schema\/logo\/image\/"},"sameAs":["https:\/\/www.facebook.com\/InstitutDelatteDePsychoBioAcupressure","https:\/\/www.instagram.com\/institutdocteurdelatteofficiel\/"]}]}},"_links":{"self":[{"href":"https:\/\/www.psycho-bio-acupressure.com\/de\/wp-json\/wp\/v2\/pages\/18235","targetHints":{"allow":["GET"]}}],"collection":[{"href":"https:\/\/www.psycho-bio-acupressure.com\/de\/wp-json\/wp\/v2\/pages"}],"about":[{"href":"https:\/\/www.psycho-bio-acupressure.com\/de\/wp-json\/wp\/v2\/types\/page"}],"author":[{"embeddable":true,"href":"https:\/\/www.psycho-bio-acupressure.com\/de\/wp-json\/wp\/v2\/users\/1"}],"replies":[{"embeddable":true,"href":"https:\/\/www.psycho-bio-acupressure.com\/de\/wp-json\/wp\/v2\/comments?post=18235"}],"version-history":[{"count":4,"href":"https:\/\/www.psycho-bio-acupressure.com\/de\/wp-json\/wp\/v2\/pages\/18235\/revisions"}],"predecessor-version":[{"id":19565,"href":"https:\/\/www.psycho-bio-acupressure.com\/de\/wp-json\/wp\/v2\/pages\/18235\/revisions\/19565"}],"up":[{"embeddable":true,"href":"https:\/\/www.psycho-bio-acupressure.com\/de\/wp-json\/wp\/v2\/pages\/17945"}],"wp:attachment":[{"href":"https:\/\/www.psycho-bio-acupressure.com\/de\/wp-json\/wp\/v2\/media?parent=18235"}],"curies":[{"name":"wp","href":"https:\/\/api.w.org\/{rel}","templated":true}]}}