{"id":18351,"date":"2019-11-26T16:03:11","date_gmt":"2019-11-26T15:03:11","guid":{"rendered":"https:\/\/www.psycho-bio-acupressure.com\/ausbildung\/2-verhaeltnis-zur-hilfe\/"},"modified":"2019-11-26T16:03:13","modified_gmt":"2019-11-26T15:03:13","slug":"2-verhaeltnis-zur-hilfe","status":"publish","type":"page","link":"https:\/\/www.psycho-bio-acupressure.com\/de\/ausbildung\/2-verhaeltnis-zur-hilfe\/","title":{"rendered":"2 &#8211; Verh\u00e4ltnis zur Hilfe"},"content":{"rendered":"<div class=\"wpb-content-wrapper\"><p>[vc_row][vc_column][vc_column_text]<\/p>\n<h2>Das zweite Niveau: \u201eVerh\u00e4ltnis zur Hilfe mit der PBA\u201d<\/h2>\n<p><em>Es ist ohne Ausnahme offen f\u00fcr alle Personen die das 1. Niveau besucht haben.<\/em><\/p>\n<p><strong>Mit einer Dauer von 16 Stunden, besteht die Ausbildung aus folgendem:<\/strong><\/p>\n<ul>\n<li>Theoretische Grundkenntnisse der Entstehung von Blockaden und dem Einfluss, den eine Aus\u00fcbung der PBA auf sie haben kann.<\/li>\n<li>Das Lernen der Analyse des Pulsschlags<\/li>\n<li>Darlegung einer Liste der am h\u00e4ufigsten vorkommenden Blockaden<\/li>\n<li>Erlernen der Empfindung der emotionellen (energetischen) Blockaden einer Person und die Technik diese Blockaden aufzul\u00f6sen.<\/li>\n<li>Entwicklung seines eigenen intuitiven Gef\u00fchls.<\/li>\n<\/ul>\n<p><strong>Diesem Niveau muss als Voraussetzung f\u00fcr das 3. Niveau das Modul des Gasth\u00f6rers f\u00fcr eine Dauer von mindestens acht Stunden folgen.<\/strong>[\/vc_column_text][\/vc_column][\/vc_row]<\/p>\n<\/div>","protected":false},"excerpt":{"rendered":"<p>[vc_row][vc_column][vc_column_text] Das zweite Niveau: \u201eVerh\u00e4ltnis zur Hilfe mit der PBA\u201d Es ist ohne Ausnahme offen f\u00fcr alle Personen die das 1. Niveau besucht haben. Mit einer Dauer von 16 Stunden, besteht die Ausbildung aus folgendem: Theoretische Grundkenntnisse der Entstehung von Blockaden und dem Einfluss, den eine Aus\u00fcbung der PBA auf sie haben kann. Das Lernen&hellip;<\/p>\n","protected":false},"author":1,"featured_media":0,"parent":17945,"menu_order":0,"comment_status":"closed","ping_status":"closed","template":"","meta":{"_cbd_carousel_blocks":"[]","footnotes":""},"class_list":["post-18351","page","type-page","status-publish","hentry","description-off"],"yoast_head":"<!-- This site is optimized with the Yoast SEO plugin v27.6 - https:\/\/yoast.com\/product\/yoast-seo-wordpress\/ -->\n<title>2 - Verh\u00e4ltnis zur Hilfe - La PBA<\/title>\n<meta name=\"robots\" content=\"index, follow, max-snippet:-1, max-image-preview:large, max-video-preview:-1\" \/>\n<link rel=\"canonical\" href=\"https:\/\/www.psycho-bio-acupressure.com\/de\/ausbildung\/2-verhaeltnis-zur-hilfe\/\" \/>\n<meta property=\"og:locale\" content=\"de_DE\" \/>\n<meta property=\"og:type\" content=\"article\" \/>\n<meta property=\"og:title\" content=\"2 - Verh\u00e4ltnis zur Hilfe - La PBA\" \/>\n<meta property=\"og:description\" content=\"[vc_row][vc_column][vc_column_text] Das zweite Niveau: \u201eVerh\u00e4ltnis zur Hilfe mit der PBA\u201d Es ist ohne Ausnahme offen f\u00fcr alle Personen die das 1. Niveau besucht haben. Mit einer Dauer von 16 Stunden, besteht die Ausbildung aus folgendem: Theoretische Grundkenntnisse der Entstehung von Blockaden und dem Einfluss, den eine Aus\u00fcbung der PBA auf sie haben kann. Das Lernen&hellip;\" \/>\n<meta property=\"og:url\" content=\"https:\/\/www.psycho-bio-acupressure.com\/de\/ausbildung\/2-verhaeltnis-zur-hilfe\/\" \/>\n<meta property=\"og:site_name\" content=\"La PBA\" \/>\n<meta property=\"article:publisher\" content=\"https:\/\/www.facebook.com\/InstitutDelatteDePsychoBioAcupressure\" \/>\n<meta property=\"article:modified_time\" content=\"2019-11-26T15:03:13+00:00\" \/>\n<meta name=\"twitter:card\" content=\"summary_large_image\" \/>\n<meta name=\"twitter:label1\" content=\"Gesch\u00e4tzte Lesezeit\" \/>\n\t<meta name=\"twitter:data1\" content=\"1\u00a0Minute\" \/>\n<script type=\"application\/ld+json\" class=\"yoast-schema-graph\">{\"@context\":\"https:\\\/\\\/schema.org\",\"@graph\":[{\"@type\":\"WebPage\",\"@id\":\"https:\\\/\\\/www.psycho-bio-acupressure.com\\\/de\\\/ausbildung\\\/2-verhaeltnis-zur-hilfe\\\/\",\"url\":\"https:\\\/\\\/www.psycho-bio-acupressure.com\\\/de\\\/ausbildung\\\/2-verhaeltnis-zur-hilfe\\\/\",\"name\":\"2 - Verh\u00e4ltnis zur Hilfe - La PBA\",\"isPartOf\":{\"@id\":\"https:\\\/\\\/www.psycho-bio-acupressure.com\\\/de\\\/#website\"},\"datePublished\":\"2019-11-26T15:03:11+00:00\",\"dateModified\":\"2019-11-26T15:03:13+00:00\",\"breadcrumb\":{\"@id\":\"https:\\\/\\\/www.psycho-bio-acupressure.com\\\/de\\\/ausbildung\\\/2-verhaeltnis-zur-hilfe\\\/#breadcrumb\"},\"inLanguage\":\"de\",\"potentialAction\":[{\"@type\":\"ReadAction\",\"target\":[\"https:\\\/\\\/www.psycho-bio-acupressure.com\\\/de\\\/ausbildung\\\/2-verhaeltnis-zur-hilfe\\\/\"]}]},{\"@type\":\"BreadcrumbList\",\"@id\":\"https:\\\/\\\/www.psycho-bio-acupressure.com\\\/de\\\/ausbildung\\\/2-verhaeltnis-zur-hilfe\\\/#breadcrumb\",\"itemListElement\":[{\"@type\":\"ListItem\",\"position\":1,\"name\":\"Accueil\",\"item\":\"https:\\\/\\\/www.psycho-bio-acupressure.com\\\/de\\\/\"},{\"@type\":\"ListItem\",\"position\":2,\"name\":\"Ausbildung\",\"item\":\"https:\\\/\\\/www.psycho-bio-acupressure.com\\\/de\\\/ausbildung\\\/\"},{\"@type\":\"ListItem\",\"position\":3,\"name\":\"2 &#8211; Verh\u00e4ltnis zur Hilfe\"}]},{\"@type\":\"WebSite\",\"@id\":\"https:\\\/\\\/www.psycho-bio-acupressure.com\\\/de\\\/#website\",\"url\":\"https:\\\/\\\/www.psycho-bio-acupressure.com\\\/de\\\/\",\"name\":\"La PBA\",\"description\":\"Institut DELATTE de Psycho-Bio-Acupressure\",\"publisher\":{\"@id\":\"https:\\\/\\\/www.psycho-bio-acupressure.com\\\/de\\\/#organization\"},\"potentialAction\":[{\"@type\":\"SearchAction\",\"target\":{\"@type\":\"EntryPoint\",\"urlTemplate\":\"https:\\\/\\\/www.psycho-bio-acupressure.com\\\/de\\\/?s={search_term_string}\"},\"query-input\":{\"@type\":\"PropertyValueSpecification\",\"valueRequired\":true,\"valueName\":\"search_term_string\"}}],\"inLanguage\":\"de\"},{\"@type\":\"Organization\",\"@id\":\"https:\\\/\\\/www.psycho-bio-acupressure.com\\\/de\\\/#organization\",\"name\":\"Institut Delatte de la Psycho-Bio-Acupressure\",\"url\":\"https:\\\/\\\/www.psycho-bio-acupressure.com\\\/de\\\/\",\"logo\":{\"@type\":\"ImageObject\",\"inLanguage\":\"de\",\"@id\":\"https:\\\/\\\/www.psycho-bio-acupressure.com\\\/de\\\/#\\\/schema\\\/logo\\\/image\\\/\",\"url\":\"https:\\\/\\\/www.psycho-bio-acupressure.com\\\/wp-content\\\/uploads\\\/2019\\\/04\\\/pba-logo.png\",\"contentUrl\":\"https:\\\/\\\/www.psycho-bio-acupressure.com\\\/wp-content\\\/uploads\\\/2019\\\/04\\\/pba-logo.png\",\"width\":1553,\"height\":1553,\"caption\":\"Institut Delatte de la Psycho-Bio-Acupressure\"},\"image\":{\"@id\":\"https:\\\/\\\/www.psycho-bio-acupressure.com\\\/de\\\/#\\\/schema\\\/logo\\\/image\\\/\"},\"sameAs\":[\"https:\\\/\\\/www.facebook.com\\\/InstitutDelatteDePsychoBioAcupressure\",\"https:\\\/\\\/www.instagram.com\\\/institutdocteurdelatteofficiel\\\/\"]}]}<\/script>\n<!-- \/ Yoast SEO plugin. -->","yoast_head_json":{"title":"2 - Verh\u00e4ltnis zur Hilfe - La PBA","robots":{"index":"index","follow":"follow","max-snippet":"max-snippet:-1","max-image-preview":"max-image-preview:large","max-video-preview":"max-video-preview:-1"},"canonical":"https:\/\/www.psycho-bio-acupressure.com\/de\/ausbildung\/2-verhaeltnis-zur-hilfe\/","og_locale":"de_DE","og_type":"article","og_title":"2 - Verh\u00e4ltnis zur Hilfe - La PBA","og_description":"[vc_row][vc_column][vc_column_text] Das zweite Niveau: \u201eVerh\u00e4ltnis zur Hilfe mit der PBA\u201d Es ist ohne Ausnahme offen f\u00fcr alle Personen die das 1. Niveau besucht haben. Mit einer Dauer von 16 Stunden, besteht die Ausbildung aus folgendem: Theoretische Grundkenntnisse der Entstehung von Blockaden und dem Einfluss, den eine Aus\u00fcbung der PBA auf sie haben kann. Das Lernen&hellip;","og_url":"https:\/\/www.psycho-bio-acupressure.com\/de\/ausbildung\/2-verhaeltnis-zur-hilfe\/","og_site_name":"La PBA","article_publisher":"https:\/\/www.facebook.com\/InstitutDelatteDePsychoBioAcupressure","article_modified_time":"2019-11-26T15:03:13+00:00","twitter_card":"summary_large_image","twitter_misc":{"Gesch\u00e4tzte Lesezeit":"1\u00a0Minute"},"schema":{"@context":"https:\/\/schema.org","@graph":[{"@type":"WebPage","@id":"https:\/\/www.psycho-bio-acupressure.com\/de\/ausbildung\/2-verhaeltnis-zur-hilfe\/","url":"https:\/\/www.psycho-bio-acupressure.com\/de\/ausbildung\/2-verhaeltnis-zur-hilfe\/","name":"2 - Verh\u00e4ltnis zur Hilfe - La PBA","isPartOf":{"@id":"https:\/\/www.psycho-bio-acupressure.com\/de\/#website"},"datePublished":"2019-11-26T15:03:11+00:00","dateModified":"2019-11-26T15:03:13+00:00","breadcrumb":{"@id":"https:\/\/www.psycho-bio-acupressure.com\/de\/ausbildung\/2-verhaeltnis-zur-hilfe\/#breadcrumb"},"inLanguage":"de","potentialAction":[{"@type":"ReadAction","target":["https:\/\/www.psycho-bio-acupressure.com\/de\/ausbildung\/2-verhaeltnis-zur-hilfe\/"]}]},{"@type":"BreadcrumbList","@id":"https:\/\/www.psycho-bio-acupressure.com\/de\/ausbildung\/2-verhaeltnis-zur-hilfe\/#breadcrumb","itemListElement":[{"@type":"ListItem","position":1,"name":"Accueil","item":"https:\/\/www.psycho-bio-acupressure.com\/de\/"},{"@type":"ListItem","position":2,"name":"Ausbildung","item":"https:\/\/www.psycho-bio-acupressure.com\/de\/ausbildung\/"},{"@type":"ListItem","position":3,"name":"2 &#8211; Verh\u00e4ltnis zur Hilfe"}]},{"@type":"WebSite","@id":"https:\/\/www.psycho-bio-acupressure.com\/de\/#website","url":"https:\/\/www.psycho-bio-acupressure.com\/de\/","name":"La PBA","description":"Institut DELATTE de Psycho-Bio-Acupressure","publisher":{"@id":"https:\/\/www.psycho-bio-acupressure.com\/de\/#organization"},"potentialAction":[{"@type":"SearchAction","target":{"@type":"EntryPoint","urlTemplate":"https:\/\/www.psycho-bio-acupressure.com\/de\/?s={search_term_string}"},"query-input":{"@type":"PropertyValueSpecification","valueRequired":true,"valueName":"search_term_string"}}],"inLanguage":"de"},{"@type":"Organization","@id":"https:\/\/www.psycho-bio-acupressure.com\/de\/#organization","name":"Institut Delatte de la Psycho-Bio-Acupressure","url":"https:\/\/www.psycho-bio-acupressure.com\/de\/","logo":{"@type":"ImageObject","inLanguage":"de","@id":"https:\/\/www.psycho-bio-acupressure.com\/de\/#\/schema\/logo\/image\/","url":"https:\/\/www.psycho-bio-acupressure.com\/wp-content\/uploads\/2019\/04\/pba-logo.png","contentUrl":"https:\/\/www.psycho-bio-acupressure.com\/wp-content\/uploads\/2019\/04\/pba-logo.png","width":1553,"height":1553,"caption":"Institut Delatte de la Psycho-Bio-Acupressure"},"image":{"@id":"https:\/\/www.psycho-bio-acupressure.com\/de\/#\/schema\/logo\/image\/"},"sameAs":["https:\/\/www.facebook.com\/InstitutDelatteDePsychoBioAcupressure","https:\/\/www.instagram.com\/institutdocteurdelatteofficiel\/"]}]}},"_links":{"self":[{"href":"https:\/\/www.psycho-bio-acupressure.com\/de\/wp-json\/wp\/v2\/pages\/18351","targetHints":{"allow":["GET"]}}],"collection":[{"href":"https:\/\/www.psycho-bio-acupressure.com\/de\/wp-json\/wp\/v2\/pages"}],"about":[{"href":"https:\/\/www.psycho-bio-acupressure.com\/de\/wp-json\/wp\/v2\/types\/page"}],"author":[{"embeddable":true,"href":"https:\/\/www.psycho-bio-acupressure.com\/de\/wp-json\/wp\/v2\/users\/1"}],"replies":[{"embeddable":true,"href":"https:\/\/www.psycho-bio-acupressure.com\/de\/wp-json\/wp\/v2\/comments?post=18351"}],"version-history":[{"count":1,"href":"https:\/\/www.psycho-bio-acupressure.com\/de\/wp-json\/wp\/v2\/pages\/18351\/revisions"}],"predecessor-version":[{"id":18352,"href":"https:\/\/www.psycho-bio-acupressure.com\/de\/wp-json\/wp\/v2\/pages\/18351\/revisions\/18352"}],"up":[{"embeddable":true,"href":"https:\/\/www.psycho-bio-acupressure.com\/de\/wp-json\/wp\/v2\/pages\/17945"}],"wp:attachment":[{"href":"https:\/\/www.psycho-bio-acupressure.com\/de\/wp-json\/wp\/v2\/media?parent=18351"}],"curies":[{"name":"wp","href":"https:\/\/api.w.org\/{rel}","templated":true}]}}