{"id":18353,"date":"2019-11-26T16:46:57","date_gmt":"2019-11-26T15:46:57","guid":{"rendered":"https:\/\/www.psycho-bio-acupressure.com\/ausbildung\/gasthoerer\/"},"modified":"2019-11-26T16:46:57","modified_gmt":"2019-11-26T15:46:57","slug":"gasthoerer","status":"publish","type":"page","link":"https:\/\/www.psycho-bio-acupressure.com\/de\/ausbildung\/gasthoerer\/","title":{"rendered":"Gasth\u00f6rer"},"content":{"rendered":"<h2>Fortsetzung seiner Ausbildung als Gasth\u00f6rer<\/h2>\n<p><strong>Zwischen den Kursen der verschiedenen Niveaus haben Sie die M\u00f6glichkeit den Kursen als Gasth\u00f6rer beizuwohnen. Sie erhalten die Informationen, ohne dem Stress ausgesetzt zu sein, selber an einer Person \u00fcben zu m\u00fcssen.<\/strong><\/p>\n<div class=\"redbox-jck\">\n<p><strong>Das Modul Gasth\u00f6rer dauert zwischen 8 und 16 Stunden.<br \/>\n<\/strong><\/p>\n<p><strong>Das Modul des Gasth\u00f6rers findet w\u00e4hrend der Pr\u00fcfungstage statt (\u00fcber die Stunden und die Dauer wird von der Direktorin je nach Anzahl der Eingeschriebenen entschieden; im Normalfall sind es zwei Tage).<\/strong><\/p>\n<\/div>\n<p>Dieses Modul erlaubt es sich in Erinnerung zu rufen, was man w\u00e4hrend des letzten Kurses gelernt hat und sich in den Elementen zu perfektionieren, die so wichtig sind, wie das Herausfinden der Blockaden und deren Einfluss auf das Verhalten der Personen, die diese Blockaden pr\u00e4sentieren. Dieses Modul des Gasth\u00f6rers ist beinahe unabdingbar, um die Methode zu verinnerlichen und sich auf die Fortf\u00fchrung der Ausbildung vorzubereiten.<\/p>\n","protected":false},"excerpt":{"rendered":"<p>Fortsetzung seiner Ausbildung als Gasth\u00f6rer Zwischen den Kursen der verschiedenen Niveaus haben Sie die M\u00f6glichkeit den Kursen als Gasth\u00f6rer beizuwohnen. Sie erhalten die Informationen, ohne dem Stress ausgesetzt zu sein, selber an einer Person \u00fcben zu m\u00fcssen. Das Modul Gasth\u00f6rer dauert zwischen 8 und 16 Stunden. Das Modul des Gasth\u00f6rers findet w\u00e4hrend der Pr\u00fcfungstage statt&hellip;<\/p>\n","protected":false},"author":1,"featured_media":0,"parent":17945,"menu_order":0,"comment_status":"closed","ping_status":"closed","template":"","meta":{"_cbd_carousel_blocks":"[]","footnotes":""},"class_list":["post-18353","page","type-page","status-publish","hentry","description-off"],"yoast_head":"<!-- This site is optimized with the Yoast SEO plugin v27.5 - https:\/\/yoast.com\/product\/yoast-seo-wordpress\/ -->\n<title>Gasth\u00f6rer - La PBA<\/title>\n<meta name=\"robots\" content=\"index, follow, max-snippet:-1, max-image-preview:large, max-video-preview:-1\" \/>\n<link rel=\"canonical\" href=\"https:\/\/www.psycho-bio-acupressure.com\/de\/ausbildung\/gasthoerer\/\" \/>\n<meta property=\"og:locale\" content=\"de_DE\" \/>\n<meta property=\"og:type\" content=\"article\" \/>\n<meta property=\"og:title\" content=\"Gasth\u00f6rer - La PBA\" \/>\n<meta property=\"og:description\" content=\"Fortsetzung seiner Ausbildung als Gasth\u00f6rer Zwischen den Kursen der verschiedenen Niveaus haben Sie die M\u00f6glichkeit den Kursen als Gasth\u00f6rer beizuwohnen. Sie erhalten die Informationen, ohne dem Stress ausgesetzt zu sein, selber an einer Person \u00fcben zu m\u00fcssen. Das Modul Gasth\u00f6rer dauert zwischen 8 und 16 Stunden. Das Modul des Gasth\u00f6rers findet w\u00e4hrend der Pr\u00fcfungstage statt&hellip;\" \/>\n<meta property=\"og:url\" content=\"https:\/\/www.psycho-bio-acupressure.com\/de\/ausbildung\/gasthoerer\/\" \/>\n<meta property=\"og:site_name\" content=\"La PBA\" \/>\n<meta property=\"article:publisher\" content=\"https:\/\/www.facebook.com\/InstitutDelatteDePsychoBioAcupressure\" \/>\n<meta name=\"twitter:card\" content=\"summary_large_image\" \/>\n<meta name=\"twitter:label1\" content=\"Gesch\u00e4tzte Lesezeit\" \/>\n\t<meta name=\"twitter:data1\" content=\"1\u00a0Minute\" \/>\n<script type=\"application\/ld+json\" class=\"yoast-schema-graph\">{\"@context\":\"https:\\\/\\\/schema.org\",\"@graph\":[{\"@type\":\"WebPage\",\"@id\":\"https:\\\/\\\/www.psycho-bio-acupressure.com\\\/de\\\/ausbildung\\\/gasthoerer\\\/\",\"url\":\"https:\\\/\\\/www.psycho-bio-acupressure.com\\\/de\\\/ausbildung\\\/gasthoerer\\\/\",\"name\":\"Gasth\u00f6rer - La PBA\",\"isPartOf\":{\"@id\":\"https:\\\/\\\/www.psycho-bio-acupressure.com\\\/de\\\/#website\"},\"datePublished\":\"2019-11-26T15:46:57+00:00\",\"breadcrumb\":{\"@id\":\"https:\\\/\\\/www.psycho-bio-acupressure.com\\\/de\\\/ausbildung\\\/gasthoerer\\\/#breadcrumb\"},\"inLanguage\":\"de\",\"potentialAction\":[{\"@type\":\"ReadAction\",\"target\":[\"https:\\\/\\\/www.psycho-bio-acupressure.com\\\/de\\\/ausbildung\\\/gasthoerer\\\/\"]}]},{\"@type\":\"BreadcrumbList\",\"@id\":\"https:\\\/\\\/www.psycho-bio-acupressure.com\\\/de\\\/ausbildung\\\/gasthoerer\\\/#breadcrumb\",\"itemListElement\":[{\"@type\":\"ListItem\",\"position\":1,\"name\":\"Accueil\",\"item\":\"https:\\\/\\\/www.psycho-bio-acupressure.com\\\/de\\\/\"},{\"@type\":\"ListItem\",\"position\":2,\"name\":\"Ausbildung\",\"item\":\"https:\\\/\\\/www.psycho-bio-acupressure.com\\\/de\\\/ausbildung\\\/\"},{\"@type\":\"ListItem\",\"position\":3,\"name\":\"Gasth\u00f6rer\"}]},{\"@type\":\"WebSite\",\"@id\":\"https:\\\/\\\/www.psycho-bio-acupressure.com\\\/de\\\/#website\",\"url\":\"https:\\\/\\\/www.psycho-bio-acupressure.com\\\/de\\\/\",\"name\":\"La PBA\",\"description\":\"Institut DELATTE de Psycho-Bio-Acupressure\",\"publisher\":{\"@id\":\"https:\\\/\\\/www.psycho-bio-acupressure.com\\\/de\\\/#organization\"},\"potentialAction\":[{\"@type\":\"SearchAction\",\"target\":{\"@type\":\"EntryPoint\",\"urlTemplate\":\"https:\\\/\\\/www.psycho-bio-acupressure.com\\\/de\\\/?s={search_term_string}\"},\"query-input\":{\"@type\":\"PropertyValueSpecification\",\"valueRequired\":true,\"valueName\":\"search_term_string\"}}],\"inLanguage\":\"de\"},{\"@type\":\"Organization\",\"@id\":\"https:\\\/\\\/www.psycho-bio-acupressure.com\\\/de\\\/#organization\",\"name\":\"Institut Delatte de la Psycho-Bio-Acupressure\",\"url\":\"https:\\\/\\\/www.psycho-bio-acupressure.com\\\/de\\\/\",\"logo\":{\"@type\":\"ImageObject\",\"inLanguage\":\"de\",\"@id\":\"https:\\\/\\\/www.psycho-bio-acupressure.com\\\/de\\\/#\\\/schema\\\/logo\\\/image\\\/\",\"url\":\"https:\\\/\\\/www.psycho-bio-acupressure.com\\\/wp-content\\\/uploads\\\/2019\\\/04\\\/pba-logo.png\",\"contentUrl\":\"https:\\\/\\\/www.psycho-bio-acupressure.com\\\/wp-content\\\/uploads\\\/2019\\\/04\\\/pba-logo.png\",\"width\":1553,\"height\":1553,\"caption\":\"Institut Delatte de la Psycho-Bio-Acupressure\"},\"image\":{\"@id\":\"https:\\\/\\\/www.psycho-bio-acupressure.com\\\/de\\\/#\\\/schema\\\/logo\\\/image\\\/\"},\"sameAs\":[\"https:\\\/\\\/www.facebook.com\\\/InstitutDelatteDePsychoBioAcupressure\",\"https:\\\/\\\/www.instagram.com\\\/institutdocteurdelatteofficiel\\\/\"]}]}<\/script>\n<!-- \/ Yoast SEO plugin. -->","yoast_head_json":{"title":"Gasth\u00f6rer - La PBA","robots":{"index":"index","follow":"follow","max-snippet":"max-snippet:-1","max-image-preview":"max-image-preview:large","max-video-preview":"max-video-preview:-1"},"canonical":"https:\/\/www.psycho-bio-acupressure.com\/de\/ausbildung\/gasthoerer\/","og_locale":"de_DE","og_type":"article","og_title":"Gasth\u00f6rer - La PBA","og_description":"Fortsetzung seiner Ausbildung als Gasth\u00f6rer Zwischen den Kursen der verschiedenen Niveaus haben Sie die M\u00f6glichkeit den Kursen als Gasth\u00f6rer beizuwohnen. Sie erhalten die Informationen, ohne dem Stress ausgesetzt zu sein, selber an einer Person \u00fcben zu m\u00fcssen. Das Modul Gasth\u00f6rer dauert zwischen 8 und 16 Stunden. Das Modul des Gasth\u00f6rers findet w\u00e4hrend der Pr\u00fcfungstage statt&hellip;","og_url":"https:\/\/www.psycho-bio-acupressure.com\/de\/ausbildung\/gasthoerer\/","og_site_name":"La PBA","article_publisher":"https:\/\/www.facebook.com\/InstitutDelatteDePsychoBioAcupressure","twitter_card":"summary_large_image","twitter_misc":{"Gesch\u00e4tzte Lesezeit":"1\u00a0Minute"},"schema":{"@context":"https:\/\/schema.org","@graph":[{"@type":"WebPage","@id":"https:\/\/www.psycho-bio-acupressure.com\/de\/ausbildung\/gasthoerer\/","url":"https:\/\/www.psycho-bio-acupressure.com\/de\/ausbildung\/gasthoerer\/","name":"Gasth\u00f6rer - La PBA","isPartOf":{"@id":"https:\/\/www.psycho-bio-acupressure.com\/de\/#website"},"datePublished":"2019-11-26T15:46:57+00:00","breadcrumb":{"@id":"https:\/\/www.psycho-bio-acupressure.com\/de\/ausbildung\/gasthoerer\/#breadcrumb"},"inLanguage":"de","potentialAction":[{"@type":"ReadAction","target":["https:\/\/www.psycho-bio-acupressure.com\/de\/ausbildung\/gasthoerer\/"]}]},{"@type":"BreadcrumbList","@id":"https:\/\/www.psycho-bio-acupressure.com\/de\/ausbildung\/gasthoerer\/#breadcrumb","itemListElement":[{"@type":"ListItem","position":1,"name":"Accueil","item":"https:\/\/www.psycho-bio-acupressure.com\/de\/"},{"@type":"ListItem","position":2,"name":"Ausbildung","item":"https:\/\/www.psycho-bio-acupressure.com\/de\/ausbildung\/"},{"@type":"ListItem","position":3,"name":"Gasth\u00f6rer"}]},{"@type":"WebSite","@id":"https:\/\/www.psycho-bio-acupressure.com\/de\/#website","url":"https:\/\/www.psycho-bio-acupressure.com\/de\/","name":"La PBA","description":"Institut DELATTE de Psycho-Bio-Acupressure","publisher":{"@id":"https:\/\/www.psycho-bio-acupressure.com\/de\/#organization"},"potentialAction":[{"@type":"SearchAction","target":{"@type":"EntryPoint","urlTemplate":"https:\/\/www.psycho-bio-acupressure.com\/de\/?s={search_term_string}"},"query-input":{"@type":"PropertyValueSpecification","valueRequired":true,"valueName":"search_term_string"}}],"inLanguage":"de"},{"@type":"Organization","@id":"https:\/\/www.psycho-bio-acupressure.com\/de\/#organization","name":"Institut Delatte de la Psycho-Bio-Acupressure","url":"https:\/\/www.psycho-bio-acupressure.com\/de\/","logo":{"@type":"ImageObject","inLanguage":"de","@id":"https:\/\/www.psycho-bio-acupressure.com\/de\/#\/schema\/logo\/image\/","url":"https:\/\/www.psycho-bio-acupressure.com\/wp-content\/uploads\/2019\/04\/pba-logo.png","contentUrl":"https:\/\/www.psycho-bio-acupressure.com\/wp-content\/uploads\/2019\/04\/pba-logo.png","width":1553,"height":1553,"caption":"Institut Delatte de la Psycho-Bio-Acupressure"},"image":{"@id":"https:\/\/www.psycho-bio-acupressure.com\/de\/#\/schema\/logo\/image\/"},"sameAs":["https:\/\/www.facebook.com\/InstitutDelatteDePsychoBioAcupressure","https:\/\/www.instagram.com\/institutdocteurdelatteofficiel\/"]}]}},"_links":{"self":[{"href":"https:\/\/www.psycho-bio-acupressure.com\/de\/wp-json\/wp\/v2\/pages\/18353","targetHints":{"allow":["GET"]}}],"collection":[{"href":"https:\/\/www.psycho-bio-acupressure.com\/de\/wp-json\/wp\/v2\/pages"}],"about":[{"href":"https:\/\/www.psycho-bio-acupressure.com\/de\/wp-json\/wp\/v2\/types\/page"}],"author":[{"embeddable":true,"href":"https:\/\/www.psycho-bio-acupressure.com\/de\/wp-json\/wp\/v2\/users\/1"}],"replies":[{"embeddable":true,"href":"https:\/\/www.psycho-bio-acupressure.com\/de\/wp-json\/wp\/v2\/comments?post=18353"}],"version-history":[{"count":0,"href":"https:\/\/www.psycho-bio-acupressure.com\/de\/wp-json\/wp\/v2\/pages\/18353\/revisions"}],"up":[{"embeddable":true,"href":"https:\/\/www.psycho-bio-acupressure.com\/de\/wp-json\/wp\/v2\/pages\/17945"}],"wp:attachment":[{"href":"https:\/\/www.psycho-bio-acupressure.com\/de\/wp-json\/wp\/v2\/media?parent=18353"}],"curies":[{"name":"wp","href":"https:\/\/api.w.org\/{rel}","templated":true}]}}