{"id":18359,"date":"2019-11-26T18:52:38","date_gmt":"2019-11-26T17:52:38","guid":{"rendered":"https:\/\/www.psycho-bio-acupressure.com\/ausbildung\/3-perfektionierung\/"},"modified":"2019-11-27T12:59:31","modified_gmt":"2019-11-27T11:59:31","slug":"3-perfektionierung","status":"publish","type":"page","link":"https:\/\/www.psycho-bio-acupressure.com\/de\/ausbildung\/3-perfektionierung\/","title":{"rendered":"3 &#8211; Perfektionierung"},"content":{"rendered":"<div class=\"wpb-content-wrapper\"><p>[vc_row][vc_column][vc_column_text]<\/p>\n<h2>Das dritte Niveau: \u201ePerfektionierung der Arbeit mit den Blockaden\u201c<\/h2>\n<p><strong>Der Praktiker in Ausbildung, der sich f\u00fcr das 3. Niveau anmelden m\u00f6chte, sollte:<\/strong><\/p>\n<div id=\"liste\">\n<ul>\n<li>den 1. \u00dcberpr\u00fcfungskurs (w\u00e4hrend einer Dauer von 16 Stunden) absolviert haben<\/li>\n<li>Als \u201eGasth\u00f6rer\u201c einem Kurs des 3. Niveaus beigewohnt haben<\/li>\n<li>Beleg <strong>einer Aktivit\u00e4t im Kennenlernen der PBA mit 15 Besuchen beim Praktiker<\/strong>, die in einem \u201eBerichtsheft der Konsultationen\u201c festgehalten werden<\/li>\n<li><strong>Ab dem 3. Niveau m\u00fcssen alle Fallstudien mit den Kunden\/Patienten am ersten Tag der Ausbildung vorgelegt werden.<\/strong><\/li>\n<li>Eine PBA-Sitzung als Berater von einem zertifizierten Praktiker erhalten haben.<\/li>\n<\/ul>\n<p><strong>Das dritte Niveau von einer Dauer zwischen 8 und 16 Stunden je nach Teilnehmeranzahl ist eine Pr\u00fcfung, die Ihr Wissen best\u00e4tigt oder auch nicht. Es besteht auch in der Perfektionierung der Arbeit mit den Blockaden.<\/strong><\/p>\n<ul>\n<li>Magistrale Abfrage durch einen zugelassenen Ausbilder.<\/li>\n<li>Erfahrungsaustausch mit den Teilnehmern (Schwierigkeiten beim Erlernen der Pulsinterpretationstechnik, Erwerb von \u201eintuitivem Gef\u00fchl\u201c, Verbalisierung von Blockaden, usw.)<\/li>\n<li>Praktische \u00dcbung an einem Freiwilligen mit maximaler Begleitung durch den Ausbilder.<\/li>\n<li>Lernen, die theoretischen Grundlagen der PBA auf einfache Weise zu erkl\u00e4ren, sowohl in Bezug auf der Sequenzen als auch auf die Definition von emotionalen (energetischen) Blockaden und deren L\u00f6sung.<\/li>\n<li>Erlernen des Gef\u00fchls und der Praxis von Sequenzen, die der Berater ben\u00f6tigt.<\/li>\n<li>Vom Therapeuten erlernen der Verbalisierung und emotionale (energetische) Blockaden im Berater zu beseitigen.<\/li>\n<\/ul>\n<\/div>\n<p>F\u00fcr das 3. Niveau wird vom Kandidaten verlangt, eine Sitzung mit einem Erwachsenen zu machen, um dieses Niveau zu best\u00e4tigen: zu wissen, wie man die Sequenzen richtig macht, zu wissen, wie man im Klartext erkl\u00e4rt, worin die PBA besteht, zu wissen, wie man die Blockaden und ihre Auswirkungen erkennt, sich um die Person zu k\u00fcmmern.<\/p>\n<p>Ein 3. Niveau muss in der Lage sein, die Kapitel 1, 2 und das Problem durchzuf\u00fchren.<\/p>\n<p>Die Bewertung des 3. Niveaus erfolgt durch den Trainer und die von ihm benannten Personen, die seiner Jury angeh\u00f6ren sollen, wenn er die M\u00f6glichkeit dazu hat. Die Entscheidungen werden kollegial getroffen.[\/vc_column_text][\/vc_column][\/vc_row]<\/p>\n<\/div>","protected":false},"excerpt":{"rendered":"<p>[vc_row][vc_column][vc_column_text] Das dritte Niveau: \u201ePerfektionierung der Arbeit mit den Blockaden\u201c Der Praktiker in Ausbildung, der sich f\u00fcr das 3. Niveau anmelden m\u00f6chte, sollte: den 1. \u00dcberpr\u00fcfungskurs (w\u00e4hrend einer Dauer von 16 Stunden) absolviert haben Als \u201eGasth\u00f6rer\u201c einem Kurs des 3. Niveaus beigewohnt haben Beleg einer Aktivit\u00e4t im Kennenlernen der PBA mit 15 Besuchen beim Praktiker,&hellip;<\/p>\n","protected":false},"author":1,"featured_media":0,"parent":17945,"menu_order":0,"comment_status":"closed","ping_status":"closed","template":"","meta":{"_cbd_carousel_blocks":"[]","footnotes":""},"class_list":["post-18359","page","type-page","status-publish","hentry","description-off"],"yoast_head":"<!-- This site is optimized with the Yoast SEO plugin v27.5 - https:\/\/yoast.com\/product\/yoast-seo-wordpress\/ -->\n<title>3 - Perfektionierung - La PBA<\/title>\n<meta name=\"robots\" content=\"index, follow, max-snippet:-1, max-image-preview:large, max-video-preview:-1\" \/>\n<link rel=\"canonical\" href=\"https:\/\/www.psycho-bio-acupressure.com\/de\/ausbildung\/3-perfektionierung\/\" \/>\n<meta property=\"og:locale\" content=\"de_DE\" \/>\n<meta property=\"og:type\" content=\"article\" \/>\n<meta property=\"og:title\" content=\"3 - Perfektionierung - La PBA\" \/>\n<meta property=\"og:description\" content=\"[vc_row][vc_column][vc_column_text] Das dritte Niveau: \u201ePerfektionierung der Arbeit mit den Blockaden\u201c Der Praktiker in Ausbildung, der sich f\u00fcr das 3. Niveau anmelden m\u00f6chte, sollte: den 1. \u00dcberpr\u00fcfungskurs (w\u00e4hrend einer Dauer von 16 Stunden) absolviert haben Als \u201eGasth\u00f6rer\u201c einem Kurs des 3. Niveaus beigewohnt haben Beleg einer Aktivit\u00e4t im Kennenlernen der PBA mit 15 Besuchen beim Praktiker,&hellip;\" \/>\n<meta property=\"og:url\" content=\"https:\/\/www.psycho-bio-acupressure.com\/de\/ausbildung\/3-perfektionierung\/\" \/>\n<meta property=\"og:site_name\" content=\"La PBA\" \/>\n<meta property=\"article:publisher\" content=\"https:\/\/www.facebook.com\/InstitutDelatteDePsychoBioAcupressure\" \/>\n<meta property=\"article:modified_time\" content=\"2019-11-27T11:59:31+00:00\" \/>\n<meta name=\"twitter:card\" content=\"summary_large_image\" \/>\n<meta name=\"twitter:label1\" content=\"Gesch\u00e4tzte Lesezeit\" \/>\n\t<meta name=\"twitter:data1\" content=\"2\u00a0Minuten\" \/>\n<script type=\"application\/ld+json\" class=\"yoast-schema-graph\">{\"@context\":\"https:\\\/\\\/schema.org\",\"@graph\":[{\"@type\":\"WebPage\",\"@id\":\"https:\\\/\\\/www.psycho-bio-acupressure.com\\\/de\\\/ausbildung\\\/3-perfektionierung\\\/\",\"url\":\"https:\\\/\\\/www.psycho-bio-acupressure.com\\\/de\\\/ausbildung\\\/3-perfektionierung\\\/\",\"name\":\"3 - Perfektionierung - La PBA\",\"isPartOf\":{\"@id\":\"https:\\\/\\\/www.psycho-bio-acupressure.com\\\/de\\\/#website\"},\"datePublished\":\"2019-11-26T17:52:38+00:00\",\"dateModified\":\"2019-11-27T11:59:31+00:00\",\"breadcrumb\":{\"@id\":\"https:\\\/\\\/www.psycho-bio-acupressure.com\\\/de\\\/ausbildung\\\/3-perfektionierung\\\/#breadcrumb\"},\"inLanguage\":\"de\",\"potentialAction\":[{\"@type\":\"ReadAction\",\"target\":[\"https:\\\/\\\/www.psycho-bio-acupressure.com\\\/de\\\/ausbildung\\\/3-perfektionierung\\\/\"]}]},{\"@type\":\"BreadcrumbList\",\"@id\":\"https:\\\/\\\/www.psycho-bio-acupressure.com\\\/de\\\/ausbildung\\\/3-perfektionierung\\\/#breadcrumb\",\"itemListElement\":[{\"@type\":\"ListItem\",\"position\":1,\"name\":\"Accueil\",\"item\":\"https:\\\/\\\/www.psycho-bio-acupressure.com\\\/de\\\/\"},{\"@type\":\"ListItem\",\"position\":2,\"name\":\"Ausbildung\",\"item\":\"https:\\\/\\\/www.psycho-bio-acupressure.com\\\/de\\\/ausbildung\\\/\"},{\"@type\":\"ListItem\",\"position\":3,\"name\":\"3 &#8211; Perfektionierung\"}]},{\"@type\":\"WebSite\",\"@id\":\"https:\\\/\\\/www.psycho-bio-acupressure.com\\\/de\\\/#website\",\"url\":\"https:\\\/\\\/www.psycho-bio-acupressure.com\\\/de\\\/\",\"name\":\"La PBA\",\"description\":\"Institut DELATTE de Psycho-Bio-Acupressure\",\"publisher\":{\"@id\":\"https:\\\/\\\/www.psycho-bio-acupressure.com\\\/de\\\/#organization\"},\"potentialAction\":[{\"@type\":\"SearchAction\",\"target\":{\"@type\":\"EntryPoint\",\"urlTemplate\":\"https:\\\/\\\/www.psycho-bio-acupressure.com\\\/de\\\/?s={search_term_string}\"},\"query-input\":{\"@type\":\"PropertyValueSpecification\",\"valueRequired\":true,\"valueName\":\"search_term_string\"}}],\"inLanguage\":\"de\"},{\"@type\":\"Organization\",\"@id\":\"https:\\\/\\\/www.psycho-bio-acupressure.com\\\/de\\\/#organization\",\"name\":\"Institut Delatte de la Psycho-Bio-Acupressure\",\"url\":\"https:\\\/\\\/www.psycho-bio-acupressure.com\\\/de\\\/\",\"logo\":{\"@type\":\"ImageObject\",\"inLanguage\":\"de\",\"@id\":\"https:\\\/\\\/www.psycho-bio-acupressure.com\\\/de\\\/#\\\/schema\\\/logo\\\/image\\\/\",\"url\":\"https:\\\/\\\/www.psycho-bio-acupressure.com\\\/wp-content\\\/uploads\\\/2019\\\/04\\\/pba-logo.png\",\"contentUrl\":\"https:\\\/\\\/www.psycho-bio-acupressure.com\\\/wp-content\\\/uploads\\\/2019\\\/04\\\/pba-logo.png\",\"width\":1553,\"height\":1553,\"caption\":\"Institut Delatte de la Psycho-Bio-Acupressure\"},\"image\":{\"@id\":\"https:\\\/\\\/www.psycho-bio-acupressure.com\\\/de\\\/#\\\/schema\\\/logo\\\/image\\\/\"},\"sameAs\":[\"https:\\\/\\\/www.facebook.com\\\/InstitutDelatteDePsychoBioAcupressure\",\"https:\\\/\\\/www.instagram.com\\\/institutdocteurdelatteofficiel\\\/\"]}]}<\/script>\n<!-- \/ Yoast SEO plugin. -->","yoast_head_json":{"title":"3 - Perfektionierung - La PBA","robots":{"index":"index","follow":"follow","max-snippet":"max-snippet:-1","max-image-preview":"max-image-preview:large","max-video-preview":"max-video-preview:-1"},"canonical":"https:\/\/www.psycho-bio-acupressure.com\/de\/ausbildung\/3-perfektionierung\/","og_locale":"de_DE","og_type":"article","og_title":"3 - Perfektionierung - La PBA","og_description":"[vc_row][vc_column][vc_column_text] Das dritte Niveau: \u201ePerfektionierung der Arbeit mit den Blockaden\u201c Der Praktiker in Ausbildung, der sich f\u00fcr das 3. Niveau anmelden m\u00f6chte, sollte: den 1. \u00dcberpr\u00fcfungskurs (w\u00e4hrend einer Dauer von 16 Stunden) absolviert haben Als \u201eGasth\u00f6rer\u201c einem Kurs des 3. Niveaus beigewohnt haben Beleg einer Aktivit\u00e4t im Kennenlernen der PBA mit 15 Besuchen beim Praktiker,&hellip;","og_url":"https:\/\/www.psycho-bio-acupressure.com\/de\/ausbildung\/3-perfektionierung\/","og_site_name":"La PBA","article_publisher":"https:\/\/www.facebook.com\/InstitutDelatteDePsychoBioAcupressure","article_modified_time":"2019-11-27T11:59:31+00:00","twitter_card":"summary_large_image","twitter_misc":{"Gesch\u00e4tzte Lesezeit":"2\u00a0Minuten"},"schema":{"@context":"https:\/\/schema.org","@graph":[{"@type":"WebPage","@id":"https:\/\/www.psycho-bio-acupressure.com\/de\/ausbildung\/3-perfektionierung\/","url":"https:\/\/www.psycho-bio-acupressure.com\/de\/ausbildung\/3-perfektionierung\/","name":"3 - Perfektionierung - La PBA","isPartOf":{"@id":"https:\/\/www.psycho-bio-acupressure.com\/de\/#website"},"datePublished":"2019-11-26T17:52:38+00:00","dateModified":"2019-11-27T11:59:31+00:00","breadcrumb":{"@id":"https:\/\/www.psycho-bio-acupressure.com\/de\/ausbildung\/3-perfektionierung\/#breadcrumb"},"inLanguage":"de","potentialAction":[{"@type":"ReadAction","target":["https:\/\/www.psycho-bio-acupressure.com\/de\/ausbildung\/3-perfektionierung\/"]}]},{"@type":"BreadcrumbList","@id":"https:\/\/www.psycho-bio-acupressure.com\/de\/ausbildung\/3-perfektionierung\/#breadcrumb","itemListElement":[{"@type":"ListItem","position":1,"name":"Accueil","item":"https:\/\/www.psycho-bio-acupressure.com\/de\/"},{"@type":"ListItem","position":2,"name":"Ausbildung","item":"https:\/\/www.psycho-bio-acupressure.com\/de\/ausbildung\/"},{"@type":"ListItem","position":3,"name":"3 &#8211; Perfektionierung"}]},{"@type":"WebSite","@id":"https:\/\/www.psycho-bio-acupressure.com\/de\/#website","url":"https:\/\/www.psycho-bio-acupressure.com\/de\/","name":"La PBA","description":"Institut DELATTE de Psycho-Bio-Acupressure","publisher":{"@id":"https:\/\/www.psycho-bio-acupressure.com\/de\/#organization"},"potentialAction":[{"@type":"SearchAction","target":{"@type":"EntryPoint","urlTemplate":"https:\/\/www.psycho-bio-acupressure.com\/de\/?s={search_term_string}"},"query-input":{"@type":"PropertyValueSpecification","valueRequired":true,"valueName":"search_term_string"}}],"inLanguage":"de"},{"@type":"Organization","@id":"https:\/\/www.psycho-bio-acupressure.com\/de\/#organization","name":"Institut Delatte de la Psycho-Bio-Acupressure","url":"https:\/\/www.psycho-bio-acupressure.com\/de\/","logo":{"@type":"ImageObject","inLanguage":"de","@id":"https:\/\/www.psycho-bio-acupressure.com\/de\/#\/schema\/logo\/image\/","url":"https:\/\/www.psycho-bio-acupressure.com\/wp-content\/uploads\/2019\/04\/pba-logo.png","contentUrl":"https:\/\/www.psycho-bio-acupressure.com\/wp-content\/uploads\/2019\/04\/pba-logo.png","width":1553,"height":1553,"caption":"Institut Delatte de la Psycho-Bio-Acupressure"},"image":{"@id":"https:\/\/www.psycho-bio-acupressure.com\/de\/#\/schema\/logo\/image\/"},"sameAs":["https:\/\/www.facebook.com\/InstitutDelatteDePsychoBioAcupressure","https:\/\/www.instagram.com\/institutdocteurdelatteofficiel\/"]}]}},"_links":{"self":[{"href":"https:\/\/www.psycho-bio-acupressure.com\/de\/wp-json\/wp\/v2\/pages\/18359","targetHints":{"allow":["GET"]}}],"collection":[{"href":"https:\/\/www.psycho-bio-acupressure.com\/de\/wp-json\/wp\/v2\/pages"}],"about":[{"href":"https:\/\/www.psycho-bio-acupressure.com\/de\/wp-json\/wp\/v2\/types\/page"}],"author":[{"embeddable":true,"href":"https:\/\/www.psycho-bio-acupressure.com\/de\/wp-json\/wp\/v2\/users\/1"}],"replies":[{"embeddable":true,"href":"https:\/\/www.psycho-bio-acupressure.com\/de\/wp-json\/wp\/v2\/comments?post=18359"}],"version-history":[{"count":2,"href":"https:\/\/www.psycho-bio-acupressure.com\/de\/wp-json\/wp\/v2\/pages\/18359\/revisions"}],"predecessor-version":[{"id":18370,"href":"https:\/\/www.psycho-bio-acupressure.com\/de\/wp-json\/wp\/v2\/pages\/18359\/revisions\/18370"}],"up":[{"embeddable":true,"href":"https:\/\/www.psycho-bio-acupressure.com\/de\/wp-json\/wp\/v2\/pages\/17945"}],"wp:attachment":[{"href":"https:\/\/www.psycho-bio-acupressure.com\/de\/wp-json\/wp\/v2\/media?parent=18359"}],"curies":[{"name":"wp","href":"https:\/\/api.w.org\/{rel}","templated":true}]}}