{"id":18378,"date":"2019-11-27T18:39:47","date_gmt":"2019-11-27T17:39:47","guid":{"rendered":"https:\/\/www.psycho-bio-acupressure.com\/ausbildung\/5-werden-sie-therapeut\/"},"modified":"2019-11-27T18:39:49","modified_gmt":"2019-11-27T17:39:49","slug":"5-werden-sie-therapeut","status":"publish","type":"page","link":"https:\/\/www.psycho-bio-acupressure.com\/de\/ausbildung\/5-werden-sie-therapeut\/","title":{"rendered":"5 &#8211; Werden Sie Therapeut"},"content":{"rendered":"<div class=\"wpb-content-wrapper\"><p>[vc_row][vc_column][vc_column_text]<\/p>\n<h2>Das f\u00fcnfte Niveau: \u201eWerden Sie lizenzierter Therapeut\u201c<\/h2>\n<p>Dieser Kurs dauert 8 bis 16 Stunden und ist die Abschlusspr\u00fcfung.<\/p>\n<p>Ein Praktiker in der Ausbildung, der sich f\u00fcr das 5. Niveau pr\u00e4sentieren m\u00f6chte, muss<\/p>\n<ul>\n<li>einen \u00dcberpr\u00fcfungskurs 2+ (w\u00e4hrend einer Dauer von 16 Stunden) oder einen \u00dcberpr\u00fcfungskurs 2 seit dem Niveau 4 mit der Lehre von der Betreuung der Kinder und der Babys gefolgt sein,<\/li>\n<li>die Punkte von den Kreisl\u00e4ufen der PBA kennen,<\/li>\n<li>zwei neue Sitzungen seit dem 4. Niveau an sich selbst durch einen lizenzierten Therapeuten mit 5. Niveau durchgef\u00fchrt zu haben.<\/li>\n<\/ul>\n<p>Der \u00dcbergang zum 5. Niveau erfolgt an einem Baby, einem Kind oder einem Erwachsenen.<\/p>\n<p>Diese Pr\u00fcfung kann in einem Zeitraum von mindestens einem Jahr seit dem erlangten 4. Niveau abgelegt werden mit dem Nachweis von 100 neuen Klienten, die in dem Berichtsheft der Konsultationen dokumentiert sind.<\/p>\n<p>In diesem Jahr m\u00fcssen die Kandidaten auch zwei Kurse der 3., 4. und 5. Niveaus als freie Auditoren absolviert haben (Dauer dieser beiden Kurse: 16 Stunden).<\/p>\n<p>Dieses Modul besteht aus einer kompletter PBA-Sitzung, die von dem Pr\u00fcfungskandidaten an einem Baby, Kind oder Erwachsenen unter Kontrolle eines zugelassenen Trainers durchgef\u00fchrt wird.<\/p>\n<p>Der Kandidat ist eingeladen, eine mindestens 10-seitige Abschlussarbeit vorzubereiten und am Tag der Pr\u00fcfung einzureichen, in der er seine Erfahrungen mit der PBA darstellt, einige F\u00e4lle, die ihn beeindruckt haben pr\u00e4sentiert, sowie die eventuellen Schwierigkeiten die ihm w\u00e4hrend seiner Ausbildung begegnet sind darlegt. Er kann auch w\u00e4hlen zu erkl\u00e4ren, wie er die PBA erlebt hat, seit er sie benutzt und die Unterschiede, die er zu anderen Techniken, die er schon vorher benutzt hatte, gefunden hat.<\/p>\n<p>Das Diplom des 5. Niveaus wird unter der direkten Aufsicht des Studienleiters verliehen.<\/p>\n<p>Der neue Praktiker erh\u00e4lt sein Diplom des vom INSTITUT DELATTE DER PSYCHO-BIO-AKUPRESSUR (PBA) zugelassenen Therapeuten, er wird in das Register der Therapeuten des Instituts eingetragen. Er wird sein Engagement unterschreiben, den Status der IDPBA, insbesondere seinen ethischen Verhaltenskodex und die Verpflichtung der periodischen Auffrischung zu respektieren, wie es im Status des Instituts definiert ist (jedes Jahr an mindestens einem Kurs des 3.,4. und 5. Niveau als Gasth\u00f6rer teilzunehmen).<br \/>\nDem zertifizierten Praktiker wird es erlaubt, zwischen 60 \u20ac und 80 \u20ac pro Sitzung zu erhalten.<\/p>\n<p>Alle Praktiker verpflichten sich, regelm\u00e4\u00dfig mindestens einmal im Jahr an einem Kurs des 3., 4. und 5. Niveaus als freier Auditor teilnehmen, um ihre Kenntnisse zu erneuern und die Entwicklung der PBA kontinuierlich zu verfolgen.[\/vc_column_text][\/vc_column][\/vc_row]<\/p>\n<\/div>","protected":false},"excerpt":{"rendered":"<p>[vc_row][vc_column][vc_column_text] Das f\u00fcnfte Niveau: \u201eWerden Sie lizenzierter Therapeut\u201c Dieser Kurs dauert 8 bis 16 Stunden und ist die Abschlusspr\u00fcfung. Ein Praktiker in der Ausbildung, der sich f\u00fcr das 5. Niveau pr\u00e4sentieren m\u00f6chte, muss einen \u00dcberpr\u00fcfungskurs 2+ (w\u00e4hrend einer Dauer von 16 Stunden) oder einen \u00dcberpr\u00fcfungskurs 2 seit dem Niveau 4 mit der Lehre von der&hellip;<\/p>\n","protected":false},"author":1,"featured_media":0,"parent":17945,"menu_order":0,"comment_status":"closed","ping_status":"closed","template":"","meta":{"_cbd_carousel_blocks":"[]","footnotes":""},"class_list":["post-18378","page","type-page","status-publish","hentry","description-off"],"yoast_head":"<!-- This site is optimized with the Yoast SEO plugin v27.4 - https:\/\/yoast.com\/product\/yoast-seo-wordpress\/ -->\n<title>5 - Werden Sie Therapeut - La PBA<\/title>\n<meta name=\"robots\" content=\"index, follow, max-snippet:-1, max-image-preview:large, max-video-preview:-1\" \/>\n<link rel=\"canonical\" href=\"https:\/\/www.psycho-bio-acupressure.com\/de\/ausbildung\/5-werden-sie-therapeut\/\" \/>\n<meta property=\"og:locale\" content=\"de_DE\" \/>\n<meta property=\"og:type\" content=\"article\" \/>\n<meta property=\"og:title\" content=\"5 - Werden Sie Therapeut - La PBA\" \/>\n<meta property=\"og:description\" content=\"[vc_row][vc_column][vc_column_text] Das f\u00fcnfte Niveau: \u201eWerden Sie lizenzierter Therapeut\u201c Dieser Kurs dauert 8 bis 16 Stunden und ist die Abschlusspr\u00fcfung. Ein Praktiker in der Ausbildung, der sich f\u00fcr das 5. Niveau pr\u00e4sentieren m\u00f6chte, muss einen \u00dcberpr\u00fcfungskurs 2+ (w\u00e4hrend einer Dauer von 16 Stunden) oder einen \u00dcberpr\u00fcfungskurs 2 seit dem Niveau 4 mit der Lehre von der&hellip;\" \/>\n<meta property=\"og:url\" content=\"https:\/\/www.psycho-bio-acupressure.com\/de\/ausbildung\/5-werden-sie-therapeut\/\" \/>\n<meta property=\"og:site_name\" content=\"La PBA\" \/>\n<meta property=\"article:publisher\" content=\"https:\/\/www.facebook.com\/InstitutDelatteDePsychoBioAcupressure\" \/>\n<meta property=\"article:modified_time\" content=\"2019-11-27T17:39:49+00:00\" \/>\n<meta name=\"twitter:card\" content=\"summary_large_image\" \/>\n<meta name=\"twitter:label1\" content=\"Gesch\u00e4tzte Lesezeit\" \/>\n\t<meta name=\"twitter:data1\" content=\"2\u00a0Minuten\" \/>\n<script type=\"application\/ld+json\" class=\"yoast-schema-graph\">{\"@context\":\"https:\\\/\\\/schema.org\",\"@graph\":[{\"@type\":\"WebPage\",\"@id\":\"https:\\\/\\\/www.psycho-bio-acupressure.com\\\/de\\\/ausbildung\\\/5-werden-sie-therapeut\\\/\",\"url\":\"https:\\\/\\\/www.psycho-bio-acupressure.com\\\/de\\\/ausbildung\\\/5-werden-sie-therapeut\\\/\",\"name\":\"5 - Werden Sie Therapeut - La PBA\",\"isPartOf\":{\"@id\":\"https:\\\/\\\/www.psycho-bio-acupressure.com\\\/de\\\/#website\"},\"datePublished\":\"2019-11-27T17:39:47+00:00\",\"dateModified\":\"2019-11-27T17:39:49+00:00\",\"breadcrumb\":{\"@id\":\"https:\\\/\\\/www.psycho-bio-acupressure.com\\\/de\\\/ausbildung\\\/5-werden-sie-therapeut\\\/#breadcrumb\"},\"inLanguage\":\"de\",\"potentialAction\":[{\"@type\":\"ReadAction\",\"target\":[\"https:\\\/\\\/www.psycho-bio-acupressure.com\\\/de\\\/ausbildung\\\/5-werden-sie-therapeut\\\/\"]}]},{\"@type\":\"BreadcrumbList\",\"@id\":\"https:\\\/\\\/www.psycho-bio-acupressure.com\\\/de\\\/ausbildung\\\/5-werden-sie-therapeut\\\/#breadcrumb\",\"itemListElement\":[{\"@type\":\"ListItem\",\"position\":1,\"name\":\"Accueil\",\"item\":\"https:\\\/\\\/www.psycho-bio-acupressure.com\\\/de\\\/\"},{\"@type\":\"ListItem\",\"position\":2,\"name\":\"Ausbildung\",\"item\":\"https:\\\/\\\/www.psycho-bio-acupressure.com\\\/de\\\/ausbildung\\\/\"},{\"@type\":\"ListItem\",\"position\":3,\"name\":\"5 &#8211; Werden Sie Therapeut\"}]},{\"@type\":\"WebSite\",\"@id\":\"https:\\\/\\\/www.psycho-bio-acupressure.com\\\/de\\\/#website\",\"url\":\"https:\\\/\\\/www.psycho-bio-acupressure.com\\\/de\\\/\",\"name\":\"La PBA\",\"description\":\"Institut DELATTE de Psycho-Bio-Acupressure\",\"publisher\":{\"@id\":\"https:\\\/\\\/www.psycho-bio-acupressure.com\\\/de\\\/#organization\"},\"potentialAction\":[{\"@type\":\"SearchAction\",\"target\":{\"@type\":\"EntryPoint\",\"urlTemplate\":\"https:\\\/\\\/www.psycho-bio-acupressure.com\\\/de\\\/?s={search_term_string}\"},\"query-input\":{\"@type\":\"PropertyValueSpecification\",\"valueRequired\":true,\"valueName\":\"search_term_string\"}}],\"inLanguage\":\"de\"},{\"@type\":\"Organization\",\"@id\":\"https:\\\/\\\/www.psycho-bio-acupressure.com\\\/de\\\/#organization\",\"name\":\"Institut Delatte de la Psycho-Bio-Acupressure\",\"url\":\"https:\\\/\\\/www.psycho-bio-acupressure.com\\\/de\\\/\",\"logo\":{\"@type\":\"ImageObject\",\"inLanguage\":\"de\",\"@id\":\"https:\\\/\\\/www.psycho-bio-acupressure.com\\\/de\\\/#\\\/schema\\\/logo\\\/image\\\/\",\"url\":\"https:\\\/\\\/www.psycho-bio-acupressure.com\\\/wp-content\\\/uploads\\\/2019\\\/04\\\/pba-logo.png\",\"contentUrl\":\"https:\\\/\\\/www.psycho-bio-acupressure.com\\\/wp-content\\\/uploads\\\/2019\\\/04\\\/pba-logo.png\",\"width\":1553,\"height\":1553,\"caption\":\"Institut Delatte de la Psycho-Bio-Acupressure\"},\"image\":{\"@id\":\"https:\\\/\\\/www.psycho-bio-acupressure.com\\\/de\\\/#\\\/schema\\\/logo\\\/image\\\/\"},\"sameAs\":[\"https:\\\/\\\/www.facebook.com\\\/InstitutDelatteDePsychoBioAcupressure\",\"https:\\\/\\\/www.instagram.com\\\/institutdocteurdelatteofficiel\\\/\"]}]}<\/script>\n<!-- \/ Yoast SEO plugin. -->","yoast_head_json":{"title":"5 - Werden Sie Therapeut - La PBA","robots":{"index":"index","follow":"follow","max-snippet":"max-snippet:-1","max-image-preview":"max-image-preview:large","max-video-preview":"max-video-preview:-1"},"canonical":"https:\/\/www.psycho-bio-acupressure.com\/de\/ausbildung\/5-werden-sie-therapeut\/","og_locale":"de_DE","og_type":"article","og_title":"5 - Werden Sie Therapeut - La PBA","og_description":"[vc_row][vc_column][vc_column_text] Das f\u00fcnfte Niveau: \u201eWerden Sie lizenzierter Therapeut\u201c Dieser Kurs dauert 8 bis 16 Stunden und ist die Abschlusspr\u00fcfung. Ein Praktiker in der Ausbildung, der sich f\u00fcr das 5. Niveau pr\u00e4sentieren m\u00f6chte, muss einen \u00dcberpr\u00fcfungskurs 2+ (w\u00e4hrend einer Dauer von 16 Stunden) oder einen \u00dcberpr\u00fcfungskurs 2 seit dem Niveau 4 mit der Lehre von der&hellip;","og_url":"https:\/\/www.psycho-bio-acupressure.com\/de\/ausbildung\/5-werden-sie-therapeut\/","og_site_name":"La PBA","article_publisher":"https:\/\/www.facebook.com\/InstitutDelatteDePsychoBioAcupressure","article_modified_time":"2019-11-27T17:39:49+00:00","twitter_card":"summary_large_image","twitter_misc":{"Gesch\u00e4tzte Lesezeit":"2\u00a0Minuten"},"schema":{"@context":"https:\/\/schema.org","@graph":[{"@type":"WebPage","@id":"https:\/\/www.psycho-bio-acupressure.com\/de\/ausbildung\/5-werden-sie-therapeut\/","url":"https:\/\/www.psycho-bio-acupressure.com\/de\/ausbildung\/5-werden-sie-therapeut\/","name":"5 - Werden Sie Therapeut - La PBA","isPartOf":{"@id":"https:\/\/www.psycho-bio-acupressure.com\/de\/#website"},"datePublished":"2019-11-27T17:39:47+00:00","dateModified":"2019-11-27T17:39:49+00:00","breadcrumb":{"@id":"https:\/\/www.psycho-bio-acupressure.com\/de\/ausbildung\/5-werden-sie-therapeut\/#breadcrumb"},"inLanguage":"de","potentialAction":[{"@type":"ReadAction","target":["https:\/\/www.psycho-bio-acupressure.com\/de\/ausbildung\/5-werden-sie-therapeut\/"]}]},{"@type":"BreadcrumbList","@id":"https:\/\/www.psycho-bio-acupressure.com\/de\/ausbildung\/5-werden-sie-therapeut\/#breadcrumb","itemListElement":[{"@type":"ListItem","position":1,"name":"Accueil","item":"https:\/\/www.psycho-bio-acupressure.com\/de\/"},{"@type":"ListItem","position":2,"name":"Ausbildung","item":"https:\/\/www.psycho-bio-acupressure.com\/de\/ausbildung\/"},{"@type":"ListItem","position":3,"name":"5 &#8211; Werden Sie Therapeut"}]},{"@type":"WebSite","@id":"https:\/\/www.psycho-bio-acupressure.com\/de\/#website","url":"https:\/\/www.psycho-bio-acupressure.com\/de\/","name":"La PBA","description":"Institut DELATTE de Psycho-Bio-Acupressure","publisher":{"@id":"https:\/\/www.psycho-bio-acupressure.com\/de\/#organization"},"potentialAction":[{"@type":"SearchAction","target":{"@type":"EntryPoint","urlTemplate":"https:\/\/www.psycho-bio-acupressure.com\/de\/?s={search_term_string}"},"query-input":{"@type":"PropertyValueSpecification","valueRequired":true,"valueName":"search_term_string"}}],"inLanguage":"de"},{"@type":"Organization","@id":"https:\/\/www.psycho-bio-acupressure.com\/de\/#organization","name":"Institut Delatte de la Psycho-Bio-Acupressure","url":"https:\/\/www.psycho-bio-acupressure.com\/de\/","logo":{"@type":"ImageObject","inLanguage":"de","@id":"https:\/\/www.psycho-bio-acupressure.com\/de\/#\/schema\/logo\/image\/","url":"https:\/\/www.psycho-bio-acupressure.com\/wp-content\/uploads\/2019\/04\/pba-logo.png","contentUrl":"https:\/\/www.psycho-bio-acupressure.com\/wp-content\/uploads\/2019\/04\/pba-logo.png","width":1553,"height":1553,"caption":"Institut Delatte de la Psycho-Bio-Acupressure"},"image":{"@id":"https:\/\/www.psycho-bio-acupressure.com\/de\/#\/schema\/logo\/image\/"},"sameAs":["https:\/\/www.facebook.com\/InstitutDelatteDePsychoBioAcupressure","https:\/\/www.instagram.com\/institutdocteurdelatteofficiel\/"]}]}},"_links":{"self":[{"href":"https:\/\/www.psycho-bio-acupressure.com\/de\/wp-json\/wp\/v2\/pages\/18378","targetHints":{"allow":["GET"]}}],"collection":[{"href":"https:\/\/www.psycho-bio-acupressure.com\/de\/wp-json\/wp\/v2\/pages"}],"about":[{"href":"https:\/\/www.psycho-bio-acupressure.com\/de\/wp-json\/wp\/v2\/types\/page"}],"author":[{"embeddable":true,"href":"https:\/\/www.psycho-bio-acupressure.com\/de\/wp-json\/wp\/v2\/users\/1"}],"replies":[{"embeddable":true,"href":"https:\/\/www.psycho-bio-acupressure.com\/de\/wp-json\/wp\/v2\/comments?post=18378"}],"version-history":[{"count":1,"href":"https:\/\/www.psycho-bio-acupressure.com\/de\/wp-json\/wp\/v2\/pages\/18378\/revisions"}],"predecessor-version":[{"id":18379,"href":"https:\/\/www.psycho-bio-acupressure.com\/de\/wp-json\/wp\/v2\/pages\/18378\/revisions\/18379"}],"up":[{"embeddable":true,"href":"https:\/\/www.psycho-bio-acupressure.com\/de\/wp-json\/wp\/v2\/pages\/17945"}],"wp:attachment":[{"href":"https:\/\/www.psycho-bio-acupressure.com\/de\/wp-json\/wp\/v2\/media?parent=18378"}],"curies":[{"name":"wp","href":"https:\/\/api.w.org\/{rel}","templated":true}]}}