{"id":57916,"date":"2022-02-01T17:23:20","date_gmt":"2022-02-01T16:23:20","guid":{"rendered":"https:\/\/www.psycho-bio-acupressure.com\/zertifizierte-praktiker\/portugal\/"},"modified":"2022-02-01T17:23:20","modified_gmt":"2022-02-01T16:23:20","slug":"portugal","status":"publish","type":"page","link":"https:\/\/www.psycho-bio-acupressure.com\/de\/zertifizierte-praktiker\/portugal\/","title":{"rendered":"Portugal"},"content":{"rendered":"<div id=\"cn-top\" style=\"position: absolute; top: 0; right: 0;\"><\/div><div class=\"cn-list\" id=\"cn-list\" data-connections-version=\"10.4.66-0.7\"><div class=\"cn-template cn-cmap\" id=\"cn-cmap\" data-template-version=\"5.6\"><div class=\"cn-list-head\">\n<form class=\"cn-form\" id=\"cn-cat-select\" method=\"get\"><\/form><\/div>\n<div class=\"cn-list-body\" id=\"cn-list-body\">\n<div class=\"cn-list-section-head\" id=\"cn-char-L\"><h4 class=\"cn-alphahead\">L<\/h4><\/div><div class=\"cn-list-row cn-list-item vcard individual portugal\" id=\"aude-lablancherie\" data-entry-type=\"individual\" data-entry-id=\"320\" data-entry-slug=\"aude-lablancherie\"><div id=\"entry-id-32069f1c93ab9ac5\"  class=\"cn-entry cn-background-gradient cn-background-shadow\"   style=\"background-color: #85a3bf; border: 1px solid #1e73be; border-radius: 4px; margin: 8px 0; padding: 10px; position: relative\">\r\n\r\n\t<div class=\"cn-left\">\r\n\r\n\t\t\n\t<\/div> <!-- \/.cn-left -->\r\n\r\n\t<div class=\"cn-right\">\r\n\r\n\t\t<div style=\"margin-bottom: 5px;\">\r\n\r\n\t\t\t<h3><span class=\"fn n notranslate\"> <span class=\"given-name\">Aude<\/span> <span class=\"family-name\">LABLANCHERIE<\/span><\/span>\n<\/h3>\r\n\t\t\t\n\t\t<\/div>\r\n\r\n\t\t<span class=\"address-block\"><span class=\"adr cn-address\"><span class=\"address-name\">Cabinet<\/span> <span class=\"locality\">Lisboa<\/span> <span class=\"country-name\">Portugal<\/span><span class=\"type\" style=\"display: none;\">work<\/span><\/span><\/span>\n<span class=\"phone-number-block\">\n<span class=\"tel cn-phone-number cn-phone-number-type-cellphone\"><span class=\"phone-name\">Handy<\/span><span class=\"cn-separator\">:<\/span> <span class=\"value\">+351 927 600 121<\/span><span class=\"type\" style=\"display: none;\">cell<\/span><\/span>\n<\/span>\n<span class=\"email-address-block\">\n<span class=\"email cn-email-address\"><span class=\"email-name\">Email<\/span><span class=\"cn-separator\">:<\/span> <span class=\"email-address\"><a class=\"value\" title=\"Aude LABLANCHERIE work email.\" href=\"mailto:aude.lablancherie@gmail.com\">aude.lablancherie@gmail.com<\/a><\/span><span class=\"type\" style=\"display: none;\">INTERNET<\/span><\/span>\n<\/span>\n\t<\/div><!-- \/.cn-right -->\r\n\r\n\t<div class=\"cn-clear\"><\/div>\r\n\r\n\t\r\n\t<div class=\"cn-clear\" style=\"display:table;margin: 10px 0;width:100%;\">\r\n\t\t<div style=\"display:table-cell;vertical-align:middle;\">\r\n\t\t\t<div class=\"cn-categories\"><span class=\"cn_category_label\">R\u00e9gions \/ Prise en charge sp\u00e9cifique :<\/span> <span class=\"cn-category-name cn_category cn-category-348 cn-category-portugal\">Portugal<\/span><\/div>\n\t\t<\/div>\r\n\t\t<div style=\"display:table-cell;text-align:right;vertical-align:middle;\">\r\n\t\t\t\t\t<\/div>\r\n\t<\/div>\r\n\r\n\t<div class=\"cn-tray-links\">\r\n\r\n\t\t<div class=\"cn-left\">\r\n\t\t\t\r\n\t\t\tStagiaire, niveau 4, \u00e9galement form\u00e9e \u00e0 la prise en charge des enfants<div class=\"cn-clear\"><\/div>\t\t\t\r\n\t\t\t\t\r\n <\/div> <!-- \/.cn-left -->\r\n\t\t<div class=\"cn-clear\"><\/div>\r\n\t\t<div class=\"cn-right\">\r\n\t\t\t\r\n<div class=\"cn-clear\"><\/div>\r\n\t\t\t<div class=\"cn-clear\"><\/div>\r\n\t\t\t<a class=\"cn-map-anchor cn-cmap-toggle\" id=\"map-anchor-32069f1c93ab9ac5\" href=\"#\" data-uuid=\"32069f1c93ab9ac5\" data-div-id=\"map-block-32069f1c93ab9ac5\">Karte anzeigen<\/a><span class=\"toggle-map-divider\"> | <\/span>\r\n\t\t\t\t<span class=\"cn-return-to-top\"><span class=\"cn-return-to-top\"><a href=\"#cn-top\" title=\"Zur\u00fcck zum Anfang.\"><img decoding=\"async\" src=\"https:\/\/www.psycho-bio-acupressure.com\/wp-content\/plugins\/connections\/assets\/images\/uparrow.gif\" alt=\"Zur\u00fcck zum Anfang.\"\/><\/a><\/span>\n<\/span>\r\n\r\n\t\t\t\r\n\t\t<\/div> <!-- \/.cn-right -->\r\n\t<\/div> <!-- \/.cn-tray-links -->\r\n\r\n\t<div class=\"cn-clear\"><\/div>\r\n\r\n\t<div class=\"cn-content-tray\">\r\n\t\t\r\n\t\t\r\n\t\t<div class=\"cn-cmap-tab cn-gmap\" id=\"map-block-32069f1c93ab9ac5\" data-type=\"map\" style=\"display: none;\">\n<map-block id=\"cn-map-32069f1c93ab9ac5\" style=\"display: block;height: 400px;width: 100%\" data-center=\"39.828300000000,-98.579500000000\" data-zoom=\"13\" data-height=\"400px\" data-width=\"100%\">\n<map-control-layers  data-id=\"layerControl\" data-collapsed=\"false\">\n<map-base-layer data-id=\"google-roadmap\">Roadmap<\/map-base-layer>\n<map-base-layer data-id=\"google-hybrid\">Satellite<\/map-base-layer>\n<\/map-control-layers>\n<map-tilelayer  data-id=\"google-roadmap\" data-type=\"roadmap\" data-name=\"Roadmap\"><a href=\"https:\/\/connections-pro.com\/\" target=\"_blank\" title=\"Connections Business Directory plugin for WordPress\">Connections Business Directory<\/a> | <a href=\"https:\/\/leafletjs.com\/\" target=\"_blank\" title=\"Leaflet\">Leaflet<\/a><\/map-tilelayer>\n<map-tilelayer  data-id=\"google-hybrid\" data-type=\"hybrid\" data-name=\"Satellite\"><a href=\"https:\/\/connections-pro.com\/\" target=\"_blank\" title=\"Connections Business Directory plugin for WordPress\">Connections Business Directory<\/a> | <a href=\"https:\/\/leafletjs.com\/\" target=\"_blank\" title=\"Leaflet\">Leaflet<\/a><\/map-tilelayer>\n<map-marker  data-id=\"default\" data-latitude=\"38.722252400000\" data-longitude=\"-9.139336600000\"><map-marker-popup  data-id=\"default\"><p>Lisboa Portugal<\/p><div><a href=\"https:\/\/www.google.com\/maps?saddr&daddr=38.722252400000,-9.139336600000\" target=\"_blank\"><button>Anweisungen erhalten<\/button><\/a><\/div><\/map-marker-popup><\/map-marker>\n<\/map-block>\n<\/div>\t<\/div> <!-- \/.cn-content-tray -->\r\n<\/div>\r\n\n<\/div>\n<\/div>\n<div class=\"cn-list-foot\">\n\n<\/div>\n\n<\/div>\n\n<\/div>\n","protected":false},"excerpt":{"rendered":"<p>L Aude LABLANCHERIE Cabinet Lisboa Portugalwork Handy: +351 927 600 121cell Email: aude.lablancherie@gmail.comINTERNET R\u00e9gions \/ Prise en charge sp\u00e9cifique : Portugal Stagiaire, niveau 4, \u00e9galement form\u00e9e \u00e0 la prise en charge des enfants Karte anzeigen | Roadmap Satellite Connections Business Directory | Leaflet Connections Business Directory | Leaflet Lisboa PortugalAnweisungen erhalten<\/p>\n","protected":false},"author":1,"featured_media":0,"parent":17903,"menu_order":0,"comment_status":"closed","ping_status":"closed","template":"","meta":{"_cbd_carousel_blocks":"[]","footnotes":""},"class_list":["post-57916","page","type-page","status-publish","hentry","description-off"],"yoast_head":"<!-- This site is optimized with the Yoast SEO plugin v27.5 - https:\/\/yoast.com\/product\/yoast-seo-wordpress\/ -->\n<title>Portugal - La PBA<\/title>\n<meta name=\"robots\" content=\"index, follow, max-snippet:-1, max-image-preview:large, max-video-preview:-1\" \/>\n<link rel=\"canonical\" href=\"https:\/\/www.psycho-bio-acupressure.com\/de\/zertifizierte-praktiker\/portugal\/\" \/>\n<meta property=\"og:locale\" content=\"de_DE\" \/>\n<meta property=\"og:type\" content=\"article\" \/>\n<meta property=\"og:title\" content=\"Portugal - La PBA\" \/>\n<meta property=\"og:url\" content=\"https:\/\/www.psycho-bio-acupressure.com\/de\/zertifizierte-praktiker\/portugal\/\" \/>\n<meta property=\"og:site_name\" content=\"La PBA\" \/>\n<meta property=\"article:publisher\" content=\"https:\/\/www.facebook.com\/InstitutDelatteDePsychoBioAcupressure\" \/>\n<meta name=\"twitter:card\" content=\"summary_large_image\" \/>\n<script type=\"application\/ld+json\" class=\"yoast-schema-graph\">{\"@context\":\"https:\\\/\\\/schema.org\",\"@graph\":[{\"@type\":\"WebPage\",\"@id\":\"https:\\\/\\\/www.psycho-bio-acupressure.com\\\/de\\\/zertifizierte-praktiker\\\/portugal\\\/\",\"url\":\"https:\\\/\\\/www.psycho-bio-acupressure.com\\\/de\\\/zertifizierte-praktiker\\\/portugal\\\/\",\"name\":\"Portugal - La PBA\",\"isPartOf\":{\"@id\":\"https:\\\/\\\/www.psycho-bio-acupressure.com\\\/de\\\/#website\"},\"datePublished\":\"2022-02-01T16:23:20+00:00\",\"breadcrumb\":{\"@id\":\"https:\\\/\\\/www.psycho-bio-acupressure.com\\\/de\\\/zertifizierte-praktiker\\\/portugal\\\/#breadcrumb\"},\"inLanguage\":\"de\",\"potentialAction\":[{\"@type\":\"ReadAction\",\"target\":[\"https:\\\/\\\/www.psycho-bio-acupressure.com\\\/de\\\/zertifizierte-praktiker\\\/portugal\\\/\"]}]},{\"@type\":\"BreadcrumbList\",\"@id\":\"https:\\\/\\\/www.psycho-bio-acupressure.com\\\/de\\\/zertifizierte-praktiker\\\/portugal\\\/#breadcrumb\",\"itemListElement\":[{\"@type\":\"ListItem\",\"position\":1,\"name\":\"Accueil\",\"item\":\"https:\\\/\\\/www.psycho-bio-acupressure.com\\\/de\\\/\"},{\"@type\":\"ListItem\",\"position\":2,\"name\":\"Zertifizierte Praktiker\",\"item\":\"https:\\\/\\\/www.psycho-bio-acupressure.com\\\/de\\\/zertifizierte-praktiker\\\/\"},{\"@type\":\"ListItem\",\"position\":3,\"name\":\"Portugal\"}]},{\"@type\":\"WebSite\",\"@id\":\"https:\\\/\\\/www.psycho-bio-acupressure.com\\\/de\\\/#website\",\"url\":\"https:\\\/\\\/www.psycho-bio-acupressure.com\\\/de\\\/\",\"name\":\"La PBA\",\"description\":\"Institut DELATTE de Psycho-Bio-Acupressure\",\"publisher\":{\"@id\":\"https:\\\/\\\/www.psycho-bio-acupressure.com\\\/de\\\/#organization\"},\"potentialAction\":[{\"@type\":\"SearchAction\",\"target\":{\"@type\":\"EntryPoint\",\"urlTemplate\":\"https:\\\/\\\/www.psycho-bio-acupressure.com\\\/de\\\/?s={search_term_string}\"},\"query-input\":{\"@type\":\"PropertyValueSpecification\",\"valueRequired\":true,\"valueName\":\"search_term_string\"}}],\"inLanguage\":\"de\"},{\"@type\":\"Organization\",\"@id\":\"https:\\\/\\\/www.psycho-bio-acupressure.com\\\/de\\\/#organization\",\"name\":\"Institut Delatte de la Psycho-Bio-Acupressure\",\"url\":\"https:\\\/\\\/www.psycho-bio-acupressure.com\\\/de\\\/\",\"logo\":{\"@type\":\"ImageObject\",\"inLanguage\":\"de\",\"@id\":\"https:\\\/\\\/www.psycho-bio-acupressure.com\\\/de\\\/#\\\/schema\\\/logo\\\/image\\\/\",\"url\":\"https:\\\/\\\/www.psycho-bio-acupressure.com\\\/wp-content\\\/uploads\\\/2019\\\/04\\\/pba-logo.png\",\"contentUrl\":\"https:\\\/\\\/www.psycho-bio-acupressure.com\\\/wp-content\\\/uploads\\\/2019\\\/04\\\/pba-logo.png\",\"width\":1553,\"height\":1553,\"caption\":\"Institut Delatte de la Psycho-Bio-Acupressure\"},\"image\":{\"@id\":\"https:\\\/\\\/www.psycho-bio-acupressure.com\\\/de\\\/#\\\/schema\\\/logo\\\/image\\\/\"},\"sameAs\":[\"https:\\\/\\\/www.facebook.com\\\/InstitutDelatteDePsychoBioAcupressure\",\"https:\\\/\\\/www.instagram.com\\\/institutdocteurdelatteofficiel\\\/\"]}]}<\/script>\n<!-- \/ Yoast SEO plugin. -->","yoast_head_json":{"title":"Portugal - La PBA","robots":{"index":"index","follow":"follow","max-snippet":"max-snippet:-1","max-image-preview":"max-image-preview:large","max-video-preview":"max-video-preview:-1"},"canonical":"https:\/\/www.psycho-bio-acupressure.com\/de\/zertifizierte-praktiker\/portugal\/","og_locale":"de_DE","og_type":"article","og_title":"Portugal - La PBA","og_url":"https:\/\/www.psycho-bio-acupressure.com\/de\/zertifizierte-praktiker\/portugal\/","og_site_name":"La PBA","article_publisher":"https:\/\/www.facebook.com\/InstitutDelatteDePsychoBioAcupressure","twitter_card":"summary_large_image","schema":{"@context":"https:\/\/schema.org","@graph":[{"@type":"WebPage","@id":"https:\/\/www.psycho-bio-acupressure.com\/de\/zertifizierte-praktiker\/portugal\/","url":"https:\/\/www.psycho-bio-acupressure.com\/de\/zertifizierte-praktiker\/portugal\/","name":"Portugal - La PBA","isPartOf":{"@id":"https:\/\/www.psycho-bio-acupressure.com\/de\/#website"},"datePublished":"2022-02-01T16:23:20+00:00","breadcrumb":{"@id":"https:\/\/www.psycho-bio-acupressure.com\/de\/zertifizierte-praktiker\/portugal\/#breadcrumb"},"inLanguage":"de","potentialAction":[{"@type":"ReadAction","target":["https:\/\/www.psycho-bio-acupressure.com\/de\/zertifizierte-praktiker\/portugal\/"]}]},{"@type":"BreadcrumbList","@id":"https:\/\/www.psycho-bio-acupressure.com\/de\/zertifizierte-praktiker\/portugal\/#breadcrumb","itemListElement":[{"@type":"ListItem","position":1,"name":"Accueil","item":"https:\/\/www.psycho-bio-acupressure.com\/de\/"},{"@type":"ListItem","position":2,"name":"Zertifizierte Praktiker","item":"https:\/\/www.psycho-bio-acupressure.com\/de\/zertifizierte-praktiker\/"},{"@type":"ListItem","position":3,"name":"Portugal"}]},{"@type":"WebSite","@id":"https:\/\/www.psycho-bio-acupressure.com\/de\/#website","url":"https:\/\/www.psycho-bio-acupressure.com\/de\/","name":"La PBA","description":"Institut DELATTE de Psycho-Bio-Acupressure","publisher":{"@id":"https:\/\/www.psycho-bio-acupressure.com\/de\/#organization"},"potentialAction":[{"@type":"SearchAction","target":{"@type":"EntryPoint","urlTemplate":"https:\/\/www.psycho-bio-acupressure.com\/de\/?s={search_term_string}"},"query-input":{"@type":"PropertyValueSpecification","valueRequired":true,"valueName":"search_term_string"}}],"inLanguage":"de"},{"@type":"Organization","@id":"https:\/\/www.psycho-bio-acupressure.com\/de\/#organization","name":"Institut Delatte de la Psycho-Bio-Acupressure","url":"https:\/\/www.psycho-bio-acupressure.com\/de\/","logo":{"@type":"ImageObject","inLanguage":"de","@id":"https:\/\/www.psycho-bio-acupressure.com\/de\/#\/schema\/logo\/image\/","url":"https:\/\/www.psycho-bio-acupressure.com\/wp-content\/uploads\/2019\/04\/pba-logo.png","contentUrl":"https:\/\/www.psycho-bio-acupressure.com\/wp-content\/uploads\/2019\/04\/pba-logo.png","width":1553,"height":1553,"caption":"Institut Delatte de la Psycho-Bio-Acupressure"},"image":{"@id":"https:\/\/www.psycho-bio-acupressure.com\/de\/#\/schema\/logo\/image\/"},"sameAs":["https:\/\/www.facebook.com\/InstitutDelatteDePsychoBioAcupressure","https:\/\/www.instagram.com\/institutdocteurdelatteofficiel\/"]}]}},"_links":{"self":[{"href":"https:\/\/www.psycho-bio-acupressure.com\/de\/wp-json\/wp\/v2\/pages\/57916","targetHints":{"allow":["GET"]}}],"collection":[{"href":"https:\/\/www.psycho-bio-acupressure.com\/de\/wp-json\/wp\/v2\/pages"}],"about":[{"href":"https:\/\/www.psycho-bio-acupressure.com\/de\/wp-json\/wp\/v2\/types\/page"}],"author":[{"embeddable":true,"href":"https:\/\/www.psycho-bio-acupressure.com\/de\/wp-json\/wp\/v2\/users\/1"}],"replies":[{"embeddable":true,"href":"https:\/\/www.psycho-bio-acupressure.com\/de\/wp-json\/wp\/v2\/comments?post=57916"}],"version-history":[{"count":0,"href":"https:\/\/www.psycho-bio-acupressure.com\/de\/wp-json\/wp\/v2\/pages\/57916\/revisions"}],"up":[{"embeddable":true,"href":"https:\/\/www.psycho-bio-acupressure.com\/de\/wp-json\/wp\/v2\/pages\/17903"}],"wp:attachment":[{"href":"https:\/\/www.psycho-bio-acupressure.com\/de\/wp-json\/wp\/v2\/media?parent=57916"}],"curies":[{"name":"wp","href":"https:\/\/api.w.org\/{rel}","templated":true}]}}