{"id":1089,"date":"2018-08-16T17:50:16","date_gmt":"2018-08-16T15:50:16","guid":{"rendered":"https:\/\/www.psycho-bio-acupressure.com\/?page_id=1089"},"modified":"2018-08-16T17:50:16","modified_gmt":"2018-08-16T15:50:16","slug":"legal-notice","status":"publish","type":"page","link":"https:\/\/www.psycho-bio-acupressure.com\/en\/legal-notice\/","title":{"rendered":"Legal notice"},"content":{"rendered":"<h2>About Us<\/h2>\n<p>You are currently connected to the website \u00ab\u00a0<a href=\"http:\/\/www.psycho-bio-acupressure.com\/\">www.psycho-bio-acupressure.com<\/a>\u00a0\u00bb.<\/p>\n<p>For any comments regarding the functioning of the website, write to the administrator at:\u00a0<a href=\"mailto:contact@abwebatelier.com\">c<\/a><span id=\"cloak793cd3cad08c2b00fcf18c0f1cb93dfb\"><a href=\"mailto:ontact@abwebatelier.com\">ontact@abwebatelier.com<\/a><\/span><\/p>\n<p><strong>FIDTA ACADEMIE<br \/>\n<\/strong>SAS capital: 2 000,00 \u20ac<br \/>\nAddress: 74 rue B\u00e9ranger &#8211; 77300 Fontainebleau &#8211; France<br \/>\nEmail:\u00a0contact@psycho-bio-acupressure.com<br \/>\nPhone:<\/p>\n<p>Publication Director: Mme Fa\u00efrouz Rouzaud<\/p>\n<p>Webdesign: Astrid Berndts, Siret: 45206235900032<\/p>\n<p>Website Hosting: OVH,\u00a02 rue Kellermann &#8211; 59100 Roubaix &#8211; France<\/p>\n<p>CMS framework released under the GPL: WordPress<\/p>\n<h3>Responsibility<\/h3>\n<p>While FIDTA has taken every measure to ensure the accuracy of the information contained on this website, it cannot be held responsible for errors, omissions or results that may be obtained by its improper use. Information on this website may include technical inaccuracies or typographical errors. Changes may be periodically made to the website. FIDTA may make improvements and changes to the products described on its website at any time without notice. Neither FIDTA nor a third party involved in the creation of this website is responsible for direct or indirect damages, or those occurring as a result of your connection to this website or the use you make of it, including viruses that may infect your computer. In addition, FIDTA stipulates that following links on its website may lead you to access information on other servers over which FIDTA has no control. This website is therefore not responsible for any direct, indirect, incidental or special damages, including any monetary loss, resulting from your use of the content available on websites you access through links.<\/p>\n<h3>Copyright<\/h3>\n<p>Institut Delatte de Psycho-Bio-Acupressure is the only copyright owner of the website \u00ab www.psycho-bio-acupressure.com \u00bb.<\/p>\n<p>The Intellectual Property Code and, more generally, international treaties and agreements containing provisions related to the protection of copyright, prohibit any full or partial representation or reproduction of the website documents for any use other than private, or modification of these without the express permission of the author or rights holder, regardless of the process used. However, FIDTA hereby grants the right to view, store, reproduce and distribute copies of any document contained on its website provided that:<\/p>\n<ul>\n<li>the document is used for informational purposes only;<\/li>\n<li>the document is used for non-profit purposes only; and<\/li>\n<li>the copyright notices are visible on each copy when the document is used.<\/li>\n<\/ul>\n<h2>Privacy Policy<\/h2>\n<h3>Inscriptions aux stages<\/h3>\n<p>Nous enregistrons vos noms, coordonn\u00e9es, t\u00e9l\u00e9phone, l&#8217;adresse courriel et votre profession au moment de votre inscription au stage sur notre site. Ceci est n\u00e9cessaire pour pouvoir signer un contrat de formation avec vous. Au moment o\u00f9 vous vous r\u00e9tractez de l&#8217;inscription, nous ne gardons pas vos informations.<\/p>\n<h3>Inscriptions sur la liste des praticiens de la PBA<\/h3>\n<p>Avec votre consentement, nous publions sur notre site votre nom, \u00e9ventuellement votre image et vos coordonn\u00e9es. Au moment o\u00f9 vous demandez \u00e0 les retirer du site \u00ab\u00a0<a href=\"http:\/\/www.psycho-bio-acupressure.com\/\">www.psycho-bio-acupressure.com<\/a>\u00a0\u00bb nous le ferrons tout de suite.<\/p>\n<h3>Formulaire de contact<\/h3>\n<p>Nous enregistrons votre nom et votre adresse courriel lorsque vous utilisez le formulaire de contact sur notre site. Nous conservons les soumissions d\u2019un formulaire de contact pendant la p\u00e9riode n\u00e9cessaire pour les questions li\u00e9es au service client, mais nous ne les utiliserons pas \u00e0 des fins commerciales.<\/p>\n<h3>Cookies<\/h3>\n<h3>Les droits que vous avez sur vos donn\u00e9es<\/h3>\n<p>Si vous avez un compte sur le site, vous pouvez demander \u00e0 recevoir un fichier contenant toutes les donn\u00e9es personnelles que nous poss\u00e9dons \u00e0 votre sujet, incluant celles que vous nous avez fournies. Vous pouvez \u00e9galement demander la suppression des donn\u00e9es personnelles vous concernant. Cela ne prend pas en compte les donn\u00e9es stock\u00e9es \u00e0 des fins administratives, l\u00e9gales ou pour des raisons de s\u00e9curit\u00e9.<\/p>\n","protected":false},"excerpt":{"rendered":"<p>About Us You are currently connected to the website \u00ab\u00a0www.psycho-bio-acupressure.com\u00a0\u00bb. For any comments regarding the functioning of the website, write to the administrator at:\u00a0contact@abwebatelier.com FIDTA ACADEMIE SAS capital: 2 000,00 \u20ac Address: 74 rue B\u00e9ranger &#8211; 77300 Fontainebleau &#8211; France Email:\u00a0contact@psycho-bio-acupressure.com Phone: Publication Director: Mme Fa\u00efrouz Rouzaud Webdesign: Astrid Berndts, Siret: 45206235900032 Website Hosting: OVH,\u00a02&hellip;<\/p>\n","protected":false},"author":1,"featured_media":0,"parent":0,"menu_order":0,"comment_status":"closed","ping_status":"closed","template":"","meta":{"_cbd_carousel_blocks":"[]","footnotes":""},"class_list":["post-1089","page","type-page","status-publish","hentry","description-off"],"yoast_head":"<!-- This site is optimized with the Yoast SEO plugin v27.3 - https:\/\/yoast.com\/product\/yoast-seo-wordpress\/ -->\n<title>Legal notice - La PBA<\/title>\n<meta name=\"robots\" content=\"index, follow, max-snippet:-1, max-image-preview:large, max-video-preview:-1\" \/>\n<link rel=\"canonical\" href=\"https:\/\/www.psycho-bio-acupressure.com\/en\/legal-notice\/\" \/>\n<meta property=\"og:locale\" content=\"en_US\" \/>\n<meta property=\"og:type\" content=\"article\" \/>\n<meta property=\"og:title\" content=\"Legal notice - La PBA\" \/>\n<meta property=\"og:description\" content=\"About Us You are currently connected to the website \u00ab\u00a0www.psycho-bio-acupressure.com\u00a0\u00bb. For any comments regarding the functioning of the website, write to the administrator at:\u00a0contact@abwebatelier.com FIDTA ACADEMIE SAS capital: 2 000,00 \u20ac Address: 74 rue B\u00e9ranger &#8211; 77300 Fontainebleau &#8211; France Email:\u00a0contact@psycho-bio-acupressure.com Phone: Publication Director: Mme Fa\u00efrouz Rouzaud Webdesign: Astrid Berndts, Siret: 45206235900032 Website Hosting: OVH,\u00a02&hellip;\" \/>\n<meta property=\"og:url\" content=\"https:\/\/www.psycho-bio-acupressure.com\/en\/legal-notice\/\" \/>\n<meta property=\"og:site_name\" content=\"La PBA\" \/>\n<meta property=\"article:publisher\" content=\"https:\/\/www.facebook.com\/InstitutDelatteDePsychoBioAcupressure\" \/>\n<meta name=\"twitter:card\" content=\"summary_large_image\" \/>\n<meta name=\"twitter:label1\" content=\"Est. reading time\" \/>\n\t<meta name=\"twitter:data1\" content=\"3 minutes\" \/>\n<script type=\"application\/ld+json\" class=\"yoast-schema-graph\">{\"@context\":\"https:\\\/\\\/schema.org\",\"@graph\":[{\"@type\":\"WebPage\",\"@id\":\"https:\\\/\\\/www.psycho-bio-acupressure.com\\\/en\\\/legal-notice\\\/\",\"url\":\"https:\\\/\\\/www.psycho-bio-acupressure.com\\\/en\\\/legal-notice\\\/\",\"name\":\"Legal notice - La PBA\",\"isPartOf\":{\"@id\":\"https:\\\/\\\/www.psycho-bio-acupressure.com\\\/en\\\/#website\"},\"datePublished\":\"2018-08-16T15:50:16+00:00\",\"breadcrumb\":{\"@id\":\"https:\\\/\\\/www.psycho-bio-acupressure.com\\\/en\\\/legal-notice\\\/#breadcrumb\"},\"inLanguage\":\"en-US\",\"potentialAction\":[{\"@type\":\"ReadAction\",\"target\":[\"https:\\\/\\\/www.psycho-bio-acupressure.com\\\/en\\\/legal-notice\\\/\"]}]},{\"@type\":\"BreadcrumbList\",\"@id\":\"https:\\\/\\\/www.psycho-bio-acupressure.com\\\/en\\\/legal-notice\\\/#breadcrumb\",\"itemListElement\":[{\"@type\":\"ListItem\",\"position\":1,\"name\":\"Accueil\",\"item\":\"https:\\\/\\\/www.psycho-bio-acupressure.com\\\/en\\\/\"},{\"@type\":\"ListItem\",\"position\":2,\"name\":\"Legal notice\"}]},{\"@type\":\"WebSite\",\"@id\":\"https:\\\/\\\/www.psycho-bio-acupressure.com\\\/en\\\/#website\",\"url\":\"https:\\\/\\\/www.psycho-bio-acupressure.com\\\/en\\\/\",\"name\":\"La PBA\",\"description\":\"Institut DELATTE de Psycho-Bio-Acupressure\",\"publisher\":{\"@id\":\"https:\\\/\\\/www.psycho-bio-acupressure.com\\\/en\\\/#organization\"},\"potentialAction\":[{\"@type\":\"SearchAction\",\"target\":{\"@type\":\"EntryPoint\",\"urlTemplate\":\"https:\\\/\\\/www.psycho-bio-acupressure.com\\\/en\\\/?s={search_term_string}\"},\"query-input\":{\"@type\":\"PropertyValueSpecification\",\"valueRequired\":true,\"valueName\":\"search_term_string\"}}],\"inLanguage\":\"en-US\"},{\"@type\":\"Organization\",\"@id\":\"https:\\\/\\\/www.psycho-bio-acupressure.com\\\/en\\\/#organization\",\"name\":\"Institut Delatte de la Psycho-Bio-Acupressure\",\"url\":\"https:\\\/\\\/www.psycho-bio-acupressure.com\\\/en\\\/\",\"logo\":{\"@type\":\"ImageObject\",\"inLanguage\":\"en-US\",\"@id\":\"https:\\\/\\\/www.psycho-bio-acupressure.com\\\/en\\\/#\\\/schema\\\/logo\\\/image\\\/\",\"url\":\"https:\\\/\\\/www.psycho-bio-acupressure.com\\\/wp-content\\\/uploads\\\/2019\\\/04\\\/pba-logo.png\",\"contentUrl\":\"https:\\\/\\\/www.psycho-bio-acupressure.com\\\/wp-content\\\/uploads\\\/2019\\\/04\\\/pba-logo.png\",\"width\":1553,\"height\":1553,\"caption\":\"Institut Delatte de la Psycho-Bio-Acupressure\"},\"image\":{\"@id\":\"https:\\\/\\\/www.psycho-bio-acupressure.com\\\/en\\\/#\\\/schema\\\/logo\\\/image\\\/\"},\"sameAs\":[\"https:\\\/\\\/www.facebook.com\\\/InstitutDelatteDePsychoBioAcupressure\",\"https:\\\/\\\/www.instagram.com\\\/institutdocteurdelatteofficiel\\\/\"]}]}<\/script>\n<!-- \/ Yoast SEO plugin. -->","yoast_head_json":{"title":"Legal notice - La PBA","robots":{"index":"index","follow":"follow","max-snippet":"max-snippet:-1","max-image-preview":"max-image-preview:large","max-video-preview":"max-video-preview:-1"},"canonical":"https:\/\/www.psycho-bio-acupressure.com\/en\/legal-notice\/","og_locale":"en_US","og_type":"article","og_title":"Legal notice - La PBA","og_description":"About Us You are currently connected to the website \u00ab\u00a0www.psycho-bio-acupressure.com\u00a0\u00bb. For any comments regarding the functioning of the website, write to the administrator at:\u00a0contact@abwebatelier.com FIDTA ACADEMIE SAS capital: 2 000,00 \u20ac Address: 74 rue B\u00e9ranger &#8211; 77300 Fontainebleau &#8211; France Email:\u00a0contact@psycho-bio-acupressure.com Phone: Publication Director: Mme Fa\u00efrouz Rouzaud Webdesign: Astrid Berndts, Siret: 45206235900032 Website Hosting: OVH,\u00a02&hellip;","og_url":"https:\/\/www.psycho-bio-acupressure.com\/en\/legal-notice\/","og_site_name":"La PBA","article_publisher":"https:\/\/www.facebook.com\/InstitutDelatteDePsychoBioAcupressure","twitter_card":"summary_large_image","twitter_misc":{"Est. reading time":"3 minutes"},"schema":{"@context":"https:\/\/schema.org","@graph":[{"@type":"WebPage","@id":"https:\/\/www.psycho-bio-acupressure.com\/en\/legal-notice\/","url":"https:\/\/www.psycho-bio-acupressure.com\/en\/legal-notice\/","name":"Legal notice - La PBA","isPartOf":{"@id":"https:\/\/www.psycho-bio-acupressure.com\/en\/#website"},"datePublished":"2018-08-16T15:50:16+00:00","breadcrumb":{"@id":"https:\/\/www.psycho-bio-acupressure.com\/en\/legal-notice\/#breadcrumb"},"inLanguage":"en-US","potentialAction":[{"@type":"ReadAction","target":["https:\/\/www.psycho-bio-acupressure.com\/en\/legal-notice\/"]}]},{"@type":"BreadcrumbList","@id":"https:\/\/www.psycho-bio-acupressure.com\/en\/legal-notice\/#breadcrumb","itemListElement":[{"@type":"ListItem","position":1,"name":"Accueil","item":"https:\/\/www.psycho-bio-acupressure.com\/en\/"},{"@type":"ListItem","position":2,"name":"Legal notice"}]},{"@type":"WebSite","@id":"https:\/\/www.psycho-bio-acupressure.com\/en\/#website","url":"https:\/\/www.psycho-bio-acupressure.com\/en\/","name":"La PBA","description":"Institut DELATTE de Psycho-Bio-Acupressure","publisher":{"@id":"https:\/\/www.psycho-bio-acupressure.com\/en\/#organization"},"potentialAction":[{"@type":"SearchAction","target":{"@type":"EntryPoint","urlTemplate":"https:\/\/www.psycho-bio-acupressure.com\/en\/?s={search_term_string}"},"query-input":{"@type":"PropertyValueSpecification","valueRequired":true,"valueName":"search_term_string"}}],"inLanguage":"en-US"},{"@type":"Organization","@id":"https:\/\/www.psycho-bio-acupressure.com\/en\/#organization","name":"Institut Delatte de la Psycho-Bio-Acupressure","url":"https:\/\/www.psycho-bio-acupressure.com\/en\/","logo":{"@type":"ImageObject","inLanguage":"en-US","@id":"https:\/\/www.psycho-bio-acupressure.com\/en\/#\/schema\/logo\/image\/","url":"https:\/\/www.psycho-bio-acupressure.com\/wp-content\/uploads\/2019\/04\/pba-logo.png","contentUrl":"https:\/\/www.psycho-bio-acupressure.com\/wp-content\/uploads\/2019\/04\/pba-logo.png","width":1553,"height":1553,"caption":"Institut Delatte de la Psycho-Bio-Acupressure"},"image":{"@id":"https:\/\/www.psycho-bio-acupressure.com\/en\/#\/schema\/logo\/image\/"},"sameAs":["https:\/\/www.facebook.com\/InstitutDelatteDePsychoBioAcupressure","https:\/\/www.instagram.com\/institutdocteurdelatteofficiel\/"]}]}},"_links":{"self":[{"href":"https:\/\/www.psycho-bio-acupressure.com\/en\/wp-json\/wp\/v2\/pages\/1089","targetHints":{"allow":["GET"]}}],"collection":[{"href":"https:\/\/www.psycho-bio-acupressure.com\/en\/wp-json\/wp\/v2\/pages"}],"about":[{"href":"https:\/\/www.psycho-bio-acupressure.com\/en\/wp-json\/wp\/v2\/types\/page"}],"author":[{"embeddable":true,"href":"https:\/\/www.psycho-bio-acupressure.com\/en\/wp-json\/wp\/v2\/users\/1"}],"replies":[{"embeddable":true,"href":"https:\/\/www.psycho-bio-acupressure.com\/en\/wp-json\/wp\/v2\/comments?post=1089"}],"version-history":[{"count":1,"href":"https:\/\/www.psycho-bio-acupressure.com\/en\/wp-json\/wp\/v2\/pages\/1089\/revisions"}],"predecessor-version":[{"id":1090,"href":"https:\/\/www.psycho-bio-acupressure.com\/en\/wp-json\/wp\/v2\/pages\/1089\/revisions\/1090"}],"wp:attachment":[{"href":"https:\/\/www.psycho-bio-acupressure.com\/en\/wp-json\/wp\/v2\/media?parent=1089"}],"curies":[{"name":"wp","href":"https:\/\/api.w.org\/{rel}","templated":true}]}}