{"id":1413,"date":"2018-08-21T10:46:50","date_gmt":"2018-08-21T08:46:50","guid":{"rendered":"https:\/\/www.psycho-bio-acupressure.com\/?page_id=1413"},"modified":"2018-08-21T10:46:50","modified_gmt":"2018-08-21T08:46:50","slug":"49-maine-et-loire","status":"publish","type":"page","link":"https:\/\/www.psycho-bio-acupressure.com\/en\/approved-practitioners\/49-maine-et-loire\/","title":{"rendered":"49 \u2013 Maine-et-Loire"},"content":{"rendered":"<div id=\"cn-top\" style=\"position: absolute; top: 0; right: 0;\"><\/div><div class=\"cn-list\" id=\"cn-list\" data-connections-version=\"10.4.66-0.7\"><div class=\"cn-template cn-cmap\" id=\"cn-cmap\" data-template-version=\"5.6\"><div class=\"cn-list-head\">\n<form class=\"cn-form\" id=\"cn-cat-select\" method=\"get\"><\/form><\/div>\n<div class=\"cn-list-body\" id=\"cn-list-body\">\n<div class=\"cn-list-section-head\" id=\"cn-char-M\"><h4 class=\"cn-alphahead\">M<\/h4><\/div><div class=\"cn-list-row cn-list-item vcard individual 49-maine-et-loire enfants-de-parents-separes\" id=\"annette-moulay-kanker\" data-entry-type=\"individual\" data-entry-id=\"50\" data-entry-slug=\"annette-moulay-kanker\"><div id=\"entry-id-5069f2b21b210e4\"  class=\"cn-entry cn-background-gradient cn-background-shadow\"   style=\"background-color: #85a3bf; border: 1px solid #1e73be; border-radius: 4px; margin: 8px 0; padding: 10px; position: relative\">\r\n\r\n\t<div class=\"cn-left\">\r\n\r\n\t\t\n\t<\/div> <!-- \/.cn-left -->\r\n\r\n\t<div class=\"cn-right\">\r\n\r\n\t\t<div style=\"margin-bottom: 5px;\">\r\n\r\n\t\t\t<h3><span class=\"fn n notranslate\"> <span class=\"given-name\">Annette<\/span> <span class=\"family-name\">MOULAY KANKER<\/span><\/span>\n<\/h3>\r\n\t\t\t\n\t\t<\/div>\r\n\r\n\t\t<span class=\"address-block\"><span class=\"adr cn-address\"><span class=\"address-name\">Cabinet<\/span> <span class=\"street-address notranslate\">60 rue St Julien<\/span> <span class=\"postal-code\">49100<\/span> <span class=\"locality\">Angers<\/span> <span class=\"country-name\">France<\/span><span class=\"type\" style=\"display: none;\">work<\/span><\/span><\/span>\n<span class=\"phone-number-block\">\n<span class=\"tel cn-phone-number cn-phone-number-type-cellphone\"><span class=\"phone-name\">T\u00e9l\u00e9phone mobile<\/span><span class=\"cn-separator\">:<\/span> <span class=\"value\">06 12 05 59 76<\/span><span class=\"type\" style=\"display: none;\">cell<\/span><\/span>\n<\/span>\n<span class=\"email-address-block\">\n<span class=\"email cn-email-address\"><span class=\"email-name\">Courriel professionnel<\/span><span class=\"cn-separator\">:<\/span> <span class=\"email-address\"><a class=\"value\" title=\"Annette MOULAY KANKER work email.\" href=\"mailto:annette.moulaykanker@gmail.com\">annette.moulaykanker@gmail.com<\/a><\/span><span class=\"type\" style=\"display: none;\">INTERNET<\/span><\/span>\n<\/span>\n\t<\/div><!-- \/.cn-right -->\r\n\r\n\t<div class=\"cn-clear\"><\/div>\r\n\r\n\t\r\n\t<div class=\"cn-clear\" style=\"display:table;margin: 10px 0;width:100%;\">\r\n\t\t<div style=\"display:table-cell;vertical-align:middle;\">\r\n\t\t\t<div class=\"cn-categories\"><span class=\"cn_category_label\">R\u00e9gions \/ Prise en charge sp\u00e9cifique :<\/span> <span class=\"cn-category-name cn_category cn-category-260 cn-category-49-maine-et-loire\">49 - Maine-et-Loire<\/span><span class=\"cn-category-separator\">, <\/span><span class=\"cn-category-name cn_category cn-category-371 cn-category-enfants-de-parents-separes\">Les enfants de parents s\u00e9par\u00e9s<\/span><\/div>\n\t\t<\/div>\r\n\t\t<div style=\"display:table-cell;text-align:right;vertical-align:middle;\">\r\n\t\t\t\t\t<\/div>\r\n\t<\/div>\r\n\r\n\t<div class=\"cn-tray-links\">\r\n\r\n\t\t<div class=\"cn-left\">\r\n\t\t\t\r\n\t\t\tPraticienne confirm\u00e9e, niveau 5, \u00e9galement form\u00e9e \u00e0 la prise en charge des enfants<div class=\"cn-clear\"><\/div>\t\t\t\r\n\t\t\t\t\r\n <\/div> <!-- \/.cn-left -->\r\n\t\t<div class=\"cn-clear\"><\/div>\r\n\t\t<div class=\"cn-right\">\r\n\t\t\t\r\n<div class=\"cn-clear\"><\/div>\r\n\t\t\t<div class=\"cn-clear\"><\/div>\r\n\t\t\t<a class=\"cn-map-anchor cn-cmap-toggle\" id=\"map-anchor-5069f2b21b210e4\" href=\"#\" data-uuid=\"5069f2b21b210e4\" data-div-id=\"map-block-5069f2b21b210e4\">Show Map<\/a><span class=\"toggle-map-divider\"> | <\/span>\r\n\t\t\t\t<span class=\"cn-return-to-top\"><span class=\"cn-return-to-top\"><a href=\"#cn-top\" title=\"Return to top.\"><img decoding=\"async\" src=\"https:\/\/www.psycho-bio-acupressure.com\/wp-content\/plugins\/connections\/assets\/images\/uparrow.gif\" alt=\"Return to top.\"\/><\/a><\/span>\n<\/span>\r\n\r\n\t\t\t\r\n\t\t<\/div> <!-- \/.cn-right -->\r\n\t<\/div> <!-- \/.cn-tray-links -->\r\n\r\n\t<div class=\"cn-clear\"><\/div>\r\n\r\n\t<div class=\"cn-content-tray\">\r\n\t\t\r\n\t\t\r\n\t\t<div class=\"cn-cmap-tab cn-gmap\" id=\"map-block-5069f2b21b210e4\" data-type=\"map\" style=\"display: none;\">\n<map-block id=\"cn-map-5069f2b21b210e4\" style=\"display: block;height: 400px;width: 100%\" data-center=\"39.828300000000,-98.579500000000\" data-zoom=\"13\" data-height=\"400px\" data-width=\"100%\">\n<map-control-layers  data-id=\"layerControl\" data-collapsed=\"false\">\n<map-base-layer data-id=\"google-roadmap\">Roadmap<\/map-base-layer>\n<map-base-layer data-id=\"google-hybrid\">Satellite<\/map-base-layer>\n<\/map-control-layers>\n<map-tilelayer  data-id=\"google-roadmap\" data-type=\"roadmap\" data-name=\"Roadmap\"><a href=\"https:\/\/connections-pro.com\/\" target=\"_blank\" title=\"Connections Business Directory plugin for WordPress\">Connections Business Directory<\/a> | <a href=\"https:\/\/leafletjs.com\/\" target=\"_blank\" title=\"Leaflet\">Leaflet<\/a><\/map-tilelayer>\n<map-tilelayer  data-id=\"google-hybrid\" data-type=\"hybrid\" data-name=\"Satellite\"><a href=\"https:\/\/connections-pro.com\/\" target=\"_blank\" title=\"Connections Business Directory plugin for WordPress\">Connections Business Directory<\/a> | <a href=\"https:\/\/leafletjs.com\/\" target=\"_blank\" title=\"Leaflet\">Leaflet<\/a><\/map-tilelayer>\n<map-marker  data-id=\"default\" data-latitude=\"47.469128500000\" data-longitude=\"-0.550123400000\"><map-marker-popup  data-id=\"default\"><p>60 rue St Julien Angers 49100 France<\/p><div><a href=\"https:\/\/www.google.com\/maps?saddr&daddr=47.469128500000,-0.550123400000\" target=\"_blank\"><button>Get Directions<\/button><\/a><\/div><\/map-marker-popup><\/map-marker>\n<\/map-block>\n<\/div>\t<\/div> <!-- \/.cn-content-tray -->\r\n<\/div>\r\n\n<\/div>\n<div class=\"cn-list-section-head\" id=\"cn-char-V\"><h4 class=\"cn-alphahead\">V<\/h4><\/div><div class=\"cn-list-row-alternate cn-list-item vcard individual 30-gard 49-maine-et-loire argent autisme hypersensibilite fibromyalgie stress-post-traumatique syndrome-abandonnique addictions les-aidants enfants-de-parents-separes maladies-chroniques les-spectres-herites-transgenerationnels prise-en-charge-de-la-femme-enceinte tda-tdah trouble-dopposition-avec-provocation\" id=\"laetitia-valadeau\" data-entry-type=\"individual\" data-entry-id=\"283\" data-entry-slug=\"laetitia-valadeau\"><div id=\"entry-id-28369f2b21b2aa2f\"  class=\"cn-entry cn-background-gradient cn-background-shadow\"   style=\"background-color: #85a3bf; border: 1px solid #1e73be; border-radius: 4px; margin: 8px 0; padding: 10px; position: relative\">\r\n\r\n\t<div class=\"cn-left\">\r\n\r\n\t\t\n\t<\/div> <!-- \/.cn-left -->\r\n\r\n\t<div class=\"cn-right\">\r\n\r\n\t\t<div style=\"margin-bottom: 5px;\">\r\n\r\n\t\t\t<h3><span class=\"fn n notranslate\"> <span class=\"given-name\">La\u00ebtitia<\/span> <span class=\"family-name\">VALADEAU<\/span><\/span>\n<\/h3>\r\n\t\t\t\n\t\t<\/div>\r\n\r\n\t\t<span class=\"address-block\"><span class=\"adr cn-address\"><span class=\"address-name\">Cabinet<\/span> <span class=\"street-address notranslate\">19, rue Marceau<\/span> <span class=\"postal-code\">49100<\/span> <span class=\"locality\">Angers<\/span> <span class=\"country-name\">France<\/span><span class=\"type\" style=\"display: none;\">work<\/span><\/span><span class=\"adr cn-address\"><span class=\"address-name\">Cabinet<\/span> <span class=\"street-address notranslate\">205 chemin du Temple<\/span> <span class=\"postal-code\">30260<\/span> <span class=\"locality\">CRESPIAN<\/span> <span class=\"country-name\">France<\/span><span class=\"type\" style=\"display: none;\">work<\/span><\/span><\/span>\n<span class=\"phone-number-block\">\n<span class=\"tel cn-phone-number cn-phone-number-type-cellphone\"><span class=\"phone-name\">T\u00e9l\u00e9phone mobile<\/span><span class=\"cn-separator\">:<\/span> <span class=\"value\">07 65 87 08 18<\/span><span class=\"type\" style=\"display: none;\">cell<\/span><\/span>\n<\/span>\n<span class=\"email-address-block\">\n<span class=\"email cn-email-address\"><span class=\"email-name\">Courriel professionnel<\/span><span class=\"cn-separator\">:<\/span> <span class=\"email-address\"><a class=\"value\" title=\"La\u00ebtitia VALADEAU work email.\" href=\"mailto:laetitiavaladeau@gmail.com\">laetitiavaladeau@gmail.com<\/a><\/span><span class=\"type\" style=\"display: none;\">INTERNET<\/span><\/span>\n<\/span>\n\t<\/div><!-- \/.cn-right -->\r\n\r\n\t<div class=\"cn-clear\"><\/div>\r\n\r\n\t\r\n\t<div class=\"cn-clear\" style=\"display:table;margin: 10px 0;width:100%;\">\r\n\t\t<div style=\"display:table-cell;vertical-align:middle;\">\r\n\t\t\t<div class=\"cn-categories\"><span class=\"cn_category_label\">R\u00e9gions \/ Prise en charge sp\u00e9cifique :<\/span> <span class=\"cn-category-name cn_category cn-category-241 cn-category-30-gard\">30 - Gard<\/span><span class=\"cn-category-separator\">, <\/span><span class=\"cn-category-name cn_category cn-category-260 cn-category-49-maine-et-loire\">49 - Maine-et-Loire<\/span><span class=\"cn-category-separator\">, <\/span><span class=\"cn-category-name cn_category cn-category-362 cn-category-argent\">L&#039;argent<\/span><span class=\"cn-category-separator\">, <\/span><span class=\"cn-category-name cn_category cn-category-356 cn-category-autisme\">L&#039;autisme<\/span><span class=\"cn-category-separator\">, <\/span><span class=\"cn-category-name cn_category cn-category-360 cn-category-hypersensibilite\">L&#039;hypersensibilit\u00e9<\/span><span class=\"cn-category-separator\">, <\/span><span class=\"cn-category-name cn_category cn-category-367 cn-category-fibromyalgie\">La fibromyalgie<\/span><span class=\"cn-category-separator\">, <\/span><span class=\"cn-category-name cn_category cn-category-377 cn-category-stress-post-traumatique\">Le stress post-traumatique<\/span><span class=\"cn-category-separator\">, <\/span><span class=\"cn-category-name cn_category cn-category-359 cn-category-syndrome-abandonnique\">Le syndrome abandonnique<\/span><span class=\"cn-category-separator\">, <\/span><span class=\"cn-category-name cn_category cn-category-381 cn-category-addictions\">Les addictions<\/span><span class=\"cn-category-separator\">, <\/span><span class=\"cn-category-name cn_category cn-category-358 cn-category-les-aidants\">Les Aidants<\/span><span class=\"cn-category-separator\">, <\/span><span class=\"cn-category-name cn_category cn-category-371 cn-category-enfants-de-parents-separes\">Les enfants de parents s\u00e9par\u00e9s<\/span><span class=\"cn-category-separator\">, <\/span><span class=\"cn-category-name cn_category cn-category-366 cn-category-maladies-chroniques\">Les maladies chroniques<\/span><span class=\"cn-category-separator\">, <\/span><span class=\"cn-category-name cn_category cn-category-361 cn-category-les-spectres-herites-transgenerationnels\">Les spectres h\u00e9rit\u00e9s transg\u00e9n\u00e9rationnels<\/span><span class=\"cn-category-separator\">, <\/span><span class=\"cn-category-name cn_category cn-category-376 cn-category-prise-en-charge-de-la-femme-enceinte\">Prise en charge de la femme enceinte<\/span><span class=\"cn-category-separator\">, <\/span><span class=\"cn-category-name cn_category cn-category-363 cn-category-tda-tdah\">TDA\/TDAH<\/span><span class=\"cn-category-separator\">, <\/span><span class=\"cn-category-name cn_category cn-category-364 cn-category-trouble-dopposition-avec-provocation\">Trouble d\u2019Opposition avec Provocation<\/span><\/div>\n\t\t<\/div>\r\n\t\t<div style=\"display:table-cell;text-align:right;vertical-align:middle;\">\r\n\t\t\t\t\t<\/div>\r\n\t<\/div>\r\n\r\n\t<div class=\"cn-tray-links\">\r\n\r\n\t\t<div class=\"cn-left\">\r\n\t\t\t\r\n\t\t\tPraticienne confirm\u00e9e, niveau 5, \u00e9galement form\u00e9e \u00e0 la prise en charge des enfants<div class=\"cn-clear\"><\/div>\t\t\t\r\n\t\t\tResponsable de l&#039;antenne internationale de la Nouvelle-Cal\u00e9donie\t\r\n <\/div> <!-- \/.cn-left -->\r\n\t\t<div class=\"cn-clear\"><\/div>\r\n\t\t<div class=\"cn-right\">\r\n\t\t\t\r\n<div class=\"cn-clear\"><\/div>\r\n\t\t\t<div class=\"cn-clear\"><\/div>\r\n\t\t\t<a class=\"cn-map-anchor cn-cmap-toggle\" id=\"map-anchor-28369f2b21b2aa2f\" href=\"#\" data-uuid=\"28369f2b21b2aa2f\" data-div-id=\"map-block-28369f2b21b2aa2f\">Show Map<\/a><span class=\"toggle-map-divider\"> | <\/span>\r\n\t\t\t\t<span class=\"cn-return-to-top\"><span class=\"cn-return-to-top\"><a href=\"#cn-top\" title=\"Return to top.\"><img decoding=\"async\" src=\"https:\/\/www.psycho-bio-acupressure.com\/wp-content\/plugins\/connections\/assets\/images\/uparrow.gif\" alt=\"Return to top.\"\/><\/a><\/span>\n<\/span>\r\n\r\n\t\t\t\r\n\t\t<\/div> <!-- \/.cn-right -->\r\n\t<\/div> <!-- \/.cn-tray-links -->\r\n\r\n\t<div class=\"cn-clear\"><\/div>\r\n\r\n\t<div class=\"cn-content-tray\">\r\n\t\t\r\n\t\t\r\n\t\t<div class=\"cn-cmap-tab cn-gmap\" id=\"map-block-28369f2b21b2aa2f\" data-type=\"map\" style=\"display: none;\">\n<map-block id=\"cn-map-28369f2b21b2aa2f\" style=\"display: block;height: 400px;width: 100%\" data-center=\"39.828300000000,-98.579500000000\" data-zoom=\"13\" data-height=\"400px\" data-width=\"100%\">\n<map-control-layers  data-id=\"layerControl\" data-collapsed=\"false\">\n<map-base-layer data-id=\"google-roadmap\">Roadmap<\/map-base-layer>\n<map-base-layer data-id=\"google-hybrid\">Satellite<\/map-base-layer>\n<\/map-control-layers>\n<map-tilelayer  data-id=\"google-roadmap\" data-type=\"roadmap\" data-name=\"Roadmap\"><a href=\"https:\/\/connections-pro.com\/\" target=\"_blank\" title=\"Connections Business Directory plugin for WordPress\">Connections Business Directory<\/a> | <a href=\"https:\/\/leafletjs.com\/\" target=\"_blank\" title=\"Leaflet\">Leaflet<\/a><\/map-tilelayer>\n<map-tilelayer  data-id=\"google-hybrid\" data-type=\"hybrid\" data-name=\"Satellite\"><a href=\"https:\/\/connections-pro.com\/\" target=\"_blank\" title=\"Connections Business Directory plugin for WordPress\">Connections Business Directory<\/a> | <a href=\"https:\/\/leafletjs.com\/\" target=\"_blank\" title=\"Leaflet\">Leaflet<\/a><\/map-tilelayer>\n<map-marker  data-id=\"default\" data-latitude=\"47.466799700000\" data-longitude=\"-0.559041500000\"><map-marker-popup  data-id=\"default\"><p>19, rue Marceau Angers 49100 France<\/p><div><a href=\"https:\/\/www.google.com\/maps?saddr&daddr=47.466799700000,-0.559041500000\" target=\"_blank\"><button>Get Directions<\/button><\/a><\/div><\/map-marker-popup><\/map-marker>\n<map-marker  data-id=\"default\" data-latitude=\"43.882211700000\" data-longitude=\"4.093006800000\"><map-marker-popup  data-id=\"default\"><p>205 chemin du Temple CRESPIAN 30260 France<\/p><div><a href=\"https:\/\/www.google.com\/maps?saddr&daddr=43.882211700000,4.093006800000\" target=\"_blank\"><button>Get Directions<\/button><\/a><\/div><\/map-marker-popup><\/map-marker>\n<\/map-block>\n<\/div>\t<\/div> <!-- \/.cn-content-tray -->\r\n<\/div>\r\n\n<\/div>\n<\/div>\n<div class=\"cn-list-foot\">\n\n<\/div>\n\n<\/div>\n\n<\/div>\n","protected":false},"excerpt":{"rendered":"<p>M Annette MOULAY KANKER Cabinet 60 rue St Julien 49100 Angers Francework T\u00e9l\u00e9phone mobile: 06 12 05 59 76cell Courriel professionnel: annette.moulaykanker@gmail.comINTERNET R\u00e9gions \/ Prise en charge sp\u00e9cifique : 49 &#8211; Maine-et-Loire, Les enfants de parents s\u00e9par\u00e9s Praticienne confirm\u00e9e, niveau 5, \u00e9galement form\u00e9e \u00e0 la prise en charge des enfants Show Map | Roadmap Satellite&hellip;<\/p>\n","protected":false},"author":1,"featured_media":0,"parent":970,"menu_order":0,"comment_status":"closed","ping_status":"closed","template":"","meta":{"_cbd_carousel_blocks":"[]","footnotes":""},"class_list":["post-1413","page","type-page","status-publish","hentry","description-off"],"yoast_head":"<!-- This site is optimized with the Yoast SEO plugin v27.5 - https:\/\/yoast.com\/product\/yoast-seo-wordpress\/ -->\n<title>49 \u2013 Maine-et-Loire - La PBA<\/title>\n<meta name=\"robots\" content=\"index, follow, max-snippet:-1, max-image-preview:large, max-video-preview:-1\" \/>\n<link rel=\"canonical\" href=\"https:\/\/www.psycho-bio-acupressure.com\/en\/approved-practitioners\/49-maine-et-loire\/\" \/>\n<meta property=\"og:locale\" content=\"en_US\" \/>\n<meta property=\"og:type\" content=\"article\" \/>\n<meta property=\"og:title\" content=\"49 \u2013 Maine-et-Loire - La PBA\" \/>\n<meta property=\"og:url\" content=\"https:\/\/www.psycho-bio-acupressure.com\/en\/approved-practitioners\/49-maine-et-loire\/\" \/>\n<meta property=\"og:site_name\" content=\"La PBA\" \/>\n<meta property=\"article:publisher\" content=\"https:\/\/www.facebook.com\/InstitutDelatteDePsychoBioAcupressure\" \/>\n<meta name=\"twitter:card\" content=\"summary_large_image\" \/>\n<script type=\"application\/ld+json\" class=\"yoast-schema-graph\">{\"@context\":\"https:\\\/\\\/schema.org\",\"@graph\":[{\"@type\":\"WebPage\",\"@id\":\"https:\\\/\\\/www.psycho-bio-acupressure.com\\\/en\\\/approved-practitioners\\\/49-maine-et-loire\\\/\",\"url\":\"https:\\\/\\\/www.psycho-bio-acupressure.com\\\/en\\\/approved-practitioners\\\/49-maine-et-loire\\\/\",\"name\":\"49 \u2013 Maine-et-Loire - La PBA\",\"isPartOf\":{\"@id\":\"https:\\\/\\\/www.psycho-bio-acupressure.com\\\/en\\\/#website\"},\"datePublished\":\"2018-08-21T08:46:50+00:00\",\"breadcrumb\":{\"@id\":\"https:\\\/\\\/www.psycho-bio-acupressure.com\\\/en\\\/approved-practitioners\\\/49-maine-et-loire\\\/#breadcrumb\"},\"inLanguage\":\"en-US\",\"potentialAction\":[{\"@type\":\"ReadAction\",\"target\":[\"https:\\\/\\\/www.psycho-bio-acupressure.com\\\/en\\\/approved-practitioners\\\/49-maine-et-loire\\\/\"]}]},{\"@type\":\"BreadcrumbList\",\"@id\":\"https:\\\/\\\/www.psycho-bio-acupressure.com\\\/en\\\/approved-practitioners\\\/49-maine-et-loire\\\/#breadcrumb\",\"itemListElement\":[{\"@type\":\"ListItem\",\"position\":1,\"name\":\"Accueil\",\"item\":\"https:\\\/\\\/www.psycho-bio-acupressure.com\\\/en\\\/\"},{\"@type\":\"ListItem\",\"position\":2,\"name\":\"Approved Practitioners\",\"item\":\"https:\\\/\\\/www.psycho-bio-acupressure.com\\\/en\\\/approved-practitioners\\\/\"},{\"@type\":\"ListItem\",\"position\":3,\"name\":\"49 \u2013 Maine-et-Loire\"}]},{\"@type\":\"WebSite\",\"@id\":\"https:\\\/\\\/www.psycho-bio-acupressure.com\\\/en\\\/#website\",\"url\":\"https:\\\/\\\/www.psycho-bio-acupressure.com\\\/en\\\/\",\"name\":\"La PBA\",\"description\":\"Institut DELATTE de Psycho-Bio-Acupressure\",\"publisher\":{\"@id\":\"https:\\\/\\\/www.psycho-bio-acupressure.com\\\/en\\\/#organization\"},\"potentialAction\":[{\"@type\":\"SearchAction\",\"target\":{\"@type\":\"EntryPoint\",\"urlTemplate\":\"https:\\\/\\\/www.psycho-bio-acupressure.com\\\/en\\\/?s={search_term_string}\"},\"query-input\":{\"@type\":\"PropertyValueSpecification\",\"valueRequired\":true,\"valueName\":\"search_term_string\"}}],\"inLanguage\":\"en-US\"},{\"@type\":\"Organization\",\"@id\":\"https:\\\/\\\/www.psycho-bio-acupressure.com\\\/en\\\/#organization\",\"name\":\"Institut Delatte de la Psycho-Bio-Acupressure\",\"url\":\"https:\\\/\\\/www.psycho-bio-acupressure.com\\\/en\\\/\",\"logo\":{\"@type\":\"ImageObject\",\"inLanguage\":\"en-US\",\"@id\":\"https:\\\/\\\/www.psycho-bio-acupressure.com\\\/en\\\/#\\\/schema\\\/logo\\\/image\\\/\",\"url\":\"https:\\\/\\\/www.psycho-bio-acupressure.com\\\/wp-content\\\/uploads\\\/2019\\\/04\\\/pba-logo.png\",\"contentUrl\":\"https:\\\/\\\/www.psycho-bio-acupressure.com\\\/wp-content\\\/uploads\\\/2019\\\/04\\\/pba-logo.png\",\"width\":1553,\"height\":1553,\"caption\":\"Institut Delatte de la Psycho-Bio-Acupressure\"},\"image\":{\"@id\":\"https:\\\/\\\/www.psycho-bio-acupressure.com\\\/en\\\/#\\\/schema\\\/logo\\\/image\\\/\"},\"sameAs\":[\"https:\\\/\\\/www.facebook.com\\\/InstitutDelatteDePsychoBioAcupressure\",\"https:\\\/\\\/www.instagram.com\\\/institutdocteurdelatteofficiel\\\/\"]}]}<\/script>\n<!-- \/ Yoast SEO plugin. -->","yoast_head_json":{"title":"49 \u2013 Maine-et-Loire - La PBA","robots":{"index":"index","follow":"follow","max-snippet":"max-snippet:-1","max-image-preview":"max-image-preview:large","max-video-preview":"max-video-preview:-1"},"canonical":"https:\/\/www.psycho-bio-acupressure.com\/en\/approved-practitioners\/49-maine-et-loire\/","og_locale":"en_US","og_type":"article","og_title":"49 \u2013 Maine-et-Loire - La PBA","og_url":"https:\/\/www.psycho-bio-acupressure.com\/en\/approved-practitioners\/49-maine-et-loire\/","og_site_name":"La PBA","article_publisher":"https:\/\/www.facebook.com\/InstitutDelatteDePsychoBioAcupressure","twitter_card":"summary_large_image","schema":{"@context":"https:\/\/schema.org","@graph":[{"@type":"WebPage","@id":"https:\/\/www.psycho-bio-acupressure.com\/en\/approved-practitioners\/49-maine-et-loire\/","url":"https:\/\/www.psycho-bio-acupressure.com\/en\/approved-practitioners\/49-maine-et-loire\/","name":"49 \u2013 Maine-et-Loire - La PBA","isPartOf":{"@id":"https:\/\/www.psycho-bio-acupressure.com\/en\/#website"},"datePublished":"2018-08-21T08:46:50+00:00","breadcrumb":{"@id":"https:\/\/www.psycho-bio-acupressure.com\/en\/approved-practitioners\/49-maine-et-loire\/#breadcrumb"},"inLanguage":"en-US","potentialAction":[{"@type":"ReadAction","target":["https:\/\/www.psycho-bio-acupressure.com\/en\/approved-practitioners\/49-maine-et-loire\/"]}]},{"@type":"BreadcrumbList","@id":"https:\/\/www.psycho-bio-acupressure.com\/en\/approved-practitioners\/49-maine-et-loire\/#breadcrumb","itemListElement":[{"@type":"ListItem","position":1,"name":"Accueil","item":"https:\/\/www.psycho-bio-acupressure.com\/en\/"},{"@type":"ListItem","position":2,"name":"Approved Practitioners","item":"https:\/\/www.psycho-bio-acupressure.com\/en\/approved-practitioners\/"},{"@type":"ListItem","position":3,"name":"49 \u2013 Maine-et-Loire"}]},{"@type":"WebSite","@id":"https:\/\/www.psycho-bio-acupressure.com\/en\/#website","url":"https:\/\/www.psycho-bio-acupressure.com\/en\/","name":"La PBA","description":"Institut DELATTE de Psycho-Bio-Acupressure","publisher":{"@id":"https:\/\/www.psycho-bio-acupressure.com\/en\/#organization"},"potentialAction":[{"@type":"SearchAction","target":{"@type":"EntryPoint","urlTemplate":"https:\/\/www.psycho-bio-acupressure.com\/en\/?s={search_term_string}"},"query-input":{"@type":"PropertyValueSpecification","valueRequired":true,"valueName":"search_term_string"}}],"inLanguage":"en-US"},{"@type":"Organization","@id":"https:\/\/www.psycho-bio-acupressure.com\/en\/#organization","name":"Institut Delatte de la Psycho-Bio-Acupressure","url":"https:\/\/www.psycho-bio-acupressure.com\/en\/","logo":{"@type":"ImageObject","inLanguage":"en-US","@id":"https:\/\/www.psycho-bio-acupressure.com\/en\/#\/schema\/logo\/image\/","url":"https:\/\/www.psycho-bio-acupressure.com\/wp-content\/uploads\/2019\/04\/pba-logo.png","contentUrl":"https:\/\/www.psycho-bio-acupressure.com\/wp-content\/uploads\/2019\/04\/pba-logo.png","width":1553,"height":1553,"caption":"Institut Delatte de la Psycho-Bio-Acupressure"},"image":{"@id":"https:\/\/www.psycho-bio-acupressure.com\/en\/#\/schema\/logo\/image\/"},"sameAs":["https:\/\/www.facebook.com\/InstitutDelatteDePsychoBioAcupressure","https:\/\/www.instagram.com\/institutdocteurdelatteofficiel\/"]}]}},"_links":{"self":[{"href":"https:\/\/www.psycho-bio-acupressure.com\/en\/wp-json\/wp\/v2\/pages\/1413","targetHints":{"allow":["GET"]}}],"collection":[{"href":"https:\/\/www.psycho-bio-acupressure.com\/en\/wp-json\/wp\/v2\/pages"}],"about":[{"href":"https:\/\/www.psycho-bio-acupressure.com\/en\/wp-json\/wp\/v2\/types\/page"}],"author":[{"embeddable":true,"href":"https:\/\/www.psycho-bio-acupressure.com\/en\/wp-json\/wp\/v2\/users\/1"}],"replies":[{"embeddable":true,"href":"https:\/\/www.psycho-bio-acupressure.com\/en\/wp-json\/wp\/v2\/comments?post=1413"}],"version-history":[{"count":1,"href":"https:\/\/www.psycho-bio-acupressure.com\/en\/wp-json\/wp\/v2\/pages\/1413\/revisions"}],"predecessor-version":[{"id":1414,"href":"https:\/\/www.psycho-bio-acupressure.com\/en\/wp-json\/wp\/v2\/pages\/1413\/revisions\/1414"}],"up":[{"embeddable":true,"href":"https:\/\/www.psycho-bio-acupressure.com\/en\/wp-json\/wp\/v2\/pages\/970"}],"wp:attachment":[{"href":"https:\/\/www.psycho-bio-acupressure.com\/en\/wp-json\/wp\/v2\/media?parent=1413"}],"curies":[{"name":"wp","href":"https:\/\/api.w.org\/{rel}","templated":true}]}}