{"id":1509,"date":"2018-08-21T11:53:01","date_gmt":"2018-08-21T09:53:01","guid":{"rendered":"https:\/\/www.psycho-bio-acupressure.com\/?page_id=1509"},"modified":"2018-08-21T11:53:01","modified_gmt":"2018-08-21T09:53:01","slug":"60-oise","status":"publish","type":"page","link":"https:\/\/www.psycho-bio-acupressure.com\/en\/approved-practitioners\/60-oise\/","title":{"rendered":"60 \u2013 Oise"},"content":{"rendered":"<div id=\"cn-top\" style=\"position: absolute; top: 0; right: 0;\"><\/div><div class=\"cn-list\" id=\"cn-list\" data-connections-version=\"10.4.66-0.7\"><div class=\"cn-template cn-cmap\" id=\"cn-cmap\" data-template-version=\"5.6\"><div class=\"cn-list-head\">\n<form class=\"cn-form\" id=\"cn-cat-select\" method=\"get\"><\/form><\/div>\n<div class=\"cn-list-body\" id=\"cn-list-body\">\n<div class=\"cn-list-section-head\" id=\"cn-char-F\"><h4 class=\"cn-alphahead\">F<\/h4><\/div><div class=\"cn-list-row cn-list-item vcard individual 60-oise argent autisme endometriose hypersensibilite fibromyalgie la-maladie-dalzheimer parkinson la-peau-eczema stress-post-traumatique syndrome-abandonnique addictions les-aidants enfants-de-parents-separes maladies-chroniques les-phobies les-spectres-herites-transgenerationnels liberation-des-kg-en-trop\" id=\"aurelie-fouquet-fossier\" data-entry-type=\"individual\" data-entry-id=\"58\" data-entry-slug=\"aurelie-fouquet-fossier\"><div id=\"entry-id-5869f2a2095fedd\"  class=\"cn-entry cn-background-gradient cn-background-shadow\"   style=\"background-color: #85a3bf; border: 1px solid #1e73be; border-radius: 4px; margin: 8px 0; padding: 10px; position: relative\">\r\n\r\n\t<div class=\"cn-left\">\r\n\r\n\t\t<span class=\"cn-image-style\"><span style=\"display: block; max-width: 100%; width: 150px\"><img width=\"150\" height=\"150\" sizes=\"auto, 100vw\" lazyload=\"1\" class=\"cn-image photo\" alt=\"Photo of Aur\u00e9lie FOUQUET\" title=\"Photo of Aur\u00e9lie FOUQUET\" srcset=\"\/\/www.psycho-bio-acupressure.com\/wp-content\/uploads\/connections-images\/aurelie-fouquet-fossier\/fouquet-368076c9224540b1c34d41db4fde5dea.jpg 1x\" loading=\"lazy\"\/><\/span><\/span>\n\t<\/div> <!-- \/.cn-left -->\r\n\r\n\t<div class=\"cn-right\">\r\n\r\n\t\t<div style=\"margin-bottom: 5px;\">\r\n\r\n\t\t\t<h3><span class=\"fn n notranslate\"> <span class=\"given-name\">Aur\u00e9lie<\/span> <span class=\"family-name\">FOUQUET<\/span><\/span>\n<\/h3>\r\n\t\t\t\n\t\t<\/div>\r\n\r\n\t\t<span class=\"address-block\"><span class=\"adr cn-address\"><span class=\"address-name\">Cabinet<\/span> <span class=\"street-address notranslate\">LA FONTAINE FR\u00c9TEAU<\/span> <span class=\"postal-code\">60126<\/span> <span class=\"locality\">RIVECOURT<\/span> <span class=\"country-name\">France<\/span><span class=\"type\" style=\"display: none;\">work<\/span><\/span><span class=\"adr cn-address\"><span class=\"address-name\">Cabinet<\/span> <span class=\"street-address notranslate\">25 rue de la 8\u00e8me Division<\/span> <span class=\"street-address notranslate\">L&#8217;alchimie &#8211; Petits Bonheurs et Coworking<\/span> <span class=\"postal-code\">60200<\/span> <span class=\"locality\">Compi\u00e8gne<\/span> <span class=\"country-name\">France<\/span><span class=\"type\" style=\"display: none;\">work<\/span><\/span><\/span>\n<span class=\"phone-number-block\">\n<span class=\"tel cn-phone-number cn-phone-number-type-cellphone\"><span class=\"phone-name\">T\u00e9l\u00e9phone mobile<\/span><span class=\"cn-separator\">:<\/span> <span class=\"value\">33 (0)7 83 22 99 56<\/span><span class=\"type\" style=\"display: none;\">cell<\/span><\/span>\n<\/span>\n<span class=\"email-address-block\">\n<span class=\"email cn-email-address\"><span class=\"email-name\">Courriel professionnel<\/span><span class=\"cn-separator\">:<\/span> <span class=\"email-address\"><a class=\"value\" title=\"Aur\u00e9lie FOUQUET work email.\" href=\"mailto:aff.soins@gmail.com\">aff.soins@gmail.com<\/a><\/span><span class=\"type\" style=\"display: none;\">INTERNET<\/span><\/span>\n<\/span>\n\t<\/div><!-- \/.cn-right -->\r\n\r\n\t<div class=\"cn-clear\"><\/div>\r\n\r\n\t\r\n\t<div class=\"cn-clear\" style=\"display:table;margin: 10px 0;width:100%;\">\r\n\t\t<div style=\"display:table-cell;vertical-align:middle;\">\r\n\t\t\t<div class=\"cn-categories\"><span class=\"cn_category_label\">R\u00e9gions \/ Prise en charge sp\u00e9cifique :<\/span> <span class=\"cn-category-name cn_category cn-category-271 cn-category-60-oise\">60 - Oise<\/span><span class=\"cn-category-separator\">, <\/span><span class=\"cn-category-name cn_category cn-category-362 cn-category-argent\">L&#039;argent<\/span><span class=\"cn-category-separator\">, <\/span><span class=\"cn-category-name cn_category cn-category-356 cn-category-autisme\">L&#039;autisme<\/span><span class=\"cn-category-separator\">, <\/span><span class=\"cn-category-name cn_category cn-category-368 cn-category-endometriose\">L&#039;endom\u00e9triose<\/span><span class=\"cn-category-separator\">, <\/span><span class=\"cn-category-name cn_category cn-category-360 cn-category-hypersensibilite\">L&#039;hypersensibilit\u00e9<\/span><span class=\"cn-category-separator\">, <\/span><span class=\"cn-category-name cn_category cn-category-367 cn-category-fibromyalgie\">La fibromyalgie<\/span><span class=\"cn-category-separator\">, <\/span><span class=\"cn-category-name cn_category cn-category-357 cn-category-la-maladie-dalzheimer\">La maladie d&#039;Alzheimer<\/span><span class=\"cn-category-separator\">, <\/span><span class=\"cn-category-name cn_category cn-category-372 cn-category-parkinson\">La maladie de Parkinson<\/span><span class=\"cn-category-separator\">, <\/span><span class=\"cn-category-name cn_category cn-category-373 cn-category-la-peau-eczema\">La peau (Ecz\u00e9ma)<\/span><span class=\"cn-category-separator\">, <\/span><span class=\"cn-category-name cn_category cn-category-377 cn-category-stress-post-traumatique\">Le stress post-traumatique<\/span><span class=\"cn-category-separator\">, <\/span><span class=\"cn-category-name cn_category cn-category-359 cn-category-syndrome-abandonnique\">Le syndrome abandonnique<\/span><span class=\"cn-category-separator\">, <\/span><span class=\"cn-category-name cn_category cn-category-381 cn-category-addictions\">Les addictions<\/span><span class=\"cn-category-separator\">, <\/span><span class=\"cn-category-name cn_category cn-category-358 cn-category-les-aidants\">Les Aidants<\/span><span class=\"cn-category-separator\">, <\/span><span class=\"cn-category-name cn_category cn-category-371 cn-category-enfants-de-parents-separes\">Les enfants de parents s\u00e9par\u00e9s<\/span><span class=\"cn-category-separator\">, <\/span><span class=\"cn-category-name cn_category cn-category-366 cn-category-maladies-chroniques\">Les maladies chroniques<\/span><span class=\"cn-category-separator\">, <\/span><span class=\"cn-category-name cn_category cn-category-378 cn-category-les-phobies\">Les phobies<\/span><span class=\"cn-category-separator\">, <\/span><span class=\"cn-category-name cn_category cn-category-361 cn-category-les-spectres-herites-transgenerationnels\">Les spectres h\u00e9rit\u00e9s transg\u00e9n\u00e9rationnels<\/span><span class=\"cn-category-separator\">, <\/span><span class=\"cn-category-name cn_category cn-category-382 cn-category-liberation-des-kg-en-trop\">Prise en charge de la lib\u00e9ration des kg en trop<\/span><\/div>\n\t\t<\/div>\r\n\t\t<div style=\"display:table-cell;text-align:right;vertical-align:middle;\">\r\n\t\t\t\t\t<\/div>\r\n\t<\/div>\r\n\r\n\t<div class=\"cn-tray-links\">\r\n\r\n\t\t<div class=\"cn-left\">\r\n\t\t\t\r\n\t\t\tPraticienne confirm\u00e9e, niveau 5, \u00e9galement form\u00e9e \u00e0 la prise en charge des enfants<div class=\"cn-clear\"><\/div>\t\t\t\r\n\t\t\tResponsable de r\u00e9gion : Hauts-de-France\t\r\n <\/div> <!-- \/.cn-left -->\r\n\t\t<div class=\"cn-clear\"><\/div>\r\n\t\t<div class=\"cn-right\">\r\n\t\t\t\r\n<div class=\"cn-clear\"><\/div>\r\n\t\t\t<a class=\"cn-note-anchor cn-cmap-toggle\" id=\"notes-anchor-5869f2a2095fedd\" href=\"#\" data-uuid=\"5869f2a2095fedd\" data-div-id=\"note-block-5869f2a2095fedd\">Show Notes<\/a><div class=\"cn-clear\"><\/div>\r\n\t\t\t<a class=\"cn-map-anchor cn-cmap-toggle\" id=\"map-anchor-5869f2a2095fedd\" href=\"#\" data-uuid=\"5869f2a2095fedd\" data-div-id=\"map-block-5869f2a2095fedd\">Show Map<\/a><span class=\"toggle-map-divider\"> | <\/span>\r\n\t\t\t\t<span class=\"cn-return-to-top\"><span class=\"cn-return-to-top\"><a href=\"#cn-top\" title=\"Return to top.\"><img decoding=\"async\" src=\"https:\/\/www.psycho-bio-acupressure.com\/wp-content\/plugins\/connections\/assets\/images\/uparrow.gif\" alt=\"Return to top.\"\/><\/a><\/span>\n<\/span>\r\n\r\n\t\t\t\r\n\t\t<\/div> <!-- \/.cn-right -->\r\n\t<\/div> <!-- \/.cn-tray-links -->\r\n\r\n\t<div class=\"cn-clear\"><\/div>\r\n\r\n\t<div class=\"cn-content-tray\">\r\n\t\t\r\n\t\t\r\n\t\t\t<div class=\"cn-cmap-tab cn-note-tray\" id=\"note-block-5869f2a2095fedd\"  data-type=\"notes\" style=\"display: none;\">\r\n\r\n\t\t\t\t<h4>Notes<\/h4>\r\n\t\t\t\t<div class=\"cn-notes\"><p>5 km de COMPIEGNE &#8211; Acc\u00e8s direct autoroute A1<\/p>\n<p>Deuxi\u00e8me adresse : LA FONTAINE FR\u00c9TEAU &#8211; 60126 RIVECOURT<br \/>\n(7 KM DE COMPIEGNE &#8211; ACC\u00c8S DIRECT AUTOROUTE A1 &#8211; GARE DE LE MEUX ACCESSIBLE \u00c0 PIED)<\/p>\n<\/div>\n\r\n\t\t\t\t<div class=\"cn-clear\"><\/div>\r\n\r\n\t\t\t<\/div>\r\n\r\n\t\t\r\n\t\t<div class=\"cn-cmap-tab cn-gmap\" id=\"map-block-5869f2a2095fedd\" data-type=\"map\" style=\"display: none;\">\n<map-block id=\"cn-map-5869f2a2095fedd\" style=\"display: block;height: 400px;width: 100%\" data-center=\"39.828300000000,-98.579500000000\" data-zoom=\"13\" data-height=\"400px\" data-width=\"100%\">\n<map-control-layers  data-id=\"layerControl\" data-collapsed=\"false\">\n<map-base-layer data-id=\"google-roadmap\">Roadmap<\/map-base-layer>\n<map-base-layer data-id=\"google-hybrid\">Satellite<\/map-base-layer>\n<\/map-control-layers>\n<map-tilelayer  data-id=\"google-roadmap\" data-type=\"roadmap\" data-name=\"Roadmap\"><a href=\"https:\/\/connections-pro.com\/\" target=\"_blank\" title=\"Connections Business Directory plugin for WordPress\">Connections Business Directory<\/a> | <a href=\"https:\/\/leafletjs.com\/\" target=\"_blank\" title=\"Leaflet\">Leaflet<\/a><\/map-tilelayer>\n<map-tilelayer  data-id=\"google-hybrid\" data-type=\"hybrid\" data-name=\"Satellite\"><a href=\"https:\/\/connections-pro.com\/\" target=\"_blank\" title=\"Connections Business Directory plugin for WordPress\">Connections Business Directory<\/a> | <a href=\"https:\/\/leafletjs.com\/\" target=\"_blank\" title=\"Leaflet\">Leaflet<\/a><\/map-tilelayer>\n<map-marker  data-id=\"default\" data-latitude=\"49.356628700000\" data-longitude=\"2.744334700000\"><map-marker-popup  data-id=\"default\"><p>LA FONTAINE FR\u00c9TEAU RIVECOURT 60126 France<\/p><div><a href=\"https:\/\/www.google.com\/maps?saddr&daddr=49.356628700000,2.744334700000\" target=\"_blank\"><button>Get Directions<\/button><\/a><\/div><\/map-marker-popup><\/map-marker>\n<map-marker  data-id=\"default\" data-latitude=\"49.419835300000\" data-longitude=\"2.825822600000\"><map-marker-popup  data-id=\"default\"><p>25 rue de la 8\u00e8me Division L&#8217;alchimie &#8211; Petits Bonheurs et Coworking Compi\u00e8gne 60200 France<\/p><div><a href=\"https:\/\/www.google.com\/maps?saddr&daddr=49.419835300000,2.825822600000\" target=\"_blank\"><button>Get Directions<\/button><\/a><\/div><\/map-marker-popup><\/map-marker>\n<\/map-block>\n<\/div>\t<\/div> <!-- \/.cn-content-tray -->\r\n<\/div>\r\n\n<\/div>\n<div class=\"cn-list-section-head\" id=\"cn-char-G\"><h4 class=\"cn-alphahead\">G<\/h4><\/div><div class=\"cn-list-row-alternate cn-list-item vcard individual 60-oise autisme tda-tdah trouble-dopposition-avec-provocation\" id=\"celine-gagneul\" data-entry-type=\"individual\" data-entry-id=\"87\" data-entry-slug=\"celine-gagneul\"><div id=\"entry-id-8769f2a2096495e\"  class=\"cn-entry cn-background-gradient cn-background-shadow\"   style=\"background-color: #85a3bf; border: 1px solid #1e73be; border-radius: 4px; margin: 8px 0; padding: 10px; position: relative\">\r\n\r\n\t<div class=\"cn-left\">\r\n\r\n\t\t<span class=\"cn-image-style\"><span style=\"display: block; max-width: 100%; width: 150px\"><img width=\"150\" height=\"150\" sizes=\"auto, 100vw\" lazyload=\"1\" class=\"cn-image photo\" alt=\"Photo of C\u00e9line GOUZIEN\" title=\"Photo of C\u00e9line GOUZIEN\" srcset=\"\/\/www.psycho-bio-acupressure.com\/wp-content\/uploads\/connections-images\/celine-gagneul\/gouzien-a749157dfb911fb6c6312a836415ebb4.jpg 1x\" loading=\"lazy\"\/><\/span><\/span>\n\t<\/div> <!-- \/.cn-left -->\r\n\r\n\t<div class=\"cn-right\">\r\n\r\n\t\t<div style=\"margin-bottom: 5px;\">\r\n\r\n\t\t\t<h3><span class=\"fn n notranslate\"> <span class=\"given-name\">C\u00e9line<\/span> <span class=\"family-name\">GOUZIEN<\/span><\/span>\n<\/h3>\r\n\t\t\t\n\t\t<\/div>\r\n\r\n\t\t<span class=\"address-block\"><span class=\"adr cn-address\"><span class=\"address-name\">Cabinet<\/span> <span class=\"street-address notranslate\">6 avenue Georges Bataille<\/span> <span class=\"postal-code\">60330<\/span> <span class=\"locality\">Plessis Belleville<\/span> <span class=\"country-name\">France<\/span><span class=\"type\" style=\"display: none;\">work<\/span><\/span><\/span>\n<span class=\"phone-number-block\">\n<span class=\"tel cn-phone-number cn-phone-number-type-cellphone\"><span class=\"phone-name\">T\u00e9l\u00e9phone mobile<\/span><span class=\"cn-separator\">:<\/span> <span class=\"value\">07 61 26 13 46<\/span><span class=\"type\" style=\"display: none;\">cell<\/span><\/span>\n<\/span>\n<span class=\"email-address-block\">\n<span class=\"email cn-email-address\"><span class=\"email-name\">Courriel professionnel<\/span><span class=\"cn-separator\">:<\/span> <span class=\"email-address\"><a class=\"value\" title=\"C\u00e9line GOUZIEN work email.\" href=\"mailto:celinegouzien@yahoo.com\">celinegouzien@yahoo.com<\/a><\/span><span class=\"type\" style=\"display: none;\">INTERNET<\/span><\/span>\n<\/span>\n\t<\/div><!-- \/.cn-right -->\r\n\r\n\t<div class=\"cn-clear\"><\/div>\r\n\r\n\t\r\n\t<div class=\"cn-clear\" style=\"display:table;margin: 10px 0;width:100%;\">\r\n\t\t<div style=\"display:table-cell;vertical-align:middle;\">\r\n\t\t\t<div class=\"cn-categories\"><span class=\"cn_category_label\">R\u00e9gions \/ Prise en charge sp\u00e9cifique :<\/span> <span class=\"cn-category-name cn_category cn-category-271 cn-category-60-oise\">60 - Oise<\/span><span class=\"cn-category-separator\">, <\/span><span class=\"cn-category-name cn_category cn-category-356 cn-category-autisme\">L&#039;autisme<\/span><span class=\"cn-category-separator\">, <\/span><span class=\"cn-category-name cn_category cn-category-363 cn-category-tda-tdah\">TDA\/TDAH<\/span><span class=\"cn-category-separator\">, <\/span><span class=\"cn-category-name cn_category cn-category-364 cn-category-trouble-dopposition-avec-provocation\">Trouble d\u2019Opposition avec Provocation<\/span><\/div>\n\t\t<\/div>\r\n\t\t<div style=\"display:table-cell;text-align:right;vertical-align:middle;\">\r\n\t\t\t\t\t<\/div>\r\n\t<\/div>\r\n\r\n\t<div class=\"cn-tray-links\">\r\n\r\n\t\t<div class=\"cn-left\">\r\n\t\t\t\r\n\t\t\tPraticienne confirm\u00e9e, niveau 5, \u00e9galement form\u00e9e \u00e0 la prise en charge des enfants<div class=\"cn-clear\"><\/div>\t\t\t\r\n\t\t\t\t\r\n <\/div> <!-- \/.cn-left -->\r\n\t\t<div class=\"cn-clear\"><\/div>\r\n\t\t<div class=\"cn-right\">\r\n\t\t\t\r\n<div class=\"cn-clear\"><\/div>\r\n\t\t\t<div class=\"cn-clear\"><\/div>\r\n\t\t\t<a class=\"cn-map-anchor cn-cmap-toggle\" id=\"map-anchor-8769f2a2096495e\" href=\"#\" data-uuid=\"8769f2a2096495e\" data-div-id=\"map-block-8769f2a2096495e\">Show Map<\/a><span class=\"toggle-map-divider\"> | <\/span>\r\n\t\t\t\t<span class=\"cn-return-to-top\"><span class=\"cn-return-to-top\"><a href=\"#cn-top\" title=\"Return to top.\"><img decoding=\"async\" src=\"https:\/\/www.psycho-bio-acupressure.com\/wp-content\/plugins\/connections\/assets\/images\/uparrow.gif\" alt=\"Return to top.\"\/><\/a><\/span>\n<\/span>\r\n\r\n\t\t\t\r\n\t\t<\/div> <!-- \/.cn-right -->\r\n\t<\/div> <!-- \/.cn-tray-links -->\r\n\r\n\t<div class=\"cn-clear\"><\/div>\r\n\r\n\t<div class=\"cn-content-tray\">\r\n\t\t\r\n\t\t\r\n\t\t<div class=\"cn-cmap-tab cn-gmap\" id=\"map-block-8769f2a2096495e\" data-type=\"map\" style=\"display: none;\">\n<map-block id=\"cn-map-8769f2a2096495e\" style=\"display: block;height: 400px;width: 100%\" data-center=\"39.828300000000,-98.579500000000\" data-zoom=\"13\" data-height=\"400px\" data-width=\"100%\">\n<map-control-layers  data-id=\"layerControl\" data-collapsed=\"false\">\n<map-base-layer data-id=\"google-roadmap\">Roadmap<\/map-base-layer>\n<map-base-layer data-id=\"google-hybrid\">Satellite<\/map-base-layer>\n<\/map-control-layers>\n<map-tilelayer  data-id=\"google-roadmap\" data-type=\"roadmap\" data-name=\"Roadmap\"><a href=\"https:\/\/connections-pro.com\/\" target=\"_blank\" title=\"Connections Business Directory plugin for WordPress\">Connections Business Directory<\/a> | <a href=\"https:\/\/leafletjs.com\/\" target=\"_blank\" title=\"Leaflet\">Leaflet<\/a><\/map-tilelayer>\n<map-tilelayer  data-id=\"google-hybrid\" data-type=\"hybrid\" data-name=\"Satellite\"><a href=\"https:\/\/connections-pro.com\/\" target=\"_blank\" title=\"Connections Business Directory plugin for WordPress\">Connections Business Directory<\/a> | <a href=\"https:\/\/leafletjs.com\/\" target=\"_blank\" title=\"Leaflet\">Leaflet<\/a><\/map-tilelayer>\n<map-marker  data-id=\"default\" data-latitude=\"49.095032700000\" data-longitude=\"2.755126200000\"><map-marker-popup  data-id=\"default\"><p>6 avenue Georges Bataille Plessis Belleville 60330 France<\/p><div><a href=\"https:\/\/www.google.com\/maps?saddr&daddr=49.095032700000,2.755126200000\" target=\"_blank\"><button>Get Directions<\/button><\/a><\/div><\/map-marker-popup><\/map-marker>\n<\/map-block>\n<\/div>\t<\/div> <!-- \/.cn-content-tray -->\r\n<\/div>\r\n\n<\/div>\n<\/div>\n<div class=\"cn-list-foot\">\n\n<\/div>\n\n<\/div>\n\n<\/div>\n","protected":false},"excerpt":{"rendered":"<p>F Aur\u00e9lie FOUQUET Cabinet LA FONTAINE FR\u00c9TEAU 60126 RIVECOURT FranceworkCabinet 25 rue de la 8\u00e8me Division L&#8217;alchimie &#8211; Petits Bonheurs et Coworking 60200 Compi\u00e8gne Francework T\u00e9l\u00e9phone mobile: 33 (0)7 83 22 99 56cell Courriel professionnel: aff.soins@gmail.comINTERNET R\u00e9gions \/ Prise en charge sp\u00e9cifique : 60 &#8211; Oise, L&#039;argent, L&#039;autisme, L&#039;endom\u00e9triose, L&#039;hypersensibilit\u00e9, La fibromyalgie, La maladie d&#039;Alzheimer,&hellip;<\/p>\n","protected":false},"author":1,"featured_media":0,"parent":970,"menu_order":0,"comment_status":"closed","ping_status":"closed","template":"","meta":{"_cbd_carousel_blocks":"[]","footnotes":""},"class_list":["post-1509","page","type-page","status-publish","hentry","description-off"],"yoast_head":"<!-- This site is optimized with the Yoast SEO plugin v27.5 - https:\/\/yoast.com\/product\/yoast-seo-wordpress\/ -->\n<title>60 \u2013 Oise - La PBA<\/title>\n<meta name=\"robots\" content=\"index, follow, max-snippet:-1, max-image-preview:large, max-video-preview:-1\" \/>\n<link rel=\"canonical\" href=\"https:\/\/www.psycho-bio-acupressure.com\/en\/approved-practitioners\/60-oise\/\" \/>\n<meta property=\"og:locale\" content=\"en_US\" \/>\n<meta property=\"og:type\" content=\"article\" \/>\n<meta property=\"og:title\" content=\"60 \u2013 Oise - La PBA\" \/>\n<meta property=\"og:url\" content=\"https:\/\/www.psycho-bio-acupressure.com\/en\/approved-practitioners\/60-oise\/\" \/>\n<meta property=\"og:site_name\" content=\"La PBA\" \/>\n<meta property=\"article:publisher\" content=\"https:\/\/www.facebook.com\/InstitutDelatteDePsychoBioAcupressure\" \/>\n<meta name=\"twitter:card\" content=\"summary_large_image\" \/>\n<script type=\"application\/ld+json\" class=\"yoast-schema-graph\">{\"@context\":\"https:\\\/\\\/schema.org\",\"@graph\":[{\"@type\":\"WebPage\",\"@id\":\"https:\\\/\\\/www.psycho-bio-acupressure.com\\\/en\\\/approved-practitioners\\\/60-oise\\\/\",\"url\":\"https:\\\/\\\/www.psycho-bio-acupressure.com\\\/en\\\/approved-practitioners\\\/60-oise\\\/\",\"name\":\"60 \u2013 Oise - La PBA\",\"isPartOf\":{\"@id\":\"https:\\\/\\\/www.psycho-bio-acupressure.com\\\/en\\\/#website\"},\"datePublished\":\"2018-08-21T09:53:01+00:00\",\"breadcrumb\":{\"@id\":\"https:\\\/\\\/www.psycho-bio-acupressure.com\\\/en\\\/approved-practitioners\\\/60-oise\\\/#breadcrumb\"},\"inLanguage\":\"en-US\",\"potentialAction\":[{\"@type\":\"ReadAction\",\"target\":[\"https:\\\/\\\/www.psycho-bio-acupressure.com\\\/en\\\/approved-practitioners\\\/60-oise\\\/\"]}]},{\"@type\":\"BreadcrumbList\",\"@id\":\"https:\\\/\\\/www.psycho-bio-acupressure.com\\\/en\\\/approved-practitioners\\\/60-oise\\\/#breadcrumb\",\"itemListElement\":[{\"@type\":\"ListItem\",\"position\":1,\"name\":\"Accueil\",\"item\":\"https:\\\/\\\/www.psycho-bio-acupressure.com\\\/en\\\/\"},{\"@type\":\"ListItem\",\"position\":2,\"name\":\"Approved Practitioners\",\"item\":\"https:\\\/\\\/www.psycho-bio-acupressure.com\\\/en\\\/approved-practitioners\\\/\"},{\"@type\":\"ListItem\",\"position\":3,\"name\":\"60 \u2013 Oise\"}]},{\"@type\":\"WebSite\",\"@id\":\"https:\\\/\\\/www.psycho-bio-acupressure.com\\\/en\\\/#website\",\"url\":\"https:\\\/\\\/www.psycho-bio-acupressure.com\\\/en\\\/\",\"name\":\"La PBA\",\"description\":\"Institut DELATTE de Psycho-Bio-Acupressure\",\"publisher\":{\"@id\":\"https:\\\/\\\/www.psycho-bio-acupressure.com\\\/en\\\/#organization\"},\"potentialAction\":[{\"@type\":\"SearchAction\",\"target\":{\"@type\":\"EntryPoint\",\"urlTemplate\":\"https:\\\/\\\/www.psycho-bio-acupressure.com\\\/en\\\/?s={search_term_string}\"},\"query-input\":{\"@type\":\"PropertyValueSpecification\",\"valueRequired\":true,\"valueName\":\"search_term_string\"}}],\"inLanguage\":\"en-US\"},{\"@type\":\"Organization\",\"@id\":\"https:\\\/\\\/www.psycho-bio-acupressure.com\\\/en\\\/#organization\",\"name\":\"Institut Delatte de la Psycho-Bio-Acupressure\",\"url\":\"https:\\\/\\\/www.psycho-bio-acupressure.com\\\/en\\\/\",\"logo\":{\"@type\":\"ImageObject\",\"inLanguage\":\"en-US\",\"@id\":\"https:\\\/\\\/www.psycho-bio-acupressure.com\\\/en\\\/#\\\/schema\\\/logo\\\/image\\\/\",\"url\":\"https:\\\/\\\/www.psycho-bio-acupressure.com\\\/wp-content\\\/uploads\\\/2019\\\/04\\\/pba-logo.png\",\"contentUrl\":\"https:\\\/\\\/www.psycho-bio-acupressure.com\\\/wp-content\\\/uploads\\\/2019\\\/04\\\/pba-logo.png\",\"width\":1553,\"height\":1553,\"caption\":\"Institut Delatte de la Psycho-Bio-Acupressure\"},\"image\":{\"@id\":\"https:\\\/\\\/www.psycho-bio-acupressure.com\\\/en\\\/#\\\/schema\\\/logo\\\/image\\\/\"},\"sameAs\":[\"https:\\\/\\\/www.facebook.com\\\/InstitutDelatteDePsychoBioAcupressure\",\"https:\\\/\\\/www.instagram.com\\\/institutdocteurdelatteofficiel\\\/\"]}]}<\/script>\n<!-- \/ Yoast SEO plugin. -->","yoast_head_json":{"title":"60 \u2013 Oise - La PBA","robots":{"index":"index","follow":"follow","max-snippet":"max-snippet:-1","max-image-preview":"max-image-preview:large","max-video-preview":"max-video-preview:-1"},"canonical":"https:\/\/www.psycho-bio-acupressure.com\/en\/approved-practitioners\/60-oise\/","og_locale":"en_US","og_type":"article","og_title":"60 \u2013 Oise - La PBA","og_url":"https:\/\/www.psycho-bio-acupressure.com\/en\/approved-practitioners\/60-oise\/","og_site_name":"La PBA","article_publisher":"https:\/\/www.facebook.com\/InstitutDelatteDePsychoBioAcupressure","twitter_card":"summary_large_image","schema":{"@context":"https:\/\/schema.org","@graph":[{"@type":"WebPage","@id":"https:\/\/www.psycho-bio-acupressure.com\/en\/approved-practitioners\/60-oise\/","url":"https:\/\/www.psycho-bio-acupressure.com\/en\/approved-practitioners\/60-oise\/","name":"60 \u2013 Oise - La PBA","isPartOf":{"@id":"https:\/\/www.psycho-bio-acupressure.com\/en\/#website"},"datePublished":"2018-08-21T09:53:01+00:00","breadcrumb":{"@id":"https:\/\/www.psycho-bio-acupressure.com\/en\/approved-practitioners\/60-oise\/#breadcrumb"},"inLanguage":"en-US","potentialAction":[{"@type":"ReadAction","target":["https:\/\/www.psycho-bio-acupressure.com\/en\/approved-practitioners\/60-oise\/"]}]},{"@type":"BreadcrumbList","@id":"https:\/\/www.psycho-bio-acupressure.com\/en\/approved-practitioners\/60-oise\/#breadcrumb","itemListElement":[{"@type":"ListItem","position":1,"name":"Accueil","item":"https:\/\/www.psycho-bio-acupressure.com\/en\/"},{"@type":"ListItem","position":2,"name":"Approved Practitioners","item":"https:\/\/www.psycho-bio-acupressure.com\/en\/approved-practitioners\/"},{"@type":"ListItem","position":3,"name":"60 \u2013 Oise"}]},{"@type":"WebSite","@id":"https:\/\/www.psycho-bio-acupressure.com\/en\/#website","url":"https:\/\/www.psycho-bio-acupressure.com\/en\/","name":"La PBA","description":"Institut DELATTE de Psycho-Bio-Acupressure","publisher":{"@id":"https:\/\/www.psycho-bio-acupressure.com\/en\/#organization"},"potentialAction":[{"@type":"SearchAction","target":{"@type":"EntryPoint","urlTemplate":"https:\/\/www.psycho-bio-acupressure.com\/en\/?s={search_term_string}"},"query-input":{"@type":"PropertyValueSpecification","valueRequired":true,"valueName":"search_term_string"}}],"inLanguage":"en-US"},{"@type":"Organization","@id":"https:\/\/www.psycho-bio-acupressure.com\/en\/#organization","name":"Institut Delatte de la Psycho-Bio-Acupressure","url":"https:\/\/www.psycho-bio-acupressure.com\/en\/","logo":{"@type":"ImageObject","inLanguage":"en-US","@id":"https:\/\/www.psycho-bio-acupressure.com\/en\/#\/schema\/logo\/image\/","url":"https:\/\/www.psycho-bio-acupressure.com\/wp-content\/uploads\/2019\/04\/pba-logo.png","contentUrl":"https:\/\/www.psycho-bio-acupressure.com\/wp-content\/uploads\/2019\/04\/pba-logo.png","width":1553,"height":1553,"caption":"Institut Delatte de la Psycho-Bio-Acupressure"},"image":{"@id":"https:\/\/www.psycho-bio-acupressure.com\/en\/#\/schema\/logo\/image\/"},"sameAs":["https:\/\/www.facebook.com\/InstitutDelatteDePsychoBioAcupressure","https:\/\/www.instagram.com\/institutdocteurdelatteofficiel\/"]}]}},"_links":{"self":[{"href":"https:\/\/www.psycho-bio-acupressure.com\/en\/wp-json\/wp\/v2\/pages\/1509","targetHints":{"allow":["GET"]}}],"collection":[{"href":"https:\/\/www.psycho-bio-acupressure.com\/en\/wp-json\/wp\/v2\/pages"}],"about":[{"href":"https:\/\/www.psycho-bio-acupressure.com\/en\/wp-json\/wp\/v2\/types\/page"}],"author":[{"embeddable":true,"href":"https:\/\/www.psycho-bio-acupressure.com\/en\/wp-json\/wp\/v2\/users\/1"}],"replies":[{"embeddable":true,"href":"https:\/\/www.psycho-bio-acupressure.com\/en\/wp-json\/wp\/v2\/comments?post=1509"}],"version-history":[{"count":1,"href":"https:\/\/www.psycho-bio-acupressure.com\/en\/wp-json\/wp\/v2\/pages\/1509\/revisions"}],"predecessor-version":[{"id":1510,"href":"https:\/\/www.psycho-bio-acupressure.com\/en\/wp-json\/wp\/v2\/pages\/1509\/revisions\/1510"}],"up":[{"embeddable":true,"href":"https:\/\/www.psycho-bio-acupressure.com\/en\/wp-json\/wp\/v2\/pages\/970"}],"wp:attachment":[{"href":"https:\/\/www.psycho-bio-acupressure.com\/en\/wp-json\/wp\/v2\/media?parent=1509"}],"curies":[{"name":"wp","href":"https:\/\/api.w.org\/{rel}","templated":true}]}}