{"id":960,"date":"2018-08-08T15:40:43","date_gmt":"2018-08-08T13:40:43","guid":{"rendered":"https:\/\/www.psycho-bio-acupressure.com\/?page_id=960"},"modified":"2018-08-17T13:59:48","modified_gmt":"2018-08-17T11:59:48","slug":"use-of-p-b-a","status":"publish","type":"page","link":"https:\/\/www.psycho-bio-acupressure.com\/en\/p-b-a\/use-of-p-b-a\/","title":{"rendered":"Use of P.B.A."},"content":{"rendered":"<div class=\"wpb-content-wrapper\"><p>[vc_row][vc_column][vc_column_text]<\/p>\n<h4>In its primary aspect, PBA can be used by any person, child or adult, to instantly manage their emotions daily.<\/h4>\n<p><em>The French PBA federation (F\u00e9d\u00e9ration Fran\u00e7aise de PBA) is currently in the process of setting up courses for adolescents during exams, or new parents looking to better control their baby\u2019s emotions, as well as their own fears.<\/em><\/p>\n<p>There are PBA circuits capable of alleviating states of depression, panic, hypersensitivity, negativity and obsession. There are others that can positively recharge all energy centres, or erase the scars etched in our energy system by dramatic events we have experienced. A person simply uses these circuits according to a given protocol, and in a few moments, they can face the situation that was throwing them off balance.<\/p>\n<p><em>Each one of us can use these protocols.<\/em><\/p>\n<p>The only way to be at peace with ourselves is to constantly make sure we are functioning on good energy systems, which we can do on our own using psycho-bio-acupressure.<\/p>\n<p>In a way, this is a new healthy lifestyle.<\/p>\n<p><strong>But, as we have said, there is another application of PBA that is also fundamental, but is more specifically intended for specially trained practitioners:<\/strong><\/p>\n<h4>PBA allows us to release emotional blockages (energy) related to negative past experiences.<\/h4>\n<p>What is important to understand is that all negative experiences, especially those that occurred in early childhood, can create conditioning that is almost impossible to escape.<\/p>\n<p><em>For example, a child who is told by his teacher that he is no good the entire school year, will be more likely, at the age of 25, to refuse a rewarding job even if he is fully qualified because he will feel incapable of handling it. His lack of self-confidence is not in his character; it is the emotional (energy) blockage that set in during that school year that has replaced that aspect of his personality.<\/em><\/p>\n<p><em>But this lack of self-confidence will end up sabotaging his whole existence if it is not released.<\/em><\/p>\n<p>Or, a person will go from one failure to the next in his or her emotional life without knowing that he\/she is systematically making wrong choices out of a fear of abandonment. Here again, the emotional (energy) blockage is created in childhood, following an event that is sometimes trivial, because the child, whose pre-frontal cortex is not fully developed, uses only his or her emotional brain (in particular, the amygdala and hippocampus) and is not capable of putting things into perspective, making it easy for blockages to occur. This fear of being abandoned may be linked to time in an incubator, parents going away for a weekend, or even a more trivial event, but once it sets in, it will cause emotional turmoil, because this fear of being abandoned will lead the person in question to unintentionally make poor choices time and time again.<\/p>\n<p>In the same vein, we often fail to realize that an inability to become pregnant may be linked to taboos or fears that lead to emotional blockages on a completely unconscious level, or that many sexual problems are also related to blockages.<\/p>\n<p><em>These emotional (energy) blockages act like switches on a railway, they are both unstoppable and unforgiving, and if they have not been removed, there is no way to make the train go in the right direction.<\/em><\/p>\n<p>If we remove them, however, the train will arrive at its destination instantly, without having to add a watt to the power of the machine.<\/p>\n<p>The practitioner\u2019s entire art, as we have said, will consist in training his or her intuition to identify emotional (energy) blockages, and especially to learn to verbalize them with the patient while applying the appropriate acupressure circuit.<\/p>\n<p>And the result over the following weeks will be spectacular: the person will regain his or her self-confidence or resolve his or her fear of abandonment or sexual issues in a way that is painless and long-lasting, without being shaken up, as is often the case with other therapies.<\/p>\n<p><strong>In fact, the only problem that, one might say, is currently paradoxically hampering the expansion of PBA is its effectiveness, its ease of use and its safety for patients, which are so revolutionary that those who have never tried it tend to be skeptical, because it seems \u201ctoo good to be true.\u201d<\/strong><\/p>\n<p><strong>And yet, since its creation, Dr. Delatte has used it more than 30,000 times. And the practitioners he trains regularly use it, too, with great success.<\/strong><\/p>\n<p>In any case, if another type of psychotherapy becomes necessary, its effect will only be enhanced by the parallel use of PBA, and it will work much more quickly. Hence the interest in professionals to add PBA to their therapeutic arsenal.<\/p>\n<p><strong>In summary:<\/strong><\/p>\n<p>[\/vc_column_text][\/vc_column][\/vc_row][vc_row][vc_column]<div class=\"smile_icon_list_wrap ult_info_list_container ult-adjust-bottom-margin  \"><ul class=\"smile_icon_list left square with_bg\"><li class=\"icon_list_item\" style=\" font-size:72px;\"><div class=\"icon_list_icon\" data-animation=\"\" data-animation-delay=\"03\" style=\"font-size:24px;border-width:1px;border-style:none;background:#ffffff;color:#333333;border-color:#333333;\"><i class=\"Defaults-arrow-right\" ><\/i><\/div><div class=\"icon_description\" id=\"Info-list-wrap-8499\" style=\"font-size:24px;\"><div class=\"icon_description_text ult-responsive\"  data-ultimate-target='#Info-list-wrap-8499 .icon_description_text'  data-responsive-json-new='{\"font-size\":\"desktop:13px;\",\"line-height\":\"desktop:18px;\"}'  style=\"\"><p><strong>PBA is a technique that helps you instantly manage your emotions on your own. Anyone can do it, and it contributes to creating a healthier lifestyle.<\/strong> This is the subject of Level 1 courses, and the first book published by \u00c9ditions Tr\u00e9daniel,\u00a0<em>5 points, un point c\u2019est tout<\/em>(5 points, period) as well as the book on PBA for babies,\u00a0<em>5 points pour mon b\u00e9b\u00e9<\/em>\u00a0(5 points for my baby).<\/p>\n<\/div><\/div><div class=\"icon_list_connector\"  style=\"border-right-width: 1px;border-right-style: dashed;border-color: #333333;\"><\/div><\/li><li class=\"icon_list_item\" style=\" font-size:72px;\"><div class=\"icon_list_icon\" data-animation=\"\" data-animation-delay=\"03\" style=\"font-size:24px;border-width:1px;border-style:none;background:#ffffff;color:#333333;border-color:#333333;\"><i class=\"Defaults-arrow-right\" ><\/i><\/div><div class=\"icon_description\" id=\"Info-list-wrap-5215\" style=\"font-size:24px;\"><div class=\"icon_description_text ult-responsive\"  data-ultimate-target='#Info-list-wrap-5215 .icon_description_text'  data-responsive-json-new='{\"font-size\":\"desktop:13px;\",\"line-height\":\"desktop:18px;\"}'  style=\"\"><p>It is also a technique used by trained practitioners (Level 2 to 4 courses) to release emotional (energy) blockages stemming from past traumas to allow patients to finally be at peace with themselves and put an end to repeated failures. This second aspect is revolutionary because it requires no effort on the patients\u2019 part and there is no need to revisit the past (patients are not asked to relive painful events or look for their causes). This second aspect is explained in the book\u00a0<em>Lib\u00e9rez vous de vos blocages !<\/em>\u00a0(Free yourself from your blockages).<\/p>\n<\/div><\/div><div class=\"icon_list_connector\"  style=\"border-right-width: 1px;border-right-style: dashed;border-color: #333333;\"><\/div><\/li><\/ul><\/div>[\/vc_column][\/vc_row]<\/p>\n<\/div>","protected":false},"excerpt":{"rendered":"<p>[vc_row][vc_column][vc_column_text] In its primary aspect, PBA can be used by any person, child or adult, to instantly manage their emotions daily. The French PBA federation (F\u00e9d\u00e9ration Fran\u00e7aise de PBA) is currently in the process of setting up courses for adolescents during exams, or new parents looking to better control their baby\u2019s emotions, as well as&hellip;<\/p>\n","protected":false},"author":1,"featured_media":0,"parent":950,"menu_order":0,"comment_status":"closed","ping_status":"closed","template":"","meta":{"_cbd_carousel_blocks":"[]","footnotes":""},"class_list":["post-960","page","type-page","status-publish","hentry","description-off"],"yoast_head":"<!-- This site is optimized with the Yoast SEO plugin v27.5 - https:\/\/yoast.com\/product\/yoast-seo-wordpress\/ -->\n<title>Use of P.B.A. - La PBA<\/title>\n<meta name=\"robots\" content=\"index, follow, max-snippet:-1, max-image-preview:large, max-video-preview:-1\" \/>\n<link rel=\"canonical\" href=\"https:\/\/www.psycho-bio-acupressure.com\/en\/p-b-a\/use-of-p-b-a\/\" \/>\n<meta property=\"og:locale\" content=\"en_US\" \/>\n<meta property=\"og:type\" content=\"article\" \/>\n<meta property=\"og:title\" content=\"Use of P.B.A. - La PBA\" \/>\n<meta property=\"og:description\" content=\"[vc_row][vc_column][vc_column_text] In its primary aspect, PBA can be used by any person, child or adult, to instantly manage their emotions daily. The French PBA federation (F\u00e9d\u00e9ration Fran\u00e7aise de PBA) is currently in the process of setting up courses for adolescents during exams, or new parents looking to better control their baby\u2019s emotions, as well as&hellip;\" \/>\n<meta property=\"og:url\" content=\"https:\/\/www.psycho-bio-acupressure.com\/en\/p-b-a\/use-of-p-b-a\/\" \/>\n<meta property=\"og:site_name\" content=\"La PBA\" \/>\n<meta property=\"article:publisher\" content=\"https:\/\/www.facebook.com\/InstitutDelatteDePsychoBioAcupressure\" \/>\n<meta property=\"article:modified_time\" content=\"2018-08-17T11:59:48+00:00\" \/>\n<meta name=\"twitter:card\" content=\"summary_large_image\" \/>\n<meta name=\"twitter:label1\" content=\"Est. reading time\" \/>\n\t<meta name=\"twitter:data1\" content=\"5 minutes\" \/>\n<script type=\"application\/ld+json\" class=\"yoast-schema-graph\">{\"@context\":\"https:\\\/\\\/schema.org\",\"@graph\":[{\"@type\":\"WebPage\",\"@id\":\"https:\\\/\\\/www.psycho-bio-acupressure.com\\\/en\\\/p-b-a\\\/use-of-p-b-a\\\/\",\"url\":\"https:\\\/\\\/www.psycho-bio-acupressure.com\\\/en\\\/p-b-a\\\/use-of-p-b-a\\\/\",\"name\":\"Use of P.B.A. - La PBA\",\"isPartOf\":{\"@id\":\"https:\\\/\\\/www.psycho-bio-acupressure.com\\\/en\\\/#website\"},\"datePublished\":\"2018-08-08T13:40:43+00:00\",\"dateModified\":\"2018-08-17T11:59:48+00:00\",\"breadcrumb\":{\"@id\":\"https:\\\/\\\/www.psycho-bio-acupressure.com\\\/en\\\/p-b-a\\\/use-of-p-b-a\\\/#breadcrumb\"},\"inLanguage\":\"en-US\",\"potentialAction\":[{\"@type\":\"ReadAction\",\"target\":[\"https:\\\/\\\/www.psycho-bio-acupressure.com\\\/en\\\/p-b-a\\\/use-of-p-b-a\\\/\"]}]},{\"@type\":\"BreadcrumbList\",\"@id\":\"https:\\\/\\\/www.psycho-bio-acupressure.com\\\/en\\\/p-b-a\\\/use-of-p-b-a\\\/#breadcrumb\",\"itemListElement\":[{\"@type\":\"ListItem\",\"position\":1,\"name\":\"Accueil\",\"item\":\"https:\\\/\\\/www.psycho-bio-acupressure.com\\\/en\\\/\"},{\"@type\":\"ListItem\",\"position\":2,\"name\":\"P.B.A.\",\"item\":\"https:\\\/\\\/www.psycho-bio-acupressure.com\\\/en\\\/p-b-a\\\/\"},{\"@type\":\"ListItem\",\"position\":3,\"name\":\"Use of P.B.A.\"}]},{\"@type\":\"WebSite\",\"@id\":\"https:\\\/\\\/www.psycho-bio-acupressure.com\\\/en\\\/#website\",\"url\":\"https:\\\/\\\/www.psycho-bio-acupressure.com\\\/en\\\/\",\"name\":\"La PBA\",\"description\":\"Institut DELATTE de Psycho-Bio-Acupressure\",\"publisher\":{\"@id\":\"https:\\\/\\\/www.psycho-bio-acupressure.com\\\/en\\\/#organization\"},\"potentialAction\":[{\"@type\":\"SearchAction\",\"target\":{\"@type\":\"EntryPoint\",\"urlTemplate\":\"https:\\\/\\\/www.psycho-bio-acupressure.com\\\/en\\\/?s={search_term_string}\"},\"query-input\":{\"@type\":\"PropertyValueSpecification\",\"valueRequired\":true,\"valueName\":\"search_term_string\"}}],\"inLanguage\":\"en-US\"},{\"@type\":\"Organization\",\"@id\":\"https:\\\/\\\/www.psycho-bio-acupressure.com\\\/en\\\/#organization\",\"name\":\"Institut Delatte de la Psycho-Bio-Acupressure\",\"url\":\"https:\\\/\\\/www.psycho-bio-acupressure.com\\\/en\\\/\",\"logo\":{\"@type\":\"ImageObject\",\"inLanguage\":\"en-US\",\"@id\":\"https:\\\/\\\/www.psycho-bio-acupressure.com\\\/en\\\/#\\\/schema\\\/logo\\\/image\\\/\",\"url\":\"https:\\\/\\\/www.psycho-bio-acupressure.com\\\/wp-content\\\/uploads\\\/2019\\\/04\\\/pba-logo.png\",\"contentUrl\":\"https:\\\/\\\/www.psycho-bio-acupressure.com\\\/wp-content\\\/uploads\\\/2019\\\/04\\\/pba-logo.png\",\"width\":1553,\"height\":1553,\"caption\":\"Institut Delatte de la Psycho-Bio-Acupressure\"},\"image\":{\"@id\":\"https:\\\/\\\/www.psycho-bio-acupressure.com\\\/en\\\/#\\\/schema\\\/logo\\\/image\\\/\"},\"sameAs\":[\"https:\\\/\\\/www.facebook.com\\\/InstitutDelatteDePsychoBioAcupressure\",\"https:\\\/\\\/www.instagram.com\\\/institutdocteurdelatteofficiel\\\/\"]}]}<\/script>\n<!-- \/ Yoast SEO plugin. -->","yoast_head_json":{"title":"Use of P.B.A. - La PBA","robots":{"index":"index","follow":"follow","max-snippet":"max-snippet:-1","max-image-preview":"max-image-preview:large","max-video-preview":"max-video-preview:-1"},"canonical":"https:\/\/www.psycho-bio-acupressure.com\/en\/p-b-a\/use-of-p-b-a\/","og_locale":"en_US","og_type":"article","og_title":"Use of P.B.A. - La PBA","og_description":"[vc_row][vc_column][vc_column_text] In its primary aspect, PBA can be used by any person, child or adult, to instantly manage their emotions daily. The French PBA federation (F\u00e9d\u00e9ration Fran\u00e7aise de PBA) is currently in the process of setting up courses for adolescents during exams, or new parents looking to better control their baby\u2019s emotions, as well as&hellip;","og_url":"https:\/\/www.psycho-bio-acupressure.com\/en\/p-b-a\/use-of-p-b-a\/","og_site_name":"La PBA","article_publisher":"https:\/\/www.facebook.com\/InstitutDelatteDePsychoBioAcupressure","article_modified_time":"2018-08-17T11:59:48+00:00","twitter_card":"summary_large_image","twitter_misc":{"Est. reading time":"5 minutes"},"schema":{"@context":"https:\/\/schema.org","@graph":[{"@type":"WebPage","@id":"https:\/\/www.psycho-bio-acupressure.com\/en\/p-b-a\/use-of-p-b-a\/","url":"https:\/\/www.psycho-bio-acupressure.com\/en\/p-b-a\/use-of-p-b-a\/","name":"Use of P.B.A. - La PBA","isPartOf":{"@id":"https:\/\/www.psycho-bio-acupressure.com\/en\/#website"},"datePublished":"2018-08-08T13:40:43+00:00","dateModified":"2018-08-17T11:59:48+00:00","breadcrumb":{"@id":"https:\/\/www.psycho-bio-acupressure.com\/en\/p-b-a\/use-of-p-b-a\/#breadcrumb"},"inLanguage":"en-US","potentialAction":[{"@type":"ReadAction","target":["https:\/\/www.psycho-bio-acupressure.com\/en\/p-b-a\/use-of-p-b-a\/"]}]},{"@type":"BreadcrumbList","@id":"https:\/\/www.psycho-bio-acupressure.com\/en\/p-b-a\/use-of-p-b-a\/#breadcrumb","itemListElement":[{"@type":"ListItem","position":1,"name":"Accueil","item":"https:\/\/www.psycho-bio-acupressure.com\/en\/"},{"@type":"ListItem","position":2,"name":"P.B.A.","item":"https:\/\/www.psycho-bio-acupressure.com\/en\/p-b-a\/"},{"@type":"ListItem","position":3,"name":"Use of P.B.A."}]},{"@type":"WebSite","@id":"https:\/\/www.psycho-bio-acupressure.com\/en\/#website","url":"https:\/\/www.psycho-bio-acupressure.com\/en\/","name":"La PBA","description":"Institut DELATTE de Psycho-Bio-Acupressure","publisher":{"@id":"https:\/\/www.psycho-bio-acupressure.com\/en\/#organization"},"potentialAction":[{"@type":"SearchAction","target":{"@type":"EntryPoint","urlTemplate":"https:\/\/www.psycho-bio-acupressure.com\/en\/?s={search_term_string}"},"query-input":{"@type":"PropertyValueSpecification","valueRequired":true,"valueName":"search_term_string"}}],"inLanguage":"en-US"},{"@type":"Organization","@id":"https:\/\/www.psycho-bio-acupressure.com\/en\/#organization","name":"Institut Delatte de la Psycho-Bio-Acupressure","url":"https:\/\/www.psycho-bio-acupressure.com\/en\/","logo":{"@type":"ImageObject","inLanguage":"en-US","@id":"https:\/\/www.psycho-bio-acupressure.com\/en\/#\/schema\/logo\/image\/","url":"https:\/\/www.psycho-bio-acupressure.com\/wp-content\/uploads\/2019\/04\/pba-logo.png","contentUrl":"https:\/\/www.psycho-bio-acupressure.com\/wp-content\/uploads\/2019\/04\/pba-logo.png","width":1553,"height":1553,"caption":"Institut Delatte de la Psycho-Bio-Acupressure"},"image":{"@id":"https:\/\/www.psycho-bio-acupressure.com\/en\/#\/schema\/logo\/image\/"},"sameAs":["https:\/\/www.facebook.com\/InstitutDelatteDePsychoBioAcupressure","https:\/\/www.instagram.com\/institutdocteurdelatteofficiel\/"]}]}},"_links":{"self":[{"href":"https:\/\/www.psycho-bio-acupressure.com\/en\/wp-json\/wp\/v2\/pages\/960","targetHints":{"allow":["GET"]}}],"collection":[{"href":"https:\/\/www.psycho-bio-acupressure.com\/en\/wp-json\/wp\/v2\/pages"}],"about":[{"href":"https:\/\/www.psycho-bio-acupressure.com\/en\/wp-json\/wp\/v2\/types\/page"}],"author":[{"embeddable":true,"href":"https:\/\/www.psycho-bio-acupressure.com\/en\/wp-json\/wp\/v2\/users\/1"}],"replies":[{"embeddable":true,"href":"https:\/\/www.psycho-bio-acupressure.com\/en\/wp-json\/wp\/v2\/comments?post=960"}],"version-history":[{"count":1,"href":"https:\/\/www.psycho-bio-acupressure.com\/en\/wp-json\/wp\/v2\/pages\/960\/revisions"}],"predecessor-version":[{"id":961,"href":"https:\/\/www.psycho-bio-acupressure.com\/en\/wp-json\/wp\/v2\/pages\/960\/revisions\/961"}],"up":[{"embeddable":true,"href":"https:\/\/www.psycho-bio-acupressure.com\/en\/wp-json\/wp\/v2\/pages\/950"}],"wp:attachment":[{"href":"https:\/\/www.psycho-bio-acupressure.com\/en\/wp-json\/wp\/v2\/media?parent=960"}],"curies":[{"name":"wp","href":"https:\/\/api.w.org\/{rel}","templated":true}]}}