{"id":1023,"date":"2018-08-16T10:51:45","date_gmt":"2018-08-16T08:51:45","guid":{"rendered":"https:\/\/www.psycho-bio-acupressure.com\/?page_id=1023"},"modified":"2025-04-08T12:24:41","modified_gmt":"2025-04-08T10:24:41","slug":"calendrier-des-stages","status":"publish","type":"page","link":"https:\/\/www.psycho-bio-acupressure.com\/es\/calendrier-des-stages\/","title":{"rendered":"Horario de pasant\u00edas"},"content":{"rendered":"<div class=\"wpb-content-wrapper\"><p>[vc_row][vc_column][vc_column_text css=\u00bb\u00bb]<\/p>\n<div class=\"custom\">\n<p>El Instituto DELATTE, creado por Pierre-No\u00ebl Delatte, hace todo lo posible para satisfacer sus expectativas de formaci\u00f3n.<br \/>\nA continuaci\u00f3n se muestra una lista de las pasant\u00edas actuales.<\/p>\n<h3><strong>\u00bfC\u00d3MO HAGO ESO?<\/strong><\/h3>\n<p><strong>Puede registrarse directamente en este sitio.<\/strong><\/p>\n<p>Para ver los detalles de cada pasant\u00eda, las fechas de cada nivel, el plan de geolocalizaci\u00f3n, etc. <strong>por favor haga clic en el t\u00edtulo del curso<\/strong>.<\/p>\n<p>Para cualquier solicitud de informaci\u00f3n puede ponerse en contacto directamente con la secretar\u00eda:<br \/>\n<a href=\"mailto:contact@institut-delatte.org\">contact[at]institut-delatte.org<\/a><\/p>\n<h4><span style=\"color: #ff6600;\"><strong>ADVERTENCIA: Cuando se inscriba en el cheque de competencia (Nivel 3, 4 o 5), debe cumplir con la fecha l\u00edmite de pago en su factura, m\u00e1s all\u00e1 de la cual se cancelar\u00e1 su registro.<\/strong><\/span><\/h4>\n<\/div>\n<div class=\"rs_rss\">\t<div class=\"em em-location-map-container\"  style='position:relative; width:100%; height: 300px;'>\r\n\t\t<div class='em-locations-map' id='em-locations-map-1206602565' style=\"width:100%; height:100%\">\r\n\t\t\t<div class=\"em-loading-maps\">\r\n\t\t\t\t<span>Cargando mapa....<\/span>\r\n\t\t\t\t<svg xmlns=\"http:\/\/www.w3.org\/2000\/svg\" xmlns:xlink=\"http:\/\/www.w3.org\/1999\/xlink\" style=\"margin: auto; background: none; display: block; shape-rendering: auto;\" width=\"200px\" height=\"200px\" viewBox=\"0 0 100 100\" preserveAspectRatio=\"xMidYMid\">\r\n\t\t\t\t\t<rect x=\"19.5\" y=\"26\" width=\"11\" height=\"48\" fill=\"#85a2b6\">\r\n\t\t\t\t\t\t<animate attributeName=\"y\" repeatCount=\"indefinite\" dur=\"1s\" calcMode=\"spline\" keyTimes=\"0;0.5;1\" values=\"2;26;26\" keySplines=\"0 0.5 0.5 1;0 0.5 0.5 1\" begin=\"-0.2s\"><\/animate>\r\n\t\t\t\t\t\t<animate attributeName=\"height\" repeatCount=\"indefinite\" dur=\"1s\" calcMode=\"spline\" keyTimes=\"0;0.5;1\" values=\"96;48;48\" keySplines=\"0 0.5 0.5 1;0 0.5 0.5 1\" begin=\"-0.2s\"><\/animate>\r\n\t\t\t\t\t<\/rect>\r\n\t\t\t\t\t<rect x=\"44.5\" y=\"26\" width=\"11\" height=\"48\" fill=\"#bbcedd\">\r\n\t\t\t\t\t\t<animate attributeName=\"y\" repeatCount=\"indefinite\" dur=\"1s\" calcMode=\"spline\" keyTimes=\"0;0.5;1\" values=\"8;26;26\" keySplines=\"0 0.5 0.5 1;0 0.5 0.5 1\" begin=\"-0.1s\"><\/animate>\r\n\t\t\t\t\t\t<animate attributeName=\"height\" repeatCount=\"indefinite\" dur=\"1s\" calcMode=\"spline\" keyTimes=\"0;0.5;1\" values=\"84;48;48\" keySplines=\"0 0.5 0.5 1;0 0.5 0.5 1\" begin=\"-0.1s\"><\/animate>\r\n\t\t\t\t\t<\/rect>\r\n\t\t\t\t\t<rect x=\"69.5\" y=\"26\" width=\"11\" height=\"48\" fill=\"#dce4eb\">\r\n\t\t\t\t\t\t<animate attributeName=\"y\" repeatCount=\"indefinite\" dur=\"1s\" calcMode=\"spline\" keyTimes=\"0;0.5;1\" values=\"8;26;26\" keySplines=\"0 0.5 0.5 1;0 0.5 0.5 1\"><\/animate>\r\n\t\t\t\t\t\t<animate attributeName=\"height\" repeatCount=\"indefinite\" dur=\"1s\" calcMode=\"spline\" keyTimes=\"0;0.5;1\" values=\"84;48;48\" keySplines=\"0 0.5 0.5 1;0 0.5 0.5 1\"><\/animate>\r\n\t\t\t\t\t<\/rect>\r\n\t\t\t\t<\/svg>\r\n\t\t\t<\/div>\r\n\t\t<\/div>\r\n\t\t<script type=\"application\/json\" class='em-locations-map-coords' id='em-locations-map-coords-1206602565' style=\"display:none; visibility:hidden;\">{\"ajax\":true,\"format\":\"\",\"width\":\"100%\",\"height\":\"300px\",\"id\":1206602565,\"view\":\"map\",\"limit\":\"10\",\"em_ajax\":true,\"query\":\"GlobalMapData\"}<\/script>\r\n\t\t\t<\/div>\r\n\t<\/div>\n<p>CONTENTS[\/vc_column_text][\/vc_column][\/vc_row]<\/p>\n<\/div>","protected":false},"excerpt":{"rendered":"<p>[vc_row][vc_column][vc_column_text css=\u00bb\u00bb] El Instituto DELATTE, creado por Pierre-No\u00ebl Delatte, hace todo lo posible para satisfacer sus expectativas de formaci\u00f3n. A continuaci\u00f3n se muestra una lista de las pasant\u00edas actuales. \u00bfC\u00d3MO HAGO ESO? Puede registrarse directamente en este sitio. Para ver los detalles de cada pasant\u00eda, las fechas de cada nivel, el plan de geolocalizaci\u00f3n, etc.&hellip;<\/p>\n","protected":false},"author":1,"featured_media":0,"parent":0,"menu_order":0,"comment_status":"closed","ping_status":"closed","template":"","meta":{"_cbd_carousel_blocks":"[]","footnotes":""},"class_list":["post-1023","page","type-page","status-publish","hentry","description-off"],"yoast_head":"<!-- This site is optimized with the Yoast SEO plugin v27.6 - https:\/\/yoast.com\/product\/yoast-seo-wordpress\/ -->\n<title>Horario de pasant\u00edas - La PBA<\/title>\n<meta name=\"robots\" content=\"index, follow, max-snippet:-1, max-image-preview:large, max-video-preview:-1\" \/>\n<link rel=\"canonical\" href=\"https:\/\/www.psycho-bio-acupressure.com\/es\/calendrier-des-stages\/\" \/>\n<meta property=\"og:locale\" content=\"es_ES\" \/>\n<meta property=\"og:type\" content=\"article\" \/>\n<meta property=\"og:title\" content=\"Horario de pasant\u00edas - La PBA\" \/>\n<meta property=\"og:description\" content=\"[vc_row][vc_column][vc_column_text css=\u00bb\u00bb] El Instituto DELATTE, creado por Pierre-No\u00ebl Delatte, hace todo lo posible para satisfacer sus expectativas de formaci\u00f3n. A continuaci\u00f3n se muestra una lista de las pasant\u00edas actuales. \u00bfC\u00d3MO HAGO ESO? Puede registrarse directamente en este sitio. Para ver los detalles de cada pasant\u00eda, las fechas de cada nivel, el plan de geolocalizaci\u00f3n, etc.&hellip;\" \/>\n<meta property=\"og:url\" content=\"https:\/\/www.psycho-bio-acupressure.com\/es\/calendrier-des-stages\/\" \/>\n<meta property=\"og:site_name\" content=\"La PBA\" \/>\n<meta property=\"article:publisher\" content=\"https:\/\/www.facebook.com\/InstitutDelatteDePsychoBioAcupressure\" \/>\n<meta property=\"article:modified_time\" content=\"2025-04-08T10:24:41+00:00\" \/>\n<meta name=\"twitter:card\" content=\"summary_large_image\" \/>\n<meta name=\"twitter:label1\" content=\"Tiempo de lectura\" \/>\n\t<meta name=\"twitter:data1\" content=\"1 minuto\" \/>\n<script type=\"application\/ld+json\" class=\"yoast-schema-graph\">{\"@context\":\"https:\\\/\\\/schema.org\",\"@graph\":[{\"@type\":\"WebPage\",\"@id\":\"https:\\\/\\\/www.psycho-bio-acupressure.com\\\/es\\\/calendrier-des-stages\\\/\",\"url\":\"https:\\\/\\\/www.psycho-bio-acupressure.com\\\/es\\\/calendrier-des-stages\\\/\",\"name\":\"Horario de pasant\u00edas - La PBA\",\"isPartOf\":{\"@id\":\"https:\\\/\\\/www.psycho-bio-acupressure.com\\\/es\\\/#website\"},\"datePublished\":\"2018-08-16T08:51:45+00:00\",\"dateModified\":\"2025-04-08T10:24:41+00:00\",\"breadcrumb\":{\"@id\":\"https:\\\/\\\/www.psycho-bio-acupressure.com\\\/es\\\/calendrier-des-stages\\\/#breadcrumb\"},\"inLanguage\":\"es\",\"potentialAction\":[{\"@type\":\"ReadAction\",\"target\":[\"https:\\\/\\\/www.psycho-bio-acupressure.com\\\/es\\\/calendrier-des-stages\\\/\"]}]},{\"@type\":\"BreadcrumbList\",\"@id\":\"https:\\\/\\\/www.psycho-bio-acupressure.com\\\/es\\\/calendrier-des-stages\\\/#breadcrumb\",\"itemListElement\":[{\"@type\":\"ListItem\",\"position\":1,\"name\":\"Accueil\",\"item\":\"https:\\\/\\\/www.psycho-bio-acupressure.com\\\/es\\\/\"},{\"@type\":\"ListItem\",\"position\":2,\"name\":\"Horario de pasant\u00edas\"}]},{\"@type\":\"WebSite\",\"@id\":\"https:\\\/\\\/www.psycho-bio-acupressure.com\\\/es\\\/#website\",\"url\":\"https:\\\/\\\/www.psycho-bio-acupressure.com\\\/es\\\/\",\"name\":\"La PBA\",\"description\":\"Institut DELATTE de Psycho-Bio-Acupressure\",\"publisher\":{\"@id\":\"https:\\\/\\\/www.psycho-bio-acupressure.com\\\/es\\\/#organization\"},\"potentialAction\":[{\"@type\":\"SearchAction\",\"target\":{\"@type\":\"EntryPoint\",\"urlTemplate\":\"https:\\\/\\\/www.psycho-bio-acupressure.com\\\/es\\\/?s={search_term_string}\"},\"query-input\":{\"@type\":\"PropertyValueSpecification\",\"valueRequired\":true,\"valueName\":\"search_term_string\"}}],\"inLanguage\":\"es\"},{\"@type\":\"Organization\",\"@id\":\"https:\\\/\\\/www.psycho-bio-acupressure.com\\\/es\\\/#organization\",\"name\":\"Institut Delatte de la Psycho-Bio-Acupressure\",\"url\":\"https:\\\/\\\/www.psycho-bio-acupressure.com\\\/es\\\/\",\"logo\":{\"@type\":\"ImageObject\",\"inLanguage\":\"es\",\"@id\":\"https:\\\/\\\/www.psycho-bio-acupressure.com\\\/es\\\/#\\\/schema\\\/logo\\\/image\\\/\",\"url\":\"https:\\\/\\\/www.psycho-bio-acupressure.com\\\/wp-content\\\/uploads\\\/2019\\\/04\\\/pba-logo.png\",\"contentUrl\":\"https:\\\/\\\/www.psycho-bio-acupressure.com\\\/wp-content\\\/uploads\\\/2019\\\/04\\\/pba-logo.png\",\"width\":1553,\"height\":1553,\"caption\":\"Institut Delatte de la Psycho-Bio-Acupressure\"},\"image\":{\"@id\":\"https:\\\/\\\/www.psycho-bio-acupressure.com\\\/es\\\/#\\\/schema\\\/logo\\\/image\\\/\"},\"sameAs\":[\"https:\\\/\\\/www.facebook.com\\\/InstitutDelatteDePsychoBioAcupressure\",\"https:\\\/\\\/www.instagram.com\\\/institutdocteurdelatteofficiel\\\/\"]}]}<\/script>\n<!-- \/ Yoast SEO plugin. -->","yoast_head_json":{"title":"Horario de pasant\u00edas - La PBA","robots":{"index":"index","follow":"follow","max-snippet":"max-snippet:-1","max-image-preview":"max-image-preview:large","max-video-preview":"max-video-preview:-1"},"canonical":"https:\/\/www.psycho-bio-acupressure.com\/es\/calendrier-des-stages\/","og_locale":"es_ES","og_type":"article","og_title":"Horario de pasant\u00edas - La PBA","og_description":"[vc_row][vc_column][vc_column_text css=\u00bb\u00bb] El Instituto DELATTE, creado por Pierre-No\u00ebl Delatte, hace todo lo posible para satisfacer sus expectativas de formaci\u00f3n. A continuaci\u00f3n se muestra una lista de las pasant\u00edas actuales. \u00bfC\u00d3MO HAGO ESO? Puede registrarse directamente en este sitio. Para ver los detalles de cada pasant\u00eda, las fechas de cada nivel, el plan de geolocalizaci\u00f3n, etc.&hellip;","og_url":"https:\/\/www.psycho-bio-acupressure.com\/es\/calendrier-des-stages\/","og_site_name":"La PBA","article_publisher":"https:\/\/www.facebook.com\/InstitutDelatteDePsychoBioAcupressure","article_modified_time":"2025-04-08T10:24:41+00:00","twitter_card":"summary_large_image","twitter_misc":{"Tiempo de lectura":"1 minuto"},"schema":{"@context":"https:\/\/schema.org","@graph":[{"@type":"WebPage","@id":"https:\/\/www.psycho-bio-acupressure.com\/es\/calendrier-des-stages\/","url":"https:\/\/www.psycho-bio-acupressure.com\/es\/calendrier-des-stages\/","name":"Horario de pasant\u00edas - La PBA","isPartOf":{"@id":"https:\/\/www.psycho-bio-acupressure.com\/es\/#website"},"datePublished":"2018-08-16T08:51:45+00:00","dateModified":"2025-04-08T10:24:41+00:00","breadcrumb":{"@id":"https:\/\/www.psycho-bio-acupressure.com\/es\/calendrier-des-stages\/#breadcrumb"},"inLanguage":"es","potentialAction":[{"@type":"ReadAction","target":["https:\/\/www.psycho-bio-acupressure.com\/es\/calendrier-des-stages\/"]}]},{"@type":"BreadcrumbList","@id":"https:\/\/www.psycho-bio-acupressure.com\/es\/calendrier-des-stages\/#breadcrumb","itemListElement":[{"@type":"ListItem","position":1,"name":"Accueil","item":"https:\/\/www.psycho-bio-acupressure.com\/es\/"},{"@type":"ListItem","position":2,"name":"Horario de pasant\u00edas"}]},{"@type":"WebSite","@id":"https:\/\/www.psycho-bio-acupressure.com\/es\/#website","url":"https:\/\/www.psycho-bio-acupressure.com\/es\/","name":"La PBA","description":"Institut DELATTE de Psycho-Bio-Acupressure","publisher":{"@id":"https:\/\/www.psycho-bio-acupressure.com\/es\/#organization"},"potentialAction":[{"@type":"SearchAction","target":{"@type":"EntryPoint","urlTemplate":"https:\/\/www.psycho-bio-acupressure.com\/es\/?s={search_term_string}"},"query-input":{"@type":"PropertyValueSpecification","valueRequired":true,"valueName":"search_term_string"}}],"inLanguage":"es"},{"@type":"Organization","@id":"https:\/\/www.psycho-bio-acupressure.com\/es\/#organization","name":"Institut Delatte de la Psycho-Bio-Acupressure","url":"https:\/\/www.psycho-bio-acupressure.com\/es\/","logo":{"@type":"ImageObject","inLanguage":"es","@id":"https:\/\/www.psycho-bio-acupressure.com\/es\/#\/schema\/logo\/image\/","url":"https:\/\/www.psycho-bio-acupressure.com\/wp-content\/uploads\/2019\/04\/pba-logo.png","contentUrl":"https:\/\/www.psycho-bio-acupressure.com\/wp-content\/uploads\/2019\/04\/pba-logo.png","width":1553,"height":1553,"caption":"Institut Delatte de la Psycho-Bio-Acupressure"},"image":{"@id":"https:\/\/www.psycho-bio-acupressure.com\/es\/#\/schema\/logo\/image\/"},"sameAs":["https:\/\/www.facebook.com\/InstitutDelatteDePsychoBioAcupressure","https:\/\/www.instagram.com\/institutdocteurdelatteofficiel\/"]}]}},"_links":{"self":[{"href":"https:\/\/www.psycho-bio-acupressure.com\/es\/wp-json\/wp\/v2\/pages\/1023","targetHints":{"allow":["GET"]}}],"collection":[{"href":"https:\/\/www.psycho-bio-acupressure.com\/es\/wp-json\/wp\/v2\/pages"}],"about":[{"href":"https:\/\/www.psycho-bio-acupressure.com\/es\/wp-json\/wp\/v2\/types\/page"}],"author":[{"embeddable":true,"href":"https:\/\/www.psycho-bio-acupressure.com\/es\/wp-json\/wp\/v2\/users\/1"}],"replies":[{"embeddable":true,"href":"https:\/\/www.psycho-bio-acupressure.com\/es\/wp-json\/wp\/v2\/comments?post=1023"}],"version-history":[{"count":5,"href":"https:\/\/www.psycho-bio-acupressure.com\/es\/wp-json\/wp\/v2\/pages\/1023\/revisions"}],"predecessor-version":[{"id":84343,"href":"https:\/\/www.psycho-bio-acupressure.com\/es\/wp-json\/wp\/v2\/pages\/1023\/revisions\/84343"}],"wp:attachment":[{"href":"https:\/\/www.psycho-bio-acupressure.com\/es\/wp-json\/wp\/v2\/media?parent=1023"}],"curies":[{"name":"wp","href":"https:\/\/api.w.org\/{rel}","templated":true}]}}