{"id":460,"date":"2018-06-18T14:41:04","date_gmt":"2018-06-18T12:41:04","guid":{"rendered":"https:\/\/www.psycho-bio-acupressure.com\/?page_id=460"},"modified":"2018-06-18T14:41:04","modified_gmt":"2018-06-18T12:41:04","slug":"instituto-delatte","status":"publish","type":"page","link":"https:\/\/www.psycho-bio-acupressure.com\/es\/instituto-delatte\/","title":{"rendered":"Instituto DELATTE"},"content":{"rendered":"<div class=\"wpb-content-wrapper\"><p>[vc_row][vc_column][vc_column_text]Teniendo en cuenta el r\u00e1pido y creciente desarrollo del m\u00e9todo maravilloso conocido como P.B.A tanto en Francia como en el extranjero, se ha decidido crear una estructura destinada a federar, difundir, comunicar, apoyar y proteger a los profesionales y alumnos en pr\u00e1cticas, y a la P.B.A. como tal.<\/p>\n<p>El Instituto se cre\u00f3 en mayo de 2012 y todo el equipo de voluntarios se ha esforzado en brindarles a sus afiliados la oferta de servicios m\u00e1s amplia posible.<\/p>\n<p><strong>El Instituto DELATTE tiene entre sus objetivos:<\/strong>[\/vc_column_text]<div class=\"smile_icon_list_wrap ult_info_list_container ult-adjust-bottom-margin  \"><ul class=\"smile_icon_list left square with_bg\"><li class=\"icon_list_item\" style=\" font-size:72px;\"><div class=\"icon_list_icon\" data-animation=\"\" data-animation-delay=\"03\" style=\"font-size:24px;border-width:1px;border-style:none;background:#ffffff;color:#333333;border-color:#333333;\"><i class=\"Defaults-check-square\" ><\/i><\/div><div class=\"icon_description\" id=\"Info-list-wrap-6778\" style=\"font-size:24px;\"><div class=\"icon_description_text ult-responsive\"  data-ultimate-target='#Info-list-wrap-6778 .icon_description_text'  data-responsive-json-new='{\"font-size\":\"desktop:13px;\",\"line-height\":\"desktop:18px;\"}'  style=\"\"><p>Promover la PBA, poniendo al alcance del p\u00fablico m\u00e1s amplio posible informaci\u00f3n al respecto, a trav\u00e9s de todos los medios de comunicaci\u00f3n de que dispone.<\/p>\n<\/div><\/div><div class=\"icon_list_connector\"  style=\"border-right-width: 1px;border-right-style: dashed;border-color: #333333;\"><\/div><\/li><li class=\"icon_list_item\" style=\" font-size:72px;\"><div class=\"icon_list_icon\" data-animation=\"\" data-animation-delay=\"03\" style=\"font-size:24px;border-width:1px;border-style:none;background:#ffffff;color:#333333;border-color:#333333;\"><i class=\"Defaults-check-square\" ><\/i><\/div><div class=\"icon_description\" id=\"Info-list-wrap-1500\" style=\"font-size:24px;\"><div class=\"icon_description_text ult-responsive\"  data-ultimate-target='#Info-list-wrap-1500 .icon_description_text'  data-responsive-json-new='{\"font-size\":\"desktop:13px;\",\"line-height\":\"desktop:18px;\"}'  style=\"\"><p>Organizar y homologar en Francia, tanto en la metr\u00f3poli como en sus departamentos y territorios del extranjero, la formaci\u00f3n (capacitaci\u00f3n) pr\u00e1ctica sobre P.B.A.<\/p>\n<\/div><\/div><div class=\"icon_list_connector\"  style=\"border-right-width: 1px;border-right-style: dashed;border-color: #333333;\"><\/div><\/li><li class=\"icon_list_item\" style=\" font-size:72px;\"><div class=\"icon_list_icon\" data-animation=\"\" data-animation-delay=\"03\" style=\"font-size:24px;border-width:1px;border-style:none;background:#ffffff;color:#333333;border-color:#333333;\"><i class=\"Defaults-check-square\" ><\/i><\/div><div class=\"icon_description\" id=\"Info-list-wrap-9863\" style=\"font-size:24px;\"><div class=\"icon_description_text ult-responsive\"  data-ultimate-target='#Info-list-wrap-9863 .icon_description_text'  data-responsive-json-new='{\"font-size\":\"desktop:13px;\",\"line-height\":\"desktop:18px;\"}'  style=\"\"><p>Expedir diplomas a los profesionales y formadores (instructores) en P.B.A.<\/p>\n<\/div><\/div><div class=\"icon_list_connector\"  style=\"border-right-width: 1px;border-right-style: dashed;border-color: #333333;\"><\/div><\/li><li class=\"icon_list_item\" style=\" font-size:72px;\"><div class=\"icon_list_icon\" data-animation=\"\" data-animation-delay=\"03\" style=\"font-size:24px;border-width:1px;border-style:none;background:#ffffff;color:#333333;border-color:#333333;\"><i class=\"Defaults-check-square\" ><\/i><\/div><div class=\"icon_description\" id=\"Info-list-wrap-4656\" style=\"font-size:24px;\"><div class=\"icon_description_text ult-responsive\"  data-ultimate-target='#Info-list-wrap-4656 .icon_description_text'  data-responsive-json-new='{\"font-size\":\"desktop:13px;\",\"line-height\":\"desktop:18px;\"}'  style=\"\"><p>Federar a los profesionales y a los formadores en P.B.A.<\/p>\n<\/div><\/div><div class=\"icon_list_connector\"  style=\"border-right-width: 1px;border-right-style: dashed;border-color: #333333;\"><\/div><\/li><li class=\"icon_list_item\" style=\" font-size:72px;\"><div class=\"icon_list_icon\" data-animation=\"\" data-animation-delay=\"03\" style=\"font-size:24px;border-width:1px;border-style:none;background:#ffffff;color:#333333;border-color:#333333;\"><i class=\"Defaults-check-square\" ><\/i><\/div><div class=\"icon_description\" id=\"Info-list-wrap-2275\" style=\"font-size:24px;\"><div class=\"icon_description_text ult-responsive\"  data-ultimate-target='#Info-list-wrap-2275 .icon_description_text'  data-responsive-json-new='{\"font-size\":\"desktop:13px;\",\"line-height\":\"desktop:18px;\"}'  style=\"\"><p>Crear v\u00ednculos entre los profesionales de la P.B.A.<\/p>\n<\/div><\/div><div class=\"icon_list_connector\"  style=\"border-right-width: 1px;border-right-style: dashed;border-color: #333333;\"><\/div><\/li><li class=\"icon_list_item\" style=\" font-size:72px;\"><div class=\"icon_list_icon\" data-animation=\"\" data-animation-delay=\"03\" style=\"font-size:24px;border-width:1px;border-style:none;background:#ffffff;color:#333333;border-color:#333333;\"><i class=\"Defaults-check-square\" ><\/i><\/div><div class=\"icon_description\" id=\"Info-list-wrap-4937\" style=\"font-size:24px;\"><div class=\"icon_description_text ult-responsive\"  data-ultimate-target='#Info-list-wrap-4937 .icon_description_text'  data-responsive-json-new='{\"font-size\":\"desktop:13px;\",\"line-height\":\"desktop:18px;\"}'  style=\"\"><p>Hacer cumplir los c\u00f3digos de \u00e9tica y deontol\u00f3gico tal y como han sido aprobados por el iniciador de la pr\u00e1ctica, Pierre No\u00ebl Delatte: responsabilidad, autonom\u00eda, autenticidad, benevolencia.<\/p>\n<\/div><\/div><div class=\"icon_list_connector\"  style=\"border-right-width: 1px;border-right-style: dashed;border-color: #333333;\"><\/div><\/li><li class=\"icon_list_item\" style=\" font-size:72px;\"><div class=\"icon_list_icon\" data-animation=\"\" data-animation-delay=\"03\" style=\"font-size:24px;border-width:1px;border-style:none;background:#ffffff;color:#333333;border-color:#333333;\"><i class=\"Defaults-check-square\" ><\/i><\/div><div class=\"icon_description\" id=\"Info-list-wrap-4246\" style=\"font-size:24px;\"><div class=\"icon_description_text ult-responsive\"  data-ultimate-target='#Info-list-wrap-4246 .icon_description_text'  data-responsive-json-new='{\"font-size\":\"desktop:13px;\",\"line-height\":\"desktop:18px;\"}'  style=\"\"><p>Ejecutar todas las acciones que sustenten y promuevan el desarrollo o evoluci\u00f3n de la P.B.A.<\/p>\n<\/div><\/div><div class=\"icon_list_connector\"  style=\"border-right-width: 1px;border-right-style: dashed;border-color: #333333;\"><\/div><\/li><\/ul><\/div>[vc_column_text]<strong>Para garantizar la mejor calidad de formaci\u00f3n e informaci\u00f3n para todos, el Instituto organiza y coordina todas las actividades relacionadas con la P.B.A.<\/strong><br \/>\nPara los alumnos en pr\u00e1cticas y los profesionales, as\u00ed como para todos aquellos interesados en conocer m\u00e1s sobre el tema, esto tambi\u00e9n significa la garant\u00eda de contar con personas disponibles para responder a todas sus preguntas y solicitudes de informaci\u00f3n.<br \/>\n<strong>El IDPBA centraliza la inscripci\u00f3n a las pr\u00e1cticas y el cobro de los cursos de formaci\u00f3n (capacitaci\u00f3n).<\/strong><br \/>\nPara m\u00e1s informaci\u00f3n, haga clic aqu\u00ed.<\/p>\n<p>Para mantenerse actualizado de las tendencias implementadas por el Instituto, le invitamos a suscribirse a nuestro bolet\u00edn de informaci\u00f3n, as\u00ed como a visitar peri\u00f3dicamente nuestra secci\u00f3n \u2018Actualidad\u2019.<\/p>\n<p><em><strong>Si vous souhaiter contacter l&#8217;Institut DELATTE, vous pouvez utiliser le formulaire de contact<\/strong><\/em>[\/vc_column_text][\/vc_column][\/vc_row]<\/p>\n<\/div>","protected":false},"excerpt":{"rendered":"<p>[vc_row][vc_column][vc_column_text]Teniendo en cuenta el r\u00e1pido y creciente desarrollo del m\u00e9todo maravilloso conocido como P.B.A tanto en Francia como en el extranjero, se ha decidido crear una estructura destinada a federar, difundir, comunicar, apoyar y proteger a los profesionales y alumnos en pr\u00e1cticas, y a la P.B.A. como tal. El Instituto se cre\u00f3 en mayo de&hellip;<\/p>\n","protected":false},"author":1,"featured_media":0,"parent":0,"menu_order":0,"comment_status":"closed","ping_status":"closed","template":"","meta":{"_cbd_carousel_blocks":"[]","footnotes":""},"class_list":["post-460","page","type-page","status-publish","hentry","description-off"],"yoast_head":"<!-- This site is optimized with the Yoast SEO plugin v27.5 - https:\/\/yoast.com\/product\/yoast-seo-wordpress\/ -->\n<title>Instituto DELATTE - La PBA<\/title>\n<meta name=\"robots\" content=\"index, follow, max-snippet:-1, max-image-preview:large, max-video-preview:-1\" \/>\n<link rel=\"canonical\" href=\"https:\/\/www.psycho-bio-acupressure.com\/es\/instituto-delatte\/\" \/>\n<meta property=\"og:locale\" content=\"es_ES\" \/>\n<meta property=\"og:type\" content=\"article\" \/>\n<meta property=\"og:title\" content=\"Instituto DELATTE - La PBA\" \/>\n<meta property=\"og:description\" content=\"[vc_row][vc_column][vc_column_text]Teniendo en cuenta el r\u00e1pido y creciente desarrollo del m\u00e9todo maravilloso conocido como P.B.A tanto en Francia como en el extranjero, se ha decidido crear una estructura destinada a federar, difundir, comunicar, apoyar y proteger a los profesionales y alumnos en pr\u00e1cticas, y a la P.B.A. como tal. El Instituto se cre\u00f3 en mayo de&hellip;\" \/>\n<meta property=\"og:url\" content=\"https:\/\/www.psycho-bio-acupressure.com\/es\/instituto-delatte\/\" \/>\n<meta property=\"og:site_name\" content=\"La PBA\" \/>\n<meta property=\"article:publisher\" content=\"https:\/\/www.facebook.com\/InstitutDelatteDePsychoBioAcupressure\" \/>\n<meta name=\"twitter:card\" content=\"summary_large_image\" \/>\n<meta name=\"twitter:label1\" content=\"Tiempo de lectura\" \/>\n\t<meta name=\"twitter:data1\" content=\"2 minutos\" \/>\n<script type=\"application\/ld+json\" class=\"yoast-schema-graph\">{\"@context\":\"https:\\\/\\\/schema.org\",\"@graph\":[{\"@type\":\"WebPage\",\"@id\":\"https:\\\/\\\/www.psycho-bio-acupressure.com\\\/es\\\/instituto-delatte\\\/\",\"url\":\"https:\\\/\\\/www.psycho-bio-acupressure.com\\\/es\\\/instituto-delatte\\\/\",\"name\":\"Instituto DELATTE - La PBA\",\"isPartOf\":{\"@id\":\"https:\\\/\\\/www.psycho-bio-acupressure.com\\\/es\\\/#website\"},\"datePublished\":\"2018-06-18T12:41:04+00:00\",\"breadcrumb\":{\"@id\":\"https:\\\/\\\/www.psycho-bio-acupressure.com\\\/es\\\/instituto-delatte\\\/#breadcrumb\"},\"inLanguage\":\"es\",\"potentialAction\":[{\"@type\":\"ReadAction\",\"target\":[\"https:\\\/\\\/www.psycho-bio-acupressure.com\\\/es\\\/instituto-delatte\\\/\"]}]},{\"@type\":\"BreadcrumbList\",\"@id\":\"https:\\\/\\\/www.psycho-bio-acupressure.com\\\/es\\\/instituto-delatte\\\/#breadcrumb\",\"itemListElement\":[{\"@type\":\"ListItem\",\"position\":1,\"name\":\"Accueil\",\"item\":\"https:\\\/\\\/www.psycho-bio-acupressure.com\\\/es\\\/\"},{\"@type\":\"ListItem\",\"position\":2,\"name\":\"Instituto DELATTE\"}]},{\"@type\":\"WebSite\",\"@id\":\"https:\\\/\\\/www.psycho-bio-acupressure.com\\\/es\\\/#website\",\"url\":\"https:\\\/\\\/www.psycho-bio-acupressure.com\\\/es\\\/\",\"name\":\"La PBA\",\"description\":\"Institut DELATTE de Psycho-Bio-Acupressure\",\"publisher\":{\"@id\":\"https:\\\/\\\/www.psycho-bio-acupressure.com\\\/es\\\/#organization\"},\"potentialAction\":[{\"@type\":\"SearchAction\",\"target\":{\"@type\":\"EntryPoint\",\"urlTemplate\":\"https:\\\/\\\/www.psycho-bio-acupressure.com\\\/es\\\/?s={search_term_string}\"},\"query-input\":{\"@type\":\"PropertyValueSpecification\",\"valueRequired\":true,\"valueName\":\"search_term_string\"}}],\"inLanguage\":\"es\"},{\"@type\":\"Organization\",\"@id\":\"https:\\\/\\\/www.psycho-bio-acupressure.com\\\/es\\\/#organization\",\"name\":\"Institut Delatte de la Psycho-Bio-Acupressure\",\"url\":\"https:\\\/\\\/www.psycho-bio-acupressure.com\\\/es\\\/\",\"logo\":{\"@type\":\"ImageObject\",\"inLanguage\":\"es\",\"@id\":\"https:\\\/\\\/www.psycho-bio-acupressure.com\\\/es\\\/#\\\/schema\\\/logo\\\/image\\\/\",\"url\":\"https:\\\/\\\/www.psycho-bio-acupressure.com\\\/wp-content\\\/uploads\\\/2019\\\/04\\\/pba-logo.png\",\"contentUrl\":\"https:\\\/\\\/www.psycho-bio-acupressure.com\\\/wp-content\\\/uploads\\\/2019\\\/04\\\/pba-logo.png\",\"width\":1553,\"height\":1553,\"caption\":\"Institut Delatte de la Psycho-Bio-Acupressure\"},\"image\":{\"@id\":\"https:\\\/\\\/www.psycho-bio-acupressure.com\\\/es\\\/#\\\/schema\\\/logo\\\/image\\\/\"},\"sameAs\":[\"https:\\\/\\\/www.facebook.com\\\/InstitutDelatteDePsychoBioAcupressure\",\"https:\\\/\\\/www.instagram.com\\\/institutdocteurdelatteofficiel\\\/\"]}]}<\/script>\n<!-- \/ Yoast SEO plugin. -->","yoast_head_json":{"title":"Instituto DELATTE - La PBA","robots":{"index":"index","follow":"follow","max-snippet":"max-snippet:-1","max-image-preview":"max-image-preview:large","max-video-preview":"max-video-preview:-1"},"canonical":"https:\/\/www.psycho-bio-acupressure.com\/es\/instituto-delatte\/","og_locale":"es_ES","og_type":"article","og_title":"Instituto DELATTE - La PBA","og_description":"[vc_row][vc_column][vc_column_text]Teniendo en cuenta el r\u00e1pido y creciente desarrollo del m\u00e9todo maravilloso conocido como P.B.A tanto en Francia como en el extranjero, se ha decidido crear una estructura destinada a federar, difundir, comunicar, apoyar y proteger a los profesionales y alumnos en pr\u00e1cticas, y a la P.B.A. como tal. El Instituto se cre\u00f3 en mayo de&hellip;","og_url":"https:\/\/www.psycho-bio-acupressure.com\/es\/instituto-delatte\/","og_site_name":"La PBA","article_publisher":"https:\/\/www.facebook.com\/InstitutDelatteDePsychoBioAcupressure","twitter_card":"summary_large_image","twitter_misc":{"Tiempo de lectura":"2 minutos"},"schema":{"@context":"https:\/\/schema.org","@graph":[{"@type":"WebPage","@id":"https:\/\/www.psycho-bio-acupressure.com\/es\/instituto-delatte\/","url":"https:\/\/www.psycho-bio-acupressure.com\/es\/instituto-delatte\/","name":"Instituto DELATTE - La PBA","isPartOf":{"@id":"https:\/\/www.psycho-bio-acupressure.com\/es\/#website"},"datePublished":"2018-06-18T12:41:04+00:00","breadcrumb":{"@id":"https:\/\/www.psycho-bio-acupressure.com\/es\/instituto-delatte\/#breadcrumb"},"inLanguage":"es","potentialAction":[{"@type":"ReadAction","target":["https:\/\/www.psycho-bio-acupressure.com\/es\/instituto-delatte\/"]}]},{"@type":"BreadcrumbList","@id":"https:\/\/www.psycho-bio-acupressure.com\/es\/instituto-delatte\/#breadcrumb","itemListElement":[{"@type":"ListItem","position":1,"name":"Accueil","item":"https:\/\/www.psycho-bio-acupressure.com\/es\/"},{"@type":"ListItem","position":2,"name":"Instituto DELATTE"}]},{"@type":"WebSite","@id":"https:\/\/www.psycho-bio-acupressure.com\/es\/#website","url":"https:\/\/www.psycho-bio-acupressure.com\/es\/","name":"La PBA","description":"Institut DELATTE de Psycho-Bio-Acupressure","publisher":{"@id":"https:\/\/www.psycho-bio-acupressure.com\/es\/#organization"},"potentialAction":[{"@type":"SearchAction","target":{"@type":"EntryPoint","urlTemplate":"https:\/\/www.psycho-bio-acupressure.com\/es\/?s={search_term_string}"},"query-input":{"@type":"PropertyValueSpecification","valueRequired":true,"valueName":"search_term_string"}}],"inLanguage":"es"},{"@type":"Organization","@id":"https:\/\/www.psycho-bio-acupressure.com\/es\/#organization","name":"Institut Delatte de la Psycho-Bio-Acupressure","url":"https:\/\/www.psycho-bio-acupressure.com\/es\/","logo":{"@type":"ImageObject","inLanguage":"es","@id":"https:\/\/www.psycho-bio-acupressure.com\/es\/#\/schema\/logo\/image\/","url":"https:\/\/www.psycho-bio-acupressure.com\/wp-content\/uploads\/2019\/04\/pba-logo.png","contentUrl":"https:\/\/www.psycho-bio-acupressure.com\/wp-content\/uploads\/2019\/04\/pba-logo.png","width":1553,"height":1553,"caption":"Institut Delatte de la Psycho-Bio-Acupressure"},"image":{"@id":"https:\/\/www.psycho-bio-acupressure.com\/es\/#\/schema\/logo\/image\/"},"sameAs":["https:\/\/www.facebook.com\/InstitutDelatteDePsychoBioAcupressure","https:\/\/www.instagram.com\/institutdocteurdelatteofficiel\/"]}]}},"_links":{"self":[{"href":"https:\/\/www.psycho-bio-acupressure.com\/es\/wp-json\/wp\/v2\/pages\/460","targetHints":{"allow":["GET"]}}],"collection":[{"href":"https:\/\/www.psycho-bio-acupressure.com\/es\/wp-json\/wp\/v2\/pages"}],"about":[{"href":"https:\/\/www.psycho-bio-acupressure.com\/es\/wp-json\/wp\/v2\/types\/page"}],"author":[{"embeddable":true,"href":"https:\/\/www.psycho-bio-acupressure.com\/es\/wp-json\/wp\/v2\/users\/1"}],"replies":[{"embeddable":true,"href":"https:\/\/www.psycho-bio-acupressure.com\/es\/wp-json\/wp\/v2\/comments?post=460"}],"version-history":[{"count":1,"href":"https:\/\/www.psycho-bio-acupressure.com\/es\/wp-json\/wp\/v2\/pages\/460\/revisions"}],"predecessor-version":[{"id":461,"href":"https:\/\/www.psycho-bio-acupressure.com\/es\/wp-json\/wp\/v2\/pages\/460\/revisions\/461"}],"wp:attachment":[{"href":"https:\/\/www.psycho-bio-acupressure.com\/es\/wp-json\/wp\/v2\/media?parent=460"}],"curies":[{"name":"wp","href":"https:\/\/api.w.org\/{rel}","templated":true}]}}