{"id":462,"date":"2018-06-18T14:51:20","date_gmt":"2018-06-18T12:51:20","guid":{"rendered":"https:\/\/www.psycho-bio-acupressure.com\/?page_id=462"},"modified":"2018-06-26T14:45:46","modified_gmt":"2018-06-26T12:45:46","slug":"el-codigo-deontologico","status":"publish","type":"page","link":"https:\/\/www.psycho-bio-acupressure.com\/es\/instituto-delatte\/el-codigo-deontologico\/","title":{"rendered":"El C\u00f3digo deontol\u00f3gico"},"content":{"rendered":"<div class=\"wpb-content-wrapper\"><p>[vc_row][vc_column][vc_text_separator title=\u00bbART\u00cdCULO 1&#8243; add_icon=\u00bbtrue\u00bb][vc_column_text]Quien posea el t\u00edtulo de profesional en Psico-Bio-Acupresi\u00f3n expedido por el Instituto DELATTE de P.B.A. \u00ae (y\/o Psico-Bio-Acupresi\u00f3n) certificado por el Doctor Pierre No\u00ebl DELATTE o quien haya sido acreditado por \u00e9l, puede desempe\u00f1ar la pr\u00e1ctica de la P.B.A\u00ae estrictamente en el \u00e1mbito de sus competencias humanas y profesionales, de forma responsable, independiente y aut\u00e9ntica.[\/vc_column_text][vc_text_separator title=\u00bbART\u00cdCULO 2&#8243; add_icon=\u00bbtrue\u00bb][vc_column_text]El \u00e1mbito de competencia del profesional en Psico-Bio-Acupresi\u00f3n\u00ae abarca el reequilibrio energ\u00e9tico y la limpieza de los diversos bloqueos emocionales (energ\u00e9ticos) que generan actitudes repetitivas conducentes al fracaso, dificultades para desarrollarse plenamente, etc. El profesional, a trav\u00e9s de su propia actitud y en el contexto de una relaci\u00f3n c\u00e1lida y emp\u00e1tica, permite que la persona que consulta encuentre la armon\u00eda con su identidad profunda.[\/vc_column_text][vc_text_separator title=\u00bbART\u00cdCULO 3&#8243; add_icon=\u00bbtrue\u00bb][vc_column_text]Descartando cualquier actitud de control sobre el otro, el terapeuta en P.B.A. \u00ae se compromete personalmente con su pr\u00e1ctica, de com\u00fan acuerdo con la persona que le consulta. No acepta ninguna transferencia o proyecci\u00f3n, en aras de la autonom\u00eda, la autenticidad y la benevolencia.[\/vc_column_text][vc_text_separator title=\u00bbART\u00cdCULO 4&#8243; add_icon=\u00bbtrue\u00bb][vc_column_text]El profesional en P.B.A. \u00ae se compromete a respetar a la persona que acude a \u00e9l buscando ayuda, evitando verbalizar ciertos bloqueos que podr\u00edan desestabilizarla. Se abstiene de cualquier intrusi\u00f3n en la b\u00fasqueda de las causas de dichos bloqueos. Procura no juzgar, culpar o reprobar a las personas que le consultan. Se expresa de manera clara y precisa para garantizar al beneficiario la m\u00e1xima comprensi\u00f3n posible.<br \/>\nBusca, en la medida de lo posible, explicarle a la persona c\u00f3mo este bloqueo que tiene puede impactar su vida.[\/vc_column_text][vc_text_separator title=\u00bbART\u00cdCULO 5&#8243; add_icon=\u00bbtrue\u00bb][vc_column_text]El profesional se abstiene de interpretar de cualquier manera las transformaciones vividas por el cliente, especialmente durante la conversaci\u00f3n subsiguiente al ejercicio, dejando al otro (el cliente) el beneficio de cosechar el beneficio de madurar por cuenta propia. Se abstiene de cualquier forma de intrusi\u00f3n.[\/vc_column_text][vc_text_separator title=\u00bbART\u00cdCULO 6&#8243; add_icon=\u00bbtrue\u00bb][vc_column_text]El profesional en Psico-Bio-Acupresi\u00f3n\u00ae se compromete a ejercer la P.B.A. \u00ae tal y como le ha sido inculcada, sea por su creador, Pierre No\u00ebl DELATTE o por otro formador certificado por \u00e9l y no recurrir\u00e1 bajo ning\u00fan caso a otro tipo de m\u00e9todos tales como la visualizaci\u00f3n positiva, E.M.D.R, hipnosis, psico-genealog\u00eda, Reiki, E.F.T, etc. al amparo de la P.B.A. \u00ae<\/p>\n<p><strong>Estricta observancia de la sesi\u00f3n de P.B.A. \u00ae, seg\u00fan la ense\u00f1anza del Doctor Pierre No\u00ebl Delatte:<\/strong><br \/>\nUna sesi\u00f3n de P.B.A. \u00ae debe desarrollarse obligatoriamente en dos etapas.<br \/>\nLa primera consiste en restablecer el sistema energ\u00e9tico de la persona interesada haciendo circular en \u00e9sta, mediante circuitos integrados por cinco puntos de acu-presi\u00f3n, energ\u00edas ant\u00eddotos dirigidas contra las energ\u00edas susceptibles de alterar su estado (ira, depresi\u00f3n, obsesi\u00f3n, etc.\u2026).<br \/>\nLa segunda consiste en aprovechar que la persona se encuentra en un estado energ\u00e9tico propicio (liberaci\u00f3n de endorfinas en el cerebro) para detectar, mediante una t\u00e9cnica particular basada en el an\u00e1lisis del pulso del interesado, los bloqueos emocionales (energ\u00e9ticos) que le pueden estar afectando (como por ejemplo el miedo a ser rechazado o de no estar a la altura de las circunstancias, heridas ligadas al abandono o a los duelos, o traumas sexuales).<br \/>\nSe trata, por lo tanto, de una t\u00e9cnica especial basada, por una parte, en el an\u00e1lisis del pulso de la persona y, por otra parte, en la propia percepci\u00f3n intuitiva del profesional.<br \/>\nLa verbalizaci\u00f3n por el profesional de los bloqueos, en el momento en que el cerebro alcanza la m\u00e1xima concentraci\u00f3n de endorfinas, permite que estos bloqueos sean expulsados sin dolor de la zona del cerebro donde se han enquistado (am\u00edgdala e hipocampo), quedando atrapados en la corteza pre-frontal, cuya funci\u00f3n consiste en evacuar las emociones.<br \/>\nEste proceso de evacuaci\u00f3n es permanente, r\u00e1pido e indoloro, siempre que se cumplan determinadas condiciones, procurando particularmente que la persona concernida no vuelva a vivir la situaci\u00f3n o vuelva sobre su pasado.[\/vc_column_text][vc_text_separator title=\u00bbART\u00cdCULO 7&#8243; add_icon=\u00bbtrue\u00bb][vc_column_text]Puesto que la P.B.A.(Psico-Bio-Acupresi\u00f3n\u00ae) es una pr\u00e1ctica basada en la f\u00edsica cu\u00e1ntica, el profesional en P.B.A\u00ae tiene prohibido hacer cualquier referencia al esoterismo y hacer cualquier uso de herramientas auxiliares (como p\u00e9ndulo, bola de cristal, etc.) El incumplimiento de esta norma puede resultar, por s\u00ed solo, en la exclusi\u00f3n del miembro inhabilitado por el Instituto DELATTE de Psico-Bio-Acupresi\u00f3n\u00ae (El Instituto).[\/vc_column_text][vc_text_separator title=\u00bbART\u00cdCULO 8&#8243; add_icon=\u00bbtrue\u00bb][vc_column_text]El practicante est\u00e1 comprometido con los principios \u00e9ticos inherentes a su profesi\u00f3n y no realiza ning\u00fan diagn\u00f3stico patol\u00f3gico o prescripci\u00f3n de \u00edndole m\u00e9dica, a menos que sea m\u00e9dico.<br \/>\nEl practicante sigue, llegado el caso, las indicaciones del m\u00e9dico tratante y las pr\u00e1cticas de los otros profesionales de la salud con los que colabora.<br \/>\nEl practicante tiene prohibido suspender o modificar un tratamiento m\u00e9dico.<br \/>\nEl practicante tiene prohibido correr o hacer correr cualquier riesgo a su cliente. En particular, \u00e9l debe remitir todo paciente cuya condici\u00f3n rebasa su esfera de competencia a un especialista, especialmente cuando esta situaci\u00f3n supone un riesgo potencial para la vida del cliente (depresi\u00f3n severa con riesgo suicida, anorexia mental con p\u00e9rdida de peso agrav\u00e1ndose de una sesi\u00f3n a otra, etc\u2026).[\/vc_column_text][vc_text_separator title=\u00bbART\u00cdCULO 9&#8243; add_icon=\u00bbtrue\u00bb][vc_column_text]El practicante en P.B.A.\u00ae se compromete a respetar estrictamente el secreto profesional en torno a la informaci\u00f3n obtenida por \u00e9l, incluyendo aquella relacionada con la vida privada y los bloqueos emocionales de la persona atendida en el ejercicio de su actividad de P.B.A\u00ae. Dicha confidencialidad es un requisito indispensable para el desempe\u00f1o de la P.B.A\u00ae.<br \/>\nEl incumplimiento de esta norma puede resultar, por s\u00ed solo, en la exclusi\u00f3n del miembro inhabilitado por el Instituto DELATTE de P.B.A\u00ae.[\/vc_column_text][vc_text_separator title=\u00bbART\u00cdCULO 10&#8243; add_icon=\u00bbtrue\u00bb][vc_column_text]El practicante en P.B.A. \u00ae se compromete a no utilizar la confianza adquirida con fines de manipulaci\u00f3n pol\u00edtica, sectaria o personal (dependencia emocional, intereses econ\u00f3micos, relaciones sexuales\u2026.)[\/vc_column_text][vc_text_separator title=\u00bbART\u00cdCULO 11&#8243; add_icon=\u00bbtrue\u00bb][vc_column_text]De acuerdo con el respeto de la confidencialidad de los intercambios, el practicante de P.B.A. \u00ae se abstiene de realizar una sesi\u00f3n de P.B.A. \u00ae en presencia del c\u00f3nyuge. Se compromete adem\u00e1s a prestar especial atenci\u00f3n a la verbalizaci\u00f3n de los bloqueos detectados cuando la sesi\u00f3n se realice sobre un infante y en presencia de sus padres.[\/vc_column_text][vc_text_separator title=\u00bbART\u00cdCULO 12&#8243; add_icon=\u00bbtrue\u00bb][vc_column_text]El practicante de P.B.A. \u00ae tiene derecho a no comenzar una terapia o interrumpirla por motivos personales o profesionales, pudiendo orientar al interesado que consulta hacia otro practicante de P.B.A\u00ae.[\/vc_column_text][vc_text_separator title=\u00bbART\u00cdCULO 13&#8243; add_icon=\u00bbtrue\u00bb][vc_column_text]Un registro de practicantes de P.B.A. \u00ae, que especifica la esfera de actividad de cada profesional, es llevado y actualizado por la Secretaria del Instituto. S\u00f3lo podr\u00e1n ejercer como practicantes de P.B.A. \u00ae aquellos que se encuentren debidamente registrados en el registro y s\u00f3lo podr\u00e1n mantenerse en \u00e9l los practicantes que est\u00e9n al d\u00eda en el pago de sus cuotas y que hayan actualizado o reciclado sus conocimientos peri\u00f3dicamente.[\/vc_column_text][vc_text_separator title=\u00bbART\u00cdCULO 14&#8243; add_icon=\u00bbtrue\u00bb][vc_column_text]El practicante de P.B.A. \u00ae se considera, a su nivel, responsable de la adecuada difusi\u00f3n de su disciplina y de su promoci\u00f3n en los medios m\u00e1s diversos. Se mantiene al corriente de las tendencias de esta ciencia y arte, participando en los cursos de reciclaje, consciente de que su formaci\u00f3n inicial no significa que sea una competencia adquirida para toda la vida y que deber\u00e1 seguir un proceso de reciclaje para actualizar sus conocimientos.[\/vc_column_text][vc_text_separator title=\u00bbART\u00cdCULO 15&#8243; add_icon=\u00bbtrue\u00bb][vc_column_text]El profesional en P.B.A\u00ae puede dirigirse al Instituto para solicitar su ayuda en la organizaci\u00f3n de jornadas particulares, de conferencias, o para el desarrollo de nuevas actividades.<br \/>\nSe alienta a cada uno a que publique sus experiencias y el resultado de sus investigaciones en el bolet\u00edn o en la p\u00e1gina web de la Federaci\u00f3n.[\/vc_column_text][vc_text_separator title=\u00bbART\u00cdCULO 16 &#8211; Publicidad\u00bb add_icon=\u00bbtrue\u00bb][vc_column_text]Considerando que la mejor publicidad es el boca a boca, el practicante en P.B.A. \u00ae se abstiene de cualquier forma de publicidad sensacionalista, so pena de verse llamado al orden por el comit\u00e9 de disciplina del Instituto.[\/vc_column_text][vc_text_separator title=\u00bbART\u00cdCULO 17 \u2013 Competencia desleal\u00bb add_icon=\u00bbtrue\u00bb][vc_column_text]El practicante se abstiene de cualquier forma de competencia desleal y de poner en tela de juicio a otros practicantes en P.B.A\u00ae.<br \/>\nEn caso de litigio, le corresponder\u00e1 al comit\u00e9 de disciplina resolver las disputas.[\/vc_column_text][vc_text_separator title=\u00bbART\u00cdCULO 18 \u2013 Uniformizaci\u00f3n de las tarifas\u00bb add_icon=\u00bbtrue\u00bb][vc_column_text]Con el fin de evitar la competencia desleal, se determinar\u00e1 una tarifa oficial aplicable tanto a los practicantes certificados como a aquellos que est\u00e9n finalizando su capacitaci\u00f3n, quedando entendido que todo practicante puede ocasionalmente invocar razones de consciencia si la situaci\u00f3n econ\u00f3mica de su cliente as\u00ed lo amerita.[\/vc_column_text][\/vc_column][\/vc_row]<\/p>\n<\/div>","protected":false},"excerpt":{"rendered":"<p>[vc_row][vc_column][vc_text_separator title=\u00bbART\u00cdCULO 1&#8243; add_icon=\u00bbtrue\u00bb][vc_column_text]Quien posea el t\u00edtulo de profesional en Psico-Bio-Acupresi\u00f3n expedido por el Instituto DELATTE de P.B.A. \u00ae (y\/o Psico-Bio-Acupresi\u00f3n) certificado por el Doctor Pierre No\u00ebl DELATTE o quien haya sido acreditado por \u00e9l, puede desempe\u00f1ar la pr\u00e1ctica de la P.B.A\u00ae estrictamente en el \u00e1mbito de sus competencias humanas y profesionales, de forma responsable,&hellip;<\/p>\n","protected":false},"author":1,"featured_media":0,"parent":460,"menu_order":0,"comment_status":"closed","ping_status":"closed","template":"","meta":{"_cbd_carousel_blocks":"[]","footnotes":""},"class_list":["post-462","page","type-page","status-publish","hentry","description-off"],"yoast_head":"<!-- This site is optimized with the Yoast SEO plugin v27.5 - https:\/\/yoast.com\/product\/yoast-seo-wordpress\/ -->\n<title>El C\u00f3digo deontol\u00f3gico - La PBA<\/title>\n<meta name=\"robots\" content=\"index, follow, max-snippet:-1, max-image-preview:large, max-video-preview:-1\" \/>\n<link rel=\"canonical\" href=\"https:\/\/www.psycho-bio-acupressure.com\/es\/instituto-delatte\/el-codigo-deontologico\/\" \/>\n<meta property=\"og:locale\" content=\"es_ES\" \/>\n<meta property=\"og:type\" content=\"article\" \/>\n<meta property=\"og:title\" content=\"El C\u00f3digo deontol\u00f3gico - La PBA\" \/>\n<meta property=\"og:description\" content=\"[vc_row][vc_column][vc_text_separator title=\u00bbART\u00cdCULO 1&#8243; add_icon=\u00bbtrue\u00bb][vc_column_text]Quien posea el t\u00edtulo de profesional en Psico-Bio-Acupresi\u00f3n expedido por el Instituto DELATTE de P.B.A. \u00ae (y\/o Psico-Bio-Acupresi\u00f3n) certificado por el Doctor Pierre No\u00ebl DELATTE o quien haya sido acreditado por \u00e9l, puede desempe\u00f1ar la pr\u00e1ctica de la P.B.A\u00ae estrictamente en el \u00e1mbito de sus competencias humanas y profesionales, de forma responsable,&hellip;\" \/>\n<meta property=\"og:url\" content=\"https:\/\/www.psycho-bio-acupressure.com\/es\/instituto-delatte\/el-codigo-deontologico\/\" \/>\n<meta property=\"og:site_name\" content=\"La PBA\" \/>\n<meta property=\"article:publisher\" content=\"https:\/\/www.facebook.com\/InstitutDelatteDePsychoBioAcupressure\" \/>\n<meta property=\"article:modified_time\" content=\"2018-06-26T12:45:46+00:00\" \/>\n<meta name=\"twitter:card\" content=\"summary_large_image\" \/>\n<meta name=\"twitter:label1\" content=\"Tiempo de lectura\" \/>\n\t<meta name=\"twitter:data1\" content=\"9 minutos\" \/>\n<script type=\"application\/ld+json\" class=\"yoast-schema-graph\">{\"@context\":\"https:\\\/\\\/schema.org\",\"@graph\":[{\"@type\":\"WebPage\",\"@id\":\"https:\\\/\\\/www.psycho-bio-acupressure.com\\\/es\\\/instituto-delatte\\\/el-codigo-deontologico\\\/\",\"url\":\"https:\\\/\\\/www.psycho-bio-acupressure.com\\\/es\\\/instituto-delatte\\\/el-codigo-deontologico\\\/\",\"name\":\"El C\u00f3digo deontol\u00f3gico - La PBA\",\"isPartOf\":{\"@id\":\"https:\\\/\\\/www.psycho-bio-acupressure.com\\\/es\\\/#website\"},\"datePublished\":\"2018-06-18T12:51:20+00:00\",\"dateModified\":\"2018-06-26T12:45:46+00:00\",\"breadcrumb\":{\"@id\":\"https:\\\/\\\/www.psycho-bio-acupressure.com\\\/es\\\/instituto-delatte\\\/el-codigo-deontologico\\\/#breadcrumb\"},\"inLanguage\":\"es\",\"potentialAction\":[{\"@type\":\"ReadAction\",\"target\":[\"https:\\\/\\\/www.psycho-bio-acupressure.com\\\/es\\\/instituto-delatte\\\/el-codigo-deontologico\\\/\"]}]},{\"@type\":\"BreadcrumbList\",\"@id\":\"https:\\\/\\\/www.psycho-bio-acupressure.com\\\/es\\\/instituto-delatte\\\/el-codigo-deontologico\\\/#breadcrumb\",\"itemListElement\":[{\"@type\":\"ListItem\",\"position\":1,\"name\":\"Accueil\",\"item\":\"https:\\\/\\\/www.psycho-bio-acupressure.com\\\/es\\\/\"},{\"@type\":\"ListItem\",\"position\":2,\"name\":\"Instituto DELATTE\",\"item\":\"https:\\\/\\\/www.psycho-bio-acupressure.com\\\/es\\\/instituto-delatte\\\/\"},{\"@type\":\"ListItem\",\"position\":3,\"name\":\"El C\u00f3digo deontol\u00f3gico\"}]},{\"@type\":\"WebSite\",\"@id\":\"https:\\\/\\\/www.psycho-bio-acupressure.com\\\/es\\\/#website\",\"url\":\"https:\\\/\\\/www.psycho-bio-acupressure.com\\\/es\\\/\",\"name\":\"La PBA\",\"description\":\"Institut DELATTE de Psycho-Bio-Acupressure\",\"publisher\":{\"@id\":\"https:\\\/\\\/www.psycho-bio-acupressure.com\\\/es\\\/#organization\"},\"potentialAction\":[{\"@type\":\"SearchAction\",\"target\":{\"@type\":\"EntryPoint\",\"urlTemplate\":\"https:\\\/\\\/www.psycho-bio-acupressure.com\\\/es\\\/?s={search_term_string}\"},\"query-input\":{\"@type\":\"PropertyValueSpecification\",\"valueRequired\":true,\"valueName\":\"search_term_string\"}}],\"inLanguage\":\"es\"},{\"@type\":\"Organization\",\"@id\":\"https:\\\/\\\/www.psycho-bio-acupressure.com\\\/es\\\/#organization\",\"name\":\"Institut Delatte de la Psycho-Bio-Acupressure\",\"url\":\"https:\\\/\\\/www.psycho-bio-acupressure.com\\\/es\\\/\",\"logo\":{\"@type\":\"ImageObject\",\"inLanguage\":\"es\",\"@id\":\"https:\\\/\\\/www.psycho-bio-acupressure.com\\\/es\\\/#\\\/schema\\\/logo\\\/image\\\/\",\"url\":\"https:\\\/\\\/www.psycho-bio-acupressure.com\\\/wp-content\\\/uploads\\\/2019\\\/04\\\/pba-logo.png\",\"contentUrl\":\"https:\\\/\\\/www.psycho-bio-acupressure.com\\\/wp-content\\\/uploads\\\/2019\\\/04\\\/pba-logo.png\",\"width\":1553,\"height\":1553,\"caption\":\"Institut Delatte de la Psycho-Bio-Acupressure\"},\"image\":{\"@id\":\"https:\\\/\\\/www.psycho-bio-acupressure.com\\\/es\\\/#\\\/schema\\\/logo\\\/image\\\/\"},\"sameAs\":[\"https:\\\/\\\/www.facebook.com\\\/InstitutDelatteDePsychoBioAcupressure\",\"https:\\\/\\\/www.instagram.com\\\/institutdocteurdelatteofficiel\\\/\"]}]}<\/script>\n<!-- \/ Yoast SEO plugin. -->","yoast_head_json":{"title":"El C\u00f3digo deontol\u00f3gico - La PBA","robots":{"index":"index","follow":"follow","max-snippet":"max-snippet:-1","max-image-preview":"max-image-preview:large","max-video-preview":"max-video-preview:-1"},"canonical":"https:\/\/www.psycho-bio-acupressure.com\/es\/instituto-delatte\/el-codigo-deontologico\/","og_locale":"es_ES","og_type":"article","og_title":"El C\u00f3digo deontol\u00f3gico - La PBA","og_description":"[vc_row][vc_column][vc_text_separator title=\u00bbART\u00cdCULO 1&#8243; add_icon=\u00bbtrue\u00bb][vc_column_text]Quien posea el t\u00edtulo de profesional en Psico-Bio-Acupresi\u00f3n expedido por el Instituto DELATTE de P.B.A. \u00ae (y\/o Psico-Bio-Acupresi\u00f3n) certificado por el Doctor Pierre No\u00ebl DELATTE o quien haya sido acreditado por \u00e9l, puede desempe\u00f1ar la pr\u00e1ctica de la P.B.A\u00ae estrictamente en el \u00e1mbito de sus competencias humanas y profesionales, de forma responsable,&hellip;","og_url":"https:\/\/www.psycho-bio-acupressure.com\/es\/instituto-delatte\/el-codigo-deontologico\/","og_site_name":"La PBA","article_publisher":"https:\/\/www.facebook.com\/InstitutDelatteDePsychoBioAcupressure","article_modified_time":"2018-06-26T12:45:46+00:00","twitter_card":"summary_large_image","twitter_misc":{"Tiempo de lectura":"9 minutos"},"schema":{"@context":"https:\/\/schema.org","@graph":[{"@type":"WebPage","@id":"https:\/\/www.psycho-bio-acupressure.com\/es\/instituto-delatte\/el-codigo-deontologico\/","url":"https:\/\/www.psycho-bio-acupressure.com\/es\/instituto-delatte\/el-codigo-deontologico\/","name":"El C\u00f3digo deontol\u00f3gico - La PBA","isPartOf":{"@id":"https:\/\/www.psycho-bio-acupressure.com\/es\/#website"},"datePublished":"2018-06-18T12:51:20+00:00","dateModified":"2018-06-26T12:45:46+00:00","breadcrumb":{"@id":"https:\/\/www.psycho-bio-acupressure.com\/es\/instituto-delatte\/el-codigo-deontologico\/#breadcrumb"},"inLanguage":"es","potentialAction":[{"@type":"ReadAction","target":["https:\/\/www.psycho-bio-acupressure.com\/es\/instituto-delatte\/el-codigo-deontologico\/"]}]},{"@type":"BreadcrumbList","@id":"https:\/\/www.psycho-bio-acupressure.com\/es\/instituto-delatte\/el-codigo-deontologico\/#breadcrumb","itemListElement":[{"@type":"ListItem","position":1,"name":"Accueil","item":"https:\/\/www.psycho-bio-acupressure.com\/es\/"},{"@type":"ListItem","position":2,"name":"Instituto DELATTE","item":"https:\/\/www.psycho-bio-acupressure.com\/es\/instituto-delatte\/"},{"@type":"ListItem","position":3,"name":"El C\u00f3digo deontol\u00f3gico"}]},{"@type":"WebSite","@id":"https:\/\/www.psycho-bio-acupressure.com\/es\/#website","url":"https:\/\/www.psycho-bio-acupressure.com\/es\/","name":"La PBA","description":"Institut DELATTE de Psycho-Bio-Acupressure","publisher":{"@id":"https:\/\/www.psycho-bio-acupressure.com\/es\/#organization"},"potentialAction":[{"@type":"SearchAction","target":{"@type":"EntryPoint","urlTemplate":"https:\/\/www.psycho-bio-acupressure.com\/es\/?s={search_term_string}"},"query-input":{"@type":"PropertyValueSpecification","valueRequired":true,"valueName":"search_term_string"}}],"inLanguage":"es"},{"@type":"Organization","@id":"https:\/\/www.psycho-bio-acupressure.com\/es\/#organization","name":"Institut Delatte de la Psycho-Bio-Acupressure","url":"https:\/\/www.psycho-bio-acupressure.com\/es\/","logo":{"@type":"ImageObject","inLanguage":"es","@id":"https:\/\/www.psycho-bio-acupressure.com\/es\/#\/schema\/logo\/image\/","url":"https:\/\/www.psycho-bio-acupressure.com\/wp-content\/uploads\/2019\/04\/pba-logo.png","contentUrl":"https:\/\/www.psycho-bio-acupressure.com\/wp-content\/uploads\/2019\/04\/pba-logo.png","width":1553,"height":1553,"caption":"Institut Delatte de la Psycho-Bio-Acupressure"},"image":{"@id":"https:\/\/www.psycho-bio-acupressure.com\/es\/#\/schema\/logo\/image\/"},"sameAs":["https:\/\/www.facebook.com\/InstitutDelatteDePsychoBioAcupressure","https:\/\/www.instagram.com\/institutdocteurdelatteofficiel\/"]}]}},"_links":{"self":[{"href":"https:\/\/www.psycho-bio-acupressure.com\/es\/wp-json\/wp\/v2\/pages\/462","targetHints":{"allow":["GET"]}}],"collection":[{"href":"https:\/\/www.psycho-bio-acupressure.com\/es\/wp-json\/wp\/v2\/pages"}],"about":[{"href":"https:\/\/www.psycho-bio-acupressure.com\/es\/wp-json\/wp\/v2\/types\/page"}],"author":[{"embeddable":true,"href":"https:\/\/www.psycho-bio-acupressure.com\/es\/wp-json\/wp\/v2\/users\/1"}],"replies":[{"embeddable":true,"href":"https:\/\/www.psycho-bio-acupressure.com\/es\/wp-json\/wp\/v2\/comments?post=462"}],"version-history":[{"count":7,"href":"https:\/\/www.psycho-bio-acupressure.com\/es\/wp-json\/wp\/v2\/pages\/462\/revisions"}],"predecessor-version":[{"id":539,"href":"https:\/\/www.psycho-bio-acupressure.com\/es\/wp-json\/wp\/v2\/pages\/462\/revisions\/539"}],"up":[{"embeddable":true,"href":"https:\/\/www.psycho-bio-acupressure.com\/es\/wp-json\/wp\/v2\/pages\/460"}],"wp:attachment":[{"href":"https:\/\/www.psycho-bio-acupressure.com\/es\/wp-json\/wp\/v2\/media?parent=462"}],"curies":[{"name":"wp","href":"https:\/\/api.w.org\/{rel}","templated":true}]}}