{"id":464,"date":"2018-06-18T16:06:51","date_gmt":"2018-06-18T14:06:51","guid":{"rendered":"https:\/\/www.psycho-bio-acupressure.com\/?page_id=464"},"modified":"2018-06-18T16:06:51","modified_gmt":"2018-06-18T14:06:51","slug":"como-nace-la-pba","status":"publish","type":"page","link":"https:\/\/www.psycho-bio-acupressure.com\/es\/pba\/como-nace-la-pba\/","title":{"rendered":"C\u00f3mo nace la PBA"},"content":{"rendered":"<div class=\"wpb-content-wrapper\"><p>[vc_row][vc_column][vc_column_text]\u00ab La idea de recurrir a la acu-presi\u00f3n surgi\u00f3 en m\u00ed, como suele ocurrir, de un encuentro. Al principio, s\u00f3lo utilizaba agujas, puesto que as\u00ed me hab\u00eda formado inicialmente. Ahora bien, algunos puntos resultaban dolorosos y dado que el pensamiento es energ\u00eda, el dolor llegaba a comprometer la eficiencia del circuito. Luego tambi\u00e9n so\u00f1aba con ayudar a los ni\u00f1os, incluso los beb\u00e9s, a los cuales, por razones evidentes, la acupuntura no se les puede aplicar.<br \/>\nUn d\u00eda, compart\u00ed mi preocupaci\u00f3n con un vendedor de agujas de acupuntura del barrio chino de S\u00eddney. Este me tendi\u00f3 una caja de parches (adhesivos peque\u00f1os llenos de microesferas), utilizados por algunos chinos para curarse de la jaqueca, automedic\u00e1ndose. El caso es que se supone que es la microesfera, y no la aguja, la que activa el punto de acupuntura. \u00c9l me dio a entender que no perd\u00eda nada con intentarlo\u2026<br \/>\nLo cual hice, aunque no daba mucho cr\u00e9dito al principio. Sin embargo, para mi gran sorpresa, funcion\u00f3\u2026<br \/>\nDe hecho, un punto de acupuntura es sensible no s\u00f3lo al pinchazo sino tambi\u00e9n al calor (en el Extremo Oriente, se utilizan bastoncillos de artemisa incandescentes llamados moxas) y a la presi\u00f3n.<br \/>\nLos parches que el comerciante me hab\u00eda ofrecido actuaban por presi\u00f3n.<br \/>\nAs\u00ed que pude tratar a mis pacientes, ni\u00f1os y beb\u00e9s, durante meses y con total tranquilidad.<br \/>\nHasta que un d\u00eda me encontr\u00e9 frente a una paciente cuyo beb\u00e9 hab\u00eda curado, la cual me dijo: \u00abquisiera consultarle personalmente, m\u00e1s s\u00e9 que cuando se trata de adultos, usted utiliza agujas y yo le tengo fobia a las agujas.\u00bb<br \/>\nAnte esta demanda, ensay\u00e9 aplicar los parches por primera vez sobre un adulto. Lo cual funcion\u00f3 tambi\u00e9n\u2026<br \/>\nDe modo que, en los a\u00f1os siguientes, utilizaba \u00fanicamente los parches, sea con los beb\u00e9s, los ni\u00f1os o los adultos, con el mismo \u00e9xito siempre.<br \/>\nUn d\u00eda, durante un viaje, me toc\u00f3 ayudar a una persona. Ella era muy depresiva, se trataba de la amiga de unos amigos m\u00edos muy queridos, que, de hecho, me estaban brindando su hospitalidad en aquel momento y que conoc\u00edan los resultados que hab\u00eda logrado. Mi situaci\u00f3n era algo incomoda: pod\u00eda ver a trav\u00e9s de sus miradas cu\u00e1nto confiaban en que ayudar\u00eda a su amiga, pero por otro lado, yo no ten\u00eda mis parches a mano y me sent\u00eda impotente. Si al menos hubiese estado a cubierto, en la comodidad de mi consultorio. Pero ah\u00ed, en el extranjero \u00bfQu\u00e9 pod\u00eda hacer?&#8230;<br \/>\nComo nunca lo hab\u00eda intentado anteriormente, no sab\u00eda si un circuito impreso con la simple estimulaci\u00f3n manual de mis cinco puntos habituales y sin los parches, funcionar\u00eda. Pero me sent\u00eda obligado a intentar hacer algo, tanto por amistad hacia mis amigos, como por empat\u00eda hacia esta persona.<br \/>\nEntonces intent\u00e9 presionar firmemente sobre los cinco puntos con los que sol\u00eda trabajar habitualmente con los parches\u2026 \u00a1y el resultado fue extraordinario! Result\u00f3 ser mucho m\u00e1s r\u00e1pido de lo que sol\u00eda lograr con los parches. \u00a1Fue casi instant\u00e1neo! &#8230; En cuesti\u00f3n de minutos, la joven se sinti\u00f3 liberada de la presi\u00f3n que ten\u00eda en el pecho\u2026<br \/>\nHab\u00eda nacido la Psico-Bio-Acupresi\u00f3n.<br \/>\nPor tratarse de un m\u00e9todo sencillo, tambi\u00e9n quise simplificar su nombre, reduci\u00e9ndolo a las tres letras: P.B.A. (Acupresi\u00f3n que act\u00faa sobre el Psiquismo, sin recurrir a ning\u00fan medicamento, lo cual hace que sea una terapia \u00abBio\u00bb).<br \/>\nAlgunas semanas m\u00e1s tarde, pens\u00e9 que si ya no eran necesarios ni parches, cualquiera podr\u00eda hacer lo que yo hab\u00eda hecho. El pr\u00f3ximo paso surgi\u00f3 naturalmente: empec\u00e9 a ense\u00f1arle a mis pacientes c\u00f3mo ensayar estos circuitos sobre ellos mismos. Luego me dediqu\u00e9 a ense\u00f1arlo en talleres.\u00bb<\/p>\n<p>Pierre-No\u00ebl DELATTE[\/vc_column_text][\/vc_column][\/vc_row]<\/p>\n<\/div>","protected":false},"excerpt":{"rendered":"<p>[vc_row][vc_column][vc_column_text]\u00ab La idea de recurrir a la acu-presi\u00f3n surgi\u00f3 en m\u00ed, como suele ocurrir, de un encuentro. Al principio, s\u00f3lo utilizaba agujas, puesto que as\u00ed me hab\u00eda formado inicialmente. Ahora bien, algunos puntos resultaban dolorosos y dado que el pensamiento es energ\u00eda, el dolor llegaba a comprometer la eficiencia del circuito. Luego tambi\u00e9n so\u00f1aba con&hellip;<\/p>\n","protected":false},"author":1,"featured_media":0,"parent":1057,"menu_order":0,"comment_status":"closed","ping_status":"closed","template":"","meta":{"_cbd_carousel_blocks":"[]","footnotes":""},"class_list":["post-464","page","type-page","status-publish","hentry","description-off"],"yoast_head":"<!-- This site is optimized with the Yoast SEO plugin v27.5 - https:\/\/yoast.com\/product\/yoast-seo-wordpress\/ -->\n<title>C\u00f3mo nace la PBA - La PBA<\/title>\n<meta name=\"robots\" content=\"index, follow, max-snippet:-1, max-image-preview:large, max-video-preview:-1\" \/>\n<link rel=\"canonical\" href=\"https:\/\/www.psycho-bio-acupressure.com\/es\/pba\/como-nace-la-pba\/\" \/>\n<meta property=\"og:locale\" content=\"es_ES\" \/>\n<meta property=\"og:type\" content=\"article\" \/>\n<meta property=\"og:title\" content=\"C\u00f3mo nace la PBA - La PBA\" \/>\n<meta property=\"og:description\" content=\"[vc_row][vc_column][vc_column_text]\u00ab La idea de recurrir a la acu-presi\u00f3n surgi\u00f3 en m\u00ed, como suele ocurrir, de un encuentro. Al principio, s\u00f3lo utilizaba agujas, puesto que as\u00ed me hab\u00eda formado inicialmente. Ahora bien, algunos puntos resultaban dolorosos y dado que el pensamiento es energ\u00eda, el dolor llegaba a comprometer la eficiencia del circuito. Luego tambi\u00e9n so\u00f1aba con&hellip;\" \/>\n<meta property=\"og:url\" content=\"https:\/\/www.psycho-bio-acupressure.com\/es\/pba\/como-nace-la-pba\/\" \/>\n<meta property=\"og:site_name\" content=\"La PBA\" \/>\n<meta property=\"article:publisher\" content=\"https:\/\/www.facebook.com\/InstitutDelatteDePsychoBioAcupressure\" \/>\n<meta name=\"twitter:card\" content=\"summary_large_image\" \/>\n<meta name=\"twitter:label1\" content=\"Tiempo de lectura\" \/>\n\t<meta name=\"twitter:data1\" content=\"3 minutos\" \/>\n<script type=\"application\/ld+json\" class=\"yoast-schema-graph\">{\"@context\":\"https:\\\/\\\/schema.org\",\"@graph\":[{\"@type\":\"WebPage\",\"@id\":\"https:\\\/\\\/www.psycho-bio-acupressure.com\\\/es\\\/pba\\\/como-nace-la-pba\\\/\",\"url\":\"https:\\\/\\\/www.psycho-bio-acupressure.com\\\/es\\\/pba\\\/como-nace-la-pba\\\/\",\"name\":\"C\u00f3mo nace la PBA - La PBA\",\"isPartOf\":{\"@id\":\"https:\\\/\\\/www.psycho-bio-acupressure.com\\\/es\\\/#website\"},\"datePublished\":\"2018-06-18T14:06:51+00:00\",\"breadcrumb\":{\"@id\":\"https:\\\/\\\/www.psycho-bio-acupressure.com\\\/es\\\/pba\\\/como-nace-la-pba\\\/#breadcrumb\"},\"inLanguage\":\"es\",\"potentialAction\":[{\"@type\":\"ReadAction\",\"target\":[\"https:\\\/\\\/www.psycho-bio-acupressure.com\\\/es\\\/pba\\\/como-nace-la-pba\\\/\"]}]},{\"@type\":\"BreadcrumbList\",\"@id\":\"https:\\\/\\\/www.psycho-bio-acupressure.com\\\/es\\\/pba\\\/como-nace-la-pba\\\/#breadcrumb\",\"itemListElement\":[{\"@type\":\"ListItem\",\"position\":1,\"name\":\"Accueil\",\"item\":\"https:\\\/\\\/www.psycho-bio-acupressure.com\\\/es\\\/\"},{\"@type\":\"ListItem\",\"position\":2,\"name\":\"PBA\",\"item\":\"https:\\\/\\\/www.psycho-bio-acupressure.com\\\/es\\\/pba\\\/\"},{\"@type\":\"ListItem\",\"position\":3,\"name\":\"C\u00f3mo nace la PBA\"}]},{\"@type\":\"WebSite\",\"@id\":\"https:\\\/\\\/www.psycho-bio-acupressure.com\\\/es\\\/#website\",\"url\":\"https:\\\/\\\/www.psycho-bio-acupressure.com\\\/es\\\/\",\"name\":\"La PBA\",\"description\":\"Institut DELATTE de Psycho-Bio-Acupressure\",\"publisher\":{\"@id\":\"https:\\\/\\\/www.psycho-bio-acupressure.com\\\/es\\\/#organization\"},\"potentialAction\":[{\"@type\":\"SearchAction\",\"target\":{\"@type\":\"EntryPoint\",\"urlTemplate\":\"https:\\\/\\\/www.psycho-bio-acupressure.com\\\/es\\\/?s={search_term_string}\"},\"query-input\":{\"@type\":\"PropertyValueSpecification\",\"valueRequired\":true,\"valueName\":\"search_term_string\"}}],\"inLanguage\":\"es\"},{\"@type\":\"Organization\",\"@id\":\"https:\\\/\\\/www.psycho-bio-acupressure.com\\\/es\\\/#organization\",\"name\":\"Institut Delatte de la Psycho-Bio-Acupressure\",\"url\":\"https:\\\/\\\/www.psycho-bio-acupressure.com\\\/es\\\/\",\"logo\":{\"@type\":\"ImageObject\",\"inLanguage\":\"es\",\"@id\":\"https:\\\/\\\/www.psycho-bio-acupressure.com\\\/es\\\/#\\\/schema\\\/logo\\\/image\\\/\",\"url\":\"https:\\\/\\\/www.psycho-bio-acupressure.com\\\/wp-content\\\/uploads\\\/2019\\\/04\\\/pba-logo.png\",\"contentUrl\":\"https:\\\/\\\/www.psycho-bio-acupressure.com\\\/wp-content\\\/uploads\\\/2019\\\/04\\\/pba-logo.png\",\"width\":1553,\"height\":1553,\"caption\":\"Institut Delatte de la Psycho-Bio-Acupressure\"},\"image\":{\"@id\":\"https:\\\/\\\/www.psycho-bio-acupressure.com\\\/es\\\/#\\\/schema\\\/logo\\\/image\\\/\"},\"sameAs\":[\"https:\\\/\\\/www.facebook.com\\\/InstitutDelatteDePsychoBioAcupressure\",\"https:\\\/\\\/www.instagram.com\\\/institutdocteurdelatteofficiel\\\/\"]}]}<\/script>\n<!-- \/ Yoast SEO plugin. -->","yoast_head_json":{"title":"C\u00f3mo nace la PBA - La PBA","robots":{"index":"index","follow":"follow","max-snippet":"max-snippet:-1","max-image-preview":"max-image-preview:large","max-video-preview":"max-video-preview:-1"},"canonical":"https:\/\/www.psycho-bio-acupressure.com\/es\/pba\/como-nace-la-pba\/","og_locale":"es_ES","og_type":"article","og_title":"C\u00f3mo nace la PBA - La PBA","og_description":"[vc_row][vc_column][vc_column_text]\u00ab La idea de recurrir a la acu-presi\u00f3n surgi\u00f3 en m\u00ed, como suele ocurrir, de un encuentro. Al principio, s\u00f3lo utilizaba agujas, puesto que as\u00ed me hab\u00eda formado inicialmente. Ahora bien, algunos puntos resultaban dolorosos y dado que el pensamiento es energ\u00eda, el dolor llegaba a comprometer la eficiencia del circuito. Luego tambi\u00e9n so\u00f1aba con&hellip;","og_url":"https:\/\/www.psycho-bio-acupressure.com\/es\/pba\/como-nace-la-pba\/","og_site_name":"La PBA","article_publisher":"https:\/\/www.facebook.com\/InstitutDelatteDePsychoBioAcupressure","twitter_card":"summary_large_image","twitter_misc":{"Tiempo de lectura":"3 minutos"},"schema":{"@context":"https:\/\/schema.org","@graph":[{"@type":"WebPage","@id":"https:\/\/www.psycho-bio-acupressure.com\/es\/pba\/como-nace-la-pba\/","url":"https:\/\/www.psycho-bio-acupressure.com\/es\/pba\/como-nace-la-pba\/","name":"C\u00f3mo nace la PBA - La PBA","isPartOf":{"@id":"https:\/\/www.psycho-bio-acupressure.com\/es\/#website"},"datePublished":"2018-06-18T14:06:51+00:00","breadcrumb":{"@id":"https:\/\/www.psycho-bio-acupressure.com\/es\/pba\/como-nace-la-pba\/#breadcrumb"},"inLanguage":"es","potentialAction":[{"@type":"ReadAction","target":["https:\/\/www.psycho-bio-acupressure.com\/es\/pba\/como-nace-la-pba\/"]}]},{"@type":"BreadcrumbList","@id":"https:\/\/www.psycho-bio-acupressure.com\/es\/pba\/como-nace-la-pba\/#breadcrumb","itemListElement":[{"@type":"ListItem","position":1,"name":"Accueil","item":"https:\/\/www.psycho-bio-acupressure.com\/es\/"},{"@type":"ListItem","position":2,"name":"PBA","item":"https:\/\/www.psycho-bio-acupressure.com\/es\/pba\/"},{"@type":"ListItem","position":3,"name":"C\u00f3mo nace la PBA"}]},{"@type":"WebSite","@id":"https:\/\/www.psycho-bio-acupressure.com\/es\/#website","url":"https:\/\/www.psycho-bio-acupressure.com\/es\/","name":"La PBA","description":"Institut DELATTE de Psycho-Bio-Acupressure","publisher":{"@id":"https:\/\/www.psycho-bio-acupressure.com\/es\/#organization"},"potentialAction":[{"@type":"SearchAction","target":{"@type":"EntryPoint","urlTemplate":"https:\/\/www.psycho-bio-acupressure.com\/es\/?s={search_term_string}"},"query-input":{"@type":"PropertyValueSpecification","valueRequired":true,"valueName":"search_term_string"}}],"inLanguage":"es"},{"@type":"Organization","@id":"https:\/\/www.psycho-bio-acupressure.com\/es\/#organization","name":"Institut Delatte de la Psycho-Bio-Acupressure","url":"https:\/\/www.psycho-bio-acupressure.com\/es\/","logo":{"@type":"ImageObject","inLanguage":"es","@id":"https:\/\/www.psycho-bio-acupressure.com\/es\/#\/schema\/logo\/image\/","url":"https:\/\/www.psycho-bio-acupressure.com\/wp-content\/uploads\/2019\/04\/pba-logo.png","contentUrl":"https:\/\/www.psycho-bio-acupressure.com\/wp-content\/uploads\/2019\/04\/pba-logo.png","width":1553,"height":1553,"caption":"Institut Delatte de la Psycho-Bio-Acupressure"},"image":{"@id":"https:\/\/www.psycho-bio-acupressure.com\/es\/#\/schema\/logo\/image\/"},"sameAs":["https:\/\/www.facebook.com\/InstitutDelatteDePsychoBioAcupressure","https:\/\/www.instagram.com\/institutdocteurdelatteofficiel\/"]}]}},"_links":{"self":[{"href":"https:\/\/www.psycho-bio-acupressure.com\/es\/wp-json\/wp\/v2\/pages\/464","targetHints":{"allow":["GET"]}}],"collection":[{"href":"https:\/\/www.psycho-bio-acupressure.com\/es\/wp-json\/wp\/v2\/pages"}],"about":[{"href":"https:\/\/www.psycho-bio-acupressure.com\/es\/wp-json\/wp\/v2\/types\/page"}],"author":[{"embeddable":true,"href":"https:\/\/www.psycho-bio-acupressure.com\/es\/wp-json\/wp\/v2\/users\/1"}],"replies":[{"embeddable":true,"href":"https:\/\/www.psycho-bio-acupressure.com\/es\/wp-json\/wp\/v2\/comments?post=464"}],"version-history":[{"count":1,"href":"https:\/\/www.psycho-bio-acupressure.com\/es\/wp-json\/wp\/v2\/pages\/464\/revisions"}],"predecessor-version":[{"id":465,"href":"https:\/\/www.psycho-bio-acupressure.com\/es\/wp-json\/wp\/v2\/pages\/464\/revisions\/465"}],"up":[{"embeddable":true,"href":"https:\/\/www.psycho-bio-acupressure.com\/es\/wp-json\/wp\/v2\/pages\/1057"}],"wp:attachment":[{"href":"https:\/\/www.psycho-bio-acupressure.com\/es\/wp-json\/wp\/v2\/media?parent=464"}],"curies":[{"name":"wp","href":"https:\/\/api.w.org\/{rel}","templated":true}]}}