{"id":466,"date":"2018-06-18T16:22:10","date_gmt":"2018-06-18T14:22:10","guid":{"rendered":"https:\/\/www.psycho-bio-acupressure.com\/?page_id=466"},"modified":"2018-06-18T16:22:10","modified_gmt":"2018-06-18T14:22:10","slug":"uso-de-la-p-b-a","status":"publish","type":"page","link":"https:\/\/www.psycho-bio-acupressure.com\/es\/pba\/uso-de-la-p-b-a\/","title":{"rendered":"Uso de la P.B.A."},"content":{"rendered":"<div class=\"wpb-content-wrapper\"><p>[vc_row][vc_column][vc_column_text]<\/p>\n<h3>En primera instancia por lo tanto, la P.B.A. puede ser utilizada por cualquier, ni\u00f1o o adulto, para gestionar, de manera instant\u00e1nea, todas las emociones de la vida cotidiana.<\/h3>\n<p><em>(De hecho, la Federaci\u00f3n francesa de P.B.A. est\u00e1 desarrollando pr\u00e1cticas dirigidas a adolescentes en periodo de ex\u00e1menes o a padres j\u00f3venes que deseen lidiar mejor con las emociones de sus beb\u00e9s y con sus propios miedos).<\/em><\/p>\n<p>Existen circuitos de P.B.A. capaces de eliminar los estados depresivos, de p\u00e1nico, de h\u00edper-emotividad, de negatividad, u obsesivos. Existen otros circuitos que tienen la facultad de recargar positivamente todos los centros energ\u00e9ticos, incluso de borrar las cicatrices impresas en nuestro sistema energ\u00e9tico dejadas por los acontecimientos dram\u00e1ticos que hemos vivido. S\u00f3lo hace falta utilizar estos circuitos, siguiendo un protocolo determinado, y en unos instantes seremos capaces de enfrentar la situaci\u00f3n generadora de desestabilizaci\u00f3n.<\/p>\n<p><em>Cualquiera de nosotros puede utilizar estos protocolos. <\/em><\/p>\n<p>La \u00fanica manera de estar en armon\u00eda consigo mismo es asegur\u00e1ndose siempre de tener un sistema energ\u00e9tico adecuado, lo cual se puede lograr personalmente, a trav\u00e9s de la Psico-Bio-Acupresi\u00f3n.<\/p>\n<p><em>En cierto modo, se trata de una nueva higiene de vida.<\/em><br \/>\n<strong>Sin embargo, y como ya dijimos, existe otra aplicaci\u00f3n de la P.B.A., fundamental ella tambi\u00e9n, aunque dirigida m\u00e1s espec\u00edficamente a los profesionales practicantes formados especialmente para su utilizaci\u00f3n:<\/strong><\/p>\n<h3>La P.B.A. permite eliminar los bloqueos emocionales (energ\u00e9ticos) relacionados con las experiencias desagradables pasadas.<\/h3>\n<p>Es muy importante entender que todas las experiencias de vida negativas, sobre todo aquellas transcurridas durante la primera infancia, generan condicionamientos de los cuales no podemos librarnos a posteriori.<\/p>\n<p><em>Por ejemplo, un ni\u00f1o al que su maestro tach\u00f3 de \u00abin\u00fatil\u00bb durante todo el primer grado, llegados sus veinticinco a\u00f1os tendr\u00e1 inclinaci\u00f3n a rechazar puestos de trabajo gratificantes por sentirse incapaz de asumir el desaf\u00edo, aunque haya acumulado una pl\u00e9tora de diplomas. En realidad, la falta de confianza en s\u00ed mismo no denota un rasgo de car\u00e1cter de la persona, sino el bloqueo emocional (energ\u00e9tico) que se arraig\u00f3 durante aquel a\u00f1o escolar y que ha sustituido o reemplazado una parte importante de su personalidad.<\/em><br \/>\n<em>Mientras no sea eliminada, esta falta de confianza en s\u00ed mismo acabar\u00e1 por sabotear toda su existencia.<\/em><\/p>\n<p>O asimismo cuando una persona va de fracaso en fracaso en su vida afectiva, sin saber que sistem\u00e1ticamente incurre en malas elecciones, por miedo a que la abandonen. Una vez m\u00e1s, el bloqueo emocional (energ\u00e9tico) se habr\u00e1 formado en la ni\u00f1ez, a ra\u00edz de un acontecimiento a veces insignificante, porque al no tener lo suficientemente desarrollada la corteza prefrontal, los ni\u00f1os se manejan \u00fanicamente con su cerebro emocional (am\u00edgdala e hipocampo en particular), por lo que no relativizan nada, result\u00e1ndoles muy f\u00e1cil crear bloqueos. El miedo al abandono puede estar vinculado a haber pasado tiempo en una incubadora, a un viaje de fin de semana de los padres, o tener incluso una causa todav\u00eda m\u00e1s insignificante, pero arruinar\u00e1 su vida afectiva, una vez instalado ya que por miedo a ser abandonado, el sujeto estar\u00e1 predispuesto a predominantemente tomar malas decisiones sin darse cuenta.<br \/>\nAn\u00e1logamente, la imposibilidad de tener hijos muchas veces tiene que ver con prohibiciones o miedos, por ende, con bloqueos emocionales totalmente inconscientes.<br \/>\nAsimismo, un gran n\u00famero de problemas sexuales pueden atribuirse a bloqueos\u2026<\/p>\n<p><em>Estos bloqueos emocionales (energ\u00e9ticos) act\u00faan como los cambios de agujas en las v\u00edas f\u00e9rreas, son imparables al igual que implacables: en tanto no los hayamos retirado, es imposible que el tren se mueva en el sentido correcto.<br \/>\nEn cambio, si los quitamos, inmediatamente y sin que tengamos que a\u00f1adir ni un vatio m\u00e1s a la potencia de la locomotora, el tren llegar\u00e1 a su destino.<br \/>\n<\/em><\/p>\n<p><strong>Pues bien, la P.B.A. permite actuar de manera similar sobre los bloqueos emocionales (energ\u00e9ticos).<\/strong><\/p>\n<p>El arte del practicante consistir\u00e1, tal como hemos dicho, en ejercitar su percepci\u00f3n intuitiva para detectar los bloqueos emocionales (energ\u00e9ticos), y sobre todo en aprender a verbalizarlos con el paciente, al tiempo que se le est\u00e1 aplicando el circuito de acu-presi\u00f3n adecuado.<br \/>\nDe esta manera, se obtendr\u00e1n resultados espectaculares en pocas semanas, logrando que la persona recupere la confianza en s\u00ed misma, o consiga superar el miedo a ser abandonada, o sus dificultades sexuales, todo esto de forma sostenible y sin dolor, y sin ser \u201cmachacado\u201d (como suele pasar a menudo con otro tipo de terapias).<\/p>\n<p><strong>De hecho, el \u00fanico problema, podr\u00eda decirse, que obstaculiza, parad\u00f3jicamente, la expansi\u00f3n de la P.B.A., es su efectividad, su sencillez de manejo y su inocuidad para los pacientes, todos tan innovadores que los que nunca la han probado solo pueden dudar, ya que suena \u2018demasiado bueno para ser verdad\u2019.<br \/>\nNo obstante, el doctor DELATTE la ha utilizado, desde su creaci\u00f3n en m\u00e1s de treinta mil ocasiones. Adem\u00e1s, los practicantes a los que capacita peri\u00f3dicamente, la han puesto en pr\u00e1ctica tambi\u00e9n con mucho \u00e9xito.<\/strong><\/p>\n<p>En cualquier caso, si se considera necesario otro tipo de psicoterapia, su efecto ser\u00e1 potenciado por el uso concurrente de la P.B.A., actuando con mayor rapidez. De ah\u00ed, el inter\u00e9s para los profesionales de incorporar tambi\u00e9n la PBA a su arsenal terap\u00e9utico.<\/p>\n<p class=\"grand\"><strong>En resumen:<\/strong><\/p>\n<p>[\/vc_column_text][\/vc_column][\/vc_row][vc_row][vc_column]<div class=\"smile_icon_list_wrap ult_info_list_container ult-adjust-bottom-margin  \"><ul class=\"smile_icon_list left square with_bg\"><li class=\"icon_list_item\" style=\" font-size:72px;\"><div class=\"icon_list_icon\" data-animation=\"\" data-animation-delay=\"03\" style=\"font-size:24px;border-width:1px;border-style:none;background:#ffffff;color:#333333;border-color:#333333;\"><i class=\"Defaults-arrow-right\" ><\/i><\/div><div class=\"icon_description\" id=\"Info-list-wrap-5881\" style=\"font-size:24px;\"><div class=\"icon_description_text ult-responsive\"  data-ultimate-target='#Info-list-wrap-5881 .icon_description_text'  data-responsive-json-new='{\"font-size\":\"desktop:13px;\",\"line-height\":\"desktop:18px;\"}'  style=\"\"><p><strong>La P.B.A. es una t\u00e9cnica que le permite a uno manejar sus propias emociones directamente; es un m\u00e9todo dirigido a todos, que puede contribuir a adoptar un nuevo estilo de vida<\/strong>; constituye la materia de los cursos del primer nivel y del primer manual publicado por la editorial Tr\u00e9daniel (<em>\u2018\u00a15 puntos, y punto!\u2019<\/em>) as\u00ed como el manual consagrado a los beb\u00e9s (<em>\u20185 puntos para mi beb\u00e9\u2019<\/em>).<\/p>\n<\/div><\/div><div class=\"icon_list_connector\"  style=\"border-right-width: 1px;border-right-style: dashed;border-color: #333333;\"><\/div><\/li><li class=\"icon_list_item\" style=\" font-size:72px;\"><div class=\"icon_list_icon\" data-animation=\"\" data-animation-delay=\"03\" style=\"font-size:24px;border-width:1px;border-style:none;background:#ffffff;color:#333333;border-color:#333333;\"><i class=\"Defaults-arrow-right\" ><\/i><\/div><div class=\"icon_description\" id=\"Info-list-wrap-5131\" style=\"font-size:24px;\"><div class=\"icon_description_text ult-responsive\"  data-ultimate-target='#Info-list-wrap-5131 .icon_description_text'  data-responsive-json-new='{\"font-size\":\"desktop:13px;\",\"line-height\":\"desktop:18px;\"}'  style=\"\"><p><strong>Pero se trata tambi\u00e9n de una t\u00e9cnica que permite, cuando es practicada por practicantes debidamente formados para su utilizaci\u00f3n, (cursos 2 a 4), la eliminaci\u00f3n de los bloqueos emocionales (energ\u00e9ticos) heredados del pasado, ayudando por consiguiente a sentirse en armon\u00eda con uno mismo y a acabar con los fracasos reiterados.<\/strong> Este segundo aspecto, es, desde luego, innovador, como hemos dicho, ya que no requiere de ning\u00fan esfuerzo por parte del paciente, no supone ning\u00fan regreso doloroso al pasado<em>\u00a0(dado que no se le pide revivir o investigar indefinidamente las causas de los acontecimientos que le han trastornado).<\/em>\u00a0El libro \u2018L\u00edbrate de tus bloqueos\u2019 aclara este segundo aspecto.<\/p>\n<\/div><\/div><div class=\"icon_list_connector\"  style=\"border-right-width: 1px;border-right-style: dashed;border-color: #333333;\"><\/div><\/li><\/ul><\/div>[\/vc_column][\/vc_row]<\/p>\n<\/div>","protected":false},"excerpt":{"rendered":"<p>[vc_row][vc_column][vc_column_text] En primera instancia por lo tanto, la P.B.A. puede ser utilizada por cualquier, ni\u00f1o o adulto, para gestionar, de manera instant\u00e1nea, todas las emociones de la vida cotidiana. (De hecho, la Federaci\u00f3n francesa de P.B.A. est\u00e1 desarrollando pr\u00e1cticas dirigidas a adolescentes en periodo de ex\u00e1menes o a padres j\u00f3venes que deseen lidiar mejor con&hellip;<\/p>\n","protected":false},"author":1,"featured_media":0,"parent":1057,"menu_order":0,"comment_status":"closed","ping_status":"closed","template":"","meta":{"_cbd_carousel_blocks":"[]","footnotes":""},"class_list":["post-466","page","type-page","status-publish","hentry","description-off"],"yoast_head":"<!-- This site is optimized with the Yoast SEO plugin v27.5 - https:\/\/yoast.com\/product\/yoast-seo-wordpress\/ -->\n<title>Uso de la P.B.A. - La PBA<\/title>\n<meta name=\"robots\" content=\"index, follow, max-snippet:-1, max-image-preview:large, max-video-preview:-1\" \/>\n<link rel=\"canonical\" href=\"https:\/\/www.psycho-bio-acupressure.com\/es\/pba\/uso-de-la-p-b-a\/\" \/>\n<meta property=\"og:locale\" content=\"es_ES\" \/>\n<meta property=\"og:type\" content=\"article\" \/>\n<meta property=\"og:title\" content=\"Uso de la P.B.A. - La PBA\" \/>\n<meta property=\"og:description\" content=\"[vc_row][vc_column][vc_column_text] En primera instancia por lo tanto, la P.B.A. puede ser utilizada por cualquier, ni\u00f1o o adulto, para gestionar, de manera instant\u00e1nea, todas las emociones de la vida cotidiana. (De hecho, la Federaci\u00f3n francesa de P.B.A. est\u00e1 desarrollando pr\u00e1cticas dirigidas a adolescentes en periodo de ex\u00e1menes o a padres j\u00f3venes que deseen lidiar mejor con&hellip;\" \/>\n<meta property=\"og:url\" content=\"https:\/\/www.psycho-bio-acupressure.com\/es\/pba\/uso-de-la-p-b-a\/\" \/>\n<meta property=\"og:site_name\" content=\"La PBA\" \/>\n<meta property=\"article:publisher\" content=\"https:\/\/www.facebook.com\/InstitutDelatteDePsychoBioAcupressure\" \/>\n<meta name=\"twitter:card\" content=\"summary_large_image\" \/>\n<meta name=\"twitter:label1\" content=\"Tiempo de lectura\" \/>\n\t<meta name=\"twitter:data1\" content=\"6 minutos\" \/>\n<script type=\"application\/ld+json\" class=\"yoast-schema-graph\">{\"@context\":\"https:\\\/\\\/schema.org\",\"@graph\":[{\"@type\":\"WebPage\",\"@id\":\"https:\\\/\\\/www.psycho-bio-acupressure.com\\\/es\\\/pba\\\/uso-de-la-p-b-a\\\/\",\"url\":\"https:\\\/\\\/www.psycho-bio-acupressure.com\\\/es\\\/pba\\\/uso-de-la-p-b-a\\\/\",\"name\":\"Uso de la P.B.A. - La PBA\",\"isPartOf\":{\"@id\":\"https:\\\/\\\/www.psycho-bio-acupressure.com\\\/es\\\/#website\"},\"datePublished\":\"2018-06-18T14:22:10+00:00\",\"breadcrumb\":{\"@id\":\"https:\\\/\\\/www.psycho-bio-acupressure.com\\\/es\\\/pba\\\/uso-de-la-p-b-a\\\/#breadcrumb\"},\"inLanguage\":\"es\",\"potentialAction\":[{\"@type\":\"ReadAction\",\"target\":[\"https:\\\/\\\/www.psycho-bio-acupressure.com\\\/es\\\/pba\\\/uso-de-la-p-b-a\\\/\"]}]},{\"@type\":\"BreadcrumbList\",\"@id\":\"https:\\\/\\\/www.psycho-bio-acupressure.com\\\/es\\\/pba\\\/uso-de-la-p-b-a\\\/#breadcrumb\",\"itemListElement\":[{\"@type\":\"ListItem\",\"position\":1,\"name\":\"Accueil\",\"item\":\"https:\\\/\\\/www.psycho-bio-acupressure.com\\\/es\\\/\"},{\"@type\":\"ListItem\",\"position\":2,\"name\":\"PBA\",\"item\":\"https:\\\/\\\/www.psycho-bio-acupressure.com\\\/es\\\/pba\\\/\"},{\"@type\":\"ListItem\",\"position\":3,\"name\":\"Uso de la P.B.A.\"}]},{\"@type\":\"WebSite\",\"@id\":\"https:\\\/\\\/www.psycho-bio-acupressure.com\\\/es\\\/#website\",\"url\":\"https:\\\/\\\/www.psycho-bio-acupressure.com\\\/es\\\/\",\"name\":\"La PBA\",\"description\":\"Institut DELATTE de Psycho-Bio-Acupressure\",\"publisher\":{\"@id\":\"https:\\\/\\\/www.psycho-bio-acupressure.com\\\/es\\\/#organization\"},\"potentialAction\":[{\"@type\":\"SearchAction\",\"target\":{\"@type\":\"EntryPoint\",\"urlTemplate\":\"https:\\\/\\\/www.psycho-bio-acupressure.com\\\/es\\\/?s={search_term_string}\"},\"query-input\":{\"@type\":\"PropertyValueSpecification\",\"valueRequired\":true,\"valueName\":\"search_term_string\"}}],\"inLanguage\":\"es\"},{\"@type\":\"Organization\",\"@id\":\"https:\\\/\\\/www.psycho-bio-acupressure.com\\\/es\\\/#organization\",\"name\":\"Institut Delatte de la Psycho-Bio-Acupressure\",\"url\":\"https:\\\/\\\/www.psycho-bio-acupressure.com\\\/es\\\/\",\"logo\":{\"@type\":\"ImageObject\",\"inLanguage\":\"es\",\"@id\":\"https:\\\/\\\/www.psycho-bio-acupressure.com\\\/es\\\/#\\\/schema\\\/logo\\\/image\\\/\",\"url\":\"https:\\\/\\\/www.psycho-bio-acupressure.com\\\/wp-content\\\/uploads\\\/2019\\\/04\\\/pba-logo.png\",\"contentUrl\":\"https:\\\/\\\/www.psycho-bio-acupressure.com\\\/wp-content\\\/uploads\\\/2019\\\/04\\\/pba-logo.png\",\"width\":1553,\"height\":1553,\"caption\":\"Institut Delatte de la Psycho-Bio-Acupressure\"},\"image\":{\"@id\":\"https:\\\/\\\/www.psycho-bio-acupressure.com\\\/es\\\/#\\\/schema\\\/logo\\\/image\\\/\"},\"sameAs\":[\"https:\\\/\\\/www.facebook.com\\\/InstitutDelatteDePsychoBioAcupressure\",\"https:\\\/\\\/www.instagram.com\\\/institutdocteurdelatteofficiel\\\/\"]}]}<\/script>\n<!-- \/ Yoast SEO plugin. -->","yoast_head_json":{"title":"Uso de la P.B.A. - La PBA","robots":{"index":"index","follow":"follow","max-snippet":"max-snippet:-1","max-image-preview":"max-image-preview:large","max-video-preview":"max-video-preview:-1"},"canonical":"https:\/\/www.psycho-bio-acupressure.com\/es\/pba\/uso-de-la-p-b-a\/","og_locale":"es_ES","og_type":"article","og_title":"Uso de la P.B.A. - La PBA","og_description":"[vc_row][vc_column][vc_column_text] En primera instancia por lo tanto, la P.B.A. puede ser utilizada por cualquier, ni\u00f1o o adulto, para gestionar, de manera instant\u00e1nea, todas las emociones de la vida cotidiana. (De hecho, la Federaci\u00f3n francesa de P.B.A. est\u00e1 desarrollando pr\u00e1cticas dirigidas a adolescentes en periodo de ex\u00e1menes o a padres j\u00f3venes que deseen lidiar mejor con&hellip;","og_url":"https:\/\/www.psycho-bio-acupressure.com\/es\/pba\/uso-de-la-p-b-a\/","og_site_name":"La PBA","article_publisher":"https:\/\/www.facebook.com\/InstitutDelatteDePsychoBioAcupressure","twitter_card":"summary_large_image","twitter_misc":{"Tiempo de lectura":"6 minutos"},"schema":{"@context":"https:\/\/schema.org","@graph":[{"@type":"WebPage","@id":"https:\/\/www.psycho-bio-acupressure.com\/es\/pba\/uso-de-la-p-b-a\/","url":"https:\/\/www.psycho-bio-acupressure.com\/es\/pba\/uso-de-la-p-b-a\/","name":"Uso de la P.B.A. - La PBA","isPartOf":{"@id":"https:\/\/www.psycho-bio-acupressure.com\/es\/#website"},"datePublished":"2018-06-18T14:22:10+00:00","breadcrumb":{"@id":"https:\/\/www.psycho-bio-acupressure.com\/es\/pba\/uso-de-la-p-b-a\/#breadcrumb"},"inLanguage":"es","potentialAction":[{"@type":"ReadAction","target":["https:\/\/www.psycho-bio-acupressure.com\/es\/pba\/uso-de-la-p-b-a\/"]}]},{"@type":"BreadcrumbList","@id":"https:\/\/www.psycho-bio-acupressure.com\/es\/pba\/uso-de-la-p-b-a\/#breadcrumb","itemListElement":[{"@type":"ListItem","position":1,"name":"Accueil","item":"https:\/\/www.psycho-bio-acupressure.com\/es\/"},{"@type":"ListItem","position":2,"name":"PBA","item":"https:\/\/www.psycho-bio-acupressure.com\/es\/pba\/"},{"@type":"ListItem","position":3,"name":"Uso de la P.B.A."}]},{"@type":"WebSite","@id":"https:\/\/www.psycho-bio-acupressure.com\/es\/#website","url":"https:\/\/www.psycho-bio-acupressure.com\/es\/","name":"La PBA","description":"Institut DELATTE de Psycho-Bio-Acupressure","publisher":{"@id":"https:\/\/www.psycho-bio-acupressure.com\/es\/#organization"},"potentialAction":[{"@type":"SearchAction","target":{"@type":"EntryPoint","urlTemplate":"https:\/\/www.psycho-bio-acupressure.com\/es\/?s={search_term_string}"},"query-input":{"@type":"PropertyValueSpecification","valueRequired":true,"valueName":"search_term_string"}}],"inLanguage":"es"},{"@type":"Organization","@id":"https:\/\/www.psycho-bio-acupressure.com\/es\/#organization","name":"Institut Delatte de la Psycho-Bio-Acupressure","url":"https:\/\/www.psycho-bio-acupressure.com\/es\/","logo":{"@type":"ImageObject","inLanguage":"es","@id":"https:\/\/www.psycho-bio-acupressure.com\/es\/#\/schema\/logo\/image\/","url":"https:\/\/www.psycho-bio-acupressure.com\/wp-content\/uploads\/2019\/04\/pba-logo.png","contentUrl":"https:\/\/www.psycho-bio-acupressure.com\/wp-content\/uploads\/2019\/04\/pba-logo.png","width":1553,"height":1553,"caption":"Institut Delatte de la Psycho-Bio-Acupressure"},"image":{"@id":"https:\/\/www.psycho-bio-acupressure.com\/es\/#\/schema\/logo\/image\/"},"sameAs":["https:\/\/www.facebook.com\/InstitutDelatteDePsychoBioAcupressure","https:\/\/www.instagram.com\/institutdocteurdelatteofficiel\/"]}]}},"_links":{"self":[{"href":"https:\/\/www.psycho-bio-acupressure.com\/es\/wp-json\/wp\/v2\/pages\/466","targetHints":{"allow":["GET"]}}],"collection":[{"href":"https:\/\/www.psycho-bio-acupressure.com\/es\/wp-json\/wp\/v2\/pages"}],"about":[{"href":"https:\/\/www.psycho-bio-acupressure.com\/es\/wp-json\/wp\/v2\/types\/page"}],"author":[{"embeddable":true,"href":"https:\/\/www.psycho-bio-acupressure.com\/es\/wp-json\/wp\/v2\/users\/1"}],"replies":[{"embeddable":true,"href":"https:\/\/www.psycho-bio-acupressure.com\/es\/wp-json\/wp\/v2\/comments?post=466"}],"version-history":[{"count":1,"href":"https:\/\/www.psycho-bio-acupressure.com\/es\/wp-json\/wp\/v2\/pages\/466\/revisions"}],"predecessor-version":[{"id":467,"href":"https:\/\/www.psycho-bio-acupressure.com\/es\/wp-json\/wp\/v2\/pages\/466\/revisions\/467"}],"up":[{"embeddable":true,"href":"https:\/\/www.psycho-bio-acupressure.com\/es\/wp-json\/wp\/v2\/pages\/1057"}],"wp:attachment":[{"href":"https:\/\/www.psycho-bio-acupressure.com\/es\/wp-json\/wp\/v2\/media?parent=466"}],"curies":[{"name":"wp","href":"https:\/\/api.w.org\/{rel}","templated":true}]}}