{"id":468,"date":"2018-06-18T17:36:09","date_gmt":"2018-06-18T15:36:09","guid":{"rendered":"https:\/\/www.psycho-bio-acupressure.com\/?page_id=468"},"modified":"2018-06-18T17:36:09","modified_gmt":"2018-06-18T15:36:09","slug":"radio-p-b-a","status":"publish","type":"page","link":"https:\/\/www.psycho-bio-acupressure.com\/es\/pba\/radio-p-b-a\/","title":{"rendered":"Radio P.B.A."},"content":{"rendered":"<div class=\"wpb-content-wrapper\"><p>[vc_row][vc_column][vc_column_text]Ici, vous avez la possibilit\u00e9 d&#8217;\u00e9couter Pierre-No\u00ebl DELATTE :[\/vc_column_text][\/vc_column][\/vc_row][vc_row][vc_column][vc_column_text]Pierre-No\u00ebl DELATTE en la Feria \u2018Vivez Nature\u2019, el 23 de octubre de 2010<\/p>\n<p>Pierre-No\u00ebl Delatte nos habla de los bloqueos emocionales<\/p>\n<p>Entrevista a Pierre-No\u00ebl Delatte sobre \u00ab 5 puntos para mi beb\u00e9 \u00bb en el blog de Editorial Guy TREDANIEL<\/p>\n<p>Pierre-No\u00ebl Delatte responde a las preguntas de Victoria, en el blog de Editorial Guy TREDANIEL<\/p>\n<p>Escuchen al Doctor Delatte hablar sobre la PBA en un programa de radio grabado en el a\u00f1o 2007<\/p>\n<p>\u00a1Que lo disfruten![\/vc_column_text][\/vc_column][\/vc_row]<\/p>\n<\/div>","protected":false},"excerpt":{"rendered":"<p>[vc_row][vc_column][vc_column_text]Ici, vous avez la possibilit\u00e9 d&#8217;\u00e9couter Pierre-No\u00ebl DELATTE :[\/vc_column_text][\/vc_column][\/vc_row][vc_row][vc_column][vc_column_text]Pierre-No\u00ebl DELATTE en la Feria \u2018Vivez Nature\u2019, el 23 de octubre de 2010 Pierre-No\u00ebl Delatte nos habla de los bloqueos emocionales Entrevista a Pierre-No\u00ebl Delatte sobre \u00ab 5 puntos para mi beb\u00e9 \u00bb en el blog de Editorial Guy TREDANIEL Pierre-No\u00ebl Delatte responde a las preguntas de&hellip;<\/p>\n","protected":false},"author":1,"featured_media":0,"parent":1057,"menu_order":0,"comment_status":"closed","ping_status":"closed","template":"","meta":{"_cbd_carousel_blocks":"[]","footnotes":""},"class_list":["post-468","page","type-page","status-publish","hentry","description-off"],"yoast_head":"<!-- This site is optimized with the Yoast SEO plugin v27.5 - https:\/\/yoast.com\/product\/yoast-seo-wordpress\/ -->\n<title>Radio P.B.A. - La PBA<\/title>\n<meta name=\"robots\" content=\"index, follow, max-snippet:-1, max-image-preview:large, max-video-preview:-1\" \/>\n<link rel=\"canonical\" href=\"https:\/\/www.psycho-bio-acupressure.com\/es\/pba\/radio-p-b-a\/\" \/>\n<meta property=\"og:locale\" content=\"es_ES\" \/>\n<meta property=\"og:type\" content=\"article\" \/>\n<meta property=\"og:title\" content=\"Radio P.B.A. - La PBA\" \/>\n<meta property=\"og:description\" content=\"[vc_row][vc_column][vc_column_text]Ici, vous avez la possibilit\u00e9 d&#8217;\u00e9couter Pierre-No\u00ebl DELATTE :[\/vc_column_text][\/vc_column][\/vc_row][vc_row][vc_column][vc_column_text]Pierre-No\u00ebl DELATTE en la Feria \u2018Vivez Nature\u2019, el 23 de octubre de 2010 Pierre-No\u00ebl Delatte nos habla de los bloqueos emocionales Entrevista a Pierre-No\u00ebl Delatte sobre \u00ab 5 puntos para mi beb\u00e9 \u00bb en el blog de Editorial Guy TREDANIEL Pierre-No\u00ebl Delatte responde a las preguntas de&hellip;\" \/>\n<meta property=\"og:url\" content=\"https:\/\/www.psycho-bio-acupressure.com\/es\/pba\/radio-p-b-a\/\" \/>\n<meta property=\"og:site_name\" content=\"La PBA\" \/>\n<meta property=\"article:publisher\" content=\"https:\/\/www.facebook.com\/InstitutDelatteDePsychoBioAcupressure\" \/>\n<meta name=\"twitter:card\" content=\"summary_large_image\" \/>\n<meta name=\"twitter:label1\" content=\"Tiempo de lectura\" \/>\n\t<meta name=\"twitter:data1\" content=\"1 minuto\" \/>\n<script type=\"application\/ld+json\" class=\"yoast-schema-graph\">{\"@context\":\"https:\\\/\\\/schema.org\",\"@graph\":[{\"@type\":\"WebPage\",\"@id\":\"https:\\\/\\\/www.psycho-bio-acupressure.com\\\/es\\\/pba\\\/radio-p-b-a\\\/\",\"url\":\"https:\\\/\\\/www.psycho-bio-acupressure.com\\\/es\\\/pba\\\/radio-p-b-a\\\/\",\"name\":\"Radio P.B.A. - La PBA\",\"isPartOf\":{\"@id\":\"https:\\\/\\\/www.psycho-bio-acupressure.com\\\/es\\\/#website\"},\"datePublished\":\"2018-06-18T15:36:09+00:00\",\"breadcrumb\":{\"@id\":\"https:\\\/\\\/www.psycho-bio-acupressure.com\\\/es\\\/pba\\\/radio-p-b-a\\\/#breadcrumb\"},\"inLanguage\":\"es\",\"potentialAction\":[{\"@type\":\"ReadAction\",\"target\":[\"https:\\\/\\\/www.psycho-bio-acupressure.com\\\/es\\\/pba\\\/radio-p-b-a\\\/\"]}]},{\"@type\":\"BreadcrumbList\",\"@id\":\"https:\\\/\\\/www.psycho-bio-acupressure.com\\\/es\\\/pba\\\/radio-p-b-a\\\/#breadcrumb\",\"itemListElement\":[{\"@type\":\"ListItem\",\"position\":1,\"name\":\"Accueil\",\"item\":\"https:\\\/\\\/www.psycho-bio-acupressure.com\\\/es\\\/\"},{\"@type\":\"ListItem\",\"position\":2,\"name\":\"PBA\",\"item\":\"https:\\\/\\\/www.psycho-bio-acupressure.com\\\/es\\\/pba\\\/\"},{\"@type\":\"ListItem\",\"position\":3,\"name\":\"Radio P.B.A.\"}]},{\"@type\":\"WebSite\",\"@id\":\"https:\\\/\\\/www.psycho-bio-acupressure.com\\\/es\\\/#website\",\"url\":\"https:\\\/\\\/www.psycho-bio-acupressure.com\\\/es\\\/\",\"name\":\"La PBA\",\"description\":\"Institut DELATTE de Psycho-Bio-Acupressure\",\"publisher\":{\"@id\":\"https:\\\/\\\/www.psycho-bio-acupressure.com\\\/es\\\/#organization\"},\"potentialAction\":[{\"@type\":\"SearchAction\",\"target\":{\"@type\":\"EntryPoint\",\"urlTemplate\":\"https:\\\/\\\/www.psycho-bio-acupressure.com\\\/es\\\/?s={search_term_string}\"},\"query-input\":{\"@type\":\"PropertyValueSpecification\",\"valueRequired\":true,\"valueName\":\"search_term_string\"}}],\"inLanguage\":\"es\"},{\"@type\":\"Organization\",\"@id\":\"https:\\\/\\\/www.psycho-bio-acupressure.com\\\/es\\\/#organization\",\"name\":\"Institut Delatte de la Psycho-Bio-Acupressure\",\"url\":\"https:\\\/\\\/www.psycho-bio-acupressure.com\\\/es\\\/\",\"logo\":{\"@type\":\"ImageObject\",\"inLanguage\":\"es\",\"@id\":\"https:\\\/\\\/www.psycho-bio-acupressure.com\\\/es\\\/#\\\/schema\\\/logo\\\/image\\\/\",\"url\":\"https:\\\/\\\/www.psycho-bio-acupressure.com\\\/wp-content\\\/uploads\\\/2019\\\/04\\\/pba-logo.png\",\"contentUrl\":\"https:\\\/\\\/www.psycho-bio-acupressure.com\\\/wp-content\\\/uploads\\\/2019\\\/04\\\/pba-logo.png\",\"width\":1553,\"height\":1553,\"caption\":\"Institut Delatte de la Psycho-Bio-Acupressure\"},\"image\":{\"@id\":\"https:\\\/\\\/www.psycho-bio-acupressure.com\\\/es\\\/#\\\/schema\\\/logo\\\/image\\\/\"},\"sameAs\":[\"https:\\\/\\\/www.facebook.com\\\/InstitutDelatteDePsychoBioAcupressure\",\"https:\\\/\\\/www.instagram.com\\\/institutdocteurdelatteofficiel\\\/\"]}]}<\/script>\n<!-- \/ Yoast SEO plugin. -->","yoast_head_json":{"title":"Radio P.B.A. - La PBA","robots":{"index":"index","follow":"follow","max-snippet":"max-snippet:-1","max-image-preview":"max-image-preview:large","max-video-preview":"max-video-preview:-1"},"canonical":"https:\/\/www.psycho-bio-acupressure.com\/es\/pba\/radio-p-b-a\/","og_locale":"es_ES","og_type":"article","og_title":"Radio P.B.A. - La PBA","og_description":"[vc_row][vc_column][vc_column_text]Ici, vous avez la possibilit\u00e9 d&#8217;\u00e9couter Pierre-No\u00ebl DELATTE :[\/vc_column_text][\/vc_column][\/vc_row][vc_row][vc_column][vc_column_text]Pierre-No\u00ebl DELATTE en la Feria \u2018Vivez Nature\u2019, el 23 de octubre de 2010 Pierre-No\u00ebl Delatte nos habla de los bloqueos emocionales Entrevista a Pierre-No\u00ebl Delatte sobre \u00ab 5 puntos para mi beb\u00e9 \u00bb en el blog de Editorial Guy TREDANIEL Pierre-No\u00ebl Delatte responde a las preguntas de&hellip;","og_url":"https:\/\/www.psycho-bio-acupressure.com\/es\/pba\/radio-p-b-a\/","og_site_name":"La PBA","article_publisher":"https:\/\/www.facebook.com\/InstitutDelatteDePsychoBioAcupressure","twitter_card":"summary_large_image","twitter_misc":{"Tiempo de lectura":"1 minuto"},"schema":{"@context":"https:\/\/schema.org","@graph":[{"@type":"WebPage","@id":"https:\/\/www.psycho-bio-acupressure.com\/es\/pba\/radio-p-b-a\/","url":"https:\/\/www.psycho-bio-acupressure.com\/es\/pba\/radio-p-b-a\/","name":"Radio P.B.A. - La PBA","isPartOf":{"@id":"https:\/\/www.psycho-bio-acupressure.com\/es\/#website"},"datePublished":"2018-06-18T15:36:09+00:00","breadcrumb":{"@id":"https:\/\/www.psycho-bio-acupressure.com\/es\/pba\/radio-p-b-a\/#breadcrumb"},"inLanguage":"es","potentialAction":[{"@type":"ReadAction","target":["https:\/\/www.psycho-bio-acupressure.com\/es\/pba\/radio-p-b-a\/"]}]},{"@type":"BreadcrumbList","@id":"https:\/\/www.psycho-bio-acupressure.com\/es\/pba\/radio-p-b-a\/#breadcrumb","itemListElement":[{"@type":"ListItem","position":1,"name":"Accueil","item":"https:\/\/www.psycho-bio-acupressure.com\/es\/"},{"@type":"ListItem","position":2,"name":"PBA","item":"https:\/\/www.psycho-bio-acupressure.com\/es\/pba\/"},{"@type":"ListItem","position":3,"name":"Radio P.B.A."}]},{"@type":"WebSite","@id":"https:\/\/www.psycho-bio-acupressure.com\/es\/#website","url":"https:\/\/www.psycho-bio-acupressure.com\/es\/","name":"La PBA","description":"Institut DELATTE de Psycho-Bio-Acupressure","publisher":{"@id":"https:\/\/www.psycho-bio-acupressure.com\/es\/#organization"},"potentialAction":[{"@type":"SearchAction","target":{"@type":"EntryPoint","urlTemplate":"https:\/\/www.psycho-bio-acupressure.com\/es\/?s={search_term_string}"},"query-input":{"@type":"PropertyValueSpecification","valueRequired":true,"valueName":"search_term_string"}}],"inLanguage":"es"},{"@type":"Organization","@id":"https:\/\/www.psycho-bio-acupressure.com\/es\/#organization","name":"Institut Delatte de la Psycho-Bio-Acupressure","url":"https:\/\/www.psycho-bio-acupressure.com\/es\/","logo":{"@type":"ImageObject","inLanguage":"es","@id":"https:\/\/www.psycho-bio-acupressure.com\/es\/#\/schema\/logo\/image\/","url":"https:\/\/www.psycho-bio-acupressure.com\/wp-content\/uploads\/2019\/04\/pba-logo.png","contentUrl":"https:\/\/www.psycho-bio-acupressure.com\/wp-content\/uploads\/2019\/04\/pba-logo.png","width":1553,"height":1553,"caption":"Institut Delatte de la Psycho-Bio-Acupressure"},"image":{"@id":"https:\/\/www.psycho-bio-acupressure.com\/es\/#\/schema\/logo\/image\/"},"sameAs":["https:\/\/www.facebook.com\/InstitutDelatteDePsychoBioAcupressure","https:\/\/www.instagram.com\/institutdocteurdelatteofficiel\/"]}]}},"_links":{"self":[{"href":"https:\/\/www.psycho-bio-acupressure.com\/es\/wp-json\/wp\/v2\/pages\/468","targetHints":{"allow":["GET"]}}],"collection":[{"href":"https:\/\/www.psycho-bio-acupressure.com\/es\/wp-json\/wp\/v2\/pages"}],"about":[{"href":"https:\/\/www.psycho-bio-acupressure.com\/es\/wp-json\/wp\/v2\/types\/page"}],"author":[{"embeddable":true,"href":"https:\/\/www.psycho-bio-acupressure.com\/es\/wp-json\/wp\/v2\/users\/1"}],"replies":[{"embeddable":true,"href":"https:\/\/www.psycho-bio-acupressure.com\/es\/wp-json\/wp\/v2\/comments?post=468"}],"version-history":[{"count":1,"href":"https:\/\/www.psycho-bio-acupressure.com\/es\/wp-json\/wp\/v2\/pages\/468\/revisions"}],"predecessor-version":[{"id":473,"href":"https:\/\/www.psycho-bio-acupressure.com\/es\/wp-json\/wp\/v2\/pages\/468\/revisions\/473"}],"up":[{"embeddable":true,"href":"https:\/\/www.psycho-bio-acupressure.com\/es\/wp-json\/wp\/v2\/pages\/1057"}],"wp:attachment":[{"href":"https:\/\/www.psycho-bio-acupressure.com\/es\/wp-json\/wp\/v2\/media?parent=468"}],"curies":[{"name":"wp","href":"https:\/\/api.w.org\/{rel}","templated":true}]}}