{"id":544,"date":"2018-05-23T11:10:36","date_gmt":"2018-05-23T09:10:36","guid":{"rendered":"https:\/\/www.psycho-bio-acupressure.com\/?page_id=544"},"modified":"2022-02-03T15:51:00","modified_gmt":"2022-02-03T14:51:00","slug":"page-d-exemple","status":"publish","type":"page","link":"https:\/\/www.psycho-bio-acupressure.com\/es\/","title":{"rendered":"Home"},"content":{"rendered":"<div class=\"wpb-content-wrapper\"><p>[vc_row][vc_column]\n\t\t\t<!-- START Slider 1 REVOLUTION SLIDER 6.7.38 --><p class=\"rs-p-wp-fix\"><\/p>\n\t\t\t<rs-module-wrap id=\"rev_slider_1_1_wrapper\" data-source=\"gallery\" style=\"visibility:hidden;background:transparent;padding:0;margin:0px auto;margin-top:0;margin-bottom:0;\">\n\t\t\t\t<rs-module id=\"rev_slider_1_1\" style=\"\" data-version=\"6.7.38\">\n\t\t\t\t\t<rs-slides style=\"overflow: hidden; position: absolute;\">\n\t\t\t\t\t\t<rs-slide style=\"position: absolute;\" data-key=\"rs-1\" data-title=\"Slide\" data-anim=\"ms:1000;r:0;\" data-in=\"o:0;\" data-out=\"a:false;\">\n\t\t\t\t\t\t\t<img decoding=\"async\" src=\"\/\/www.psycho-bio-acupressure.com\/wp-content\/plugins\/revslider\/sr6\/assets\/assets\/dummy.png\" alt=\"\" title=\"43e6f5fbf6d890305579f7b8f433a889\" width=\"450\" height=\"300\" class=\"rev-slidebg tp-rs-img rs-lazyload\" data-lazyload=\"\/\/www.psycho-bio-acupressure.com\/wp-content\/uploads\/2018\/08\/43e6f5fbf6d890305579f7b8f433a889.jpg\" data-bg=\"f:auto;\" data-no-retina>\n<!---->\t\t\t\t\t<\/rs-slide>\n\t\t\t\t\t\t<rs-slide style=\"position: absolute;\" data-key=\"rs-2\" data-title=\"Slide\" data-anim=\"ms:1000;r:0;\" data-in=\"o:0;\" data-out=\"a:false;\">\n\t\t\t\t\t\t\t<img decoding=\"async\" src=\"\/\/www.psycho-bio-acupressure.com\/wp-content\/plugins\/revslider\/sr6\/assets\/assets\/dummy.png\" alt=\"\" title=\"6b8e81700f4884456c5e8c5e442eb2db\" width=\"450\" height=\"300\" class=\"rev-slidebg tp-rs-img rs-lazyload\" data-lazyload=\"\/\/www.psycho-bio-acupressure.com\/wp-content\/uploads\/2018\/08\/6b8e81700f4884456c5e8c5e442eb2db.jpg\" data-bg=\"f:auto;\" data-no-retina>\n<!---->\t\t\t\t\t<\/rs-slide>\n\t\t\t\t\t\t<rs-slide style=\"position: absolute;\" data-key=\"rs-3\" data-title=\"Slide\" data-anim=\"ms:1000;r:0;\" data-in=\"o:0;\" data-out=\"a:false;\">\n\t\t\t\t\t\t\t<img decoding=\"async\" src=\"\/\/www.psycho-bio-acupressure.com\/wp-content\/plugins\/revslider\/sr6\/assets\/assets\/dummy.png\" alt=\"\" title=\"89f46b7b9ff2ffe4822624b019b2db9a\" width=\"450\" height=\"300\" class=\"rev-slidebg tp-rs-img rs-lazyload\" data-lazyload=\"\/\/www.psycho-bio-acupressure.com\/wp-content\/uploads\/2018\/08\/89f46b7b9ff2ffe4822624b019b2db9a.jpg\" data-bg=\"f:auto;\" data-no-retina>\n<!---->\t\t\t\t\t<\/rs-slide>\n\t\t\t\t\t\t<rs-slide style=\"position: absolute;\" data-key=\"rs-4\" data-title=\"Slide\" data-anim=\"ms:1000;r:0;\" data-in=\"o:0;\" data-out=\"a:false;\">\n\t\t\t\t\t\t\t<img decoding=\"async\" src=\"\/\/www.psycho-bio-acupressure.com\/wp-content\/plugins\/revslider\/sr6\/assets\/assets\/dummy.png\" alt=\"\" title=\"91dc9a6209d7c748c0f97f43837b3961\" width=\"450\" height=\"300\" class=\"rev-slidebg tp-rs-img rs-lazyload\" data-lazyload=\"\/\/www.psycho-bio-acupressure.com\/wp-content\/uploads\/2018\/08\/91dc9a6209d7c748c0f97f43837b3961.jpg\" data-bg=\"f:auto;\" data-no-retina>\n<!---->\t\t\t\t\t<\/rs-slide>\n\t\t\t\t\t\t<rs-slide style=\"position: absolute;\" data-key=\"rs-5\" data-title=\"Slide\" data-anim=\"ms:1000;r:0;\" data-in=\"o:0;\" data-out=\"a:false;\">\n\t\t\t\t\t\t\t<img decoding=\"async\" src=\"\/\/www.psycho-bio-acupressure.com\/wp-content\/plugins\/revslider\/sr6\/assets\/assets\/dummy.png\" alt=\"\" title=\"719a75d7844242f71a939ccab21ddc7c\" width=\"300\" height=\"450\" class=\"rev-slidebg tp-rs-img rs-lazyload\" data-lazyload=\"\/\/www.psycho-bio-acupressure.com\/wp-content\/uploads\/2018\/08\/719a75d7844242f71a939ccab21ddc7c.jpg\" data-bg=\"f:auto;\" data-no-retina>\n<!---->\t\t\t\t\t<\/rs-slide>\n\t\t\t\t\t\t<rs-slide style=\"position: absolute;\" data-key=\"rs-6\" data-title=\"Slide\" data-anim=\"ms:1000;r:0;\" data-in=\"o:0;\" data-out=\"a:false;\">\n\t\t\t\t\t\t\t<img decoding=\"async\" src=\"\/\/www.psycho-bio-acupressure.com\/wp-content\/plugins\/revslider\/sr6\/assets\/assets\/dummy.png\" alt=\"\" title=\"3304faec7e29ffc1f791c676295f4013\" width=\"300\" height=\"450\" class=\"rev-slidebg tp-rs-img rs-lazyload\" data-lazyload=\"\/\/www.psycho-bio-acupressure.com\/wp-content\/uploads\/2018\/08\/3304faec7e29ffc1f791c676295f4013.jpg\" data-bg=\"f:auto;\" data-no-retina>\n<!---->\t\t\t\t\t<\/rs-slide>\n\t\t\t\t\t\t<rs-slide style=\"position: absolute;\" data-key=\"rs-7\" data-title=\"Slide\" data-anim=\"ms:1000;r:0;\" data-in=\"o:0;\" data-out=\"a:false;\">\n\t\t\t\t\t\t\t<img decoding=\"async\" src=\"\/\/www.psycho-bio-acupressure.com\/wp-content\/plugins\/revslider\/sr6\/assets\/assets\/dummy.png\" alt=\"\" title=\"61064ee97a25fd47a598a60e2bcfa480\" width=\"450\" height=\"300\" class=\"rev-slidebg tp-rs-img rs-lazyload\" data-lazyload=\"\/\/www.psycho-bio-acupressure.com\/wp-content\/uploads\/2018\/08\/61064ee97a25fd47a598a60e2bcfa480.jpg\" data-bg=\"f:auto;\" data-no-retina>\n<!---->\t\t\t\t\t<\/rs-slide>\n\t\t\t\t\t\t<rs-slide style=\"position: absolute;\" data-key=\"rs-8\" data-title=\"Slide\" data-anim=\"ms:1000;r:0;\" data-in=\"o:0;\" data-out=\"a:false;\">\n\t\t\t\t\t\t\t<img decoding=\"async\" src=\"\/\/www.psycho-bio-acupressure.com\/wp-content\/plugins\/revslider\/sr6\/assets\/assets\/dummy.png\" alt=\"\" title=\"a7e66c8d8bab2173f844381a1ddaaafb\" width=\"450\" height=\"300\" class=\"rev-slidebg tp-rs-img rs-lazyload\" data-lazyload=\"\/\/www.psycho-bio-acupressure.com\/wp-content\/uploads\/2018\/08\/a7e66c8d8bab2173f844381a1ddaaafb.jpg\" data-bg=\"f:auto;\" data-no-retina>\n<!---->\t\t\t\t\t<\/rs-slide>\n\t\t\t\t\t\t<rs-slide style=\"position: absolute;\" data-key=\"rs-9\" data-title=\"Slide\" data-anim=\"ms:1000;r:0;\" data-in=\"o:0;\" data-out=\"a:false;\">\n\t\t\t\t\t\t\t<img decoding=\"async\" src=\"\/\/www.psycho-bio-acupressure.com\/wp-content\/plugins\/revslider\/sr6\/assets\/assets\/dummy.png\" alt=\"\" title=\"e76e601cd71d2f60038666747273a563\" width=\"450\" height=\"310\" class=\"rev-slidebg tp-rs-img rs-lazyload\" data-lazyload=\"\/\/www.psycho-bio-acupressure.com\/wp-content\/uploads\/2018\/08\/e76e601cd71d2f60038666747273a563.jpg\" data-bg=\"f:auto;\" data-no-retina>\n<!---->\t\t\t\t\t<\/rs-slide>\n\t\t\t\t\t\t<rs-slide style=\"position: absolute;\" data-key=\"rs-10\" data-title=\"Slide\" data-anim=\"ms:1000;r:0;\" data-in=\"o:0;\" data-out=\"a:false;\">\n\t\t\t\t\t\t\t<img decoding=\"async\" src=\"\/\/www.psycho-bio-acupressure.com\/wp-content\/plugins\/revslider\/sr6\/assets\/assets\/dummy.png\" alt=\"\" title=\"fd23eeb56b0f1c3d08816f6b1a0e1efa\" width=\"450\" height=\"300\" class=\"rev-slidebg tp-rs-img rs-lazyload\" data-lazyload=\"\/\/www.psycho-bio-acupressure.com\/wp-content\/uploads\/2018\/08\/fd23eeb56b0f1c3d08816f6b1a0e1efa.jpg\" data-bg=\"f:auto;\" data-no-retina>\n<!---->\t\t\t\t\t<\/rs-slide>\n\t\t\t\t\t<\/rs-slides>\n\t\t\t\t<\/rs-module>\n\t\t\t\t<script>\n\t\t\t\t\tsetREVStartSize({c: 'rev_slider_1_1',rl:[1240,1024,778,480],el:[400],gw:[1240],gh:[400],type:'standard',justify:'',layout:'fullwidth',mh:\"0\"});if (window.RS_MODULES!==undefined && window.RS_MODULES.modules!==undefined && window.RS_MODULES.modules[\"revslider11\"]!==undefined) {window.RS_MODULES.modules[\"revslider11\"].once = false;window.revapi1 = undefined;if (window.RS_MODULES.checkMinimal!==undefined) window.RS_MODULES.checkMinimal()}\n\t\t\t\t<\/script>\n\t\t\t<\/rs-module-wrap>\n\t\t\t<!-- END REVOLUTION SLIDER -->\n[vc_column_text]<\/p>\n<blockquote>\n<blockquote><p>\u00ab La PBA es un m\u00e9todo que permite gestionar los trastornos emocionales y liberarse de bloqueos emocionales (energ\u00e9ticos). Es un m\u00e9todo no invasivo muy efectivo que ayuda a muchas personas. Con el objetivo de que el mayor n\u00famero de personas se beneficiara de este m\u00e9todo, su creador, el Dr. Delatte desarroll\u00f3 una formaci\u00f3n rigurosa y ambiciosa compuesta por 5 niveles y estaba resuelto a que el m\u00e9todo se cumpliera y fuera y utilizado tal y como se imparte en el Instituto Delatte PBA.<br \/>\nEsta es la raz\u00f3n por la que el Dr. Delatte quer\u00eda capacitar a profesionales de excelencia, mediante una formaci\u00f3n que contempla el paso de 3 ex\u00e1menes de alto nivel hasta la obtenci\u00f3n del diploma y con un lapso de tiempo no superior a un a\u00f1o entre el nivel 4 y el nivel 5. Ese es tambi\u00e9n el motivo por el que cada practicante debe seguir un curso de reciclaje (actualizaci\u00f3n) obligatorio una vez al a\u00f1o.<br \/>\nEste nivel de exigencia en particular garantiza la seriedad y las aptitudes de dichos practicantes respecto a los clientes interesados en aprovechar los beneficios de una sesi\u00f3n de PBA. Por ello, s\u00f3lo los practicantes listados en el directorio de profesionales est\u00e1n autorizados por el Instituto. Asimismo, cualquier persona, estudiante en pr\u00e1cticas o profesional que no entre en esta categor\u00eda no podr\u00e1 ser considerado como habilitado para el ejercicio y realizaci\u00f3n de terapias.<br \/>\nTodo contraventor se expone a acciones judiciales destinadas a salvaguardar el m\u00e9todo y proteger a la profesi\u00f3n y a todos y cada uno de los consultores en PBA. Con el mismo af\u00e1n, la familia Delatte define la ense\u00f1anza en la portada de su sitio Internet: \u00abel Instituto Delatte PBA es el \u00fanico habilitado para promover y garantizar los principios de la PBA y para tratar o capacitar a personas conforme a estos principios. Los formadores que pretenden ofrecer formaciones en PBA, tras haberse capacitado a trav\u00e9s del Instituto PBA, mas cuyos nombres no figuran en el sitio oficial del Instituto no tienen ni autoridad, ni capacidad para realizar pr\u00e1cticas y no cuentan con la aprobaci\u00f3n del Instituto PBA.<br \/>\nEn consecuencia, les invitamos a que ejercen la mayor cautela, para as\u00ed proteger aquellas personas interesadas en iniciarse en esta t\u00e9cnica y garantizar la legitimidad del m\u00e9todo PBA dise\u00f1ado por el Doctor Pierre No\u00ebl Delatte.<br \/>\nContamos con que est\u00e9n atentos y les agradecemos de antemano. \u00bb<\/p><\/blockquote>\n<p>Brigitte Delatte e hijos<\/p><\/blockquote>\n<p>[\/vc_column_text][\/vc_column][\/vc_row]<\/p>\n<\/div>","protected":false},"excerpt":{"rendered":"<p>[vc_row][vc_column][vc_column_text] \u00ab La PBA es un m\u00e9todo que permite gestionar los trastornos emocionales y liberarse de bloqueos emocionales (energ\u00e9ticos). Es un m\u00e9todo no invasivo muy efectivo que ayuda a muchas personas. Con el objetivo de que el mayor n\u00famero de personas se beneficiara de este m\u00e9todo, su creador, el Dr. Delatte desarroll\u00f3 una formaci\u00f3n rigurosa&hellip;<\/p>\n","protected":false},"author":1,"featured_media":0,"parent":0,"menu_order":0,"comment_status":"closed","ping_status":"open","template":"","meta":{"_cbd_carousel_blocks":"[]","footnotes":""},"class_list":["post-544","page","type-page","status-publish","hentry","description-off"],"yoast_head":"<!-- This site is optimized with the Yoast SEO plugin v27.4 - https:\/\/yoast.com\/product\/yoast-seo-wordpress\/ -->\n<title>Home - La PBA<\/title>\n<meta name=\"description\" content=\"La Psycho Bio Acupressure, la PBA, la m\u00e9thode cr\u00e9\u00e9 par le Dr Delatte, visant \u00e0 g\u00e9rer les \u00e9tats \u00e9motionnels perturbants et lib\u00e9rer les blocages \u00e9motionnels\" \/>\n<meta name=\"robots\" content=\"index, follow, max-snippet:-1, max-image-preview:large, max-video-preview:-1\" \/>\n<link rel=\"canonical\" href=\"https:\/\/www.psycho-bio-acupressure.com\/es\/\" \/>\n<meta property=\"og:locale\" content=\"es_ES\" \/>\n<meta property=\"og:type\" content=\"article\" \/>\n<meta property=\"og:title\" content=\"Home - La PBA\" \/>\n<meta property=\"og:description\" content=\"La Psycho Bio Acupressure, la PBA, la m\u00e9thode cr\u00e9\u00e9 par le Dr Delatte, visant \u00e0 g\u00e9rer les \u00e9tats \u00e9motionnels perturbants et lib\u00e9rer les blocages \u00e9motionnels\" \/>\n<meta property=\"og:url\" content=\"https:\/\/www.psycho-bio-acupressure.com\/es\/\" \/>\n<meta property=\"og:site_name\" content=\"La PBA\" \/>\n<meta property=\"article:publisher\" content=\"https:\/\/www.facebook.com\/InstitutDelatteDePsychoBioAcupressure\" \/>\n<meta property=\"article:modified_time\" content=\"2022-02-03T14:51:00+00:00\" \/>\n<meta name=\"twitter:card\" content=\"summary_large_image\" \/>\n<meta name=\"twitter:label1\" content=\"Tiempo de lectura\" \/>\n\t<meta name=\"twitter:data1\" content=\"3 minutos\" \/>\n<script type=\"application\/ld+json\" class=\"yoast-schema-graph\">{\"@context\":\"https:\\\/\\\/schema.org\",\"@graph\":[{\"@type\":\"WebPage\",\"@id\":\"https:\\\/\\\/www.psycho-bio-acupressure.com\\\/es\\\/\",\"url\":\"https:\\\/\\\/www.psycho-bio-acupressure.com\\\/es\\\/\",\"name\":\"Home - La PBA\",\"isPartOf\":{\"@id\":\"https:\\\/\\\/www.psycho-bio-acupressure.com\\\/es\\\/#website\"},\"datePublished\":\"2018-05-23T09:10:36+00:00\",\"dateModified\":\"2022-02-03T14:51:00+00:00\",\"description\":\"La Psycho Bio Acupressure, la PBA, la m\u00e9thode cr\u00e9\u00e9 par le Dr Delatte, visant \u00e0 g\u00e9rer les \u00e9tats \u00e9motionnels perturbants et lib\u00e9rer les blocages \u00e9motionnels\",\"breadcrumb\":{\"@id\":\"https:\\\/\\\/www.psycho-bio-acupressure.com\\\/es\\\/#breadcrumb\"},\"inLanguage\":\"es\",\"potentialAction\":[{\"@type\":\"ReadAction\",\"target\":[\"https:\\\/\\\/www.psycho-bio-acupressure.com\\\/es\\\/\"]}]},{\"@type\":\"BreadcrumbList\",\"@id\":\"https:\\\/\\\/www.psycho-bio-acupressure.com\\\/es\\\/#breadcrumb\",\"itemListElement\":[{\"@type\":\"ListItem\",\"position\":1,\"name\":\"Accueil\",\"item\":\"https:\\\/\\\/www.psycho-bio-acupressure.com\\\/es\\\/\"},{\"@type\":\"ListItem\",\"position\":2,\"name\":\"Home\"}]},{\"@type\":\"WebSite\",\"@id\":\"https:\\\/\\\/www.psycho-bio-acupressure.com\\\/es\\\/#website\",\"url\":\"https:\\\/\\\/www.psycho-bio-acupressure.com\\\/es\\\/\",\"name\":\"La PBA\",\"description\":\"Institut DELATTE de Psycho-Bio-Acupressure\",\"publisher\":{\"@id\":\"https:\\\/\\\/www.psycho-bio-acupressure.com\\\/es\\\/#organization\"},\"potentialAction\":[{\"@type\":\"SearchAction\",\"target\":{\"@type\":\"EntryPoint\",\"urlTemplate\":\"https:\\\/\\\/www.psycho-bio-acupressure.com\\\/es\\\/?s={search_term_string}\"},\"query-input\":{\"@type\":\"PropertyValueSpecification\",\"valueRequired\":true,\"valueName\":\"search_term_string\"}}],\"inLanguage\":\"es\"},{\"@type\":\"Organization\",\"@id\":\"https:\\\/\\\/www.psycho-bio-acupressure.com\\\/es\\\/#organization\",\"name\":\"Institut Delatte de la Psycho-Bio-Acupressure\",\"url\":\"https:\\\/\\\/www.psycho-bio-acupressure.com\\\/es\\\/\",\"logo\":{\"@type\":\"ImageObject\",\"inLanguage\":\"es\",\"@id\":\"https:\\\/\\\/www.psycho-bio-acupressure.com\\\/es\\\/#\\\/schema\\\/logo\\\/image\\\/\",\"url\":\"https:\\\/\\\/www.psycho-bio-acupressure.com\\\/wp-content\\\/uploads\\\/2019\\\/04\\\/pba-logo.png\",\"contentUrl\":\"https:\\\/\\\/www.psycho-bio-acupressure.com\\\/wp-content\\\/uploads\\\/2019\\\/04\\\/pba-logo.png\",\"width\":1553,\"height\":1553,\"caption\":\"Institut Delatte de la Psycho-Bio-Acupressure\"},\"image\":{\"@id\":\"https:\\\/\\\/www.psycho-bio-acupressure.com\\\/es\\\/#\\\/schema\\\/logo\\\/image\\\/\"},\"sameAs\":[\"https:\\\/\\\/www.facebook.com\\\/InstitutDelatteDePsychoBioAcupressure\",\"https:\\\/\\\/www.instagram.com\\\/institutdocteurdelatteofficiel\\\/\"]}]}<\/script>\n<!-- \/ Yoast SEO plugin. -->","yoast_head_json":{"title":"Home - La PBA","description":"La Psycho Bio Acupressure, la PBA, la m\u00e9thode cr\u00e9\u00e9 par le Dr Delatte, visant \u00e0 g\u00e9rer les \u00e9tats \u00e9motionnels perturbants et lib\u00e9rer les blocages \u00e9motionnels","robots":{"index":"index","follow":"follow","max-snippet":"max-snippet:-1","max-image-preview":"max-image-preview:large","max-video-preview":"max-video-preview:-1"},"canonical":"https:\/\/www.psycho-bio-acupressure.com\/es\/","og_locale":"es_ES","og_type":"article","og_title":"Home - La PBA","og_description":"La Psycho Bio Acupressure, la PBA, la m\u00e9thode cr\u00e9\u00e9 par le Dr Delatte, visant \u00e0 g\u00e9rer les \u00e9tats \u00e9motionnels perturbants et lib\u00e9rer les blocages \u00e9motionnels","og_url":"https:\/\/www.psycho-bio-acupressure.com\/es\/","og_site_name":"La PBA","article_publisher":"https:\/\/www.facebook.com\/InstitutDelatteDePsychoBioAcupressure","article_modified_time":"2022-02-03T14:51:00+00:00","twitter_card":"summary_large_image","twitter_misc":{"Tiempo de lectura":"3 minutos"},"schema":{"@context":"https:\/\/schema.org","@graph":[{"@type":"WebPage","@id":"https:\/\/www.psycho-bio-acupressure.com\/es\/","url":"https:\/\/www.psycho-bio-acupressure.com\/es\/","name":"Home - La PBA","isPartOf":{"@id":"https:\/\/www.psycho-bio-acupressure.com\/es\/#website"},"datePublished":"2018-05-23T09:10:36+00:00","dateModified":"2022-02-03T14:51:00+00:00","description":"La Psycho Bio Acupressure, la PBA, la m\u00e9thode cr\u00e9\u00e9 par le Dr Delatte, visant \u00e0 g\u00e9rer les \u00e9tats \u00e9motionnels perturbants et lib\u00e9rer les blocages \u00e9motionnels","breadcrumb":{"@id":"https:\/\/www.psycho-bio-acupressure.com\/es\/#breadcrumb"},"inLanguage":"es","potentialAction":[{"@type":"ReadAction","target":["https:\/\/www.psycho-bio-acupressure.com\/es\/"]}]},{"@type":"BreadcrumbList","@id":"https:\/\/www.psycho-bio-acupressure.com\/es\/#breadcrumb","itemListElement":[{"@type":"ListItem","position":1,"name":"Accueil","item":"https:\/\/www.psycho-bio-acupressure.com\/es\/"},{"@type":"ListItem","position":2,"name":"Home"}]},{"@type":"WebSite","@id":"https:\/\/www.psycho-bio-acupressure.com\/es\/#website","url":"https:\/\/www.psycho-bio-acupressure.com\/es\/","name":"La PBA","description":"Institut DELATTE de Psycho-Bio-Acupressure","publisher":{"@id":"https:\/\/www.psycho-bio-acupressure.com\/es\/#organization"},"potentialAction":[{"@type":"SearchAction","target":{"@type":"EntryPoint","urlTemplate":"https:\/\/www.psycho-bio-acupressure.com\/es\/?s={search_term_string}"},"query-input":{"@type":"PropertyValueSpecification","valueRequired":true,"valueName":"search_term_string"}}],"inLanguage":"es"},{"@type":"Organization","@id":"https:\/\/www.psycho-bio-acupressure.com\/es\/#organization","name":"Institut Delatte de la Psycho-Bio-Acupressure","url":"https:\/\/www.psycho-bio-acupressure.com\/es\/","logo":{"@type":"ImageObject","inLanguage":"es","@id":"https:\/\/www.psycho-bio-acupressure.com\/es\/#\/schema\/logo\/image\/","url":"https:\/\/www.psycho-bio-acupressure.com\/wp-content\/uploads\/2019\/04\/pba-logo.png","contentUrl":"https:\/\/www.psycho-bio-acupressure.com\/wp-content\/uploads\/2019\/04\/pba-logo.png","width":1553,"height":1553,"caption":"Institut Delatte de la Psycho-Bio-Acupressure"},"image":{"@id":"https:\/\/www.psycho-bio-acupressure.com\/es\/#\/schema\/logo\/image\/"},"sameAs":["https:\/\/www.facebook.com\/InstitutDelatteDePsychoBioAcupressure","https:\/\/www.instagram.com\/institutdocteurdelatteofficiel\/"]}]}},"_links":{"self":[{"href":"https:\/\/www.psycho-bio-acupressure.com\/es\/wp-json\/wp\/v2\/pages\/544","targetHints":{"allow":["GET"]}}],"collection":[{"href":"https:\/\/www.psycho-bio-acupressure.com\/es\/wp-json\/wp\/v2\/pages"}],"about":[{"href":"https:\/\/www.psycho-bio-acupressure.com\/es\/wp-json\/wp\/v2\/types\/page"}],"author":[{"embeddable":true,"href":"https:\/\/www.psycho-bio-acupressure.com\/es\/wp-json\/wp\/v2\/users\/1"}],"replies":[{"embeddable":true,"href":"https:\/\/www.psycho-bio-acupressure.com\/es\/wp-json\/wp\/v2\/comments?post=544"}],"version-history":[{"count":6,"href":"https:\/\/www.psycho-bio-acupressure.com\/es\/wp-json\/wp\/v2\/pages\/544\/revisions"}],"predecessor-version":[{"id":57962,"href":"https:\/\/www.psycho-bio-acupressure.com\/es\/wp-json\/wp\/v2\/pages\/544\/revisions\/57962"}],"wp:attachment":[{"href":"https:\/\/www.psycho-bio-acupressure.com\/es\/wp-json\/wp\/v2\/media?parent=544"}],"curies":[{"name":"wp","href":"https:\/\/api.w.org\/{rel}","templated":true}]}}